{"id":122558,"date":"2013-09-18T18:27:53","date_gmt":"2013-09-18T18:27:53","guid":{"rendered":"https:\/\/www.erresse-shop.it\/shop\/sin%20categor\u00eda\/illy-iperespresso-x7-1-rojo\/"},"modified":"2021-12-22T16:11:52","modified_gmt":"2021-12-22T16:11:52","slug":"illy-iperespresso-x7-1-rojo","status":"publish","type":"product","link":"https:\/\/www.erresse-shop.it\/es\/shop\/pequenos-electrodomesticos\/maquinas-de-cafe\/capsulas\/illy-iperespresso-x7-1-rojo\/","title":{"rendered":"ILLY Iperespresso X7.1 Rojo"},"content":{"rendered":"<p><strong>Perfecci\u00f3n apasionada<\/strong><br \/>\nEl inconfundible dise\u00f1o recuerda el gesto del barista y el espresso que preparas en casa es igual que el del bar, la calidad de la extracci\u00f3n es siempre impecable:<br \/>\nSe introduce la c\u00e1psula en el portafiltro y se empieza a preparar con un toque.<\/p>\n<p>El inconfundible dise\u00f1o de inspiraci\u00f3n retro es obra de Luca Trazzi.<br \/>\nLos botones son de tacto suave y las se\u00f1ales ac\u00fasticas y luminosas indican claramente el estado de funcionamiento.<br \/>\nIdeal para los amantes de la L profunda, es extremadamente atento a los que no pueden prescindir de su capuchino. De hecho, el pannarello garantiza un uso muy f\u00e1cil y el tiempo de espera entre el modo caf\u00e9 y el capuchino es m\u00ednimo.<br \/>\nLa desconexi\u00f3n autom\u00e1tica tras 30 minutos de inactividad permite un considerable ahorro de energ\u00eda incluso para los m\u00e1s distra\u00eddos.<br \/>\nLimpieza y mantenimiento m\u00ednimos.<\/p>\n<p>La inconfundible precisi\u00f3n illy es la mejor garant\u00eda.<\/p>\n<p><strong>Caracter\u00edsticas:<\/strong><\/p>\n<ul>\n<li>Garant\u00eda: 2 a\u00f1os<\/li>\n<li>Volumen de taza programable<\/li>\n<li>Parada autom\u00e1tica de elaboraci\u00f3n de cerveza<\/li>\n<li>Espera autom\u00e1tica cuando no se utiliza<\/li>\n<\/ul>\n<p><strong>Especificaciones t\u00e9cnicas:<\/strong><\/p>\n<ul>\n<li>Dimensiones (cm): 26 x 29 x 23<\/li>\n<li>Capacidad del dep\u00f3sito: 1 L<\/li>\n<li>Tensi\u00f3n: 230 V, cable de 1 m de longitud<\/li>\n<li>Presi\u00f3n de la bomba: 15 bar<\/li>\n<\/ul>\n<p>Preparaci\u00f3n: C\u00e1psulas de espresso (Iperespresso)<br \/>\nFormato de caf\u00e9: c\u00e1psulas de Iperespresso<br \/>\nLongitud del cable: 1 m<br \/>\nCapacidad del dep\u00f3sito: 1 L<br \/>\nDimensiones: (cm) 26 x 29 x 23<br \/>\nSuministro de caf\u00e9 ajustable: Autom\u00e1tico<br \/>\nCalentador de tazas: No<br \/>\nAltura de la taza ajustable: No<br \/>\nGarant\u00eda: 2 a\u00f1os<br \/>\nTensi\u00f3n: 230 v<br \/>\nMaterial: Pl\u00e1stico<br \/>\nEspumador de leche: No<br \/>\nAhorro de energ\u00eda: S\u00ed<br \/>\nTipo de caf\u00e9: C\u00e1psulas de Iperespresso<br \/>\nFunciones: Cappuccino<\/p>\n<p>La caja incluye 14 c\u00e1psulas de Iperespresso Illy.<\/p>\n<p><strong>No se vende fuera de Europa<\/strong><\/p>\n","protected":false},"excerpt":{"rendered":"<p>Perfecci\u00f3n apasionada El inconfundible dise\u00f1o recuerda el gesto del barista y el espresso que preparas en casa es igual que<\/p>\n","protected":false},"featured_media":122522,"template":"","meta":{"_acf_changed":false,"inline_featured_image":false},"product_cat":[25382,16076,16073],"product_tag":[16259,16859,16666,16860,16398],"acf":[],"yoast_head":"<!-- This site is optimized with the Yoast SEO Premium plugin v18.6 (Yoast SEO v19.13) - https:\/\/yoast.com\/wordpress\/plugins\/seo\/ -->\n<title>ILLY Iperespresso X7.1 Rojo - Erresse Shop<\/title>\n<meta name=\"description\" content=\"Perfecci\u00f3n apasionada El inconfundible dise\u00f1o recuerda el gesto del barista y el espresso que preparas en casa es igual que el del bar, la calidad de la\" \/>\n<meta name=\"robots\" content=\"index, follow, max-snippet:-1, max-image-preview:large, max-video-preview:-1\" \/>\n<link rel=\"canonical\" href=\"https:\/\/www.erresse-shop.it\/es\/shop\/pequenos-electrodomesticos\/maquinas-de-cafe\/capsulas\/illy-iperespresso-x7-1-rojo\/\" \/>\n<meta property=\"og:locale\" content=\"es_ES\" \/>\n<meta property=\"og:type\" content=\"article\" \/>\n<meta property=\"og:title\" content=\"ILLY Iperespresso X7.1 Rojo\" \/>\n<meta property=\"og:description\" content=\"Perfecci\u00f3n apasionada El inconfundible dise\u00f1o recuerda el gesto del barista y el espresso que preparas en casa es igual que el del bar, la calidad de la\" \/>\n<meta property=\"og:url\" content=\"https:\/\/www.erresse-shop.it\/es\/shop\/pequenos-electrodomesticos\/maquinas-de-cafe\/capsulas\/illy-iperespresso-x7-1-rojo\/\" \/>\n<meta property=\"og:site_name\" content=\"Erresse Shop\" \/>\n<meta property=\"article:modified_time\" content=\"2021-12-22T16:11:52+00:00\" \/>\n<meta property=\"og:image\" content=\"https:\/\/www.erresse-shop.it\/wp-content\/uploads\/2013\/09\/Illy-Macchina-da-Caffe-X7.1-Rossa.jpg\" \/>\n\t<meta property=\"og:image:width\" content=\"800\" \/>\n\t<meta property=\"og:image:height\" content=\"800\" \/>\n\t<meta property=\"og:image:type\" content=\"image\/jpeg\" \/>\n<meta name=\"twitter:card\" content=\"summary_large_image\" \/>\n<script type=\"application\/ld+json\" class=\"yoast-schema-graph\">{\"@context\":\"https:\/\/schema.org\",\"@graph\":[{\"@type\":\"WebPage\",\"@id\":\"https:\/\/www.erresse-shop.it\/es\/shop\/pequenos-electrodomesticos\/maquinas-de-cafe\/capsulas\/illy-iperespresso-x7-1-rojo\/\",\"url\":\"https:\/\/www.erresse-shop.it\/es\/shop\/pequenos-electrodomesticos\/maquinas-de-cafe\/capsulas\/illy-iperespresso-x7-1-rojo\/\",\"name\":\"ILLY Iperespresso X7.1 Rojo - Erresse Shop\",\"isPartOf\":{\"@id\":\"https:\/\/www.erresse-shop.it\/es\/#website\"},\"datePublished\":\"2013-09-18T18:27:53+00:00\",\"dateModified\":\"2021-12-22T16:11:52+00:00\",\"description\":\"Perfecci\u00f3n apasionada El inconfundible dise\u00f1o recuerda el gesto del barista y el espresso que preparas en casa es igual que el del bar, la calidad de la\",\"breadcrumb\":{\"@id\":\"https:\/\/www.erresse-shop.it\/es\/shop\/pequenos-electrodomesticos\/maquinas-de-cafe\/capsulas\/illy-iperespresso-x7-1-rojo\/#breadcrumb\"},\"inLanguage\":\"es\",\"potentialAction\":[{\"@type\":\"ReadAction\",\"target\":[\"https:\/\/www.erresse-shop.it\/es\/shop\/pequenos-electrodomesticos\/maquinas-de-cafe\/capsulas\/illy-iperespresso-x7-1-rojo\/\"]}]},{\"@type\":\"BreadcrumbList\",\"@id\":\"https:\/\/www.erresse-shop.it\/es\/shop\/pequenos-electrodomesticos\/maquinas-de-cafe\/capsulas\/illy-iperespresso-x7-1-rojo\/#breadcrumb\",\"itemListElement\":[{\"@type\":\"ListItem\",\"position\":1,\"name\":\"Home\",\"item\":\"https:\/\/www.erresse-shop.it\/es\/\"},{\"@type\":\"ListItem\",\"position\":2,\"name\":\"Shop\",\"item\":\"https:\/\/www.erresse-shop.it\/es\/shop\/\"},{\"@type\":\"ListItem\",\"position\":3,\"name\":\"ILLY Iperespresso X7.1 Rojo\"}]},{\"@type\":\"WebSite\",\"@id\":\"https:\/\/www.erresse-shop.it\/es\/#website\",\"url\":\"https:\/\/www.erresse-shop.it\/es\/\",\"name\":\"Erresse Shop\",\"description\":\"Articoli di qualit\u00e0 per la casa\",\"potentialAction\":[{\"@type\":\"SearchAction\",\"target\":{\"@type\":\"EntryPoint\",\"urlTemplate\":\"https:\/\/www.erresse-shop.it\/es\/?s={search_term_string}\"},\"query-input\":\"required name=search_term_string\"}],\"inLanguage\":\"es\"}]}<\/script>\n<!-- \/ Yoast SEO Premium plugin. -->","yoast_head_json":{"title":"ILLY Iperespresso X7.1 Rojo - Erresse Shop","description":"Perfecci\u00f3n apasionada El inconfundible dise\u00f1o recuerda el gesto del barista y el espresso que preparas en casa es igual que el del bar, la calidad de la","robots":{"index":"index","follow":"follow","max-snippet":"max-snippet:-1","max-image-preview":"max-image-preview:large","max-video-preview":"max-video-preview:-1"},"canonical":"https:\/\/www.erresse-shop.it\/es\/shop\/pequenos-electrodomesticos\/maquinas-de-cafe\/capsulas\/illy-iperespresso-x7-1-rojo\/","og_locale":"es_ES","og_type":"article","og_title":"ILLY Iperespresso X7.1 Rojo","og_description":"Perfecci\u00f3n apasionada El inconfundible dise\u00f1o recuerda el gesto del barista y el espresso que preparas en casa es igual que el del bar, la calidad de la","og_url":"https:\/\/www.erresse-shop.it\/es\/shop\/pequenos-electrodomesticos\/maquinas-de-cafe\/capsulas\/illy-iperespresso-x7-1-rojo\/","og_site_name":"Erresse Shop","article_modified_time":"2021-12-22T16:11:52+00:00","og_image":[{"width":800,"height":800,"url":"https:\/\/www.erresse-shop.it\/wp-content\/uploads\/2013\/09\/Illy-Macchina-da-Caffe-X7.1-Rossa.jpg","type":"image\/jpeg"}],"twitter_card":"summary_large_image","schema":{"@context":"https:\/\/schema.org","@graph":[{"@type":"WebPage","@id":"https:\/\/www.erresse-shop.it\/es\/shop\/pequenos-electrodomesticos\/maquinas-de-cafe\/capsulas\/illy-iperespresso-x7-1-rojo\/","url":"https:\/\/www.erresse-shop.it\/es\/shop\/pequenos-electrodomesticos\/maquinas-de-cafe\/capsulas\/illy-iperespresso-x7-1-rojo\/","name":"ILLY Iperespresso X7.1 Rojo - Erresse Shop","isPartOf":{"@id":"https:\/\/www.erresse-shop.it\/es\/#website"},"datePublished":"2013-09-18T18:27:53+00:00","dateModified":"2021-12-22T16:11:52+00:00","description":"Perfecci\u00f3n apasionada El inconfundible dise\u00f1o recuerda el gesto del barista y el espresso que preparas en casa es igual que el del bar, la calidad de la","breadcrumb":{"@id":"https:\/\/www.erresse-shop.it\/es\/shop\/pequenos-electrodomesticos\/maquinas-de-cafe\/capsulas\/illy-iperespresso-x7-1-rojo\/#breadcrumb"},"inLanguage":"es","potentialAction":[{"@type":"ReadAction","target":["https:\/\/www.erresse-shop.it\/es\/shop\/pequenos-electrodomesticos\/maquinas-de-cafe\/capsulas\/illy-iperespresso-x7-1-rojo\/"]}]},{"@type":"BreadcrumbList","@id":"https:\/\/www.erresse-shop.it\/es\/shop\/pequenos-electrodomesticos\/maquinas-de-cafe\/capsulas\/illy-iperespresso-x7-1-rojo\/#breadcrumb","itemListElement":[{"@type":"ListItem","position":1,"name":"Home","item":"https:\/\/www.erresse-shop.it\/es\/"},{"@type":"ListItem","position":2,"name":"Shop","item":"https:\/\/www.erresse-shop.it\/es\/shop\/"},{"@type":"ListItem","position":3,"name":"ILLY Iperespresso X7.1 Rojo"}]},{"@type":"WebSite","@id":"https:\/\/www.erresse-shop.it\/es\/#website","url":"https:\/\/www.erresse-shop.it\/es\/","name":"Erresse Shop","description":"Articoli di qualit\u00e0 per la casa","potentialAction":[{"@type":"SearchAction","target":{"@type":"EntryPoint","urlTemplate":"https:\/\/www.erresse-shop.it\/es\/?s={search_term_string}"},"query-input":"required name=search_term_string"}],"inLanguage":"es"}]}},"df_price":169.15,"df_sale_price":169.15,"df_regular_price":199,"df_image_link":"https:\/\/www.erresse-shop.it\/wp-content\/uploads\/2013\/09\/Illy-Macchina-da-Caffe-X7.1-Rossa-300x300.jpg","_links":{"self":[{"href":"https:\/\/www.erresse-shop.it\/es\/wp-json\/wp\/v2\/product\/122558"}],"collection":[{"href":"https:\/\/www.erresse-shop.it\/es\/wp-json\/wp\/v2\/product"}],"about":[{"href":"https:\/\/www.erresse-shop.it\/es\/wp-json\/wp\/v2\/types\/product"}],"wp:featuredmedia":[{"embeddable":true,"href":"https:\/\/www.erresse-shop.it\/es\/wp-json\/wp\/v2\/media\/122522"}],"wp:attachment":[{"href":"https:\/\/www.erresse-shop.it\/es\/wp-json\/wp\/v2\/media?parent=122558"}],"wp:term":[{"taxonomy":"product_cat","embeddable":true,"href":"https:\/\/www.erresse-shop.it\/es\/wp-json\/wp\/v2\/product_cat?post=122558"},{"taxonomy":"product_tag","embeddable":true,"href":"https:\/\/www.erresse-shop.it\/es\/wp-json\/wp\/v2\/product_tag?post=122558"}],"curies":[{"name":"wp","href":"https:\/\/api.w.org\/{rel}","templated":true}]}}