{"id":122376,"date":"2021-10-01T09:30:01","date_gmt":"2021-10-01T09:30:07","guid":{"rendered":"https:\/\/www.erresse-shop.it\/?post_type=product&#038;p=122376"},"modified":"2021-12-22T16:11:25","modified_gmt":"2021-12-22T16:11:25","slug":"seletti-mouse-lamp-acostado","status":"publish","type":"product","link":"https:\/\/www.erresse-shop.it\/es\/shop\/mobiliario\/lamparas\/seletti-mouse-lamp-acostado\/","title":{"rendered":"SELETTI Mouse Lamp Acostado"},"content":{"rendered":"<p>Cuando no est\u00e1 mordisqueando queso, est\u00e1 disfrutando cerca de ti con la bombilla que acaba de robar. La ic\u00f3nica l\u00e1mpara Mouse vuelve en una versi\u00f3n m\u00e1s inteligente, con un pr\u00e1ctico enchufe USB para que puedas conectarla a todo.<\/p>\n<p><strong>L\u00e1mpara del rat\u00f3n<\/strong><\/p>\n<p><strong>Dise\u00f1o:<\/strong> Marcantonio<br \/>\n<strong>Material:<\/strong> Resina<br \/>\n<strong>Medidas:<\/strong> Cm.6,2&#215;21 h.8,1<\/p>\n<p>S\u00f3lo en interiores<br \/>\nUSB &#8211; 5V DC &#8211; E14 &#8211; 1W &#8211; 90 Lumen &#8211; 2200 K<\/p>\n","protected":false},"excerpt":{"rendered":"<p>Cuando no est\u00e1 mordisqueando queso, est\u00e1 disfrutando cerca de ti con la bombilla que acaba de robar. La ic\u00f3nica l\u00e1mpara<\/p>\n","protected":false},"featured_media":122407,"template":"","meta":{"_acf_changed":false,"inline_featured_image":false},"product_cat":[16017,16016],"product_tag":[16836,16837,16838,16839,16840,16828,16841,25023],"acf":[],"yoast_head":"<!-- This site is optimized with the Yoast SEO Premium plugin v18.6 (Yoast SEO v19.13) - https:\/\/yoast.com\/wordpress\/plugins\/seo\/ -->\n<title>SELETTI Mouse Lamp Acostado - Erresse Shop<\/title>\n<meta name=\"description\" content=\"Cuando no est\u00e1 mordisqueando queso, est\u00e1 disfrutando cerca de ti con la bombilla que acaba de robar. La ic\u00f3nica l\u00e1mpara Mouse vuelve en una versi\u00f3n m\u00e1s\" \/>\n<meta name=\"robots\" content=\"index, follow, max-snippet:-1, max-image-preview:large, max-video-preview:-1\" \/>\n<link rel=\"canonical\" href=\"https:\/\/www.erresse-shop.it\/es\/shop\/mobiliario\/lamparas\/seletti-mouse-lamp-acostado\/\" \/>\n<meta property=\"og:locale\" content=\"es_ES\" \/>\n<meta property=\"og:type\" content=\"article\" \/>\n<meta property=\"og:title\" content=\"SELETTI Mouse Lamp Acostado\" \/>\n<meta property=\"og:description\" content=\"Cuando no est\u00e1 mordisqueando queso, est\u00e1 disfrutando cerca de ti con la bombilla que acaba de robar. La ic\u00f3nica l\u00e1mpara Mouse vuelve en una versi\u00f3n m\u00e1s\" \/>\n<meta property=\"og:url\" content=\"https:\/\/www.erresse-shop.it\/es\/shop\/mobiliario\/lamparas\/seletti-mouse-lamp-acostado\/\" \/>\n<meta property=\"og:site_name\" content=\"Erresse Shop\" \/>\n<meta property=\"article:modified_time\" content=\"2021-12-22T16:11:25+00:00\" \/>\n<meta property=\"og:image\" content=\"https:\/\/www.erresse-shop.it\/wp-content\/uploads\/2021\/10\/Seletti-Mouse-Lamp-Sdraiato.jpg\" \/>\n\t<meta property=\"og:image:width\" content=\"900\" \/>\n\t<meta property=\"og:image:height\" content=\"1200\" \/>\n\t<meta property=\"og:image:type\" content=\"image\/jpeg\" \/>\n<meta name=\"twitter:card\" content=\"summary_large_image\" \/>\n<script type=\"application\/ld+json\" class=\"yoast-schema-graph\">{\"@context\":\"https:\/\/schema.org\",\"@graph\":[{\"@type\":\"WebPage\",\"@id\":\"https:\/\/www.erresse-shop.it\/es\/shop\/mobiliario\/lamparas\/seletti-mouse-lamp-acostado\/\",\"url\":\"https:\/\/www.erresse-shop.it\/es\/shop\/mobiliario\/lamparas\/seletti-mouse-lamp-acostado\/\",\"name\":\"SELETTI Mouse Lamp Acostado - Erresse Shop\",\"isPartOf\":{\"@id\":\"https:\/\/www.erresse-shop.it\/es\/#website\"},\"datePublished\":\"2021-10-01T09:30:07+00:00\",\"dateModified\":\"2021-12-22T16:11:25+00:00\",\"description\":\"Cuando no est\u00e1 mordisqueando queso, est\u00e1 disfrutando cerca de ti con la bombilla que acaba de robar. La ic\u00f3nica l\u00e1mpara Mouse vuelve en una versi\u00f3n m\u00e1s\",\"breadcrumb\":{\"@id\":\"https:\/\/www.erresse-shop.it\/es\/shop\/mobiliario\/lamparas\/seletti-mouse-lamp-acostado\/#breadcrumb\"},\"inLanguage\":\"es\",\"potentialAction\":[{\"@type\":\"ReadAction\",\"target\":[\"https:\/\/www.erresse-shop.it\/es\/shop\/mobiliario\/lamparas\/seletti-mouse-lamp-acostado\/\"]}]},{\"@type\":\"BreadcrumbList\",\"@id\":\"https:\/\/www.erresse-shop.it\/es\/shop\/mobiliario\/lamparas\/seletti-mouse-lamp-acostado\/#breadcrumb\",\"itemListElement\":[{\"@type\":\"ListItem\",\"position\":1,\"name\":\"Home\",\"item\":\"https:\/\/www.erresse-shop.it\/es\/\"},{\"@type\":\"ListItem\",\"position\":2,\"name\":\"Shop\",\"item\":\"https:\/\/www.erresse-shop.it\/es\/shop\/\"},{\"@type\":\"ListItem\",\"position\":3,\"name\":\"SELETTI Mouse Lamp Acostado\"}]},{\"@type\":\"WebSite\",\"@id\":\"https:\/\/www.erresse-shop.it\/es\/#website\",\"url\":\"https:\/\/www.erresse-shop.it\/es\/\",\"name\":\"Erresse Shop\",\"description\":\"Articoli di qualit\u00e0 per la casa\",\"potentialAction\":[{\"@type\":\"SearchAction\",\"target\":{\"@type\":\"EntryPoint\",\"urlTemplate\":\"https:\/\/www.erresse-shop.it\/es\/?s={search_term_string}\"},\"query-input\":\"required name=search_term_string\"}],\"inLanguage\":\"es\"}]}<\/script>\n<!-- \/ Yoast SEO Premium plugin. -->","yoast_head_json":{"title":"SELETTI Mouse Lamp Acostado - Erresse Shop","description":"Cuando no est\u00e1 mordisqueando queso, est\u00e1 disfrutando cerca de ti con la bombilla que acaba de robar. La ic\u00f3nica l\u00e1mpara Mouse vuelve en una versi\u00f3n m\u00e1s","robots":{"index":"index","follow":"follow","max-snippet":"max-snippet:-1","max-image-preview":"max-image-preview:large","max-video-preview":"max-video-preview:-1"},"canonical":"https:\/\/www.erresse-shop.it\/es\/shop\/mobiliario\/lamparas\/seletti-mouse-lamp-acostado\/","og_locale":"es_ES","og_type":"article","og_title":"SELETTI Mouse Lamp Acostado","og_description":"Cuando no est\u00e1 mordisqueando queso, est\u00e1 disfrutando cerca de ti con la bombilla que acaba de robar. La ic\u00f3nica l\u00e1mpara Mouse vuelve en una versi\u00f3n m\u00e1s","og_url":"https:\/\/www.erresse-shop.it\/es\/shop\/mobiliario\/lamparas\/seletti-mouse-lamp-acostado\/","og_site_name":"Erresse Shop","article_modified_time":"2021-12-22T16:11:25+00:00","og_image":[{"width":900,"height":1200,"url":"https:\/\/www.erresse-shop.it\/wp-content\/uploads\/2021\/10\/Seletti-Mouse-Lamp-Sdraiato.jpg","type":"image\/jpeg"}],"twitter_card":"summary_large_image","schema":{"@context":"https:\/\/schema.org","@graph":[{"@type":"WebPage","@id":"https:\/\/www.erresse-shop.it\/es\/shop\/mobiliario\/lamparas\/seletti-mouse-lamp-acostado\/","url":"https:\/\/www.erresse-shop.it\/es\/shop\/mobiliario\/lamparas\/seletti-mouse-lamp-acostado\/","name":"SELETTI Mouse Lamp Acostado - Erresse Shop","isPartOf":{"@id":"https:\/\/www.erresse-shop.it\/es\/#website"},"datePublished":"2021-10-01T09:30:07+00:00","dateModified":"2021-12-22T16:11:25+00:00","description":"Cuando no est\u00e1 mordisqueando queso, est\u00e1 disfrutando cerca de ti con la bombilla que acaba de robar. La ic\u00f3nica l\u00e1mpara Mouse vuelve en una versi\u00f3n m\u00e1s","breadcrumb":{"@id":"https:\/\/www.erresse-shop.it\/es\/shop\/mobiliario\/lamparas\/seletti-mouse-lamp-acostado\/#breadcrumb"},"inLanguage":"es","potentialAction":[{"@type":"ReadAction","target":["https:\/\/www.erresse-shop.it\/es\/shop\/mobiliario\/lamparas\/seletti-mouse-lamp-acostado\/"]}]},{"@type":"BreadcrumbList","@id":"https:\/\/www.erresse-shop.it\/es\/shop\/mobiliario\/lamparas\/seletti-mouse-lamp-acostado\/#breadcrumb","itemListElement":[{"@type":"ListItem","position":1,"name":"Home","item":"https:\/\/www.erresse-shop.it\/es\/"},{"@type":"ListItem","position":2,"name":"Shop","item":"https:\/\/www.erresse-shop.it\/es\/shop\/"},{"@type":"ListItem","position":3,"name":"SELETTI Mouse Lamp Acostado"}]},{"@type":"WebSite","@id":"https:\/\/www.erresse-shop.it\/es\/#website","url":"https:\/\/www.erresse-shop.it\/es\/","name":"Erresse Shop","description":"Articoli di qualit\u00e0 per la casa","potentialAction":[{"@type":"SearchAction","target":{"@type":"EntryPoint","urlTemplate":"https:\/\/www.erresse-shop.it\/es\/?s={search_term_string}"},"query-input":"required name=search_term_string"}],"inLanguage":"es"}]}},"df_price":37.35,"df_sale_price":37.35,"df_regular_price":83,"df_image_link":"https:\/\/www.erresse-shop.it\/wp-content\/uploads\/2021\/10\/Seletti-Mouse-Lamp-Sdraiato-225x300.jpg","_links":{"self":[{"href":"https:\/\/www.erresse-shop.it\/es\/wp-json\/wp\/v2\/product\/122376"}],"collection":[{"href":"https:\/\/www.erresse-shop.it\/es\/wp-json\/wp\/v2\/product"}],"about":[{"href":"https:\/\/www.erresse-shop.it\/es\/wp-json\/wp\/v2\/types\/product"}],"wp:featuredmedia":[{"embeddable":true,"href":"https:\/\/www.erresse-shop.it\/es\/wp-json\/wp\/v2\/media\/122407"}],"wp:attachment":[{"href":"https:\/\/www.erresse-shop.it\/es\/wp-json\/wp\/v2\/media?parent=122376"}],"wp:term":[{"taxonomy":"product_cat","embeddable":true,"href":"https:\/\/www.erresse-shop.it\/es\/wp-json\/wp\/v2\/product_cat?post=122376"},{"taxonomy":"product_tag","embeddable":true,"href":"https:\/\/www.erresse-shop.it\/es\/wp-json\/wp\/v2\/product_tag?post=122376"}],"curies":[{"name":"wp","href":"https:\/\/api.w.org\/{rel}","templated":true}]}}