{"id":121701,"date":"2021-09-28T14:14:03","date_gmt":"2021-09-28T14:14:16","guid":{"rendered":"https:\/\/www.erresse-shop.it\/?post_type=product&#038;p=121701"},"modified":"2024-06-11T00:02:55","modified_gmt":"2024-06-11T00:02:55","slug":"sage-el-barista-express","status":"publish","type":"product","link":"https:\/\/www.erresse-shop.it\/es\/shop\/pequenos-electrodomesticos\/maquinas-de-cafe\/automatico\/sage-el-barista-express\/","title":{"rendered":"SAGE El Barista Express"},"content":{"rendered":"<p>Cree un espresso con un aroma excepcional en menos de un minuto: con The Barista Express puede moler los granos justo antes de la extracci\u00f3n. Gracias a los filtros intercambiables y a una amplia gama de funciones autom\u00e1ticas o manuales, podr\u00e1 preparar un caf\u00e9 para verdaderos conocedores en un abrir y cerrar de ojos.<\/p>\n<p><strong>Control de la dosis de molienda<\/strong><br \/>\nEl molinillo c\u00f3nico integrado muele los granos en el momento y suministra la cantidad adecuada de caf\u00e9 directamente al portafiltro, para obtener un resultado ideal con cualquier mezcla.<\/p>\n<p><strong>Extracci\u00f3n precisa<\/strong><br \/>\nEl control digital de la temperatura (PID) suministra el agua a la temperatura correcta, asegurando una \u00f3ptima extracci\u00f3n del espresso.<\/p>\n<p><strong>Espuma de leche con microburbujas<\/strong><br \/>\nLa varilla de vapor permite espumar la leche a mano y conseguir una espuma de microburbujas que realza el aroma y es perfecta para el arte del caf\u00e9 con leche.<\/p>\n<p><strong>Pomo de ajuste de la molienda<\/strong><br \/>\nSencillo e intuitivo, permite controlar el grado de molienda de cualquier tipo de grano.<\/p>\n<p><strong>Molienda sin manos<\/strong><br \/>\nEl innovador portafiltro permite moler el caf\u00e9 directamente en el portafiltro.<\/p>\n<p>Dimensiones (ancho x fondo x alto): 31 x 32,5 x 40 cm<\/p>\n<p>Potencia: 1850 W<\/p>\n<p>Material: Acero inoxidable cepillado<\/p>\n<p>Funci\u00f3n de lavado: Ajusta autom\u00e1ticamente la temperatura del agua despu\u00e9s de la extracci\u00f3n de vapor para alcanzar la temperatura ideal para la extracci\u00f3n del espresso.<\/p>\n<p>Funci\u00f3n de pre-infusi\u00f3n: Esta funci\u00f3n aumenta gradualmente la presi\u00f3n del agua para expandir suavemente el caf\u00e9 molido y asegurar una extracci\u00f3n uniforme<\/p>\n<p>Capacidad del dep\u00f3sito de agua: 2 litros<\/p>\n<p>Sistema de recalentamiento: 1600 W Thermocoil-El recorrido del agua integrado de acero inoxidable controla la temperatura del agua con precisi\u00f3n<\/p>\n<p>Capacidad del vaso: 250 gramos<\/p>\n<p>Tensi\u00f3n: 220\/240 V<\/p>\n<p>Pantalla: Pantalla LCD que permite una f\u00e1cil parametrizaci\u00f3n de la m\u00e1quina y muestra el tiempo de extracci\u00f3n.<\/p>\n<p><strong>Ajustes<\/strong>:<\/p>\n<ul>\n<li>Caf\u00e9 espresso simple o doble<\/li>\n<li>Cantidad ajustable de granos para moler y operaci\u00f3n manual<\/li>\n<\/ul>\n<p><strong>Accesorios incluidos:<\/strong><\/p>\n<ul>\n<li>Dosificador de precisi\u00f3n Razor<\/li>\n<li>Soporte de filtro de acero inoxidable de 54 mm<\/li>\n<li>Filtros de pared simple y doble para 1 y 2 tazas<\/li>\n<li>Dispensador de caf\u00e9<\/li>\n<li>Prensador integrado<\/li>\n<li>Jarra de leche de acero inoxidable<\/li>\n<li>Disco de limpieza y pastilla de limpieza<\/li>\n<li>Cepillo, accesorio de limpieza y llave Allen<\/li>\n<li>Tira reactiva de dureza del agua<\/li>\n<\/ul>\n<p><span style=\"text-decoration: underline;\"><strong>No se vende fuera de Europa<\/strong><\/span><\/p>\n","protected":false},"excerpt":{"rendered":"<p>Cree un espresso con un aroma excepcional en menos de un minuto: con The Barista Express puede moler los granos<\/p>\n","protected":false},"featured_media":121715,"template":"","meta":{"_acf_changed":false,"inline_featured_image":false},"product_cat":[25362,16076,16073],"product_tag":[23574,16307,23570],"acf":[],"yoast_head":"<!-- This site is optimized with the Yoast SEO Premium plugin v18.6 (Yoast SEO v19.13) - https:\/\/yoast.com\/wordpress\/plugins\/seo\/ -->\n<title>SAGE El Barista Express - Erresse Shop<\/title>\n<meta name=\"description\" content=\"Cree un espresso con un aroma excepcional en menos de un minuto: con The Barista Express puede moler los granos justo antes de la extracci\u00f3n. Gracias a\" \/>\n<meta name=\"robots\" content=\"index, follow, max-snippet:-1, max-image-preview:large, max-video-preview:-1\" \/>\n<link rel=\"canonical\" href=\"https:\/\/www.erresse-shop.it\/es\/shop\/pequenos-electrodomesticos\/maquinas-de-cafe\/automatico\/sage-el-barista-express\/\" \/>\n<meta property=\"og:locale\" content=\"es_ES\" \/>\n<meta property=\"og:type\" content=\"article\" \/>\n<meta property=\"og:title\" content=\"SAGE El Barista Express\" \/>\n<meta property=\"og:description\" content=\"Cree un espresso con un aroma excepcional en menos de un minuto: con The Barista Express puede moler los granos justo antes de la extracci\u00f3n. Gracias a\" \/>\n<meta property=\"og:url\" content=\"https:\/\/www.erresse-shop.it\/es\/shop\/pequenos-electrodomesticos\/maquinas-de-cafe\/automatico\/sage-el-barista-express\/\" \/>\n<meta property=\"og:site_name\" content=\"Erresse Shop\" \/>\n<meta property=\"article:modified_time\" content=\"2024-06-11T00:02:55+00:00\" \/>\n<meta property=\"og:image\" content=\"https:\/\/www.erresse-shop.it\/wp-content\/uploads\/2021\/09\/SAGE-The-Bambino-Express.jpg\" \/>\n\t<meta property=\"og:image:width\" content=\"992\" \/>\n\t<meta property=\"og:image:height\" content=\"992\" \/>\n\t<meta property=\"og:image:type\" content=\"image\/jpeg\" \/>\n<meta name=\"twitter:card\" content=\"summary_large_image\" \/>\n<script type=\"application\/ld+json\" class=\"yoast-schema-graph\">{\"@context\":\"https:\/\/schema.org\",\"@graph\":[{\"@type\":\"WebPage\",\"@id\":\"https:\/\/www.erresse-shop.it\/es\/shop\/pequenos-electrodomesticos\/maquinas-de-cafe\/automatico\/sage-el-barista-express\/\",\"url\":\"https:\/\/www.erresse-shop.it\/es\/shop\/pequenos-electrodomesticos\/maquinas-de-cafe\/automatico\/sage-el-barista-express\/\",\"name\":\"SAGE El Barista Express - Erresse Shop\",\"isPartOf\":{\"@id\":\"https:\/\/www.erresse-shop.it\/es\/#website\"},\"datePublished\":\"2021-09-28T14:14:16+00:00\",\"dateModified\":\"2024-06-11T00:02:55+00:00\",\"description\":\"Cree un espresso con un aroma excepcional en menos de un minuto: con The Barista Express puede moler los granos justo antes de la extracci\u00f3n. Gracias a\",\"breadcrumb\":{\"@id\":\"https:\/\/www.erresse-shop.it\/es\/shop\/pequenos-electrodomesticos\/maquinas-de-cafe\/automatico\/sage-el-barista-express\/#breadcrumb\"},\"inLanguage\":\"es\",\"potentialAction\":[{\"@type\":\"ReadAction\",\"target\":[\"https:\/\/www.erresse-shop.it\/es\/shop\/pequenos-electrodomesticos\/maquinas-de-cafe\/automatico\/sage-el-barista-express\/\"]}]},{\"@type\":\"BreadcrumbList\",\"@id\":\"https:\/\/www.erresse-shop.it\/es\/shop\/pequenos-electrodomesticos\/maquinas-de-cafe\/automatico\/sage-el-barista-express\/#breadcrumb\",\"itemListElement\":[{\"@type\":\"ListItem\",\"position\":1,\"name\":\"Home\",\"item\":\"https:\/\/www.erresse-shop.it\/es\/\"},{\"@type\":\"ListItem\",\"position\":2,\"name\":\"Shop\",\"item\":\"https:\/\/www.erresse-shop.it\/es\/shop\/\"},{\"@type\":\"ListItem\",\"position\":3,\"name\":\"SAGE El Barista Express\"}]},{\"@type\":\"WebSite\",\"@id\":\"https:\/\/www.erresse-shop.it\/es\/#website\",\"url\":\"https:\/\/www.erresse-shop.it\/es\/\",\"name\":\"Erresse Shop\",\"description\":\"Articoli di qualit\u00e0 per la casa\",\"potentialAction\":[{\"@type\":\"SearchAction\",\"target\":{\"@type\":\"EntryPoint\",\"urlTemplate\":\"https:\/\/www.erresse-shop.it\/es\/?s={search_term_string}\"},\"query-input\":\"required name=search_term_string\"}],\"inLanguage\":\"es\"}]}<\/script>\n<!-- \/ Yoast SEO Premium plugin. -->","yoast_head_json":{"title":"SAGE El Barista Express - Erresse Shop","description":"Cree un espresso con un aroma excepcional en menos de un minuto: con The Barista Express puede moler los granos justo antes de la extracci\u00f3n. Gracias a","robots":{"index":"index","follow":"follow","max-snippet":"max-snippet:-1","max-image-preview":"max-image-preview:large","max-video-preview":"max-video-preview:-1"},"canonical":"https:\/\/www.erresse-shop.it\/es\/shop\/pequenos-electrodomesticos\/maquinas-de-cafe\/automatico\/sage-el-barista-express\/","og_locale":"es_ES","og_type":"article","og_title":"SAGE El Barista Express","og_description":"Cree un espresso con un aroma excepcional en menos de un minuto: con The Barista Express puede moler los granos justo antes de la extracci\u00f3n. Gracias a","og_url":"https:\/\/www.erresse-shop.it\/es\/shop\/pequenos-electrodomesticos\/maquinas-de-cafe\/automatico\/sage-el-barista-express\/","og_site_name":"Erresse Shop","article_modified_time":"2024-06-11T00:02:55+00:00","og_image":[{"width":992,"height":992,"url":"https:\/\/www.erresse-shop.it\/wp-content\/uploads\/2021\/09\/SAGE-The-Bambino-Express.jpg","type":"image\/jpeg"}],"twitter_card":"summary_large_image","schema":{"@context":"https:\/\/schema.org","@graph":[{"@type":"WebPage","@id":"https:\/\/www.erresse-shop.it\/es\/shop\/pequenos-electrodomesticos\/maquinas-de-cafe\/automatico\/sage-el-barista-express\/","url":"https:\/\/www.erresse-shop.it\/es\/shop\/pequenos-electrodomesticos\/maquinas-de-cafe\/automatico\/sage-el-barista-express\/","name":"SAGE El Barista Express - Erresse Shop","isPartOf":{"@id":"https:\/\/www.erresse-shop.it\/es\/#website"},"datePublished":"2021-09-28T14:14:16+00:00","dateModified":"2024-06-11T00:02:55+00:00","description":"Cree un espresso con un aroma excepcional en menos de un minuto: con The Barista Express puede moler los granos justo antes de la extracci\u00f3n. Gracias a","breadcrumb":{"@id":"https:\/\/www.erresse-shop.it\/es\/shop\/pequenos-electrodomesticos\/maquinas-de-cafe\/automatico\/sage-el-barista-express\/#breadcrumb"},"inLanguage":"es","potentialAction":[{"@type":"ReadAction","target":["https:\/\/www.erresse-shop.it\/es\/shop\/pequenos-electrodomesticos\/maquinas-de-cafe\/automatico\/sage-el-barista-express\/"]}]},{"@type":"BreadcrumbList","@id":"https:\/\/www.erresse-shop.it\/es\/shop\/pequenos-electrodomesticos\/maquinas-de-cafe\/automatico\/sage-el-barista-express\/#breadcrumb","itemListElement":[{"@type":"ListItem","position":1,"name":"Home","item":"https:\/\/www.erresse-shop.it\/es\/"},{"@type":"ListItem","position":2,"name":"Shop","item":"https:\/\/www.erresse-shop.it\/es\/shop\/"},{"@type":"ListItem","position":3,"name":"SAGE El Barista Express"}]},{"@type":"WebSite","@id":"https:\/\/www.erresse-shop.it\/es\/#website","url":"https:\/\/www.erresse-shop.it\/es\/","name":"Erresse Shop","description":"Articoli di qualit\u00e0 per la casa","potentialAction":[{"@type":"SearchAction","target":{"@type":"EntryPoint","urlTemplate":"https:\/\/www.erresse-shop.it\/es\/?s={search_term_string}"},"query-input":"required name=search_term_string"}],"inLanguage":"es"}]}},"df_price":640,"df_sale_price":640,"df_regular_price":729.9,"df_image_link":"https:\/\/www.erresse-shop.it\/wp-content\/uploads\/2021\/09\/SAGE-The-Bambino-Express-300x300.jpg","_links":{"self":[{"href":"https:\/\/www.erresse-shop.it\/es\/wp-json\/wp\/v2\/product\/121701"}],"collection":[{"href":"https:\/\/www.erresse-shop.it\/es\/wp-json\/wp\/v2\/product"}],"about":[{"href":"https:\/\/www.erresse-shop.it\/es\/wp-json\/wp\/v2\/types\/product"}],"wp:featuredmedia":[{"embeddable":true,"href":"https:\/\/www.erresse-shop.it\/es\/wp-json\/wp\/v2\/media\/121715"}],"wp:attachment":[{"href":"https:\/\/www.erresse-shop.it\/es\/wp-json\/wp\/v2\/media?parent=121701"}],"wp:term":[{"taxonomy":"product_cat","embeddable":true,"href":"https:\/\/www.erresse-shop.it\/es\/wp-json\/wp\/v2\/product_cat?post=121701"},{"taxonomy":"product_tag","embeddable":true,"href":"https:\/\/www.erresse-shop.it\/es\/wp-json\/wp\/v2\/product_tag?post=121701"}],"curies":[{"name":"wp","href":"https:\/\/api.w.org\/{rel}","templated":true}]}}