{"id":121683,"date":"2021-09-28T13:31:44","date_gmt":"2021-09-28T13:31:49","guid":{"rendered":"https:\/\/www.erresse-shop.it\/?post_type=product&#038;p=121683"},"modified":"2024-05-20T00:03:57","modified_gmt":"2024-05-20T00:03:57","slug":"sage-the-barista-pro","status":"publish","type":"product","link":"https:\/\/www.erresse-shop.it\/es\/shop\/pequenos-electrodomesticos\/maquinas-de-cafe\/automatico\/sage-the-barista-pro\/","title":{"rendered":"SAGE The Barista Pro"},"content":{"rendered":"<p>Listo en 3 segundos con el sistema de calentamiento ThermoJet\u00ae. Resultados profesionales con una interfaz de usuario intuitiva que le ofrece toda la informaci\u00f3n que necesita para preparar un caf\u00e9 como en el bar, directamente en casa. El molinillo de caf\u00e9 integrado proporciona la cantidad justa de caf\u00e9 en polvo para obtener el m\u00e1ximo sabor. Con una m\u00e1quina que est\u00e1 lista en 3 segundos y que ofrece una extracci\u00f3n precisa del espresso, hacer caf\u00e9 nunca ha sido tan r\u00e1pido.<\/p>\n<p>Pantalla LCD con animaciones que muestran el progreso de la molienda y la extracci\u00f3n. La pantalla muestra informaci\u00f3n detallada para que siempre pueda preparar su caf\u00e9 como a usted le gusta.<\/p>\n<p><strong>Calentamiento m\u00e1s r\u00e1pido<\/strong><br \/>\nEl innovador sistema de calentamiento ThermoJet alcanza la temperatura ideal de extracci\u00f3n en s\u00f3lo 3 segundos, pasando de espresso a vapor en un instante. Ya no hay que esperar para disfrutar de una gran taza de caf\u00e9.<\/p>\n<p><strong>Molinillo de caf\u00e9 c\u00f3nico integrado<\/strong><br \/>\nCon un solo toque, el molinillo c\u00f3nico integrado con control de dosis proporciona la cantidad correcta de caf\u00e9 para obtener el mejor aroma. Dosificaci\u00f3n y grado de molienda ajustables.<\/p>\n<p><strong>19-22 gramos de caf\u00e9 para un aroma con cuerpo<\/strong><br \/>\nCon la cantidad adecuada de caf\u00e9 molido podr\u00e1 preparar un espresso equilibrado siempre que lo desee. El portafiltro de 54 mm con una capacidad de 19-22 gramos es el secreto de un caf\u00e9 de calidad con un aroma con mucho cuerpo.<\/p>\n<p><strong>Extracci\u00f3n precisa<\/strong><br \/>\nEl control digital de la temperatura (PID) suministra el agua a la temperatura correcta (+\/- 2 \u00b0C), garantizando una extracci\u00f3n \u00f3ptima del espresso. La pre-infusi\u00f3n a baja presi\u00f3n aumenta gradualmente la presi\u00f3n y garantiza que todos los sabores se potencien uniformemente durante la extracci\u00f3n, para un resultado final equilibrado.<\/p>\n<p><strong>Espuma de leche con microburbujas<\/strong><br \/>\nLa varilla de vapor de alta potencia le permite espumar manualmente la leche para crear una espuma de microburbujas que realza los sabores y es perfecta para el arte del latt\u00e9.<\/p>\n<p>Dimensiones (ancho x fondo x alto): 34 x 41 x 40,6 cm<br \/>\nPotencia: 1650 W<br \/>\nMaterial: Acero inoxidable cepillado<br \/>\nCapacidad del dep\u00f3sito de agua: 2 litros<\/p>\n<p>Capacidad del portaplumillas: 250 gramos<\/p>\n<p>Tensi\u00f3n: 220\/240 V<\/p>\n<p><strong>Ajustes:<\/strong><\/p>\n<ul>\n<li>Control de molienda ajustable<\/li>\n<li>Pantalla LCD con interfaz intuitiva<\/li>\n<li>Control volum\u00e9trico para 1 o 2 tazas<\/li>\n<\/ul>\n<p><strong>Accesorios incluidos:<\/strong><\/p>\n<ul>\n<li>Soporte de filtro de 54 mm<\/li>\n<li>Filtros de pared simple y doble (1 taza y 2 tazas)<\/li>\n<li>Prensador integrado<\/li>\n<li>La herramienta de dosificaci\u00f3n de precisi\u00f3n Razor\u2122<\/li>\n<li>Jarra de leche de acero inoxidable de 480 ml<\/li>\n<li>Kit de limpieza<\/li>\n<li>Filtro de agua<\/li>\n<\/ul>\n","protected":false},"excerpt":{"rendered":"<p>Listo en 3 segundos con el sistema de calentamiento ThermoJet\u00ae. Resultados profesionales con una interfaz de usuario intuitiva que le<\/p>\n","protected":false},"featured_media":121697,"template":"","meta":{"_acf_changed":false,"inline_featured_image":false},"product_cat":[25362,16076,16073],"product_tag":[23574,16307,23570,16395],"acf":[],"yoast_head":"<!-- This site is optimized with the Yoast SEO Premium plugin v18.6 (Yoast SEO v19.13) - https:\/\/yoast.com\/wordpress\/plugins\/seo\/ -->\n<title>SAGE The Barista Pro - Erresse Shop<\/title>\n<meta name=\"description\" content=\"Listo en 3 segundos con el sistema de calentamiento ThermoJet\u00ae. Resultados profesionales con una interfaz de usuario intuitiva que le ofrece toda la\" \/>\n<meta name=\"robots\" content=\"index, follow, max-snippet:-1, max-image-preview:large, max-video-preview:-1\" \/>\n<link rel=\"canonical\" href=\"https:\/\/www.erresse-shop.it\/es\/shop\/pequenos-electrodomesticos\/maquinas-de-cafe\/automatico\/sage-the-barista-pro\/\" \/>\n<meta property=\"og:locale\" content=\"es_ES\" \/>\n<meta property=\"og:type\" content=\"article\" \/>\n<meta property=\"og:title\" content=\"SAGE The Barista Pro\" \/>\n<meta property=\"og:description\" content=\"Listo en 3 segundos con el sistema de calentamiento ThermoJet\u00ae. Resultados profesionales con una interfaz de usuario intuitiva que le ofrece toda la\" \/>\n<meta property=\"og:url\" content=\"https:\/\/www.erresse-shop.it\/es\/shop\/pequenos-electrodomesticos\/maquinas-de-cafe\/automatico\/sage-the-barista-pro\/\" \/>\n<meta property=\"og:site_name\" content=\"Erresse Shop\" \/>\n<meta property=\"article:modified_time\" content=\"2024-05-20T00:03:57+00:00\" \/>\n<meta property=\"og:image\" content=\"https:\/\/www.erresse-shop.it\/wp-content\/uploads\/2021\/09\/SAGE-The-Barista-Pro.jpg\" \/>\n\t<meta property=\"og:image:width\" content=\"992\" \/>\n\t<meta property=\"og:image:height\" content=\"992\" \/>\n\t<meta property=\"og:image:type\" content=\"image\/jpeg\" \/>\n<meta name=\"twitter:card\" content=\"summary_large_image\" \/>\n<script type=\"application\/ld+json\" class=\"yoast-schema-graph\">{\"@context\":\"https:\/\/schema.org\",\"@graph\":[{\"@type\":\"WebPage\",\"@id\":\"https:\/\/www.erresse-shop.it\/es\/shop\/pequenos-electrodomesticos\/maquinas-de-cafe\/automatico\/sage-the-barista-pro\/\",\"url\":\"https:\/\/www.erresse-shop.it\/es\/shop\/pequenos-electrodomesticos\/maquinas-de-cafe\/automatico\/sage-the-barista-pro\/\",\"name\":\"SAGE The Barista Pro - Erresse Shop\",\"isPartOf\":{\"@id\":\"https:\/\/www.erresse-shop.it\/es\/#website\"},\"datePublished\":\"2021-09-28T13:31:49+00:00\",\"dateModified\":\"2024-05-20T00:03:57+00:00\",\"description\":\"Listo en 3 segundos con el sistema de calentamiento ThermoJet\u00ae. Resultados profesionales con una interfaz de usuario intuitiva que le ofrece toda la\",\"breadcrumb\":{\"@id\":\"https:\/\/www.erresse-shop.it\/es\/shop\/pequenos-electrodomesticos\/maquinas-de-cafe\/automatico\/sage-the-barista-pro\/#breadcrumb\"},\"inLanguage\":\"es\",\"potentialAction\":[{\"@type\":\"ReadAction\",\"target\":[\"https:\/\/www.erresse-shop.it\/es\/shop\/pequenos-electrodomesticos\/maquinas-de-cafe\/automatico\/sage-the-barista-pro\/\"]}]},{\"@type\":\"BreadcrumbList\",\"@id\":\"https:\/\/www.erresse-shop.it\/es\/shop\/pequenos-electrodomesticos\/maquinas-de-cafe\/automatico\/sage-the-barista-pro\/#breadcrumb\",\"itemListElement\":[{\"@type\":\"ListItem\",\"position\":1,\"name\":\"Home\",\"item\":\"https:\/\/www.erresse-shop.it\/es\/\"},{\"@type\":\"ListItem\",\"position\":2,\"name\":\"Shop\",\"item\":\"https:\/\/www.erresse-shop.it\/es\/shop\/\"},{\"@type\":\"ListItem\",\"position\":3,\"name\":\"SAGE The Barista Pro\"}]},{\"@type\":\"WebSite\",\"@id\":\"https:\/\/www.erresse-shop.it\/es\/#website\",\"url\":\"https:\/\/www.erresse-shop.it\/es\/\",\"name\":\"Erresse Shop\",\"description\":\"Articoli di qualit\u00e0 per la casa\",\"potentialAction\":[{\"@type\":\"SearchAction\",\"target\":{\"@type\":\"EntryPoint\",\"urlTemplate\":\"https:\/\/www.erresse-shop.it\/es\/?s={search_term_string}\"},\"query-input\":\"required name=search_term_string\"}],\"inLanguage\":\"es\"}]}<\/script>\n<!-- \/ Yoast SEO Premium plugin. -->","yoast_head_json":{"title":"SAGE The Barista Pro - Erresse Shop","description":"Listo en 3 segundos con el sistema de calentamiento ThermoJet\u00ae. Resultados profesionales con una interfaz de usuario intuitiva que le ofrece toda la","robots":{"index":"index","follow":"follow","max-snippet":"max-snippet:-1","max-image-preview":"max-image-preview:large","max-video-preview":"max-video-preview:-1"},"canonical":"https:\/\/www.erresse-shop.it\/es\/shop\/pequenos-electrodomesticos\/maquinas-de-cafe\/automatico\/sage-the-barista-pro\/","og_locale":"es_ES","og_type":"article","og_title":"SAGE The Barista Pro","og_description":"Listo en 3 segundos con el sistema de calentamiento ThermoJet\u00ae. Resultados profesionales con una interfaz de usuario intuitiva que le ofrece toda la","og_url":"https:\/\/www.erresse-shop.it\/es\/shop\/pequenos-electrodomesticos\/maquinas-de-cafe\/automatico\/sage-the-barista-pro\/","og_site_name":"Erresse Shop","article_modified_time":"2024-05-20T00:03:57+00:00","og_image":[{"width":992,"height":992,"url":"https:\/\/www.erresse-shop.it\/wp-content\/uploads\/2021\/09\/SAGE-The-Barista-Pro.jpg","type":"image\/jpeg"}],"twitter_card":"summary_large_image","schema":{"@context":"https:\/\/schema.org","@graph":[{"@type":"WebPage","@id":"https:\/\/www.erresse-shop.it\/es\/shop\/pequenos-electrodomesticos\/maquinas-de-cafe\/automatico\/sage-the-barista-pro\/","url":"https:\/\/www.erresse-shop.it\/es\/shop\/pequenos-electrodomesticos\/maquinas-de-cafe\/automatico\/sage-the-barista-pro\/","name":"SAGE The Barista Pro - Erresse Shop","isPartOf":{"@id":"https:\/\/www.erresse-shop.it\/es\/#website"},"datePublished":"2021-09-28T13:31:49+00:00","dateModified":"2024-05-20T00:03:57+00:00","description":"Listo en 3 segundos con el sistema de calentamiento ThermoJet\u00ae. Resultados profesionales con una interfaz de usuario intuitiva que le ofrece toda la","breadcrumb":{"@id":"https:\/\/www.erresse-shop.it\/es\/shop\/pequenos-electrodomesticos\/maquinas-de-cafe\/automatico\/sage-the-barista-pro\/#breadcrumb"},"inLanguage":"es","potentialAction":[{"@type":"ReadAction","target":["https:\/\/www.erresse-shop.it\/es\/shop\/pequenos-electrodomesticos\/maquinas-de-cafe\/automatico\/sage-the-barista-pro\/"]}]},{"@type":"BreadcrumbList","@id":"https:\/\/www.erresse-shop.it\/es\/shop\/pequenos-electrodomesticos\/maquinas-de-cafe\/automatico\/sage-the-barista-pro\/#breadcrumb","itemListElement":[{"@type":"ListItem","position":1,"name":"Home","item":"https:\/\/www.erresse-shop.it\/es\/"},{"@type":"ListItem","position":2,"name":"Shop","item":"https:\/\/www.erresse-shop.it\/es\/shop\/"},{"@type":"ListItem","position":3,"name":"SAGE The Barista Pro"}]},{"@type":"WebSite","@id":"https:\/\/www.erresse-shop.it\/es\/#website","url":"https:\/\/www.erresse-shop.it\/es\/","name":"Erresse Shop","description":"Articoli di qualit\u00e0 per la casa","potentialAction":[{"@type":"SearchAction","target":{"@type":"EntryPoint","urlTemplate":"https:\/\/www.erresse-shop.it\/es\/?s={search_term_string}"},"query-input":"required name=search_term_string"}],"inLanguage":"es"}]}},"df_price":749.95,"df_sale_price":749.95,"df_regular_price":829.9,"df_image_link":"https:\/\/www.erresse-shop.it\/wp-content\/uploads\/2021\/09\/SAGE-The-Barista-Pro-300x300.jpg","_links":{"self":[{"href":"https:\/\/www.erresse-shop.it\/es\/wp-json\/wp\/v2\/product\/121683"}],"collection":[{"href":"https:\/\/www.erresse-shop.it\/es\/wp-json\/wp\/v2\/product"}],"about":[{"href":"https:\/\/www.erresse-shop.it\/es\/wp-json\/wp\/v2\/types\/product"}],"wp:featuredmedia":[{"embeddable":true,"href":"https:\/\/www.erresse-shop.it\/es\/wp-json\/wp\/v2\/media\/121697"}],"wp:attachment":[{"href":"https:\/\/www.erresse-shop.it\/es\/wp-json\/wp\/v2\/media?parent=121683"}],"wp:term":[{"taxonomy":"product_cat","embeddable":true,"href":"https:\/\/www.erresse-shop.it\/es\/wp-json\/wp\/v2\/product_cat?post=121683"},{"taxonomy":"product_tag","embeddable":true,"href":"https:\/\/www.erresse-shop.it\/es\/wp-json\/wp\/v2\/product_tag?post=121683"}],"curies":[{"name":"wp","href":"https:\/\/api.w.org\/{rel}","templated":true}]}}