{"id":121211,"date":"2021-09-23T12:47:53","date_gmt":"2021-09-23T12:47:53","guid":{"rendered":"https:\/\/www.erresse-shop.it\/shop\/sin%20categor\u00eda\/seletti-lampara-led-peacock\/"},"modified":"2021-12-22T16:10:31","modified_gmt":"2021-12-22T16:10:31","slug":"seletti-lampara-led-peacock","status":"publish","type":"product","link":"https:\/\/www.erresse-shop.it\/es\/shop\/mobiliario\/lamparas\/seletti-lampara-led-peacock\/","title":{"rendered":"SELETTI L\u00e1mpara Led Peacock"},"content":{"rendered":"<p>L\u00e1mpara Led<\/p>\n<p><strong>Dise\u00f1o:<\/strong> Marcantonio<\/p>\n<p><strong>Material:<\/strong> Resina<\/p>\n<p><strong>Medidas:<\/strong> Cm.100&#215;29 h.69 | 39 &#8220;x 11&#8243; h. 27&#8221;<\/p>\n<p><strong>Longitud del cable:<\/strong> 8,2 pies | 2,5 m<\/p>\n<p>E14 &#8211; 3W &#8211; 5VDC 180 Lumen 2200K<\/p>\n<p><strong>Regulable y<\/strong><\/p>\n","protected":false},"excerpt":{"rendered":"<p>L\u00e1mpara Led Dise\u00f1o: Marcantonio Material: Resina Medidas: Cm.100&#215;29 h.69 | 39 &#8220;x 11&#8243; h. 27&#8221; Longitud del cable: 8,2 pies<\/p>\n","protected":false},"featured_media":121201,"template":"","meta":{"_acf_changed":false,"inline_featured_image":false},"product_cat":[16017,16016],"product_tag":[16785,16236],"acf":[],"yoast_head":"<!-- This site is optimized with the Yoast SEO Premium plugin v18.6 (Yoast SEO v19.13) - https:\/\/yoast.com\/wordpress\/plugins\/seo\/ -->\n<title>SELETTI L\u00e1mpara Led Peacock - Erresse Shop<\/title>\n<meta name=\"description\" content=\"L\u00e1mpara Led Dise\u00f1o: Marcantonio Material: Resina Medidas: Cm.100x29 h.69 | 39 &quot;x 11&quot; h. 27&quot; Longitud del cable: 8,2 pies | 2,5 m E14 - 3W - 5VDC 180 Lumen\" \/>\n<meta name=\"robots\" content=\"index, follow, max-snippet:-1, max-image-preview:large, max-video-preview:-1\" \/>\n<link rel=\"canonical\" href=\"https:\/\/www.erresse-shop.it\/es\/shop\/mobiliario\/lamparas\/seletti-lampara-led-peacock\/\" \/>\n<meta property=\"og:locale\" content=\"es_ES\" \/>\n<meta property=\"og:type\" content=\"article\" \/>\n<meta property=\"og:title\" content=\"SELETTI L\u00e1mpara Led Peacock\" \/>\n<meta property=\"og:description\" content=\"L\u00e1mpara Led Dise\u00f1o: Marcantonio Material: Resina Medidas: Cm.100x29 h.69 | 39 &quot;x 11&quot; h. 27&quot; Longitud del cable: 8,2 pies | 2,5 m E14 - 3W - 5VDC 180 Lumen\" \/>\n<meta property=\"og:url\" content=\"https:\/\/www.erresse-shop.it\/es\/shop\/mobiliario\/lamparas\/seletti-lampara-led-peacock\/\" \/>\n<meta property=\"og:site_name\" content=\"Erresse Shop\" \/>\n<meta property=\"article:modified_time\" content=\"2021-12-22T16:10:31+00:00\" \/>\n<meta property=\"og:image\" content=\"https:\/\/www.erresse-shop.it\/wp-content\/uploads\/2021\/09\/Seletti-Lampada-Peacock.jpg\" \/>\n\t<meta property=\"og:image:width\" content=\"899\" \/>\n\t<meta property=\"og:image:height\" content=\"887\" \/>\n\t<meta property=\"og:image:type\" content=\"image\/jpeg\" \/>\n<meta name=\"twitter:card\" content=\"summary_large_image\" \/>\n<script type=\"application\/ld+json\" class=\"yoast-schema-graph\">{\"@context\":\"https:\/\/schema.org\",\"@graph\":[{\"@type\":\"WebPage\",\"@id\":\"https:\/\/www.erresse-shop.it\/es\/shop\/mobiliario\/lamparas\/seletti-lampara-led-peacock\/\",\"url\":\"https:\/\/www.erresse-shop.it\/es\/shop\/mobiliario\/lamparas\/seletti-lampara-led-peacock\/\",\"name\":\"SELETTI L\u00e1mpara Led Peacock - Erresse Shop\",\"isPartOf\":{\"@id\":\"https:\/\/www.erresse-shop.it\/es\/#website\"},\"datePublished\":\"2021-09-23T12:47:53+00:00\",\"dateModified\":\"2021-12-22T16:10:31+00:00\",\"description\":\"L\u00e1mpara Led Dise\u00f1o: Marcantonio Material: Resina Medidas: Cm.100x29 h.69 | 39 \\\"x 11\\\" h. 27\\\" Longitud del cable: 8,2 pies | 2,5 m E14 - 3W - 5VDC 180 Lumen\",\"breadcrumb\":{\"@id\":\"https:\/\/www.erresse-shop.it\/es\/shop\/mobiliario\/lamparas\/seletti-lampara-led-peacock\/#breadcrumb\"},\"inLanguage\":\"es\",\"potentialAction\":[{\"@type\":\"ReadAction\",\"target\":[\"https:\/\/www.erresse-shop.it\/es\/shop\/mobiliario\/lamparas\/seletti-lampara-led-peacock\/\"]}]},{\"@type\":\"BreadcrumbList\",\"@id\":\"https:\/\/www.erresse-shop.it\/es\/shop\/mobiliario\/lamparas\/seletti-lampara-led-peacock\/#breadcrumb\",\"itemListElement\":[{\"@type\":\"ListItem\",\"position\":1,\"name\":\"Home\",\"item\":\"https:\/\/www.erresse-shop.it\/es\/\"},{\"@type\":\"ListItem\",\"position\":2,\"name\":\"Shop\",\"item\":\"https:\/\/www.erresse-shop.it\/es\/shop\/\"},{\"@type\":\"ListItem\",\"position\":3,\"name\":\"SELETTI L\u00e1mpara Led Peacock\"}]},{\"@type\":\"WebSite\",\"@id\":\"https:\/\/www.erresse-shop.it\/es\/#website\",\"url\":\"https:\/\/www.erresse-shop.it\/es\/\",\"name\":\"Erresse Shop\",\"description\":\"Articoli di qualit\u00e0 per la casa\",\"potentialAction\":[{\"@type\":\"SearchAction\",\"target\":{\"@type\":\"EntryPoint\",\"urlTemplate\":\"https:\/\/www.erresse-shop.it\/es\/?s={search_term_string}\"},\"query-input\":\"required name=search_term_string\"}],\"inLanguage\":\"es\"}]}<\/script>\n<!-- \/ Yoast SEO Premium plugin. -->","yoast_head_json":{"title":"SELETTI L\u00e1mpara Led Peacock - Erresse Shop","description":"L\u00e1mpara Led Dise\u00f1o: Marcantonio Material: Resina Medidas: Cm.100x29 h.69 | 39 \"x 11\" h. 27\" Longitud del cable: 8,2 pies | 2,5 m E14 - 3W - 5VDC 180 Lumen","robots":{"index":"index","follow":"follow","max-snippet":"max-snippet:-1","max-image-preview":"max-image-preview:large","max-video-preview":"max-video-preview:-1"},"canonical":"https:\/\/www.erresse-shop.it\/es\/shop\/mobiliario\/lamparas\/seletti-lampara-led-peacock\/","og_locale":"es_ES","og_type":"article","og_title":"SELETTI L\u00e1mpara Led Peacock","og_description":"L\u00e1mpara Led Dise\u00f1o: Marcantonio Material: Resina Medidas: Cm.100x29 h.69 | 39 \"x 11\" h. 27\" Longitud del cable: 8,2 pies | 2,5 m E14 - 3W - 5VDC 180 Lumen","og_url":"https:\/\/www.erresse-shop.it\/es\/shop\/mobiliario\/lamparas\/seletti-lampara-led-peacock\/","og_site_name":"Erresse Shop","article_modified_time":"2021-12-22T16:10:31+00:00","og_image":[{"width":899,"height":887,"url":"https:\/\/www.erresse-shop.it\/wp-content\/uploads\/2021\/09\/Seletti-Lampada-Peacock.jpg","type":"image\/jpeg"}],"twitter_card":"summary_large_image","schema":{"@context":"https:\/\/schema.org","@graph":[{"@type":"WebPage","@id":"https:\/\/www.erresse-shop.it\/es\/shop\/mobiliario\/lamparas\/seletti-lampara-led-peacock\/","url":"https:\/\/www.erresse-shop.it\/es\/shop\/mobiliario\/lamparas\/seletti-lampara-led-peacock\/","name":"SELETTI L\u00e1mpara Led Peacock - Erresse Shop","isPartOf":{"@id":"https:\/\/www.erresse-shop.it\/es\/#website"},"datePublished":"2021-09-23T12:47:53+00:00","dateModified":"2021-12-22T16:10:31+00:00","description":"L\u00e1mpara Led Dise\u00f1o: Marcantonio Material: Resina Medidas: Cm.100x29 h.69 | 39 \"x 11\" h. 27\" Longitud del cable: 8,2 pies | 2,5 m E14 - 3W - 5VDC 180 Lumen","breadcrumb":{"@id":"https:\/\/www.erresse-shop.it\/es\/shop\/mobiliario\/lamparas\/seletti-lampara-led-peacock\/#breadcrumb"},"inLanguage":"es","potentialAction":[{"@type":"ReadAction","target":["https:\/\/www.erresse-shop.it\/es\/shop\/mobiliario\/lamparas\/seletti-lampara-led-peacock\/"]}]},{"@type":"BreadcrumbList","@id":"https:\/\/www.erresse-shop.it\/es\/shop\/mobiliario\/lamparas\/seletti-lampara-led-peacock\/#breadcrumb","itemListElement":[{"@type":"ListItem","position":1,"name":"Home","item":"https:\/\/www.erresse-shop.it\/es\/"},{"@type":"ListItem","position":2,"name":"Shop","item":"https:\/\/www.erresse-shop.it\/es\/shop\/"},{"@type":"ListItem","position":3,"name":"SELETTI L\u00e1mpara Led Peacock"}]},{"@type":"WebSite","@id":"https:\/\/www.erresse-shop.it\/es\/#website","url":"https:\/\/www.erresse-shop.it\/es\/","name":"Erresse Shop","description":"Articoli di qualit\u00e0 per la casa","potentialAction":[{"@type":"SearchAction","target":{"@type":"EntryPoint","urlTemplate":"https:\/\/www.erresse-shop.it\/es\/?s={search_term_string}"},"query-input":"required name=search_term_string"}],"inLanguage":"es"}]}},"df_price":349.65000000000003,"df_sale_price":349.65000000000003,"df_regular_price":777,"df_image_link":"https:\/\/www.erresse-shop.it\/wp-content\/uploads\/2021\/09\/Seletti-Lampada-Peacock-300x296.jpg","_links":{"self":[{"href":"https:\/\/www.erresse-shop.it\/es\/wp-json\/wp\/v2\/product\/121211"}],"collection":[{"href":"https:\/\/www.erresse-shop.it\/es\/wp-json\/wp\/v2\/product"}],"about":[{"href":"https:\/\/www.erresse-shop.it\/es\/wp-json\/wp\/v2\/types\/product"}],"wp:featuredmedia":[{"embeddable":true,"href":"https:\/\/www.erresse-shop.it\/es\/wp-json\/wp\/v2\/media\/121201"}],"wp:attachment":[{"href":"https:\/\/www.erresse-shop.it\/es\/wp-json\/wp\/v2\/media?parent=121211"}],"wp:term":[{"taxonomy":"product_cat","embeddable":true,"href":"https:\/\/www.erresse-shop.it\/es\/wp-json\/wp\/v2\/product_cat?post=121211"},{"taxonomy":"product_tag","embeddable":true,"href":"https:\/\/www.erresse-shop.it\/es\/wp-json\/wp\/v2\/product_tag?post=121211"}],"curies":[{"name":"wp","href":"https:\/\/api.w.org\/{rel}","templated":true}]}}