{"id":121017,"date":"2021-08-04T12:12:15","date_gmt":"2021-08-04T12:12:15","guid":{"rendered":"https:\/\/www.erresse-shop.it\/shop\/sin%20categor\u00eda\/staub-cocotte-redonda-30-cm-azul\/"},"modified":"2024-07-05T13:54:28","modified_gmt":"2024-07-05T13:54:28","slug":"staub-cocotte-redonda-30-cm-azul","status":"publish","type":"product","link":"https:\/\/www.erresse-shop.it\/es\/shop\/sartenes-y-ollas\/marmitas-y-cocottes\/staub-cocotte-redonda-30-cm-azul\/","title":{"rendered":"STAUB Cocotte Redonda 30 cm Azul"},"content":{"rendered":"<p>La Cocotte azul oscuro de Staub puede utilizarse pr\u00e1cticamente en cualquier cocina. La gran ventaja de la cocotte es que retiene y distribuye bien el calor gracias a su material de base, que es el hierro fundido. Con una capacidad de 5,2 litros y un di\u00e1metro de 26 cm, la cocotte redonda de color azul oscuro es ideal para familias numerosas o para uso profesional. Puede utilizar esta cazuela para cocinar de forma sana, f\u00e1cil y suave. La tapa se adhiere a la sart\u00e9n, evitando que el calor se escape. Tambi\u00e9n est\u00e1 equipado con una estructura de media esfera que permite que la condensaci\u00f3n se redistribuya uniformemente en la olla. Puede utilizar esta bater\u00eda de cocina en todo tipo de cocinas, incluidas las de inducci\u00f3n. El hierro fundido no es el \u00fanico material utilizado en la producci\u00f3n de esta cocotte: tambi\u00e9n est\u00e1 recubierto de varios esmaltes que garantizan el mantenimiento del calor. Como resultado, el calor se libera de manera uniforme sobre los alimentos. Un aspecto t\u00edpico de este tipo de utensilios de cocina es el efecto de estofado, es decir, la potenciaci\u00f3n del sabor natural de los alimentos. Esta cocotte azul oscuro de Staub ofrece muchas ventajas y a\u00f1ade a su cocina un \u00fatil utensilio del que no podr\u00e1 prescindir en el d\u00eda a d\u00eda o en eventos especiales.<\/p>\n<p>&#8211; Ideal para sellar y cocinar a fuego lento carne, pescado o verduras<br \/>\n&#8211; Para un resultado de cocci\u00f3n jugoso y tierno gracias a la tapa<br \/>\n&#8211; El esmaltado interior negro mate es ideal para un dorado especialmente crujiente y es muy duradero<br \/>\n&#8211; Apto para todo tipo de cocinas, incluida la de inducci\u00f3n, tambi\u00e9n puede utilizarse en el horno\/parrilla<\/p>\n<p><strong>Caracter\u00edsticas<\/strong><br \/>\n&#8211; Resistencia al calor (\u00b0C): 240,00 \u00baC<br \/>\n&#8211; Material: hierro fundido<br \/>\n&#8211; Tapa existente: s\u00ed<br \/>\n&#8211; Inducci\u00f3n: S\u00ed<br \/>\n&#8211; Apto para el horno: S\u00ed<br \/>\n&#8211; Apto para el congelador: S\u00ed<br \/>\n&#8211; Apto para la cocina: s\u00ed<br \/>\n&#8211; Apto para el lavavajillas: s\u00ed<\/p>\n<p><strong>Tama\u00f1o<\/strong><br \/>\n&#8211; Peso neto: 8,03 kg<br \/>\n&#8211; Capacidad: 8,35 l<br \/>\n&#8211; Longitud del producto: 38,00 cm<br \/>\n&#8211; Anchura del producto: 30,00 cm<br \/>\n&#8211; Altura del producto: 19,00 cm<br \/>\n&#8211; Altura sin tapa: 14,00 cm<br \/>\n&#8211; Di\u00e1metro superior: 30,00 cm<br \/>\n&#8211; Di\u00e1metro del fondo: 25,40 cm<br \/>\n&#8211; Longitud del mango: 4,00 cm<\/p>\n","protected":false},"excerpt":{"rendered":"<p>La Cocotte azul oscuro de Staub puede utilizarse pr\u00e1cticamente en cualquier cocina. La gran ventaja de la cocotte es que<\/p>\n","protected":false},"featured_media":120667,"template":"","meta":{"_acf_changed":false,"inline_featured_image":false},"product_cat":[16065,16058],"product_tag":[16111,16211,16781,16158,16654],"acf":[],"yoast_head":"<!-- This site is optimized with the Yoast SEO Premium plugin v18.6 (Yoast SEO v19.13) - https:\/\/yoast.com\/wordpress\/plugins\/seo\/ -->\n<title>STAUB Cocotte Redonda 30 cm Azul - Erresse Shop<\/title>\n<meta name=\"description\" content=\"La Cocotte azul oscuro de Staub puede utilizarse pr\u00e1cticamente en cualquier cocina. La gran ventaja de la cocotte es que retiene y distribuye bien el\" \/>\n<meta name=\"robots\" content=\"index, follow, max-snippet:-1, max-image-preview:large, max-video-preview:-1\" \/>\n<link rel=\"canonical\" href=\"https:\/\/www.erresse-shop.it\/es\/shop\/sartenes-y-ollas\/marmitas-y-cocottes\/staub-cocotte-redonda-30-cm-azul\/\" \/>\n<meta property=\"og:locale\" content=\"es_ES\" \/>\n<meta property=\"og:type\" content=\"article\" \/>\n<meta property=\"og:title\" content=\"STAUB Cocotte Redonda 30 cm Azul\" \/>\n<meta property=\"og:description\" content=\"La Cocotte azul oscuro de Staub puede utilizarse pr\u00e1cticamente en cualquier cocina. La gran ventaja de la cocotte es que retiene y distribuye bien el\" \/>\n<meta property=\"og:url\" content=\"https:\/\/www.erresse-shop.it\/es\/shop\/sartenes-y-ollas\/marmitas-y-cocottes\/staub-cocotte-redonda-30-cm-azul\/\" \/>\n<meta property=\"og:site_name\" content=\"Erresse Shop\" \/>\n<meta property=\"article:modified_time\" content=\"2024-07-05T13:54:28+00:00\" \/>\n<meta property=\"og:image\" content=\"https:\/\/www.erresse-shop.it\/wp-content\/uploads\/2015\/01\/products-staub-newblu-tonda.jpg\" \/>\n\t<meta property=\"og:image:width\" content=\"550\" \/>\n\t<meta property=\"og:image:height\" content=\"417\" \/>\n\t<meta property=\"og:image:type\" content=\"image\/jpeg\" \/>\n<meta name=\"twitter:card\" content=\"summary_large_image\" \/>\n<script type=\"application\/ld+json\" class=\"yoast-schema-graph\">{\"@context\":\"https:\/\/schema.org\",\"@graph\":[{\"@type\":\"WebPage\",\"@id\":\"https:\/\/www.erresse-shop.it\/es\/shop\/sartenes-y-ollas\/marmitas-y-cocottes\/staub-cocotte-redonda-30-cm-azul\/\",\"url\":\"https:\/\/www.erresse-shop.it\/es\/shop\/sartenes-y-ollas\/marmitas-y-cocottes\/staub-cocotte-redonda-30-cm-azul\/\",\"name\":\"STAUB Cocotte Redonda 30 cm Azul - Erresse Shop\",\"isPartOf\":{\"@id\":\"https:\/\/www.erresse-shop.it\/es\/#website\"},\"datePublished\":\"2021-08-04T12:12:15+00:00\",\"dateModified\":\"2024-07-05T13:54:28+00:00\",\"description\":\"La Cocotte azul oscuro de Staub puede utilizarse pr\u00e1cticamente en cualquier cocina. La gran ventaja de la cocotte es que retiene y distribuye bien el\",\"breadcrumb\":{\"@id\":\"https:\/\/www.erresse-shop.it\/es\/shop\/sartenes-y-ollas\/marmitas-y-cocottes\/staub-cocotte-redonda-30-cm-azul\/#breadcrumb\"},\"inLanguage\":\"es\",\"potentialAction\":[{\"@type\":\"ReadAction\",\"target\":[\"https:\/\/www.erresse-shop.it\/es\/shop\/sartenes-y-ollas\/marmitas-y-cocottes\/staub-cocotte-redonda-30-cm-azul\/\"]}]},{\"@type\":\"BreadcrumbList\",\"@id\":\"https:\/\/www.erresse-shop.it\/es\/shop\/sartenes-y-ollas\/marmitas-y-cocottes\/staub-cocotte-redonda-30-cm-azul\/#breadcrumb\",\"itemListElement\":[{\"@type\":\"ListItem\",\"position\":1,\"name\":\"Home\",\"item\":\"https:\/\/www.erresse-shop.it\/es\/\"},{\"@type\":\"ListItem\",\"position\":2,\"name\":\"Shop\",\"item\":\"https:\/\/www.erresse-shop.it\/es\/shop\/\"},{\"@type\":\"ListItem\",\"position\":3,\"name\":\"STAUB Cocotte Redonda 30 cm Azul\"}]},{\"@type\":\"WebSite\",\"@id\":\"https:\/\/www.erresse-shop.it\/es\/#website\",\"url\":\"https:\/\/www.erresse-shop.it\/es\/\",\"name\":\"Erresse Shop\",\"description\":\"Articoli di qualit\u00e0 per la casa\",\"potentialAction\":[{\"@type\":\"SearchAction\",\"target\":{\"@type\":\"EntryPoint\",\"urlTemplate\":\"https:\/\/www.erresse-shop.it\/es\/?s={search_term_string}\"},\"query-input\":\"required name=search_term_string\"}],\"inLanguage\":\"es\"}]}<\/script>\n<!-- \/ Yoast SEO Premium plugin. -->","yoast_head_json":{"title":"STAUB Cocotte Redonda 30 cm Azul - Erresse Shop","description":"La Cocotte azul oscuro de Staub puede utilizarse pr\u00e1cticamente en cualquier cocina. La gran ventaja de la cocotte es que retiene y distribuye bien el","robots":{"index":"index","follow":"follow","max-snippet":"max-snippet:-1","max-image-preview":"max-image-preview:large","max-video-preview":"max-video-preview:-1"},"canonical":"https:\/\/www.erresse-shop.it\/es\/shop\/sartenes-y-ollas\/marmitas-y-cocottes\/staub-cocotte-redonda-30-cm-azul\/","og_locale":"es_ES","og_type":"article","og_title":"STAUB Cocotte Redonda 30 cm Azul","og_description":"La Cocotte azul oscuro de Staub puede utilizarse pr\u00e1cticamente en cualquier cocina. La gran ventaja de la cocotte es que retiene y distribuye bien el","og_url":"https:\/\/www.erresse-shop.it\/es\/shop\/sartenes-y-ollas\/marmitas-y-cocottes\/staub-cocotte-redonda-30-cm-azul\/","og_site_name":"Erresse Shop","article_modified_time":"2024-07-05T13:54:28+00:00","og_image":[{"width":550,"height":417,"url":"https:\/\/www.erresse-shop.it\/wp-content\/uploads\/2015\/01\/products-staub-newblu-tonda.jpg","type":"image\/jpeg"}],"twitter_card":"summary_large_image","schema":{"@context":"https:\/\/schema.org","@graph":[{"@type":"WebPage","@id":"https:\/\/www.erresse-shop.it\/es\/shop\/sartenes-y-ollas\/marmitas-y-cocottes\/staub-cocotte-redonda-30-cm-azul\/","url":"https:\/\/www.erresse-shop.it\/es\/shop\/sartenes-y-ollas\/marmitas-y-cocottes\/staub-cocotte-redonda-30-cm-azul\/","name":"STAUB Cocotte Redonda 30 cm Azul - Erresse Shop","isPartOf":{"@id":"https:\/\/www.erresse-shop.it\/es\/#website"},"datePublished":"2021-08-04T12:12:15+00:00","dateModified":"2024-07-05T13:54:28+00:00","description":"La Cocotte azul oscuro de Staub puede utilizarse pr\u00e1cticamente en cualquier cocina. La gran ventaja de la cocotte es que retiene y distribuye bien el","breadcrumb":{"@id":"https:\/\/www.erresse-shop.it\/es\/shop\/sartenes-y-ollas\/marmitas-y-cocottes\/staub-cocotte-redonda-30-cm-azul\/#breadcrumb"},"inLanguage":"es","potentialAction":[{"@type":"ReadAction","target":["https:\/\/www.erresse-shop.it\/es\/shop\/sartenes-y-ollas\/marmitas-y-cocottes\/staub-cocotte-redonda-30-cm-azul\/"]}]},{"@type":"BreadcrumbList","@id":"https:\/\/www.erresse-shop.it\/es\/shop\/sartenes-y-ollas\/marmitas-y-cocottes\/staub-cocotte-redonda-30-cm-azul\/#breadcrumb","itemListElement":[{"@type":"ListItem","position":1,"name":"Home","item":"https:\/\/www.erresse-shop.it\/es\/"},{"@type":"ListItem","position":2,"name":"Shop","item":"https:\/\/www.erresse-shop.it\/es\/shop\/"},{"@type":"ListItem","position":3,"name":"STAUB Cocotte Redonda 30 cm Azul"}]},{"@type":"WebSite","@id":"https:\/\/www.erresse-shop.it\/es\/#website","url":"https:\/\/www.erresse-shop.it\/es\/","name":"Erresse Shop","description":"Articoli di qualit\u00e0 per la casa","potentialAction":[{"@type":"SearchAction","target":{"@type":"EntryPoint","urlTemplate":"https:\/\/www.erresse-shop.it\/es\/?s={search_term_string}"},"query-input":"required name=search_term_string"}],"inLanguage":"es"}]}},"df_price":199.5,"df_sale_price":199.5,"df_regular_price":399,"df_image_link":"https:\/\/www.erresse-shop.it\/wp-content\/uploads\/2015\/01\/products-staub-newblu-tonda-300x227.jpg","_links":{"self":[{"href":"https:\/\/www.erresse-shop.it\/es\/wp-json\/wp\/v2\/product\/121017"}],"collection":[{"href":"https:\/\/www.erresse-shop.it\/es\/wp-json\/wp\/v2\/product"}],"about":[{"href":"https:\/\/www.erresse-shop.it\/es\/wp-json\/wp\/v2\/types\/product"}],"wp:featuredmedia":[{"embeddable":true,"href":"https:\/\/www.erresse-shop.it\/es\/wp-json\/wp\/v2\/media\/120667"}],"wp:attachment":[{"href":"https:\/\/www.erresse-shop.it\/es\/wp-json\/wp\/v2\/media?parent=121017"}],"wp:term":[{"taxonomy":"product_cat","embeddable":true,"href":"https:\/\/www.erresse-shop.it\/es\/wp-json\/wp\/v2\/product_cat?post=121017"},{"taxonomy":"product_tag","embeddable":true,"href":"https:\/\/www.erresse-shop.it\/es\/wp-json\/wp\/v2\/product_tag?post=121017"}],"curies":[{"name":"wp","href":"https:\/\/api.w.org\/{rel}","templated":true}]}}