{"id":121003,"date":"2021-08-02T06:54:30","date_gmt":"2021-08-02T06:54:30","guid":{"rendered":"https:\/\/www.erresse-shop.it\/shop\/sin%20categor\u00eda\/staub-cocotte-redonda-26-cm-blanco-trufa\/"},"modified":"2021-12-22T16:10:12","modified_gmt":"2021-12-22T16:10:12","slug":"staub-cocotte-redonda-26-cm-blanco-trufa","status":"publish","type":"product","link":"https:\/\/www.erresse-shop.it\/es\/shop\/sartenes-y-ollas\/marmitas-y-cocottes\/staub-cocotte-redonda-26-cm-blanco-trufa\/","title":{"rendered":"STAUB Cocotte Redonda 26 cm Blanco Trufa"},"content":{"rendered":"<p>La cocotte Staub sigue siendo insuperable para la cocci\u00f3n lenta de carnes y verduras hasta alcanzar la perfecci\u00f3n y para la preparaci\u00f3n de guisos y sopas abundantes. El hierro fundido tiene excelentes propiedades de retenci\u00f3n del calor. Esto significa que la sart\u00e9n se calienta uniformemente. La innovadora tapa tiene unas peque\u00f1as p\u00faas en el interior que vierten continuamente el l\u00edquido condensado sobre los alimentos, con lo que se obtienen resultados jugosos y sabrosos. El interior de esmalte negro mate especial de Staub y la tapa con picos de salpicadura continua garantizan un dorado y un braseado perfectos, para que los alimentos tengan un sabor excepcional. Con su bello acabado esmaltado, cada pieza va de maravilla de la cocina a la mesa. Desde la comida casera hasta las cenas suntuosas, cada plato es especial cuando se sirve en un producto Staub. Los utensilios de cocina de hierro fundido esmaltado de Staub son la elecci\u00f3n de los mejores chefs del mundo. Con una durabilidad excepcional, es perfecta para el uso diario tanto en cocinas dom\u00e9sticas gourmet como en prestigiosos restaurantes de todo el mundo. Construidas para durar toda la vida, estas reliquias pueden pasar de generaci\u00f3n en generaci\u00f3n.<\/p>\n<p>Ideal para sellar y cocinar a fuego lento carne, pescado o verduras<br \/>\nPara un resultado de cocci\u00f3n jugoso y tierno gracias a la tapa<br \/>\nEl esmaltado interior negro mate es ideal para un dorado especialmente crujiente y es muy duradero<br \/>\nApto para todo tipo de placas, incluida la de inducci\u00f3n, tambi\u00e9n puede colocarse en el horno\/parrilla<br \/>\nApta para el horno hasta 900F\/482C sin pomo, los pomos de la tapa son seguros hasta 500F\/260C<\/p>\n<p><strong>Caracter\u00edsticas<\/strong><br \/>\n&#8211; Resistencia al calor (\u00b0C): 240,00 \u00baC<br \/>\n&#8211; Resistencia al fr\u00edo: -20,00 \u00baC<br \/>\n&#8211; Material: hierro fundido<br \/>\n&#8211; Tapa existente: S\u00ed<br \/>\n&#8211; Inducci\u00f3n: S\u00ed<br \/>\n&#8211; Apto para el horno: S\u00ed<br \/>\n&#8211; Apto para el congelador: S\u00ed<br \/>\n&#8211; Apto para la cocina: s\u00ed<br \/>\n&#8211; Apto para el lavavajillas: s\u00ed<\/p>\n<p><strong>Tama\u00f1o<\/strong><br \/>\n&#8211; Peso neto: 5,70 kg<br \/>\n&#8211; Capacidad: 5,25 l<br \/>\n&#8211; Longitud del producto: 32,70 cm<br \/>\n&#8211; Anchura del producto: 26,00 cm<br \/>\n&#8211; Altura del producto: 16,70 cm<br \/>\n&#8211; Altura sin tapa: 11,80 cm<br \/>\n&#8211; Di\u00e1metro superior: 26,00 cm<br \/>\n&#8211; Di\u00e1metro del fondo: 21,70 cm<br \/>\n&#8211; Longitud del mango: 3,50 cm<\/p>\n","protected":false},"excerpt":{"rendered":"<p>La cocotte Staub sigue siendo insuperable para la cocci\u00f3n lenta de carnes y verduras hasta alcanzar la perfecci\u00f3n y para<\/p>\n","protected":false},"featured_media":120985,"template":"","meta":{"_acf_changed":false,"inline_featured_image":false},"product_cat":[16065,16058],"product_tag":[25090,16111,16211,16781,16158,16654,25023],"acf":[],"yoast_head":"<!-- This site is optimized with the Yoast SEO Premium plugin v18.6 (Yoast SEO v19.13) - https:\/\/yoast.com\/wordpress\/plugins\/seo\/ -->\n<title>STAUB Cocotte Redonda 26 cm Blanco Trufa - Erresse Shop<\/title>\n<meta name=\"description\" content=\"La cocotte Staub sigue siendo insuperable para la cocci\u00f3n lenta de carnes y verduras hasta alcanzar la perfecci\u00f3n y para la preparaci\u00f3n de guisos y sopas\" \/>\n<meta name=\"robots\" content=\"index, follow, max-snippet:-1, max-image-preview:large, max-video-preview:-1\" \/>\n<link rel=\"canonical\" href=\"https:\/\/www.erresse-shop.it\/es\/shop\/sartenes-y-ollas\/marmitas-y-cocottes\/staub-cocotte-redonda-26-cm-blanco-trufa\/\" \/>\n<meta property=\"og:locale\" content=\"es_ES\" \/>\n<meta property=\"og:type\" content=\"article\" \/>\n<meta property=\"og:title\" content=\"STAUB Cocotte Redonda 26 cm Blanco Trufa\" \/>\n<meta property=\"og:description\" content=\"La cocotte Staub sigue siendo insuperable para la cocci\u00f3n lenta de carnes y verduras hasta alcanzar la perfecci\u00f3n y para la preparaci\u00f3n de guisos y sopas\" \/>\n<meta property=\"og:url\" content=\"https:\/\/www.erresse-shop.it\/es\/shop\/sartenes-y-ollas\/marmitas-y-cocottes\/staub-cocotte-redonda-26-cm-blanco-trufa\/\" \/>\n<meta property=\"og:site_name\" content=\"Erresse Shop\" \/>\n<meta property=\"article:modified_time\" content=\"2021-12-22T16:10:12+00:00\" \/>\n<meta property=\"og:image\" content=\"https:\/\/www.erresse-shop.it\/wp-content\/uploads\/2021\/07\/Staub-cocotte-24-cm-tartufo.jpg\" \/>\n\t<meta property=\"og:image:width\" content=\"1350\" \/>\n\t<meta property=\"og:image:height\" content=\"1350\" \/>\n\t<meta property=\"og:image:type\" content=\"image\/jpeg\" \/>\n<meta name=\"twitter:card\" content=\"summary_large_image\" \/>\n<script type=\"application\/ld+json\" class=\"yoast-schema-graph\">{\"@context\":\"https:\/\/schema.org\",\"@graph\":[{\"@type\":\"WebPage\",\"@id\":\"https:\/\/www.erresse-shop.it\/es\/shop\/sartenes-y-ollas\/marmitas-y-cocottes\/staub-cocotte-redonda-26-cm-blanco-trufa\/\",\"url\":\"https:\/\/www.erresse-shop.it\/es\/shop\/sartenes-y-ollas\/marmitas-y-cocottes\/staub-cocotte-redonda-26-cm-blanco-trufa\/\",\"name\":\"STAUB Cocotte Redonda 26 cm Blanco Trufa - Erresse Shop\",\"isPartOf\":{\"@id\":\"https:\/\/www.erresse-shop.it\/es\/#website\"},\"datePublished\":\"2021-08-02T06:54:30+00:00\",\"dateModified\":\"2021-12-22T16:10:12+00:00\",\"description\":\"La cocotte Staub sigue siendo insuperable para la cocci\u00f3n lenta de carnes y verduras hasta alcanzar la perfecci\u00f3n y para la preparaci\u00f3n de guisos y sopas\",\"breadcrumb\":{\"@id\":\"https:\/\/www.erresse-shop.it\/es\/shop\/sartenes-y-ollas\/marmitas-y-cocottes\/staub-cocotte-redonda-26-cm-blanco-trufa\/#breadcrumb\"},\"inLanguage\":\"es\",\"potentialAction\":[{\"@type\":\"ReadAction\",\"target\":[\"https:\/\/www.erresse-shop.it\/es\/shop\/sartenes-y-ollas\/marmitas-y-cocottes\/staub-cocotte-redonda-26-cm-blanco-trufa\/\"]}]},{\"@type\":\"BreadcrumbList\",\"@id\":\"https:\/\/www.erresse-shop.it\/es\/shop\/sartenes-y-ollas\/marmitas-y-cocottes\/staub-cocotte-redonda-26-cm-blanco-trufa\/#breadcrumb\",\"itemListElement\":[{\"@type\":\"ListItem\",\"position\":1,\"name\":\"Home\",\"item\":\"https:\/\/www.erresse-shop.it\/es\/\"},{\"@type\":\"ListItem\",\"position\":2,\"name\":\"Shop\",\"item\":\"https:\/\/www.erresse-shop.it\/es\/shop\/\"},{\"@type\":\"ListItem\",\"position\":3,\"name\":\"STAUB Cocotte Redonda 26 cm Blanco Trufa\"}]},{\"@type\":\"WebSite\",\"@id\":\"https:\/\/www.erresse-shop.it\/es\/#website\",\"url\":\"https:\/\/www.erresse-shop.it\/es\/\",\"name\":\"Erresse Shop\",\"description\":\"Articoli di qualit\u00e0 per la casa\",\"potentialAction\":[{\"@type\":\"SearchAction\",\"target\":{\"@type\":\"EntryPoint\",\"urlTemplate\":\"https:\/\/www.erresse-shop.it\/es\/?s={search_term_string}\"},\"query-input\":\"required name=search_term_string\"}],\"inLanguage\":\"es\"}]}<\/script>\n<!-- \/ Yoast SEO Premium plugin. -->","yoast_head_json":{"title":"STAUB Cocotte Redonda 26 cm Blanco Trufa - Erresse Shop","description":"La cocotte Staub sigue siendo insuperable para la cocci\u00f3n lenta de carnes y verduras hasta alcanzar la perfecci\u00f3n y para la preparaci\u00f3n de guisos y sopas","robots":{"index":"index","follow":"follow","max-snippet":"max-snippet:-1","max-image-preview":"max-image-preview:large","max-video-preview":"max-video-preview:-1"},"canonical":"https:\/\/www.erresse-shop.it\/es\/shop\/sartenes-y-ollas\/marmitas-y-cocottes\/staub-cocotte-redonda-26-cm-blanco-trufa\/","og_locale":"es_ES","og_type":"article","og_title":"STAUB Cocotte Redonda 26 cm Blanco Trufa","og_description":"La cocotte Staub sigue siendo insuperable para la cocci\u00f3n lenta de carnes y verduras hasta alcanzar la perfecci\u00f3n y para la preparaci\u00f3n de guisos y sopas","og_url":"https:\/\/www.erresse-shop.it\/es\/shop\/sartenes-y-ollas\/marmitas-y-cocottes\/staub-cocotte-redonda-26-cm-blanco-trufa\/","og_site_name":"Erresse Shop","article_modified_time":"2021-12-22T16:10:12+00:00","og_image":[{"width":1350,"height":1350,"url":"https:\/\/www.erresse-shop.it\/wp-content\/uploads\/2021\/07\/Staub-cocotte-24-cm-tartufo.jpg","type":"image\/jpeg"}],"twitter_card":"summary_large_image","schema":{"@context":"https:\/\/schema.org","@graph":[{"@type":"WebPage","@id":"https:\/\/www.erresse-shop.it\/es\/shop\/sartenes-y-ollas\/marmitas-y-cocottes\/staub-cocotte-redonda-26-cm-blanco-trufa\/","url":"https:\/\/www.erresse-shop.it\/es\/shop\/sartenes-y-ollas\/marmitas-y-cocottes\/staub-cocotte-redonda-26-cm-blanco-trufa\/","name":"STAUB Cocotte Redonda 26 cm Blanco Trufa - Erresse Shop","isPartOf":{"@id":"https:\/\/www.erresse-shop.it\/es\/#website"},"datePublished":"2021-08-02T06:54:30+00:00","dateModified":"2021-12-22T16:10:12+00:00","description":"La cocotte Staub sigue siendo insuperable para la cocci\u00f3n lenta de carnes y verduras hasta alcanzar la perfecci\u00f3n y para la preparaci\u00f3n de guisos y sopas","breadcrumb":{"@id":"https:\/\/www.erresse-shop.it\/es\/shop\/sartenes-y-ollas\/marmitas-y-cocottes\/staub-cocotte-redonda-26-cm-blanco-trufa\/#breadcrumb"},"inLanguage":"es","potentialAction":[{"@type":"ReadAction","target":["https:\/\/www.erresse-shop.it\/es\/shop\/sartenes-y-ollas\/marmitas-y-cocottes\/staub-cocotte-redonda-26-cm-blanco-trufa\/"]}]},{"@type":"BreadcrumbList","@id":"https:\/\/www.erresse-shop.it\/es\/shop\/sartenes-y-ollas\/marmitas-y-cocottes\/staub-cocotte-redonda-26-cm-blanco-trufa\/#breadcrumb","itemListElement":[{"@type":"ListItem","position":1,"name":"Home","item":"https:\/\/www.erresse-shop.it\/es\/"},{"@type":"ListItem","position":2,"name":"Shop","item":"https:\/\/www.erresse-shop.it\/es\/shop\/"},{"@type":"ListItem","position":3,"name":"STAUB Cocotte Redonda 26 cm Blanco Trufa"}]},{"@type":"WebSite","@id":"https:\/\/www.erresse-shop.it\/es\/#website","url":"https:\/\/www.erresse-shop.it\/es\/","name":"Erresse Shop","description":"Articoli di qualit\u00e0 per la casa","potentialAction":[{"@type":"SearchAction","target":{"@type":"EntryPoint","urlTemplate":"https:\/\/www.erresse-shop.it\/es\/?s={search_term_string}"},"query-input":"required name=search_term_string"}],"inLanguage":"es"}]}},"df_price":159.5,"df_sale_price":159.5,"df_regular_price":319,"df_image_link":"https:\/\/www.erresse-shop.it\/wp-content\/uploads\/2021\/07\/Staub-cocotte-24-cm-tartufo-300x300.jpg","_links":{"self":[{"href":"https:\/\/www.erresse-shop.it\/es\/wp-json\/wp\/v2\/product\/121003"}],"collection":[{"href":"https:\/\/www.erresse-shop.it\/es\/wp-json\/wp\/v2\/product"}],"about":[{"href":"https:\/\/www.erresse-shop.it\/es\/wp-json\/wp\/v2\/types\/product"}],"wp:featuredmedia":[{"embeddable":true,"href":"https:\/\/www.erresse-shop.it\/es\/wp-json\/wp\/v2\/media\/120985"}],"wp:attachment":[{"href":"https:\/\/www.erresse-shop.it\/es\/wp-json\/wp\/v2\/media?parent=121003"}],"wp:term":[{"taxonomy":"product_cat","embeddable":true,"href":"https:\/\/www.erresse-shop.it\/es\/wp-json\/wp\/v2\/product_cat?post=121003"},{"taxonomy":"product_tag","embeddable":true,"href":"https:\/\/www.erresse-shop.it\/es\/wp-json\/wp\/v2\/product_tag?post=121003"}],"curies":[{"name":"wp","href":"https:\/\/api.w.org\/{rel}","templated":true}]}}