{"id":120975,"date":"2021-07-23T10:08:50","date_gmt":"2021-07-23T10:08:50","guid":{"rendered":"https:\/\/www.erresse-shop.it\/shop\/sin%20categor\u00eda\/staub-cocotte-lily-pattern-24-cm-granada\/"},"modified":"2025-04-12T10:51:14","modified_gmt":"2025-04-12T10:51:14","slug":"staub-cocotte-lily-pattern-24-cm-granada","status":"publish","type":"product","link":"https:\/\/www.erresse-shop.it\/es\/shop\/sartenes-y-ollas\/marmitas-y-cocottes\/staub-cocotte-lily-pattern-24-cm-granada\/","title":{"rendered":"STAUB Cocotte Lily Pattern 24 cm Granada"},"content":{"rendered":"<p>Las cocottes de hierro fundido de Staub son la mejor opci\u00f3n tanto para los chefs profesionales como para los cocineros caseros. Arraigada en la herencia culinaria francesa, esta emblem\u00e1tica olla va de maravilla del horno a la mesa. El nuevo horno franc\u00e9s Staub Essential con tapa Lilly a\u00f1ade elegancia a su mesa. La tapa presenta el mismo motivo de flor de lis, coraz\u00f3n y flor que el popular salvamanteles Lilly. El dise\u00f1o en relieve tiene un llamativo efecto HI\/LO gracias al bello esmalte de may\u00f3lica, una t\u00e9cnica especial de tres pasos que impregna el color de brillo y profundidad. Esta elegante tapa cuenta con las puntas curvadas de Staub, la innovadora estructura Chistera-drop, que crea una condensaci\u00f3n continua para que los alimentos tengan mejor sabor.<\/p>\n<p>Construcci\u00f3n de hierro fundido: ideal para fre\u00edr, cocinar y guisar con eficiencia energ\u00e9tica<br \/>\nForma perfecta para remover s\u00f3lo las l\u00edneas curvas<br \/>\nLluvia de aromas gracias a la estructura de gotas de Chistera bajo la tapa<br \/>\nArtesan\u00eda tradicional combinada con la m\u00e1xima calidad<br \/>\nResultados de cocci\u00f3n jugosos y arom\u00e1ticos<br \/>\nApto para todo tipo de placas, incluida la de inducci\u00f3n, tambi\u00e9n puede colocarse en el horno\/parrilla<br \/>\nDel horno directamente a la mesa<br \/>\nApto para el lavavajillas \/ Apto para el horno hasta 500 F<\/p>\n<p><strong>DIMENSIONES<\/strong><br \/>\nPeso neto: 4,60 kg<br \/>\nCapacidad: 3,50 l<br \/>\nLongitud del producto: 30,80 cm<br \/>\nAnchura del producto: 24,00 cm<br \/>\nAltura del producto: 13,00 cm<br \/>\nDi\u00e1metro superior: 24,00 cm<\/p>\n","protected":false},"excerpt":{"rendered":"<p>Las cocottes de hierro fundido de Staub son la mejor opci\u00f3n tanto para los chefs profesionales como para los cocineros<\/p>\n","protected":false},"featured_media":120976,"template":"","meta":{"_acf_changed":false,"inline_featured_image":false},"product_cat":[16065,16058],"product_tag":[25090,16111,16211,16781,23662,24399,16158,16654,25023],"acf":[],"yoast_head":"<!-- This site is optimized with the Yoast SEO Premium plugin v18.6 (Yoast SEO v19.13) - https:\/\/yoast.com\/wordpress\/plugins\/seo\/ -->\n<title>STAUB Cocotte Lily Pattern 24 cm Granada - Erresse Shop<\/title>\n<meta name=\"description\" content=\"Las cocottes de hierro fundido de Staub son la mejor opci\u00f3n tanto para los chefs profesionales como para los cocineros caseros. Arraigada en la herencia\" \/>\n<meta name=\"robots\" content=\"index, follow, max-snippet:-1, max-image-preview:large, max-video-preview:-1\" \/>\n<link rel=\"canonical\" href=\"https:\/\/www.erresse-shop.it\/es\/shop\/sartenes-y-ollas\/marmitas-y-cocottes\/staub-cocotte-lily-pattern-24-cm-granada\/\" \/>\n<meta property=\"og:locale\" content=\"es_ES\" \/>\n<meta property=\"og:type\" content=\"article\" \/>\n<meta property=\"og:title\" content=\"STAUB Cocotte Lily Pattern 24 cm Granada\" \/>\n<meta property=\"og:description\" content=\"Las cocottes de hierro fundido de Staub son la mejor opci\u00f3n tanto para los chefs profesionales como para los cocineros caseros. Arraigada en la herencia\" \/>\n<meta property=\"og:url\" content=\"https:\/\/www.erresse-shop.it\/es\/shop\/sartenes-y-ollas\/marmitas-y-cocottes\/staub-cocotte-lily-pattern-24-cm-granada\/\" \/>\n<meta property=\"og:site_name\" content=\"Erresse Shop\" \/>\n<meta property=\"article:modified_time\" content=\"2025-04-12T10:51:14+00:00\" \/>\n<meta property=\"og:image\" content=\"https:\/\/www.erresse-shop.it\/wp-content\/uploads\/2021\/07\/Staub-Lilly-Pattern.jpg\" \/>\n\t<meta property=\"og:image:width\" content=\"1350\" \/>\n\t<meta property=\"og:image:height\" content=\"1350\" \/>\n\t<meta property=\"og:image:type\" content=\"image\/jpeg\" \/>\n<meta name=\"twitter:card\" content=\"summary_large_image\" \/>\n<script type=\"application\/ld+json\" class=\"yoast-schema-graph\">{\"@context\":\"https:\/\/schema.org\",\"@graph\":[{\"@type\":\"WebPage\",\"@id\":\"https:\/\/www.erresse-shop.it\/es\/shop\/sartenes-y-ollas\/marmitas-y-cocottes\/staub-cocotte-lily-pattern-24-cm-granada\/\",\"url\":\"https:\/\/www.erresse-shop.it\/es\/shop\/sartenes-y-ollas\/marmitas-y-cocottes\/staub-cocotte-lily-pattern-24-cm-granada\/\",\"name\":\"STAUB Cocotte Lily Pattern 24 cm Granada - Erresse Shop\",\"isPartOf\":{\"@id\":\"https:\/\/www.erresse-shop.it\/es\/#website\"},\"datePublished\":\"2021-07-23T10:08:50+00:00\",\"dateModified\":\"2025-04-12T10:51:14+00:00\",\"description\":\"Las cocottes de hierro fundido de Staub son la mejor opci\u00f3n tanto para los chefs profesionales como para los cocineros caseros. Arraigada en la herencia\",\"breadcrumb\":{\"@id\":\"https:\/\/www.erresse-shop.it\/es\/shop\/sartenes-y-ollas\/marmitas-y-cocottes\/staub-cocotte-lily-pattern-24-cm-granada\/#breadcrumb\"},\"inLanguage\":\"es\",\"potentialAction\":[{\"@type\":\"ReadAction\",\"target\":[\"https:\/\/www.erresse-shop.it\/es\/shop\/sartenes-y-ollas\/marmitas-y-cocottes\/staub-cocotte-lily-pattern-24-cm-granada\/\"]}]},{\"@type\":\"BreadcrumbList\",\"@id\":\"https:\/\/www.erresse-shop.it\/es\/shop\/sartenes-y-ollas\/marmitas-y-cocottes\/staub-cocotte-lily-pattern-24-cm-granada\/#breadcrumb\",\"itemListElement\":[{\"@type\":\"ListItem\",\"position\":1,\"name\":\"Home\",\"item\":\"https:\/\/www.erresse-shop.it\/es\/\"},{\"@type\":\"ListItem\",\"position\":2,\"name\":\"Shop\",\"item\":\"https:\/\/www.erresse-shop.it\/es\/shop\/\"},{\"@type\":\"ListItem\",\"position\":3,\"name\":\"STAUB Cocotte Lily Pattern 24 cm Granada\"}]},{\"@type\":\"WebSite\",\"@id\":\"https:\/\/www.erresse-shop.it\/es\/#website\",\"url\":\"https:\/\/www.erresse-shop.it\/es\/\",\"name\":\"Erresse Shop\",\"description\":\"Articoli di qualit\u00e0 per la casa\",\"potentialAction\":[{\"@type\":\"SearchAction\",\"target\":{\"@type\":\"EntryPoint\",\"urlTemplate\":\"https:\/\/www.erresse-shop.it\/es\/?s={search_term_string}\"},\"query-input\":\"required name=search_term_string\"}],\"inLanguage\":\"es\"}]}<\/script>\n<!-- \/ Yoast SEO Premium plugin. -->","yoast_head_json":{"title":"STAUB Cocotte Lily Pattern 24 cm Granada - Erresse Shop","description":"Las cocottes de hierro fundido de Staub son la mejor opci\u00f3n tanto para los chefs profesionales como para los cocineros caseros. Arraigada en la herencia","robots":{"index":"index","follow":"follow","max-snippet":"max-snippet:-1","max-image-preview":"max-image-preview:large","max-video-preview":"max-video-preview:-1"},"canonical":"https:\/\/www.erresse-shop.it\/es\/shop\/sartenes-y-ollas\/marmitas-y-cocottes\/staub-cocotte-lily-pattern-24-cm-granada\/","og_locale":"es_ES","og_type":"article","og_title":"STAUB Cocotte Lily Pattern 24 cm Granada","og_description":"Las cocottes de hierro fundido de Staub son la mejor opci\u00f3n tanto para los chefs profesionales como para los cocineros caseros. Arraigada en la herencia","og_url":"https:\/\/www.erresse-shop.it\/es\/shop\/sartenes-y-ollas\/marmitas-y-cocottes\/staub-cocotte-lily-pattern-24-cm-granada\/","og_site_name":"Erresse Shop","article_modified_time":"2025-04-12T10:51:14+00:00","og_image":[{"width":1350,"height":1350,"url":"https:\/\/www.erresse-shop.it\/wp-content\/uploads\/2021\/07\/Staub-Lilly-Pattern.jpg","type":"image\/jpeg"}],"twitter_card":"summary_large_image","schema":{"@context":"https:\/\/schema.org","@graph":[{"@type":"WebPage","@id":"https:\/\/www.erresse-shop.it\/es\/shop\/sartenes-y-ollas\/marmitas-y-cocottes\/staub-cocotte-lily-pattern-24-cm-granada\/","url":"https:\/\/www.erresse-shop.it\/es\/shop\/sartenes-y-ollas\/marmitas-y-cocottes\/staub-cocotte-lily-pattern-24-cm-granada\/","name":"STAUB Cocotte Lily Pattern 24 cm Granada - Erresse Shop","isPartOf":{"@id":"https:\/\/www.erresse-shop.it\/es\/#website"},"datePublished":"2021-07-23T10:08:50+00:00","dateModified":"2025-04-12T10:51:14+00:00","description":"Las cocottes de hierro fundido de Staub son la mejor opci\u00f3n tanto para los chefs profesionales como para los cocineros caseros. Arraigada en la herencia","breadcrumb":{"@id":"https:\/\/www.erresse-shop.it\/es\/shop\/sartenes-y-ollas\/marmitas-y-cocottes\/staub-cocotte-lily-pattern-24-cm-granada\/#breadcrumb"},"inLanguage":"es","potentialAction":[{"@type":"ReadAction","target":["https:\/\/www.erresse-shop.it\/es\/shop\/sartenes-y-ollas\/marmitas-y-cocottes\/staub-cocotte-lily-pattern-24-cm-granada\/"]}]},{"@type":"BreadcrumbList","@id":"https:\/\/www.erresse-shop.it\/es\/shop\/sartenes-y-ollas\/marmitas-y-cocottes\/staub-cocotte-lily-pattern-24-cm-granada\/#breadcrumb","itemListElement":[{"@type":"ListItem","position":1,"name":"Home","item":"https:\/\/www.erresse-shop.it\/es\/"},{"@type":"ListItem","position":2,"name":"Shop","item":"https:\/\/www.erresse-shop.it\/es\/shop\/"},{"@type":"ListItem","position":3,"name":"STAUB Cocotte Lily Pattern 24 cm Granada"}]},{"@type":"WebSite","@id":"https:\/\/www.erresse-shop.it\/es\/#website","url":"https:\/\/www.erresse-shop.it\/es\/","name":"Erresse Shop","description":"Articoli di qualit\u00e0 per la casa","potentialAction":[{"@type":"SearchAction","target":{"@type":"EntryPoint","urlTemplate":"https:\/\/www.erresse-shop.it\/es\/?s={search_term_string}"},"query-input":"required name=search_term_string"}],"inLanguage":"es"}]}},"df_price":134.5,"df_sale_price":134.5,"df_regular_price":269,"df_image_link":"https:\/\/www.erresse-shop.it\/wp-content\/uploads\/2021\/07\/Staub-Lilly-Pattern-300x300.jpg","_links":{"self":[{"href":"https:\/\/www.erresse-shop.it\/es\/wp-json\/wp\/v2\/product\/120975"}],"collection":[{"href":"https:\/\/www.erresse-shop.it\/es\/wp-json\/wp\/v2\/product"}],"about":[{"href":"https:\/\/www.erresse-shop.it\/es\/wp-json\/wp\/v2\/types\/product"}],"wp:featuredmedia":[{"embeddable":true,"href":"https:\/\/www.erresse-shop.it\/es\/wp-json\/wp\/v2\/media\/120976"}],"wp:attachment":[{"href":"https:\/\/www.erresse-shop.it\/es\/wp-json\/wp\/v2\/media?parent=120975"}],"wp:term":[{"taxonomy":"product_cat","embeddable":true,"href":"https:\/\/www.erresse-shop.it\/es\/wp-json\/wp\/v2\/product_cat?post=120975"},{"taxonomy":"product_tag","embeddable":true,"href":"https:\/\/www.erresse-shop.it\/es\/wp-json\/wp\/v2\/product_tag?post=120975"}],"curies":[{"name":"wp","href":"https:\/\/api.w.org\/{rel}","templated":true}]}}