{"id":120957,"date":"2021-06-29T10:24:47","date_gmt":"2021-06-29T10:24:47","guid":{"rendered":"https:\/\/www.erresse-shop.it\/shop\/sin%20categor\u00eda\/staub-cocotte-gallo-24-cm-granada\/"},"modified":"2021-12-22T16:10:01","modified_gmt":"2021-12-22T16:10:01","slug":"staub-cocotte-gallo-24-cm-granada","status":"publish","type":"product","link":"https:\/\/www.erresse-shop.it\/es\/shop\/sartenes-y-ollas\/marmitas-y-cocottes\/staub-cocotte-gallo-24-cm-granada\/","title":{"rendered":"STAUB Cocotte Gallo 24 cm Granada"},"content":{"rendered":"<p>El &#8220;gallo franc\u00e9s&#8221; o &#8220;Le Coq Fran\u00e7ais&#8221; es el motivo art\u00edstico de la tapa de esta cocotte. Este orgulloso animal, elegido como emblema real, encarna la historia de Francia y antiguamente decoraba monedas y escudos. Pero estas sartenes de hierro fundido tienen algo m\u00e1s que cualidades decorativas. Presentan una excelente distribuci\u00f3n del calor y son adecuadas para hornear, asar y guisar. Tambi\u00e9n son aptos para su uso en placas de inducci\u00f3n.<\/p>\n<p>Fabricada en hierro fundido, apta como sart\u00e9n o como fuente de horno<br \/>\nForma perfecta para agitar con l\u00edneas curvas<br \/>\nLluvia arom\u00e1tica gracias a la estructura con medias esferas de Chistera bajo la tapa<br \/>\nEn rojo granate, con dise\u00f1o de gallo en la tapa<br \/>\nIdeal para usar tanto en el horno como en la placa de inducci\u00f3n (compatible con todas las fuentes de calor)<br \/>\nDise\u00f1o de alta calidad con una durabilidad excepcional<\/p>\n<p><strong>TAMA\u00d1O<\/strong><br \/>\nPeso neto: 4,52 kg<br \/>\nCapacidad: 3,60 l<br \/>\nLongitud del producto: 30,80 cm<br \/>\nAnchura del producto: 24,00 cm<br \/>\nAltura del producto: 13,00 cm<br \/>\nAltura sin tapa: 10,00 cm<br \/>\nDi\u00e1metro superior: 24,00 cm<br \/>\nDi\u00e1metro del fondo: 17,20 cm<\/p>\n","protected":false},"excerpt":{"rendered":"<p>El &#8220;gallo franc\u00e9s&#8221; o &#8220;Le Coq Fran\u00e7ais&#8221; es el motivo art\u00edstico de la tapa de esta cocotte. Este orgulloso animal,<\/p>\n","protected":false},"featured_media":120958,"template":"","meta":{"_acf_changed":false,"inline_featured_image":false},"product_cat":[16065,16058],"product_tag":[16111,16211,16781,16158,16654],"acf":[],"yoast_head":"<!-- This site is optimized with the Yoast SEO Premium plugin v18.6 (Yoast SEO v19.13) - https:\/\/yoast.com\/wordpress\/plugins\/seo\/ -->\n<title>STAUB Cocotte Gallo 24 cm Granada - Erresse Shop<\/title>\n<meta name=\"description\" content=\"El &quot;gallo franc\u00e9s&quot; o &quot;Le Coq Fran\u00e7ais&quot; es el motivo art\u00edstico de la tapa de esta cocotte. Este orgulloso animal, elegido como emblema real, encarna la\" \/>\n<meta name=\"robots\" content=\"index, follow, max-snippet:-1, max-image-preview:large, max-video-preview:-1\" \/>\n<link rel=\"canonical\" href=\"https:\/\/www.erresse-shop.it\/es\/shop\/sartenes-y-ollas\/marmitas-y-cocottes\/staub-cocotte-gallo-24-cm-granada\/\" \/>\n<meta property=\"og:locale\" content=\"es_ES\" \/>\n<meta property=\"og:type\" content=\"article\" \/>\n<meta property=\"og:title\" content=\"STAUB Cocotte Gallo 24 cm Granada\" \/>\n<meta property=\"og:description\" content=\"El &quot;gallo franc\u00e9s&quot; o &quot;Le Coq Fran\u00e7ais&quot; es el motivo art\u00edstico de la tapa de esta cocotte. Este orgulloso animal, elegido como emblema real, encarna la\" \/>\n<meta property=\"og:url\" content=\"https:\/\/www.erresse-shop.it\/es\/shop\/sartenes-y-ollas\/marmitas-y-cocottes\/staub-cocotte-gallo-24-cm-granada\/\" \/>\n<meta property=\"og:site_name\" content=\"Erresse Shop\" \/>\n<meta property=\"article:modified_time\" content=\"2021-12-22T16:10:01+00:00\" \/>\n<meta property=\"og:image\" content=\"https:\/\/www.erresse-shop.it\/wp-content\/uploads\/2021\/06\/40501-015.jpg\" \/>\n\t<meta property=\"og:image:width\" content=\"1350\" \/>\n\t<meta property=\"og:image:height\" content=\"1350\" \/>\n\t<meta property=\"og:image:type\" content=\"image\/jpeg\" \/>\n<meta name=\"twitter:card\" content=\"summary_large_image\" \/>\n<script type=\"application\/ld+json\" class=\"yoast-schema-graph\">{\"@context\":\"https:\/\/schema.org\",\"@graph\":[{\"@type\":\"WebPage\",\"@id\":\"https:\/\/www.erresse-shop.it\/es\/shop\/sartenes-y-ollas\/marmitas-y-cocottes\/staub-cocotte-gallo-24-cm-granada\/\",\"url\":\"https:\/\/www.erresse-shop.it\/es\/shop\/sartenes-y-ollas\/marmitas-y-cocottes\/staub-cocotte-gallo-24-cm-granada\/\",\"name\":\"STAUB Cocotte Gallo 24 cm Granada - Erresse Shop\",\"isPartOf\":{\"@id\":\"https:\/\/www.erresse-shop.it\/es\/#website\"},\"datePublished\":\"2021-06-29T10:24:47+00:00\",\"dateModified\":\"2021-12-22T16:10:01+00:00\",\"description\":\"El \\\"gallo franc\u00e9s\\\" o \\\"Le Coq Fran\u00e7ais\\\" es el motivo art\u00edstico de la tapa de esta cocotte. Este orgulloso animal, elegido como emblema real, encarna la\",\"breadcrumb\":{\"@id\":\"https:\/\/www.erresse-shop.it\/es\/shop\/sartenes-y-ollas\/marmitas-y-cocottes\/staub-cocotte-gallo-24-cm-granada\/#breadcrumb\"},\"inLanguage\":\"es\",\"potentialAction\":[{\"@type\":\"ReadAction\",\"target\":[\"https:\/\/www.erresse-shop.it\/es\/shop\/sartenes-y-ollas\/marmitas-y-cocottes\/staub-cocotte-gallo-24-cm-granada\/\"]}]},{\"@type\":\"BreadcrumbList\",\"@id\":\"https:\/\/www.erresse-shop.it\/es\/shop\/sartenes-y-ollas\/marmitas-y-cocottes\/staub-cocotte-gallo-24-cm-granada\/#breadcrumb\",\"itemListElement\":[{\"@type\":\"ListItem\",\"position\":1,\"name\":\"Home\",\"item\":\"https:\/\/www.erresse-shop.it\/es\/\"},{\"@type\":\"ListItem\",\"position\":2,\"name\":\"Shop\",\"item\":\"https:\/\/www.erresse-shop.it\/es\/shop\/\"},{\"@type\":\"ListItem\",\"position\":3,\"name\":\"STAUB Cocotte Gallo 24 cm Granada\"}]},{\"@type\":\"WebSite\",\"@id\":\"https:\/\/www.erresse-shop.it\/es\/#website\",\"url\":\"https:\/\/www.erresse-shop.it\/es\/\",\"name\":\"Erresse Shop\",\"description\":\"Articoli di qualit\u00e0 per la casa\",\"potentialAction\":[{\"@type\":\"SearchAction\",\"target\":{\"@type\":\"EntryPoint\",\"urlTemplate\":\"https:\/\/www.erresse-shop.it\/es\/?s={search_term_string}\"},\"query-input\":\"required name=search_term_string\"}],\"inLanguage\":\"es\"}]}<\/script>\n<!-- \/ Yoast SEO Premium plugin. -->","yoast_head_json":{"title":"STAUB Cocotte Gallo 24 cm Granada - Erresse Shop","description":"El \"gallo franc\u00e9s\" o \"Le Coq Fran\u00e7ais\" es el motivo art\u00edstico de la tapa de esta cocotte. Este orgulloso animal, elegido como emblema real, encarna la","robots":{"index":"index","follow":"follow","max-snippet":"max-snippet:-1","max-image-preview":"max-image-preview:large","max-video-preview":"max-video-preview:-1"},"canonical":"https:\/\/www.erresse-shop.it\/es\/shop\/sartenes-y-ollas\/marmitas-y-cocottes\/staub-cocotte-gallo-24-cm-granada\/","og_locale":"es_ES","og_type":"article","og_title":"STAUB Cocotte Gallo 24 cm Granada","og_description":"El \"gallo franc\u00e9s\" o \"Le Coq Fran\u00e7ais\" es el motivo art\u00edstico de la tapa de esta cocotte. Este orgulloso animal, elegido como emblema real, encarna la","og_url":"https:\/\/www.erresse-shop.it\/es\/shop\/sartenes-y-ollas\/marmitas-y-cocottes\/staub-cocotte-gallo-24-cm-granada\/","og_site_name":"Erresse Shop","article_modified_time":"2021-12-22T16:10:01+00:00","og_image":[{"width":1350,"height":1350,"url":"https:\/\/www.erresse-shop.it\/wp-content\/uploads\/2021\/06\/40501-015.jpg","type":"image\/jpeg"}],"twitter_card":"summary_large_image","schema":{"@context":"https:\/\/schema.org","@graph":[{"@type":"WebPage","@id":"https:\/\/www.erresse-shop.it\/es\/shop\/sartenes-y-ollas\/marmitas-y-cocottes\/staub-cocotte-gallo-24-cm-granada\/","url":"https:\/\/www.erresse-shop.it\/es\/shop\/sartenes-y-ollas\/marmitas-y-cocottes\/staub-cocotte-gallo-24-cm-granada\/","name":"STAUB Cocotte Gallo 24 cm Granada - Erresse Shop","isPartOf":{"@id":"https:\/\/www.erresse-shop.it\/es\/#website"},"datePublished":"2021-06-29T10:24:47+00:00","dateModified":"2021-12-22T16:10:01+00:00","description":"El \"gallo franc\u00e9s\" o \"Le Coq Fran\u00e7ais\" es el motivo art\u00edstico de la tapa de esta cocotte. Este orgulloso animal, elegido como emblema real, encarna la","breadcrumb":{"@id":"https:\/\/www.erresse-shop.it\/es\/shop\/sartenes-y-ollas\/marmitas-y-cocottes\/staub-cocotte-gallo-24-cm-granada\/#breadcrumb"},"inLanguage":"es","potentialAction":[{"@type":"ReadAction","target":["https:\/\/www.erresse-shop.it\/es\/shop\/sartenes-y-ollas\/marmitas-y-cocottes\/staub-cocotte-gallo-24-cm-granada\/"]}]},{"@type":"BreadcrumbList","@id":"https:\/\/www.erresse-shop.it\/es\/shop\/sartenes-y-ollas\/marmitas-y-cocottes\/staub-cocotte-gallo-24-cm-granada\/#breadcrumb","itemListElement":[{"@type":"ListItem","position":1,"name":"Home","item":"https:\/\/www.erresse-shop.it\/es\/"},{"@type":"ListItem","position":2,"name":"Shop","item":"https:\/\/www.erresse-shop.it\/es\/shop\/"},{"@type":"ListItem","position":3,"name":"STAUB Cocotte Gallo 24 cm Granada"}]},{"@type":"WebSite","@id":"https:\/\/www.erresse-shop.it\/es\/#website","url":"https:\/\/www.erresse-shop.it\/es\/","name":"Erresse Shop","description":"Articoli di qualit\u00e0 per la casa","potentialAction":[{"@type":"SearchAction","target":{"@type":"EntryPoint","urlTemplate":"https:\/\/www.erresse-shop.it\/es\/?s={search_term_string}"},"query-input":"required name=search_term_string"}],"inLanguage":"es"}]}},"df_price":124.5,"df_sale_price":124.5,"df_regular_price":249,"df_image_link":"https:\/\/www.erresse-shop.it\/wp-content\/uploads\/2021\/06\/40501-015-300x300.jpg","_links":{"self":[{"href":"https:\/\/www.erresse-shop.it\/es\/wp-json\/wp\/v2\/product\/120957"}],"collection":[{"href":"https:\/\/www.erresse-shop.it\/es\/wp-json\/wp\/v2\/product"}],"about":[{"href":"https:\/\/www.erresse-shop.it\/es\/wp-json\/wp\/v2\/types\/product"}],"wp:featuredmedia":[{"embeddable":true,"href":"https:\/\/www.erresse-shop.it\/es\/wp-json\/wp\/v2\/media\/120958"}],"wp:attachment":[{"href":"https:\/\/www.erresse-shop.it\/es\/wp-json\/wp\/v2\/media?parent=120957"}],"wp:term":[{"taxonomy":"product_cat","embeddable":true,"href":"https:\/\/www.erresse-shop.it\/es\/wp-json\/wp\/v2\/product_cat?post=120957"},{"taxonomy":"product_tag","embeddable":true,"href":"https:\/\/www.erresse-shop.it\/es\/wp-json\/wp\/v2\/product_tag?post=120957"}],"curies":[{"name":"wp","href":"https:\/\/api.w.org\/{rel}","templated":true}]}}