{"id":120940,"date":"2021-05-31T08:53:01","date_gmt":"2021-05-31T08:53:01","guid":{"rendered":"https:\/\/www.erresse-shop.it\/shop\/sin%20categor\u00eda\/staub-cocotte-ovalada-37-cm-gris-grafito\/"},"modified":"2024-07-05T13:54:28","modified_gmt":"2024-07-05T13:54:28","slug":"staub-cocotte-ovalada-37-cm-gris-grafito","status":"publish","type":"product","link":"https:\/\/www.erresse-shop.it\/es\/shop\/sartenes-y-ollas\/marmitas-y-cocottes\/staub-cocotte-ovalada-37-cm-gris-grafito\/","title":{"rendered":"STAUB Cocotte Ovalada 37 cm Gris Grafito"},"content":{"rendered":"<p>La cocotte STAUB en un moderno color grafito combina la artesan\u00eda tradicional con la funcionalidad moderna para un disfrute \u00fanico. Pimientos rellenos, rollos de col, pisto mediterr\u00e1neo, postres, pan fresco y mucho m\u00e1s: en esta pr\u00e1ctica sart\u00e9n de hierro fundido se puede preparar una gran variedad de platos. Gracias a este material especial, que requiere poca grasa para cocinar, y a la construcci\u00f3n \u00fanica de la sart\u00e9n, la comida es baja en calor\u00edas pero rica en nutrientes y desprende aromas atrayentes. La capa interior de esmalte negro mate intensifica el sabor de los alimentos, mientras que el hierro fundido garantiza una distribuci\u00f3n \u00f3ptima del calor. Tanto los cocineros profesionales como los aficionados encontrar\u00e1n en la olla de hierro fundido un ayudante duradero.<\/p>\n<p>&#8211; Pomo de la tapa de lat\u00f3n resistente al calor hasta 250\u00b0 C<br \/>\n&#8211; Apto para placas de inducci\u00f3n, gas, el\u00e9ctricas\/acero, vitrocer\u00e1mica y hornos<br \/>\n&#8211; Volumen: 8 L, Peso: 8,5 kg<br \/>\n&#8211; Dimensiones con tapa y asas (ancho x alto): 42,8 x 18 cm, di\u00e1metro: 37 cm, fondo: 28,6 cm<br \/>\n&#8211; Limpieza: con una esponja suave y un detergente suave<br \/>\n&#8211; No utilice detergentes corrosivos, polvo abrasivo o esponjas de acero. Secar bien<\/p>\n<p><strong>Caracter\u00edsticas<\/strong><br \/>\n&#8211; Resistencia al calor (\u00b0C): 240,00 \u00baC<br \/>\n&#8211; Material: hierro fundido<br \/>\n&#8211; Tapa existente: s\u00ed<br \/>\n&#8211; Inducci\u00f3n: S\u00ed<br \/>\n&#8211; Apto para horno: S\u00ed<br \/>\n&#8211; Apto para la parrilla: S\u00ed<br \/>\n&#8211; Apto para microondas: s\u00ed<br \/>\n&#8211; Apto para el congelador: s\u00ed<br \/>\n&#8211; Amigable con la afici\u00f3n: s\u00ed<br \/>\n&#8211; A prueba de utensilios met\u00e1licos: s\u00ed<br \/>\n&#8211; Apto para el lavavajillas: S\u00ed<\/p>\n<p><strong>Tama\u00f1o<\/strong><br \/>\n&#8211; Peso neto: 8,50 kg<br \/>\n&#8211; Capacidad: 8,00 l<br \/>\n&#8211; Longitud del producto: 42,80 cm<br \/>\n&#8211; Anchura del producto: 37,00 cm<br \/>\n&#8211; Altura del producto: 18,00 cm<br \/>\n&#8211; Altura sin tapa: 13,00 cm<br \/>\n&#8211; Di\u00e1metro superior: 37,00 cm<br \/>\n&#8211; Di\u00e1metro del fondo: 28,60 cm<\/p>\n","protected":false},"excerpt":{"rendered":"<p>La cocotte STAUB en un moderno color grafito combina la artesan\u00eda tradicional con la funcionalidad moderna para un disfrute \u00fanico.<\/p>\n","protected":false},"featured_media":120685,"template":"","meta":{"_acf_changed":false,"inline_featured_image":false},"product_cat":[16065,16058],"product_tag":[25090,16111,16211,16781,16158,16654,25023],"acf":[],"yoast_head":"<!-- This site is optimized with the Yoast SEO Premium plugin v18.6 (Yoast SEO v19.13) - https:\/\/yoast.com\/wordpress\/plugins\/seo\/ -->\n<title>STAUB Cocotte Ovalada 37 cm Gris Grafito - Erresse Shop<\/title>\n<meta name=\"description\" content=\"La cocotte STAUB en un moderno color grafito combina la artesan\u00eda tradicional con la funcionalidad moderna para un disfrute \u00fanico. Pimientos rellenos,\" \/>\n<meta name=\"robots\" content=\"index, follow, max-snippet:-1, max-image-preview:large, max-video-preview:-1\" \/>\n<link rel=\"canonical\" href=\"https:\/\/www.erresse-shop.it\/es\/shop\/sartenes-y-ollas\/marmitas-y-cocottes\/staub-cocotte-ovalada-37-cm-gris-grafito\/\" \/>\n<meta property=\"og:locale\" content=\"es_ES\" \/>\n<meta property=\"og:type\" content=\"article\" \/>\n<meta property=\"og:title\" content=\"STAUB Cocotte Ovalada 37 cm Gris Grafito\" \/>\n<meta property=\"og:description\" content=\"La cocotte STAUB en un moderno color grafito combina la artesan\u00eda tradicional con la funcionalidad moderna para un disfrute \u00fanico. Pimientos rellenos,\" \/>\n<meta property=\"og:url\" content=\"https:\/\/www.erresse-shop.it\/es\/shop\/sartenes-y-ollas\/marmitas-y-cocottes\/staub-cocotte-ovalada-37-cm-gris-grafito\/\" \/>\n<meta property=\"og:site_name\" content=\"Erresse Shop\" \/>\n<meta property=\"article:modified_time\" content=\"2024-07-05T13:54:28+00:00\" \/>\n<meta property=\"og:image\" content=\"https:\/\/www.erresse-shop.it\/wp-content\/uploads\/2015\/01\/products-ovagri.jpg\" \/>\n\t<meta property=\"og:image:width\" content=\"511\" \/>\n\t<meta property=\"og:image:height\" content=\"347\" \/>\n\t<meta property=\"og:image:type\" content=\"image\/jpeg\" \/>\n<meta name=\"twitter:card\" content=\"summary_large_image\" \/>\n<script type=\"application\/ld+json\" class=\"yoast-schema-graph\">{\"@context\":\"https:\/\/schema.org\",\"@graph\":[{\"@type\":\"WebPage\",\"@id\":\"https:\/\/www.erresse-shop.it\/es\/shop\/sartenes-y-ollas\/marmitas-y-cocottes\/staub-cocotte-ovalada-37-cm-gris-grafito\/\",\"url\":\"https:\/\/www.erresse-shop.it\/es\/shop\/sartenes-y-ollas\/marmitas-y-cocottes\/staub-cocotte-ovalada-37-cm-gris-grafito\/\",\"name\":\"STAUB Cocotte Ovalada 37 cm Gris Grafito - Erresse Shop\",\"isPartOf\":{\"@id\":\"https:\/\/www.erresse-shop.it\/es\/#website\"},\"datePublished\":\"2021-05-31T08:53:01+00:00\",\"dateModified\":\"2024-07-05T13:54:28+00:00\",\"description\":\"La cocotte STAUB en un moderno color grafito combina la artesan\u00eda tradicional con la funcionalidad moderna para un disfrute \u00fanico. Pimientos rellenos,\",\"breadcrumb\":{\"@id\":\"https:\/\/www.erresse-shop.it\/es\/shop\/sartenes-y-ollas\/marmitas-y-cocottes\/staub-cocotte-ovalada-37-cm-gris-grafito\/#breadcrumb\"},\"inLanguage\":\"es\",\"potentialAction\":[{\"@type\":\"ReadAction\",\"target\":[\"https:\/\/www.erresse-shop.it\/es\/shop\/sartenes-y-ollas\/marmitas-y-cocottes\/staub-cocotte-ovalada-37-cm-gris-grafito\/\"]}]},{\"@type\":\"BreadcrumbList\",\"@id\":\"https:\/\/www.erresse-shop.it\/es\/shop\/sartenes-y-ollas\/marmitas-y-cocottes\/staub-cocotte-ovalada-37-cm-gris-grafito\/#breadcrumb\",\"itemListElement\":[{\"@type\":\"ListItem\",\"position\":1,\"name\":\"Home\",\"item\":\"https:\/\/www.erresse-shop.it\/es\/\"},{\"@type\":\"ListItem\",\"position\":2,\"name\":\"Shop\",\"item\":\"https:\/\/www.erresse-shop.it\/es\/shop\/\"},{\"@type\":\"ListItem\",\"position\":3,\"name\":\"STAUB Cocotte Ovalada 37 cm Gris Grafito\"}]},{\"@type\":\"WebSite\",\"@id\":\"https:\/\/www.erresse-shop.it\/es\/#website\",\"url\":\"https:\/\/www.erresse-shop.it\/es\/\",\"name\":\"Erresse Shop\",\"description\":\"Articoli di qualit\u00e0 per la casa\",\"potentialAction\":[{\"@type\":\"SearchAction\",\"target\":{\"@type\":\"EntryPoint\",\"urlTemplate\":\"https:\/\/www.erresse-shop.it\/es\/?s={search_term_string}\"},\"query-input\":\"required name=search_term_string\"}],\"inLanguage\":\"es\"}]}<\/script>\n<!-- \/ Yoast SEO Premium plugin. -->","yoast_head_json":{"title":"STAUB Cocotte Ovalada 37 cm Gris Grafito - Erresse Shop","description":"La cocotte STAUB en un moderno color grafito combina la artesan\u00eda tradicional con la funcionalidad moderna para un disfrute \u00fanico. Pimientos rellenos,","robots":{"index":"index","follow":"follow","max-snippet":"max-snippet:-1","max-image-preview":"max-image-preview:large","max-video-preview":"max-video-preview:-1"},"canonical":"https:\/\/www.erresse-shop.it\/es\/shop\/sartenes-y-ollas\/marmitas-y-cocottes\/staub-cocotte-ovalada-37-cm-gris-grafito\/","og_locale":"es_ES","og_type":"article","og_title":"STAUB Cocotte Ovalada 37 cm Gris Grafito","og_description":"La cocotte STAUB en un moderno color grafito combina la artesan\u00eda tradicional con la funcionalidad moderna para un disfrute \u00fanico. Pimientos rellenos,","og_url":"https:\/\/www.erresse-shop.it\/es\/shop\/sartenes-y-ollas\/marmitas-y-cocottes\/staub-cocotte-ovalada-37-cm-gris-grafito\/","og_site_name":"Erresse Shop","article_modified_time":"2024-07-05T13:54:28+00:00","og_image":[{"width":511,"height":347,"url":"https:\/\/www.erresse-shop.it\/wp-content\/uploads\/2015\/01\/products-ovagri.jpg","type":"image\/jpeg"}],"twitter_card":"summary_large_image","schema":{"@context":"https:\/\/schema.org","@graph":[{"@type":"WebPage","@id":"https:\/\/www.erresse-shop.it\/es\/shop\/sartenes-y-ollas\/marmitas-y-cocottes\/staub-cocotte-ovalada-37-cm-gris-grafito\/","url":"https:\/\/www.erresse-shop.it\/es\/shop\/sartenes-y-ollas\/marmitas-y-cocottes\/staub-cocotte-ovalada-37-cm-gris-grafito\/","name":"STAUB Cocotte Ovalada 37 cm Gris Grafito - Erresse Shop","isPartOf":{"@id":"https:\/\/www.erresse-shop.it\/es\/#website"},"datePublished":"2021-05-31T08:53:01+00:00","dateModified":"2024-07-05T13:54:28+00:00","description":"La cocotte STAUB en un moderno color grafito combina la artesan\u00eda tradicional con la funcionalidad moderna para un disfrute \u00fanico. Pimientos rellenos,","breadcrumb":{"@id":"https:\/\/www.erresse-shop.it\/es\/shop\/sartenes-y-ollas\/marmitas-y-cocottes\/staub-cocotte-ovalada-37-cm-gris-grafito\/#breadcrumb"},"inLanguage":"es","potentialAction":[{"@type":"ReadAction","target":["https:\/\/www.erresse-shop.it\/es\/shop\/sartenes-y-ollas\/marmitas-y-cocottes\/staub-cocotte-ovalada-37-cm-gris-grafito\/"]}]},{"@type":"BreadcrumbList","@id":"https:\/\/www.erresse-shop.it\/es\/shop\/sartenes-y-ollas\/marmitas-y-cocottes\/staub-cocotte-ovalada-37-cm-gris-grafito\/#breadcrumb","itemListElement":[{"@type":"ListItem","position":1,"name":"Home","item":"https:\/\/www.erresse-shop.it\/es\/"},{"@type":"ListItem","position":2,"name":"Shop","item":"https:\/\/www.erresse-shop.it\/es\/shop\/"},{"@type":"ListItem","position":3,"name":"STAUB Cocotte Ovalada 37 cm Gris Grafito"}]},{"@type":"WebSite","@id":"https:\/\/www.erresse-shop.it\/es\/#website","url":"https:\/\/www.erresse-shop.it\/es\/","name":"Erresse Shop","description":"Articoli di qualit\u00e0 per la casa","potentialAction":[{"@type":"SearchAction","target":{"@type":"EntryPoint","urlTemplate":"https:\/\/www.erresse-shop.it\/es\/?s={search_term_string}"},"query-input":"required name=search_term_string"}],"inLanguage":"es"}]}},"df_price":199.5,"df_sale_price":199.5,"df_regular_price":399,"df_image_link":"https:\/\/www.erresse-shop.it\/wp-content\/uploads\/2015\/01\/products-ovagri-300x204.jpg","_links":{"self":[{"href":"https:\/\/www.erresse-shop.it\/es\/wp-json\/wp\/v2\/product\/120940"}],"collection":[{"href":"https:\/\/www.erresse-shop.it\/es\/wp-json\/wp\/v2\/product"}],"about":[{"href":"https:\/\/www.erresse-shop.it\/es\/wp-json\/wp\/v2\/types\/product"}],"wp:featuredmedia":[{"embeddable":true,"href":"https:\/\/www.erresse-shop.it\/es\/wp-json\/wp\/v2\/media\/120685"}],"wp:attachment":[{"href":"https:\/\/www.erresse-shop.it\/es\/wp-json\/wp\/v2\/media?parent=120940"}],"wp:term":[{"taxonomy":"product_cat","embeddable":true,"href":"https:\/\/www.erresse-shop.it\/es\/wp-json\/wp\/v2\/product_cat?post=120940"},{"taxonomy":"product_tag","embeddable":true,"href":"https:\/\/www.erresse-shop.it\/es\/wp-json\/wp\/v2\/product_tag?post=120940"}],"curies":[{"name":"wp","href":"https:\/\/api.w.org\/{rel}","templated":true}]}}