{"id":120925,"date":"2020-09-01T10:24:44","date_gmt":"2020-09-01T10:24:44","guid":{"rendered":"https:\/\/www.erresse-shop.it\/shop\/sin%20categor\u00eda\/staub-cocotte-ovalada-31-cm-verde-basilea-2\/"},"modified":"2021-12-22T16:09:40","modified_gmt":"2021-12-22T16:09:40","slug":"staub-cocotte-ovalada-31-cm-verde-basilea-2","status":"publish","type":"product","link":"https:\/\/www.erresse-shop.it\/es\/shop\/sartenes-y-ollas\/marmitas-y-cocottes\/staub-cocotte-ovalada-31-cm-verde-basilea-2\/","title":{"rendered":"STAUB Cocotte Ovalada 31 cm Verde Basilea"},"content":{"rendered":"<p>La cocotte ovalada de color verde albahaca combina la tecnolog\u00eda innovadora con la resistencia tradicional. Esta olla de hierro fundido de la gama La cocotte de Staub tiene un revestimiento de esmalte para conservar perfectamente el calor. El hierro fundido esmaltado tambi\u00e9n garantiza una perfecta transferencia de calor. La cocotte es apta para cocinas de gas, el\u00e9ctricas y de inducci\u00f3n. Con un di\u00e1metro de 31 cm, la cocotte tiene una capacidad de 5,5 litros. El robusto material de la base de hierro fundido con esmalte de alta calidad tambi\u00e9n mantiene los alimentos a bajas temperaturas, por lo que la sart\u00e9n puede guardarse en el frigor\u00edfico. Adem\u00e1s, las propiedades culinarias del esmalte mejoran con el uso. Las propiedades especiales de la cocotte le ayudar\u00e1n en la preparaci\u00f3n lenta y suave de platos de carne, pescado y verduras. Adem\u00e1s de su elaboraci\u00f3n funcional y duradera, la forma impresiona por su aspecto tradicional, complementado por un pomo plateado brillante en la tapa. El interior esmaltado en negro mate de la maceta es vers\u00e1til y f\u00e1cil de cuidar. La facilidad de uso hace que estos utensilios de cocina sean adecuados tanto para los principiantes como para los cocineros experimentados. Con esta cocotte podr\u00e1 cocinar lentamente recetas que conservan los sabores naturales e intensos de los ingredientes.<\/p>\n<p>&#8211; Ideal para sellar y cocinar lentamente asados y pollos enteros<br \/>\n&#8211; Para un resultado de cocci\u00f3n jugoso y tierno gracias a la tapa<br \/>\n&#8211; El esmalte interior negro mate es ideal para un dorado especialmente crujiente y es muy duradero<br \/>\n&#8211; Apto para todo tipo de cocinas, incluida la de inducci\u00f3n, tambi\u00e9n puede utilizarse en el horno\/parrilla<\/p>\n<p><strong>Caracter\u00edsticas<\/strong><br \/>\n&#8211; Resistencia al calor (\u00b0C): 240,00 \u00baC<br \/>\n&#8211; Material: hierro fundido<br \/>\n&#8211; Tapa existente: s\u00ed<br \/>\n&#8211; Inducci\u00f3n: S\u00ed<br \/>\n&#8211; Apto para el horno: S\u00ed<br \/>\n&#8211; Apto para el congelador: S\u00ed<br \/>\n&#8211; Apto para la cocina: s\u00ed<br \/>\n&#8211; Apto para el lavavajillas: s\u00ed<\/p>\n<p><strong>Tama\u00f1o<\/strong><br \/>\n&#8211; Peso neto: 5,98 kg<br \/>\n&#8211; Capacidad: 5,50 l<br \/>\n&#8211; Longitud del producto: 37,50 cm<br \/>\n&#8211; Anchura del producto: 31,00 cm<br \/>\n&#8211; Altura del producto: 16,70 cm<br \/>\n&#8211; Altura sin tapa: 11,80 cm<br \/>\n&#8211; Di\u00e1metro superior: 31,00 cm<br \/>\n&#8211; Di\u00e1metro del fondo: 25,00 cm<\/p>\n","protected":false},"excerpt":{"rendered":"<p>La cocotte ovalada de color verde albahaca combina la tecnolog\u00eda innovadora con la resistencia tradicional. Esta olla de hierro fundido<\/p>\n","protected":false},"featured_media":120926,"template":"","meta":{"_acf_changed":false,"inline_featured_image":false},"product_cat":[16065,16058],"product_tag":[25090,16111,16781,16158,16654,25023],"acf":[],"yoast_head":"<!-- This site is optimized with the Yoast SEO Premium plugin v18.6 (Yoast SEO v19.13) - https:\/\/yoast.com\/wordpress\/plugins\/seo\/ -->\n<title>STAUB Cocotte Ovalada 31 cm Verde Basilea - Erresse Shop<\/title>\n<meta name=\"description\" content=\"La cocotte ovalada de color verde albahaca combina la tecnolog\u00eda innovadora con la resistencia tradicional. Esta olla de hierro fundido de la gama La\" \/>\n<meta name=\"robots\" content=\"index, follow, max-snippet:-1, max-image-preview:large, max-video-preview:-1\" \/>\n<link rel=\"canonical\" href=\"https:\/\/www.erresse-shop.it\/es\/shop\/sartenes-y-ollas\/marmitas-y-cocottes\/staub-cocotte-ovalada-31-cm-verde-basilea-2\/\" \/>\n<meta property=\"og:locale\" content=\"es_ES\" \/>\n<meta property=\"og:type\" content=\"article\" \/>\n<meta property=\"og:title\" content=\"STAUB Cocotte Ovalada 31 cm Verde Basilea\" \/>\n<meta property=\"og:description\" content=\"La cocotte ovalada de color verde albahaca combina la tecnolog\u00eda innovadora con la resistencia tradicional. Esta olla de hierro fundido de la gama La\" \/>\n<meta property=\"og:url\" content=\"https:\/\/www.erresse-shop.it\/es\/shop\/sartenes-y-ollas\/marmitas-y-cocottes\/staub-cocotte-ovalada-31-cm-verde-basilea-2\/\" \/>\n<meta property=\"og:site_name\" content=\"Erresse Shop\" \/>\n<meta property=\"article:modified_time\" content=\"2021-12-22T16:09:40+00:00\" \/>\n<meta property=\"og:image\" content=\"https:\/\/www.erresse-shop.it\/wp-content\/uploads\/2020\/09\/40509-365_1.jpg\" \/>\n\t<meta property=\"og:image:width\" content=\"1350\" \/>\n\t<meta property=\"og:image:height\" content=\"1350\" \/>\n\t<meta property=\"og:image:type\" content=\"image\/jpeg\" \/>\n<meta name=\"twitter:card\" content=\"summary_large_image\" \/>\n<script type=\"application\/ld+json\" class=\"yoast-schema-graph\">{\"@context\":\"https:\/\/schema.org\",\"@graph\":[{\"@type\":\"WebPage\",\"@id\":\"https:\/\/www.erresse-shop.it\/es\/shop\/sartenes-y-ollas\/marmitas-y-cocottes\/staub-cocotte-ovalada-31-cm-verde-basilea-2\/\",\"url\":\"https:\/\/www.erresse-shop.it\/es\/shop\/sartenes-y-ollas\/marmitas-y-cocottes\/staub-cocotte-ovalada-31-cm-verde-basilea-2\/\",\"name\":\"STAUB Cocotte Ovalada 31 cm Verde Basilea - Erresse Shop\",\"isPartOf\":{\"@id\":\"https:\/\/www.erresse-shop.it\/es\/#website\"},\"datePublished\":\"2020-09-01T10:24:44+00:00\",\"dateModified\":\"2021-12-22T16:09:40+00:00\",\"description\":\"La cocotte ovalada de color verde albahaca combina la tecnolog\u00eda innovadora con la resistencia tradicional. Esta olla de hierro fundido de la gama La\",\"breadcrumb\":{\"@id\":\"https:\/\/www.erresse-shop.it\/es\/shop\/sartenes-y-ollas\/marmitas-y-cocottes\/staub-cocotte-ovalada-31-cm-verde-basilea-2\/#breadcrumb\"},\"inLanguage\":\"es\",\"potentialAction\":[{\"@type\":\"ReadAction\",\"target\":[\"https:\/\/www.erresse-shop.it\/es\/shop\/sartenes-y-ollas\/marmitas-y-cocottes\/staub-cocotte-ovalada-31-cm-verde-basilea-2\/\"]}]},{\"@type\":\"BreadcrumbList\",\"@id\":\"https:\/\/www.erresse-shop.it\/es\/shop\/sartenes-y-ollas\/marmitas-y-cocottes\/staub-cocotte-ovalada-31-cm-verde-basilea-2\/#breadcrumb\",\"itemListElement\":[{\"@type\":\"ListItem\",\"position\":1,\"name\":\"Home\",\"item\":\"https:\/\/www.erresse-shop.it\/es\/\"},{\"@type\":\"ListItem\",\"position\":2,\"name\":\"Shop\",\"item\":\"https:\/\/www.erresse-shop.it\/es\/shop\/\"},{\"@type\":\"ListItem\",\"position\":3,\"name\":\"STAUB Cocotte Ovalada 31 cm Verde Basilea\"}]},{\"@type\":\"WebSite\",\"@id\":\"https:\/\/www.erresse-shop.it\/es\/#website\",\"url\":\"https:\/\/www.erresse-shop.it\/es\/\",\"name\":\"Erresse Shop\",\"description\":\"Articoli di qualit\u00e0 per la casa\",\"potentialAction\":[{\"@type\":\"SearchAction\",\"target\":{\"@type\":\"EntryPoint\",\"urlTemplate\":\"https:\/\/www.erresse-shop.it\/es\/?s={search_term_string}\"},\"query-input\":\"required name=search_term_string\"}],\"inLanguage\":\"es\"}]}<\/script>\n<!-- \/ Yoast SEO Premium plugin. -->","yoast_head_json":{"title":"STAUB Cocotte Ovalada 31 cm Verde Basilea - Erresse Shop","description":"La cocotte ovalada de color verde albahaca combina la tecnolog\u00eda innovadora con la resistencia tradicional. Esta olla de hierro fundido de la gama La","robots":{"index":"index","follow":"follow","max-snippet":"max-snippet:-1","max-image-preview":"max-image-preview:large","max-video-preview":"max-video-preview:-1"},"canonical":"https:\/\/www.erresse-shop.it\/es\/shop\/sartenes-y-ollas\/marmitas-y-cocottes\/staub-cocotte-ovalada-31-cm-verde-basilea-2\/","og_locale":"es_ES","og_type":"article","og_title":"STAUB Cocotte Ovalada 31 cm Verde Basilea","og_description":"La cocotte ovalada de color verde albahaca combina la tecnolog\u00eda innovadora con la resistencia tradicional. Esta olla de hierro fundido de la gama La","og_url":"https:\/\/www.erresse-shop.it\/es\/shop\/sartenes-y-ollas\/marmitas-y-cocottes\/staub-cocotte-ovalada-31-cm-verde-basilea-2\/","og_site_name":"Erresse Shop","article_modified_time":"2021-12-22T16:09:40+00:00","og_image":[{"width":1350,"height":1350,"url":"https:\/\/www.erresse-shop.it\/wp-content\/uploads\/2020\/09\/40509-365_1.jpg","type":"image\/jpeg"}],"twitter_card":"summary_large_image","schema":{"@context":"https:\/\/schema.org","@graph":[{"@type":"WebPage","@id":"https:\/\/www.erresse-shop.it\/es\/shop\/sartenes-y-ollas\/marmitas-y-cocottes\/staub-cocotte-ovalada-31-cm-verde-basilea-2\/","url":"https:\/\/www.erresse-shop.it\/es\/shop\/sartenes-y-ollas\/marmitas-y-cocottes\/staub-cocotte-ovalada-31-cm-verde-basilea-2\/","name":"STAUB Cocotte Ovalada 31 cm Verde Basilea - Erresse Shop","isPartOf":{"@id":"https:\/\/www.erresse-shop.it\/es\/#website"},"datePublished":"2020-09-01T10:24:44+00:00","dateModified":"2021-12-22T16:09:40+00:00","description":"La cocotte ovalada de color verde albahaca combina la tecnolog\u00eda innovadora con la resistencia tradicional. Esta olla de hierro fundido de la gama La","breadcrumb":{"@id":"https:\/\/www.erresse-shop.it\/es\/shop\/sartenes-y-ollas\/marmitas-y-cocottes\/staub-cocotte-ovalada-31-cm-verde-basilea-2\/#breadcrumb"},"inLanguage":"es","potentialAction":[{"@type":"ReadAction","target":["https:\/\/www.erresse-shop.it\/es\/shop\/sartenes-y-ollas\/marmitas-y-cocottes\/staub-cocotte-ovalada-31-cm-verde-basilea-2\/"]}]},{"@type":"BreadcrumbList","@id":"https:\/\/www.erresse-shop.it\/es\/shop\/sartenes-y-ollas\/marmitas-y-cocottes\/staub-cocotte-ovalada-31-cm-verde-basilea-2\/#breadcrumb","itemListElement":[{"@type":"ListItem","position":1,"name":"Home","item":"https:\/\/www.erresse-shop.it\/es\/"},{"@type":"ListItem","position":2,"name":"Shop","item":"https:\/\/www.erresse-shop.it\/es\/shop\/"},{"@type":"ListItem","position":3,"name":"STAUB Cocotte Ovalada 31 cm Verde Basilea"}]},{"@type":"WebSite","@id":"https:\/\/www.erresse-shop.it\/es\/#website","url":"https:\/\/www.erresse-shop.it\/es\/","name":"Erresse Shop","description":"Articoli di qualit\u00e0 per la casa","potentialAction":[{"@type":"SearchAction","target":{"@type":"EntryPoint","urlTemplate":"https:\/\/www.erresse-shop.it\/es\/?s={search_term_string}"},"query-input":"required name=search_term_string"}],"inLanguage":"es"}]}},"df_price":179.5,"df_sale_price":179.5,"df_regular_price":359,"df_image_link":"https:\/\/www.erresse-shop.it\/wp-content\/uploads\/2020\/09\/40509-365_1-300x300.jpg","_links":{"self":[{"href":"https:\/\/www.erresse-shop.it\/es\/wp-json\/wp\/v2\/product\/120925"}],"collection":[{"href":"https:\/\/www.erresse-shop.it\/es\/wp-json\/wp\/v2\/product"}],"about":[{"href":"https:\/\/www.erresse-shop.it\/es\/wp-json\/wp\/v2\/types\/product"}],"wp:featuredmedia":[{"embeddable":true,"href":"https:\/\/www.erresse-shop.it\/es\/wp-json\/wp\/v2\/media\/120926"}],"wp:attachment":[{"href":"https:\/\/www.erresse-shop.it\/es\/wp-json\/wp\/v2\/media?parent=120925"}],"wp:term":[{"taxonomy":"product_cat","embeddable":true,"href":"https:\/\/www.erresse-shop.it\/es\/wp-json\/wp\/v2\/product_cat?post=120925"},{"taxonomy":"product_tag","embeddable":true,"href":"https:\/\/www.erresse-shop.it\/es\/wp-json\/wp\/v2\/product_tag?post=120925"}],"curies":[{"name":"wp","href":"https:\/\/api.w.org\/{rel}","templated":true}]}}