{"id":120885,"date":"2020-09-01T09:24:20","date_gmt":"2020-09-01T09:24:20","guid":{"rendered":"https:\/\/www.erresse-shop.it\/shop\/sin%20categor\u00eda\/staub-sarten-24-cm-gris-grafito\/"},"modified":"2024-04-02T00:03:55","modified_gmt":"2024-04-02T00:03:55","slug":"staub-sarten-24-cm-gris-grafito","status":"publish","type":"product","link":"https:\/\/www.erresse-shop.it\/es\/shop\/sartenes-y-ollas\/cazuelas\/staub-sarten-24-cm-gris-grafito\/","title":{"rendered":"STAUB Sart\u00e9n 24 cm Gris Grafito"},"content":{"rendered":"<p>El secreto de los platos excepcionales reside en los sabores de un asado cocinado suavemente, y esta sart\u00e9n es tan indispensable para los cocineros caseros como para los profesionales. La sart\u00e9n multifuncional de Staub con su tapa &#8216;Chistera&#8217; produce un asado delicado. Su dise\u00f1o recuerda al juego de pelota vasca con la canasta (ch\u00ecstera). Esta estructura produce una humidificaci\u00f3n continua y homog\u00e9nea de los alimentos a trav\u00e9s de la condensaci\u00f3n que se forma durante la cocci\u00f3n. Quienes conocen los productos Staub ya han experimentado este sistema de humidificaci\u00f3n con las tapas planas de las cacerolas Cocotte. Gracias al dise\u00f1o &#8220;Chistera&#8221; de la tapa redondeada de esta sart\u00e9n multiusos, los alimentos se mantienen h\u00famedos. La sart\u00e9n redonda de la gama de sartenes tiene un di\u00e1metro de 24 cm (31,7 cm incluyendo las asas) y la tapa abovedada tiene una altura de 11,6 cm. Su capacidad es de 2,4 litros. En esta sart\u00e9n de hierro fundido multifuncional se pueden preparar suavemente muchos platos saludables. Las verduras crujientes, la carne tierna y muchos otros guisos pueden servirse con estilo en esta sart\u00e9n gris grafito. Con la sart\u00e9n multifuncional Staub, tiene la ventaja de preparar delicias culinarias y servirlas con estilo con una funci\u00f3n innovadora.<\/p>\n<p>&#8211; Ideal para sellar y cocinar a fuego lento carne, pescado o verduras<br \/>\n&#8211; Para un resultado de cocci\u00f3n jugoso y tierno gracias a la tapa<br \/>\n&#8211; El esmaltado interior negro mate es ideal para un braseado especialmente crujiente y es muy duradero<br \/>\n&#8211; Apto para todo tipo de placas, incluida la de inducci\u00f3n, tambi\u00e9n puede colocarse en el horno\/parrilla<\/p>\n<p><strong>Caracter\u00edsticas<\/strong><br \/>\n&#8211; Resistencia al calor (\u00b0C): 240,00 \u00baC<br \/>\n&#8211; Resistencia al fr\u00edo: -20,00 \u00baC<br \/>\n&#8211; Material: hierro fundido<br \/>\n&#8211; Tipo de asa: asa lateral<br \/>\n&#8211; Tapa existente: s\u00ed<br \/>\n&#8211; Inducci\u00f3n: S\u00ed<br \/>\n&#8211; Apto para el horno: S\u00ed<br \/>\n&#8211; Apto para el congelador: s\u00ed<br \/>\n&#8211; Apto para la cocina: s\u00ed<br \/>\n&#8211; Apto para el lavavajillas: s\u00ed<\/p>\n<p><strong>Tama\u00f1o<\/strong><br \/>\n&#8211; Peso neto: 4,24 kg<br \/>\n&#8211; Capacidad: 2,40 l<br \/>\n&#8211; Longitud del producto: 31,70 cm<br \/>\n&#8211; Anchura del producto: 24,00 cm<br \/>\n&#8211; Altura del producto: 11,60 cm<br \/>\n&#8211; Altura sin tapa: 7,00 cm<br \/>\n&#8211; Di\u00e1metro superior: 24,00 cm<br \/>\n&#8211; Di\u00e1metro del fondo: 18,50 cm<br \/>\n&#8211; Longitud del mango: 4,00 cm<\/p>\n","protected":false},"excerpt":{"rendered":"<p>El secreto de los platos excepcionales reside en los sabores de un asado cocinado suavemente, y esta sart\u00e9n es tan<\/p>\n","protected":false},"featured_media":120886,"template":"","meta":{"_acf_changed":false,"inline_featured_image":false},"product_cat":[16072,16058],"product_tag":[25090,16137,23662,24399,16158,16654,16307,16168,25023],"acf":[],"yoast_head":"<!-- This site is optimized with the Yoast SEO Premium plugin v18.6 (Yoast SEO v19.13) - https:\/\/yoast.com\/wordpress\/plugins\/seo\/ -->\n<title>STAUB Sart\u00e9n 24 cm Gris Grafito - Erresse Shop<\/title>\n<meta name=\"description\" content=\"El secreto de los platos excepcionales reside en los sabores de un asado cocinado suavemente, y esta sart\u00e9n es tan indispensable para los cocineros\" \/>\n<meta name=\"robots\" content=\"index, follow, max-snippet:-1, max-image-preview:large, max-video-preview:-1\" \/>\n<link rel=\"canonical\" href=\"https:\/\/www.erresse-shop.it\/es\/shop\/sartenes-y-ollas\/cazuelas\/staub-sarten-24-cm-gris-grafito\/\" \/>\n<meta property=\"og:locale\" content=\"es_ES\" \/>\n<meta property=\"og:type\" content=\"article\" \/>\n<meta property=\"og:title\" content=\"STAUB Sart\u00e9n 24 cm Gris Grafito\" \/>\n<meta property=\"og:description\" content=\"El secreto de los platos excepcionales reside en los sabores de un asado cocinado suavemente, y esta sart\u00e9n es tan indispensable para los cocineros\" \/>\n<meta property=\"og:url\" content=\"https:\/\/www.erresse-shop.it\/es\/shop\/sartenes-y-ollas\/cazuelas\/staub-sarten-24-cm-gris-grafito\/\" \/>\n<meta property=\"og:site_name\" content=\"Erresse Shop\" \/>\n<meta property=\"article:modified_time\" content=\"2024-04-02T00:03:55+00:00\" \/>\n<meta property=\"og:image\" content=\"https:\/\/www.erresse-shop.it\/wp-content\/uploads\/2020\/09\/tegame-grigio-40511-471-0_1.jpg\" \/>\n\t<meta property=\"og:image:width\" content=\"1350\" \/>\n\t<meta property=\"og:image:height\" content=\"1350\" \/>\n\t<meta property=\"og:image:type\" content=\"image\/jpeg\" \/>\n<meta name=\"twitter:card\" content=\"summary_large_image\" \/>\n<script type=\"application\/ld+json\" class=\"yoast-schema-graph\">{\"@context\":\"https:\/\/schema.org\",\"@graph\":[{\"@type\":\"WebPage\",\"@id\":\"https:\/\/www.erresse-shop.it\/es\/shop\/sartenes-y-ollas\/cazuelas\/staub-sarten-24-cm-gris-grafito\/\",\"url\":\"https:\/\/www.erresse-shop.it\/es\/shop\/sartenes-y-ollas\/cazuelas\/staub-sarten-24-cm-gris-grafito\/\",\"name\":\"STAUB Sart\u00e9n 24 cm Gris Grafito - Erresse Shop\",\"isPartOf\":{\"@id\":\"https:\/\/www.erresse-shop.it\/es\/#website\"},\"datePublished\":\"2020-09-01T09:24:20+00:00\",\"dateModified\":\"2024-04-02T00:03:55+00:00\",\"description\":\"El secreto de los platos excepcionales reside en los sabores de un asado cocinado suavemente, y esta sart\u00e9n es tan indispensable para los cocineros\",\"breadcrumb\":{\"@id\":\"https:\/\/www.erresse-shop.it\/es\/shop\/sartenes-y-ollas\/cazuelas\/staub-sarten-24-cm-gris-grafito\/#breadcrumb\"},\"inLanguage\":\"es\",\"potentialAction\":[{\"@type\":\"ReadAction\",\"target\":[\"https:\/\/www.erresse-shop.it\/es\/shop\/sartenes-y-ollas\/cazuelas\/staub-sarten-24-cm-gris-grafito\/\"]}]},{\"@type\":\"BreadcrumbList\",\"@id\":\"https:\/\/www.erresse-shop.it\/es\/shop\/sartenes-y-ollas\/cazuelas\/staub-sarten-24-cm-gris-grafito\/#breadcrumb\",\"itemListElement\":[{\"@type\":\"ListItem\",\"position\":1,\"name\":\"Home\",\"item\":\"https:\/\/www.erresse-shop.it\/es\/\"},{\"@type\":\"ListItem\",\"position\":2,\"name\":\"Shop\",\"item\":\"https:\/\/www.erresse-shop.it\/es\/shop\/\"},{\"@type\":\"ListItem\",\"position\":3,\"name\":\"STAUB Sart\u00e9n 24 cm Gris Grafito\"}]},{\"@type\":\"WebSite\",\"@id\":\"https:\/\/www.erresse-shop.it\/es\/#website\",\"url\":\"https:\/\/www.erresse-shop.it\/es\/\",\"name\":\"Erresse Shop\",\"description\":\"Articoli di qualit\u00e0 per la casa\",\"potentialAction\":[{\"@type\":\"SearchAction\",\"target\":{\"@type\":\"EntryPoint\",\"urlTemplate\":\"https:\/\/www.erresse-shop.it\/es\/?s={search_term_string}\"},\"query-input\":\"required name=search_term_string\"}],\"inLanguage\":\"es\"}]}<\/script>\n<!-- \/ Yoast SEO Premium plugin. -->","yoast_head_json":{"title":"STAUB Sart\u00e9n 24 cm Gris Grafito - Erresse Shop","description":"El secreto de los platos excepcionales reside en los sabores de un asado cocinado suavemente, y esta sart\u00e9n es tan indispensable para los cocineros","robots":{"index":"index","follow":"follow","max-snippet":"max-snippet:-1","max-image-preview":"max-image-preview:large","max-video-preview":"max-video-preview:-1"},"canonical":"https:\/\/www.erresse-shop.it\/es\/shop\/sartenes-y-ollas\/cazuelas\/staub-sarten-24-cm-gris-grafito\/","og_locale":"es_ES","og_type":"article","og_title":"STAUB Sart\u00e9n 24 cm Gris Grafito","og_description":"El secreto de los platos excepcionales reside en los sabores de un asado cocinado suavemente, y esta sart\u00e9n es tan indispensable para los cocineros","og_url":"https:\/\/www.erresse-shop.it\/es\/shop\/sartenes-y-ollas\/cazuelas\/staub-sarten-24-cm-gris-grafito\/","og_site_name":"Erresse Shop","article_modified_time":"2024-04-02T00:03:55+00:00","og_image":[{"width":1350,"height":1350,"url":"https:\/\/www.erresse-shop.it\/wp-content\/uploads\/2020\/09\/tegame-grigio-40511-471-0_1.jpg","type":"image\/jpeg"}],"twitter_card":"summary_large_image","schema":{"@context":"https:\/\/schema.org","@graph":[{"@type":"WebPage","@id":"https:\/\/www.erresse-shop.it\/es\/shop\/sartenes-y-ollas\/cazuelas\/staub-sarten-24-cm-gris-grafito\/","url":"https:\/\/www.erresse-shop.it\/es\/shop\/sartenes-y-ollas\/cazuelas\/staub-sarten-24-cm-gris-grafito\/","name":"STAUB Sart\u00e9n 24 cm Gris Grafito - Erresse Shop","isPartOf":{"@id":"https:\/\/www.erresse-shop.it\/es\/#website"},"datePublished":"2020-09-01T09:24:20+00:00","dateModified":"2024-04-02T00:03:55+00:00","description":"El secreto de los platos excepcionales reside en los sabores de un asado cocinado suavemente, y esta sart\u00e9n es tan indispensable para los cocineros","breadcrumb":{"@id":"https:\/\/www.erresse-shop.it\/es\/shop\/sartenes-y-ollas\/cazuelas\/staub-sarten-24-cm-gris-grafito\/#breadcrumb"},"inLanguage":"es","potentialAction":[{"@type":"ReadAction","target":["https:\/\/www.erresse-shop.it\/es\/shop\/sartenes-y-ollas\/cazuelas\/staub-sarten-24-cm-gris-grafito\/"]}]},{"@type":"BreadcrumbList","@id":"https:\/\/www.erresse-shop.it\/es\/shop\/sartenes-y-ollas\/cazuelas\/staub-sarten-24-cm-gris-grafito\/#breadcrumb","itemListElement":[{"@type":"ListItem","position":1,"name":"Home","item":"https:\/\/www.erresse-shop.it\/es\/"},{"@type":"ListItem","position":2,"name":"Shop","item":"https:\/\/www.erresse-shop.it\/es\/shop\/"},{"@type":"ListItem","position":3,"name":"STAUB Sart\u00e9n 24 cm Gris Grafito"}]},{"@type":"WebSite","@id":"https:\/\/www.erresse-shop.it\/es\/#website","url":"https:\/\/www.erresse-shop.it\/es\/","name":"Erresse Shop","description":"Articoli di qualit\u00e0 per la casa","potentialAction":[{"@type":"SearchAction","target":{"@type":"EntryPoint","urlTemplate":"https:\/\/www.erresse-shop.it\/es\/?s={search_term_string}"},"query-input":"required name=search_term_string"}],"inLanguage":"es"}]}},"df_price":109.5,"df_sale_price":109.5,"df_regular_price":219,"df_image_link":"https:\/\/www.erresse-shop.it\/wp-content\/uploads\/2020\/09\/tegame-grigio-40511-471-0_1-300x300.jpg","_links":{"self":[{"href":"https:\/\/www.erresse-shop.it\/es\/wp-json\/wp\/v2\/product\/120885"}],"collection":[{"href":"https:\/\/www.erresse-shop.it\/es\/wp-json\/wp\/v2\/product"}],"about":[{"href":"https:\/\/www.erresse-shop.it\/es\/wp-json\/wp\/v2\/types\/product"}],"wp:featuredmedia":[{"embeddable":true,"href":"https:\/\/www.erresse-shop.it\/es\/wp-json\/wp\/v2\/media\/120886"}],"wp:attachment":[{"href":"https:\/\/www.erresse-shop.it\/es\/wp-json\/wp\/v2\/media?parent=120885"}],"wp:term":[{"taxonomy":"product_cat","embeddable":true,"href":"https:\/\/www.erresse-shop.it\/es\/wp-json\/wp\/v2\/product_cat?post=120885"},{"taxonomy":"product_tag","embeddable":true,"href":"https:\/\/www.erresse-shop.it\/es\/wp-json\/wp\/v2\/product_tag?post=120885"}],"curies":[{"name":"wp","href":"https:\/\/api.w.org\/{rel}","templated":true}]}}