{"id":120874,"date":"2020-09-01T08:44:13","date_gmt":"2020-09-01T08:44:13","guid":{"rendered":"https:\/\/www.erresse-shop.it\/shop\/sin%20categor\u00eda\/staub-sarten-24-cm-cereza\/"},"modified":"2021-12-22T16:09:26","modified_gmt":"2021-12-22T16:09:26","slug":"staub-sarten-24-cm-cereza","status":"publish","type":"product","link":"https:\/\/www.erresse-shop.it\/es\/shop\/sartenes-y-ollas\/cazuelas\/staub-sarten-24-cm-cereza\/","title":{"rendered":"STAUB Sart\u00e9n 24 cm Cereza"},"content":{"rendered":"<p>La sart\u00e9n multifuncional Staub ofrece muchas posibilidades para cocinar deliciosos platos de carne, verduras o pescado. El hierro fundido esmaltado utilizado en la fabricaci\u00f3n de la sart\u00e9n hace que no sea necesario a\u00f1adir mucho aceite para cocinar y, por tanto, se pueden preparar comidas ligeras y saludables para la familia y los amigos. Las dos asas permiten trasladar la sart\u00e9n con seguridad de una habitaci\u00f3n a otra. Tambi\u00e9n se puede utilizar con todas las fuentes de calor, incluidas las placas de inducci\u00f3n. La sart\u00e9n multiusos tiene una tapa con estructura de Chistera que recoge la condensaci\u00f3n y la distribuye en gotas sobre los alimentos. As\u00ed, la carne y las verduras se mantienen h\u00famedas, tiernas y arom\u00e1ticas al mismo tiempo. Esta caracter\u00edstica de dise\u00f1o \u00fanica es el primer sistema de autorregulaci\u00f3n dentro de una tapa redonda. La cacerola redonda multiusos mide 11,6 cm de alto, 31,7 cm de ancho incluyendo las asas (24 cm sin las asas) y tiene una capacidad de 2,4 L. Su bonito color rojo cereza dar\u00e1 un toque de brillo a su cocina y a la presentaci\u00f3n de su mesa. Mejore su colecci\u00f3n de utensilios de cocina con una elegante sart\u00e9n multiusos de la gama de sartenes Staub y res\u00e9rvese el placer de experimentar su exclusivo sistema de auto-levantamiento.<\/p>\n<p>&#8211; Ideal para sellar y cocinar a fuego lento carne, pescado o verduras<br \/>\n&#8211; Para un resultado de cocci\u00f3n jugoso y tierno gracias a la tapa<br \/>\n&#8211; El esmaltado interior negro mate es ideal para un braseado especialmente crujiente y es muy duradero<br \/>\n&#8211; Apto para todo tipo de placas, incluida la de inducci\u00f3n, tambi\u00e9n puede colocarse en el horno\/parrilla<\/p>\n<p><strong>Caracter\u00edsticas<\/strong><br \/>\n&#8211; Resistencia al calor (\u00b0C): 240,00 \u00baC<br \/>\n&#8211; Resistencia al fr\u00edo: -20,00 \u00baC<br \/>\n&#8211; Material: hierro fundido<br \/>\n&#8211; Tipo de asa: asa lateral<br \/>\n&#8211; Tapa existente: s\u00ed<br \/>\n&#8211; Inducci\u00f3n: S\u00ed<br \/>\n&#8211; Apto para el horno: S\u00ed<br \/>\n&#8211; Apto para el congelador: s\u00ed<br \/>\n&#8211; Apto para la cocina: s\u00ed<br \/>\n&#8211; Apto para el lavavajillas: s\u00ed<\/p>\n<p><strong>Tama\u00f1o<\/strong><br \/>\n&#8211; Peso neto: 4,24 kg<br \/>\n&#8211; Capacidad: 2,40 l<br \/>\n&#8211; Longitud del producto: 31,70 cm<br \/>\n&#8211; Anchura del producto: 24,00 cm<br \/>\n&#8211; Altura del producto: 11,60 cm<br \/>\n&#8211; Altura sin tapa: 7,00 cm<br \/>\n&#8211; Di\u00e1metro superior: 24,00 cm<br \/>\n&#8211; Di\u00e1metro del fondo: 18,50 cm<br \/>\n&#8211; Longitud del mango: 4,00 cm<\/p>\n","protected":false},"excerpt":{"rendered":"<p>La sart\u00e9n multifuncional Staub ofrece muchas posibilidades para cocinar deliciosos platos de carne, verduras o pescado. El hierro fundido esmaltado<\/p>\n","protected":false},"featured_media":120875,"template":"","meta":{"_acf_changed":false,"inline_featured_image":false},"product_cat":[16072,16058],"product_tag":[25090,16137,16158,16654,16168,25023],"acf":[],"yoast_head":"<!-- This site is optimized with the Yoast SEO Premium plugin v18.6 (Yoast SEO v19.13) - https:\/\/yoast.com\/wordpress\/plugins\/seo\/ -->\n<title>STAUB Sart\u00e9n 24 cm Cereza - Erresse Shop<\/title>\n<meta name=\"description\" content=\"La sart\u00e9n multifuncional Staub ofrece muchas posibilidades para cocinar deliciosos platos de carne, verduras o pescado. El hierro fundido esmaltado\" \/>\n<meta name=\"robots\" content=\"index, follow, max-snippet:-1, max-image-preview:large, max-video-preview:-1\" \/>\n<link rel=\"canonical\" href=\"https:\/\/www.erresse-shop.it\/es\/shop\/sartenes-y-ollas\/cazuelas\/staub-sarten-24-cm-cereza\/\" \/>\n<meta property=\"og:locale\" content=\"es_ES\" \/>\n<meta property=\"og:type\" content=\"article\" \/>\n<meta property=\"og:title\" content=\"STAUB Sart\u00e9n 24 cm Cereza\" \/>\n<meta property=\"og:description\" content=\"La sart\u00e9n multifuncional Staub ofrece muchas posibilidades para cocinar deliciosos platos de carne, verduras o pescado. El hierro fundido esmaltado\" \/>\n<meta property=\"og:url\" content=\"https:\/\/www.erresse-shop.it\/es\/shop\/sartenes-y-ollas\/cazuelas\/staub-sarten-24-cm-cereza\/\" \/>\n<meta property=\"og:site_name\" content=\"Erresse Shop\" \/>\n<meta property=\"article:modified_time\" content=\"2021-12-22T16:09:26+00:00\" \/>\n<meta property=\"og:image\" content=\"https:\/\/www.erresse-shop.it\/wp-content\/uploads\/2020\/09\/tegame-ciliegia-40511-475.jpg\" \/>\n\t<meta property=\"og:image:width\" content=\"1350\" \/>\n\t<meta property=\"og:image:height\" content=\"1350\" \/>\n\t<meta property=\"og:image:type\" content=\"image\/jpeg\" \/>\n<meta name=\"twitter:card\" content=\"summary_large_image\" \/>\n<script type=\"application\/ld+json\" class=\"yoast-schema-graph\">{\"@context\":\"https:\/\/schema.org\",\"@graph\":[{\"@type\":\"WebPage\",\"@id\":\"https:\/\/www.erresse-shop.it\/es\/shop\/sartenes-y-ollas\/cazuelas\/staub-sarten-24-cm-cereza\/\",\"url\":\"https:\/\/www.erresse-shop.it\/es\/shop\/sartenes-y-ollas\/cazuelas\/staub-sarten-24-cm-cereza\/\",\"name\":\"STAUB Sart\u00e9n 24 cm Cereza - Erresse Shop\",\"isPartOf\":{\"@id\":\"https:\/\/www.erresse-shop.it\/es\/#website\"},\"datePublished\":\"2020-09-01T08:44:13+00:00\",\"dateModified\":\"2021-12-22T16:09:26+00:00\",\"description\":\"La sart\u00e9n multifuncional Staub ofrece muchas posibilidades para cocinar deliciosos platos de carne, verduras o pescado. El hierro fundido esmaltado\",\"breadcrumb\":{\"@id\":\"https:\/\/www.erresse-shop.it\/es\/shop\/sartenes-y-ollas\/cazuelas\/staub-sarten-24-cm-cereza\/#breadcrumb\"},\"inLanguage\":\"es\",\"potentialAction\":[{\"@type\":\"ReadAction\",\"target\":[\"https:\/\/www.erresse-shop.it\/es\/shop\/sartenes-y-ollas\/cazuelas\/staub-sarten-24-cm-cereza\/\"]}]},{\"@type\":\"BreadcrumbList\",\"@id\":\"https:\/\/www.erresse-shop.it\/es\/shop\/sartenes-y-ollas\/cazuelas\/staub-sarten-24-cm-cereza\/#breadcrumb\",\"itemListElement\":[{\"@type\":\"ListItem\",\"position\":1,\"name\":\"Home\",\"item\":\"https:\/\/www.erresse-shop.it\/es\/\"},{\"@type\":\"ListItem\",\"position\":2,\"name\":\"Shop\",\"item\":\"https:\/\/www.erresse-shop.it\/es\/shop\/\"},{\"@type\":\"ListItem\",\"position\":3,\"name\":\"STAUB Sart\u00e9n 24 cm Cereza\"}]},{\"@type\":\"WebSite\",\"@id\":\"https:\/\/www.erresse-shop.it\/es\/#website\",\"url\":\"https:\/\/www.erresse-shop.it\/es\/\",\"name\":\"Erresse Shop\",\"description\":\"Articoli di qualit\u00e0 per la casa\",\"potentialAction\":[{\"@type\":\"SearchAction\",\"target\":{\"@type\":\"EntryPoint\",\"urlTemplate\":\"https:\/\/www.erresse-shop.it\/es\/?s={search_term_string}\"},\"query-input\":\"required name=search_term_string\"}],\"inLanguage\":\"es\"}]}<\/script>\n<!-- \/ Yoast SEO Premium plugin. -->","yoast_head_json":{"title":"STAUB Sart\u00e9n 24 cm Cereza - Erresse Shop","description":"La sart\u00e9n multifuncional Staub ofrece muchas posibilidades para cocinar deliciosos platos de carne, verduras o pescado. El hierro fundido esmaltado","robots":{"index":"index","follow":"follow","max-snippet":"max-snippet:-1","max-image-preview":"max-image-preview:large","max-video-preview":"max-video-preview:-1"},"canonical":"https:\/\/www.erresse-shop.it\/es\/shop\/sartenes-y-ollas\/cazuelas\/staub-sarten-24-cm-cereza\/","og_locale":"es_ES","og_type":"article","og_title":"STAUB Sart\u00e9n 24 cm Cereza","og_description":"La sart\u00e9n multifuncional Staub ofrece muchas posibilidades para cocinar deliciosos platos de carne, verduras o pescado. El hierro fundido esmaltado","og_url":"https:\/\/www.erresse-shop.it\/es\/shop\/sartenes-y-ollas\/cazuelas\/staub-sarten-24-cm-cereza\/","og_site_name":"Erresse Shop","article_modified_time":"2021-12-22T16:09:26+00:00","og_image":[{"width":1350,"height":1350,"url":"https:\/\/www.erresse-shop.it\/wp-content\/uploads\/2020\/09\/tegame-ciliegia-40511-475.jpg","type":"image\/jpeg"}],"twitter_card":"summary_large_image","schema":{"@context":"https:\/\/schema.org","@graph":[{"@type":"WebPage","@id":"https:\/\/www.erresse-shop.it\/es\/shop\/sartenes-y-ollas\/cazuelas\/staub-sarten-24-cm-cereza\/","url":"https:\/\/www.erresse-shop.it\/es\/shop\/sartenes-y-ollas\/cazuelas\/staub-sarten-24-cm-cereza\/","name":"STAUB Sart\u00e9n 24 cm Cereza - Erresse Shop","isPartOf":{"@id":"https:\/\/www.erresse-shop.it\/es\/#website"},"datePublished":"2020-09-01T08:44:13+00:00","dateModified":"2021-12-22T16:09:26+00:00","description":"La sart\u00e9n multifuncional Staub ofrece muchas posibilidades para cocinar deliciosos platos de carne, verduras o pescado. El hierro fundido esmaltado","breadcrumb":{"@id":"https:\/\/www.erresse-shop.it\/es\/shop\/sartenes-y-ollas\/cazuelas\/staub-sarten-24-cm-cereza\/#breadcrumb"},"inLanguage":"es","potentialAction":[{"@type":"ReadAction","target":["https:\/\/www.erresse-shop.it\/es\/shop\/sartenes-y-ollas\/cazuelas\/staub-sarten-24-cm-cereza\/"]}]},{"@type":"BreadcrumbList","@id":"https:\/\/www.erresse-shop.it\/es\/shop\/sartenes-y-ollas\/cazuelas\/staub-sarten-24-cm-cereza\/#breadcrumb","itemListElement":[{"@type":"ListItem","position":1,"name":"Home","item":"https:\/\/www.erresse-shop.it\/es\/"},{"@type":"ListItem","position":2,"name":"Shop","item":"https:\/\/www.erresse-shop.it\/es\/shop\/"},{"@type":"ListItem","position":3,"name":"STAUB Sart\u00e9n 24 cm Cereza"}]},{"@type":"WebSite","@id":"https:\/\/www.erresse-shop.it\/es\/#website","url":"https:\/\/www.erresse-shop.it\/es\/","name":"Erresse Shop","description":"Articoli di qualit\u00e0 per la casa","potentialAction":[{"@type":"SearchAction","target":{"@type":"EntryPoint","urlTemplate":"https:\/\/www.erresse-shop.it\/es\/?s={search_term_string}"},"query-input":"required name=search_term_string"}],"inLanguage":"es"}]}},"df_price":109.5,"df_sale_price":109.5,"df_regular_price":219,"df_image_link":"https:\/\/www.erresse-shop.it\/wp-content\/uploads\/2020\/09\/tegame-ciliegia-40511-475-300x300.jpg","_links":{"self":[{"href":"https:\/\/www.erresse-shop.it\/es\/wp-json\/wp\/v2\/product\/120874"}],"collection":[{"href":"https:\/\/www.erresse-shop.it\/es\/wp-json\/wp\/v2\/product"}],"about":[{"href":"https:\/\/www.erresse-shop.it\/es\/wp-json\/wp\/v2\/types\/product"}],"wp:featuredmedia":[{"embeddable":true,"href":"https:\/\/www.erresse-shop.it\/es\/wp-json\/wp\/v2\/media\/120875"}],"wp:attachment":[{"href":"https:\/\/www.erresse-shop.it\/es\/wp-json\/wp\/v2\/media?parent=120874"}],"wp:term":[{"taxonomy":"product_cat","embeddable":true,"href":"https:\/\/www.erresse-shop.it\/es\/wp-json\/wp\/v2\/product_cat?post=120874"},{"taxonomy":"product_tag","embeddable":true,"href":"https:\/\/www.erresse-shop.it\/es\/wp-json\/wp\/v2\/product_tag?post=120874"}],"curies":[{"name":"wp","href":"https:\/\/api.w.org\/{rel}","templated":true}]}}