{"id":120873,"date":"2020-09-01T08:37:17","date_gmt":"2020-09-01T08:37:17","guid":{"rendered":"https:\/\/www.erresse-shop.it\/shop\/sin%20categor\u00eda\/staub-sarten-28-cm-azul\/"},"modified":"2025-05-18T09:37:52","modified_gmt":"2025-05-18T09:37:52","slug":"staub-sarten-28-cm-azul","status":"publish","type":"product","link":"https:\/\/www.erresse-shop.it\/es\/shop\/sartenes-y-ollas\/cazuelas\/staub-sarten-28-cm-azul\/","title":{"rendered":"STAUB Sart\u00e9n 28 cm Azul"},"content":{"rendered":"<p>La cacerola multifuncional Staub tiene una tapa ligeramente curvada con lo que se conoce como estructura &#8220;Chistera&#8221;. Este dise\u00f1o garantiza que la condensaci\u00f3n ascendente se acumule bajo la tapa y gotee de nuevo sobre los alimentos dentro de la sart\u00e9n, haciendo que todos sus ingredientes est\u00e9n h\u00famedos y se cocinen con extrema suavidad. Casi no es necesario a\u00f1adir l\u00edquido en estas sartenes, lo que permite que desarrollen todo su sabor. La sart\u00e9n multiusos azul oscuro tiene un di\u00e1metro de 28 cm, una altura de 12,6 cm y una capacidad de 3,7 litros. Es perfecto para utilizarlo en todo tipo de placas y es igualmente eficaz en el horno. Sus dos asas la hacen muy pr\u00e1ctica. Las sartenes de este tipo tambi\u00e9n son perfectas para llevar la comida del horno a la mesa, gracias a su elegante aspecto, lo que las convierte en el punto culminante de las mesas bien puestas. Al ser de hierro fundido, mantienen la comida caliente durante mucho tiempo. Utilice esta cazuela cocotte para cocinar especialidades francesas como la carne a la borgo\u00f1a, el goulash a la h\u00fangara o el pisto con verduras frescas. Tambi\u00e9n se puede utilizar para un sabroso guiso que sirva de comida abundante para una familia con mucho apetito. Cocine lenta y f\u00e1cilmente sus platos favoritos en esta cacerola multiusos de la serie Tegami.<\/p>\n<p>&#8211; Ideal para sellar y cocinar a fuego lento carne, pescado o verduras<br \/>\n&#8211; Para un resultado de cocci\u00f3n jugoso y tierno gracias a la tapa<br \/>\n&#8211; El esmaltado interior negro mate es ideal para un braseado especialmente crujiente y es muy duradero<br \/>\n&#8211; Apto para todo tipo de placas, incluida la de inducci\u00f3n, tambi\u00e9n puede colocarse en el horno\/parrilla<\/p>\n<p><strong>Caracter\u00edsticas<\/strong><br \/>\n&#8211; Resistencia al calor (\u00b0C): 240,00 \u00baC<br \/>\n&#8211; Material: hierro fundido<br \/>\n&#8211; Tipo de asa: asa lateral<br \/>\n&#8211; Tapa existente: s\u00ed<br \/>\n&#8211; Inducci\u00f3n: S\u00ed<br \/>\n&#8211; Apto para horno: S\u00ed<br \/>\n&#8211; Apto para la parrilla: s\u00ed<br \/>\n&#8211; Apto para microondas: s\u00ed<br \/>\n&#8211; Apto para el congelador: s\u00ed<br \/>\n&#8211; Amigable con la afici\u00f3n: s\u00ed<br \/>\n&#8211; A prueba de utensilios met\u00e1licos: s\u00ed<br \/>\n&#8211; Apto para el lavavajillas: S\u00ed<\/p>\n<p><strong>Tama\u00f1o<\/strong><br \/>\n&#8211; Peso neto: 5,40 kg<br \/>\n&#8211; Capacidad: 3,70 l<br \/>\n&#8211; Longitud del producto: 36,10 cm<br \/>\n&#8211; Anchura del producto: 28,00 cm<br \/>\n&#8211; Altura del producto: 12,60 cm<br \/>\n&#8211; Altura sin tapa: 7,60 cm<br \/>\n&#8211; Di\u00e1metro superior: 28,00 cm<br \/>\n&#8211; Di\u00e1metro del fondo: 22,20 cm<\/p>\n","protected":false},"excerpt":{"rendered":"<p>La cacerola multifuncional Staub tiene una tapa ligeramente curvada con lo que se conoce como estructura &#8220;Chistera&#8221;. Este dise\u00f1o garantiza<\/p>\n","protected":false},"featured_media":120872,"template":"","meta":{"_acf_changed":false,"inline_featured_image":false},"product_cat":[16072,16058],"product_tag":[16137,24399,16158,21093,16654],"acf":[],"yoast_head":"<!-- This site is optimized with the Yoast SEO Premium plugin v18.6 (Yoast SEO v19.13) - https:\/\/yoast.com\/wordpress\/plugins\/seo\/ -->\n<title>STAUB Sart\u00e9n 28 cm Azul - Erresse Shop<\/title>\n<meta name=\"description\" content=\"La cacerola multifuncional Staub tiene una tapa ligeramente curvada con lo que se conoce como estructura &quot;Chistera&quot;. Este dise\u00f1o garantiza que la\" \/>\n<meta name=\"robots\" content=\"index, follow, max-snippet:-1, max-image-preview:large, max-video-preview:-1\" \/>\n<link rel=\"canonical\" href=\"https:\/\/www.erresse-shop.it\/es\/shop\/sartenes-y-ollas\/cazuelas\/staub-sarten-28-cm-azul\/\" \/>\n<meta property=\"og:locale\" content=\"es_ES\" \/>\n<meta property=\"og:type\" content=\"article\" \/>\n<meta property=\"og:title\" content=\"STAUB Sart\u00e9n 28 cm Azul\" \/>\n<meta property=\"og:description\" content=\"La cacerola multifuncional Staub tiene una tapa ligeramente curvada con lo que se conoce como estructura &quot;Chistera&quot;. Este dise\u00f1o garantiza que la\" \/>\n<meta property=\"og:url\" content=\"https:\/\/www.erresse-shop.it\/es\/shop\/sartenes-y-ollas\/cazuelas\/staub-sarten-28-cm-azul\/\" \/>\n<meta property=\"og:site_name\" content=\"Erresse Shop\" \/>\n<meta property=\"article:modified_time\" content=\"2025-05-18T09:37:52+00:00\" \/>\n<meta property=\"og:image\" content=\"https:\/\/www.erresse-shop.it\/wp-content\/uploads\/2020\/09\/tegame-dark-blue-40511-477.jpg\" \/>\n\t<meta property=\"og:image:width\" content=\"1350\" \/>\n\t<meta property=\"og:image:height\" content=\"1350\" \/>\n\t<meta property=\"og:image:type\" content=\"image\/jpeg\" \/>\n<meta name=\"twitter:card\" content=\"summary_large_image\" \/>\n<script type=\"application\/ld+json\" class=\"yoast-schema-graph\">{\"@context\":\"https:\/\/schema.org\",\"@graph\":[{\"@type\":\"WebPage\",\"@id\":\"https:\/\/www.erresse-shop.it\/es\/shop\/sartenes-y-ollas\/cazuelas\/staub-sarten-28-cm-azul\/\",\"url\":\"https:\/\/www.erresse-shop.it\/es\/shop\/sartenes-y-ollas\/cazuelas\/staub-sarten-28-cm-azul\/\",\"name\":\"STAUB Sart\u00e9n 28 cm Azul - Erresse Shop\",\"isPartOf\":{\"@id\":\"https:\/\/www.erresse-shop.it\/es\/#website\"},\"datePublished\":\"2020-09-01T08:37:17+00:00\",\"dateModified\":\"2025-05-18T09:37:52+00:00\",\"description\":\"La cacerola multifuncional Staub tiene una tapa ligeramente curvada con lo que se conoce como estructura \\\"Chistera\\\". Este dise\u00f1o garantiza que la\",\"breadcrumb\":{\"@id\":\"https:\/\/www.erresse-shop.it\/es\/shop\/sartenes-y-ollas\/cazuelas\/staub-sarten-28-cm-azul\/#breadcrumb\"},\"inLanguage\":\"es\",\"potentialAction\":[{\"@type\":\"ReadAction\",\"target\":[\"https:\/\/www.erresse-shop.it\/es\/shop\/sartenes-y-ollas\/cazuelas\/staub-sarten-28-cm-azul\/\"]}]},{\"@type\":\"BreadcrumbList\",\"@id\":\"https:\/\/www.erresse-shop.it\/es\/shop\/sartenes-y-ollas\/cazuelas\/staub-sarten-28-cm-azul\/#breadcrumb\",\"itemListElement\":[{\"@type\":\"ListItem\",\"position\":1,\"name\":\"Home\",\"item\":\"https:\/\/www.erresse-shop.it\/es\/\"},{\"@type\":\"ListItem\",\"position\":2,\"name\":\"Shop\",\"item\":\"https:\/\/www.erresse-shop.it\/es\/shop\/\"},{\"@type\":\"ListItem\",\"position\":3,\"name\":\"STAUB Sart\u00e9n 28 cm Azul\"}]},{\"@type\":\"WebSite\",\"@id\":\"https:\/\/www.erresse-shop.it\/es\/#website\",\"url\":\"https:\/\/www.erresse-shop.it\/es\/\",\"name\":\"Erresse Shop\",\"description\":\"Articoli di qualit\u00e0 per la casa\",\"potentialAction\":[{\"@type\":\"SearchAction\",\"target\":{\"@type\":\"EntryPoint\",\"urlTemplate\":\"https:\/\/www.erresse-shop.it\/es\/?s={search_term_string}\"},\"query-input\":\"required name=search_term_string\"}],\"inLanguage\":\"es\"}]}<\/script>\n<!-- \/ Yoast SEO Premium plugin. -->","yoast_head_json":{"title":"STAUB Sart\u00e9n 28 cm Azul - Erresse Shop","description":"La cacerola multifuncional Staub tiene una tapa ligeramente curvada con lo que se conoce como estructura \"Chistera\". Este dise\u00f1o garantiza que la","robots":{"index":"index","follow":"follow","max-snippet":"max-snippet:-1","max-image-preview":"max-image-preview:large","max-video-preview":"max-video-preview:-1"},"canonical":"https:\/\/www.erresse-shop.it\/es\/shop\/sartenes-y-ollas\/cazuelas\/staub-sarten-28-cm-azul\/","og_locale":"es_ES","og_type":"article","og_title":"STAUB Sart\u00e9n 28 cm Azul","og_description":"La cacerola multifuncional Staub tiene una tapa ligeramente curvada con lo que se conoce como estructura \"Chistera\". Este dise\u00f1o garantiza que la","og_url":"https:\/\/www.erresse-shop.it\/es\/shop\/sartenes-y-ollas\/cazuelas\/staub-sarten-28-cm-azul\/","og_site_name":"Erresse Shop","article_modified_time":"2025-05-18T09:37:52+00:00","og_image":[{"width":1350,"height":1350,"url":"https:\/\/www.erresse-shop.it\/wp-content\/uploads\/2020\/09\/tegame-dark-blue-40511-477.jpg","type":"image\/jpeg"}],"twitter_card":"summary_large_image","schema":{"@context":"https:\/\/schema.org","@graph":[{"@type":"WebPage","@id":"https:\/\/www.erresse-shop.it\/es\/shop\/sartenes-y-ollas\/cazuelas\/staub-sarten-28-cm-azul\/","url":"https:\/\/www.erresse-shop.it\/es\/shop\/sartenes-y-ollas\/cazuelas\/staub-sarten-28-cm-azul\/","name":"STAUB Sart\u00e9n 28 cm Azul - Erresse Shop","isPartOf":{"@id":"https:\/\/www.erresse-shop.it\/es\/#website"},"datePublished":"2020-09-01T08:37:17+00:00","dateModified":"2025-05-18T09:37:52+00:00","description":"La cacerola multifuncional Staub tiene una tapa ligeramente curvada con lo que se conoce como estructura \"Chistera\". Este dise\u00f1o garantiza que la","breadcrumb":{"@id":"https:\/\/www.erresse-shop.it\/es\/shop\/sartenes-y-ollas\/cazuelas\/staub-sarten-28-cm-azul\/#breadcrumb"},"inLanguage":"es","potentialAction":[{"@type":"ReadAction","target":["https:\/\/www.erresse-shop.it\/es\/shop\/sartenes-y-ollas\/cazuelas\/staub-sarten-28-cm-azul\/"]}]},{"@type":"BreadcrumbList","@id":"https:\/\/www.erresse-shop.it\/es\/shop\/sartenes-y-ollas\/cazuelas\/staub-sarten-28-cm-azul\/#breadcrumb","itemListElement":[{"@type":"ListItem","position":1,"name":"Home","item":"https:\/\/www.erresse-shop.it\/es\/"},{"@type":"ListItem","position":2,"name":"Shop","item":"https:\/\/www.erresse-shop.it\/es\/shop\/"},{"@type":"ListItem","position":3,"name":"STAUB Sart\u00e9n 28 cm Azul"}]},{"@type":"WebSite","@id":"https:\/\/www.erresse-shop.it\/es\/#website","url":"https:\/\/www.erresse-shop.it\/es\/","name":"Erresse Shop","description":"Articoli di qualit\u00e0 per la casa","potentialAction":[{"@type":"SearchAction","target":{"@type":"EntryPoint","urlTemplate":"https:\/\/www.erresse-shop.it\/es\/?s={search_term_string}"},"query-input":"required name=search_term_string"}],"inLanguage":"es"}]}},"df_price":134.5,"df_sale_price":134.5,"df_regular_price":269,"df_image_link":"https:\/\/www.erresse-shop.it\/wp-content\/uploads\/2020\/09\/tegame-dark-blue-40511-477-300x300.jpg","_links":{"self":[{"href":"https:\/\/www.erresse-shop.it\/es\/wp-json\/wp\/v2\/product\/120873"}],"collection":[{"href":"https:\/\/www.erresse-shop.it\/es\/wp-json\/wp\/v2\/product"}],"about":[{"href":"https:\/\/www.erresse-shop.it\/es\/wp-json\/wp\/v2\/types\/product"}],"wp:featuredmedia":[{"embeddable":true,"href":"https:\/\/www.erresse-shop.it\/es\/wp-json\/wp\/v2\/media\/120872"}],"wp:attachment":[{"href":"https:\/\/www.erresse-shop.it\/es\/wp-json\/wp\/v2\/media?parent=120873"}],"wp:term":[{"taxonomy":"product_cat","embeddable":true,"href":"https:\/\/www.erresse-shop.it\/es\/wp-json\/wp\/v2\/product_cat?post=120873"},{"taxonomy":"product_tag","embeddable":true,"href":"https:\/\/www.erresse-shop.it\/es\/wp-json\/wp\/v2\/product_tag?post=120873"}],"curies":[{"name":"wp","href":"https:\/\/api.w.org\/{rel}","templated":true}]}}