{"id":120871,"date":"2020-09-01T08:02:14","date_gmt":"2020-09-01T08:02:14","guid":{"rendered":"https:\/\/www.erresse-shop.it\/shop\/sin%20categor\u00eda\/staub-sarten-24-cm-azul\/"},"modified":"2024-07-05T13:57:45","modified_gmt":"2024-07-05T13:57:45","slug":"staub-sarten-24-cm-azul","status":"publish","type":"product","link":"https:\/\/www.erresse-shop.it\/es\/shop\/sartenes-y-ollas\/cazuelas\/staub-sarten-24-cm-azul\/","title":{"rendered":"STAUB Sart\u00e9n 24 cm Azul"},"content":{"rendered":"<p>Con la sart\u00e9n multifuncional Staub podr\u00e1 crear deliciosas comidas con facilidad. Su tapa est\u00e1 equipada con la exclusiva estructura &#8220;Chistera&#8221;, que redistribuye la condensaci\u00f3n acumulada en los alimentos y evita que se quemen, manteniendo cada ingrediente perfectamente tierno. Con esta sart\u00e9n, incluso los principiantes con conocimientos limitados de cocina conseguir\u00e1n resultados extraordinarios. La cacerola multiusos azul oscuro de Staub tiene un di\u00e1metro de 24 cm, una altura de aproximadamente 12 cm y una capacidad de 2,4 L. Est\u00e1 fabricada en hierro fundido esmaltado y puede utilizarse con todas las fuentes de calor, incluidas las placas de inducci\u00f3n. Tambi\u00e9n puede colocarse en el horno para los platos que requieren m\u00e1s tiempo de cocci\u00f3n y para dorar ligeramente los alimentos. Las asas ergon\u00f3micas hacen que la sart\u00e9n sea f\u00e1cil de meter y sacar del horno. Adem\u00e1s de tener unas propiedades excepcionales de retenci\u00f3n y distribuci\u00f3n del calor, el hierro fundido es muy duradero, resistente a los ara\u00f1azos y f\u00e1cil de mantener. La sart\u00e9n garantiza platos muy sabrosos y saludables, ya que la cocci\u00f3n lenta y uniforme conserva las vitaminas y otros nutrientes. En definitiva, la sart\u00e9n multiusos es una opci\u00f3n elegante para servir platos perfectamente cocinados, suculentos y simplemente sabrosos.<\/p>\n<p>&#8211; Ideal para sellar y cocinar a fuego lento carne, pescado o verduras<br \/>\n&#8211; Para un resultado de cocci\u00f3n suculento y tierno gracias a la tapa<br \/>\n&#8211; El esmaltado interior negro mate es ideal para un braseado especialmente crujiente y es muy duradero<br \/>\n&#8211; Apto para todo tipo de placas, incluida la de inducci\u00f3n, tambi\u00e9n puede colocarse en el horno\/parrilla<\/p>\n<p><strong>Caracter\u00edsticas<\/strong> <strong>principales<\/strong><br \/>\n&#8211; Resistencia al calor (\u00b0C): 240,00 \u00baC<br \/>\n&#8211; Material: hierro fundido<br \/>\n&#8211; Tipo de asa: asa lateral<br \/>\n&#8211; Tapa existente: s\u00ed<br \/>\n&#8211; Inducci\u00f3n: S\u00ed<br \/>\n&#8211; Apto para horno: S\u00ed<br \/>\n&#8211; Apto para la parrilla: s\u00ed<br \/>\n&#8211; Apto para microondas: s\u00ed<br \/>\n&#8211; Apto para el congelador: s\u00ed<br \/>\n&#8211; Amigable con la afici\u00f3n: s\u00ed<br \/>\n&#8211; A prueba de utensilios met\u00e1licos: s\u00ed<br \/>\n&#8211; Apto para el lavavajillas: S\u00ed<\/p>\n<p><strong>Tama\u00f1o<\/strong><br \/>\n&#8211; Peso neto: 4,24 kg<br \/>\n&#8211; Capacidad: 2,40 l<br \/>\n&#8211; Longitud del producto: 31,70 cm<br \/>\n&#8211; Anchura del producto: 24,00 cm<br \/>\n&#8211; Altura del producto: 11,60 cm<br \/>\n&#8211; Altura sin tapa: 7,00 cm<br \/>\n&#8211; Di\u00e1metro superior: 24,00 cm<br \/>\n&#8211; Di\u00e1metro del fondo: 18,50 cm<\/p>\n","protected":false},"excerpt":{"rendered":"<p>Con la sart\u00e9n multifuncional Staub podr\u00e1 crear deliciosas comidas con facilidad. Su tapa est\u00e1 equipada con la exclusiva estructura &#8220;Chistera&#8221;,<\/p>\n","protected":false},"featured_media":120872,"template":"","meta":{"_acf_changed":false,"inline_featured_image":false},"product_cat":[16072,16058],"product_tag":[16137,16158,16654,16168],"acf":[],"yoast_head":"<!-- This site is optimized with the Yoast SEO Premium plugin v18.6 (Yoast SEO v19.13) - https:\/\/yoast.com\/wordpress\/plugins\/seo\/ -->\n<title>STAUB Sart\u00e9n 24 cm Azul - Erresse Shop<\/title>\n<meta name=\"description\" content=\"Con la sart\u00e9n multifuncional Staub podr\u00e1 crear deliciosas comidas con facilidad. Su tapa est\u00e1 equipada con la exclusiva estructura &quot;Chistera&quot;, que\" \/>\n<meta name=\"robots\" content=\"index, follow, max-snippet:-1, max-image-preview:large, max-video-preview:-1\" \/>\n<link rel=\"canonical\" href=\"https:\/\/www.erresse-shop.it\/es\/shop\/sartenes-y-ollas\/cazuelas\/staub-sarten-24-cm-azul\/\" \/>\n<meta property=\"og:locale\" content=\"es_ES\" \/>\n<meta property=\"og:type\" content=\"article\" \/>\n<meta property=\"og:title\" content=\"STAUB Sart\u00e9n 24 cm Azul\" \/>\n<meta property=\"og:description\" content=\"Con la sart\u00e9n multifuncional Staub podr\u00e1 crear deliciosas comidas con facilidad. Su tapa est\u00e1 equipada con la exclusiva estructura &quot;Chistera&quot;, que\" \/>\n<meta property=\"og:url\" content=\"https:\/\/www.erresse-shop.it\/es\/shop\/sartenes-y-ollas\/cazuelas\/staub-sarten-24-cm-azul\/\" \/>\n<meta property=\"og:site_name\" content=\"Erresse Shop\" \/>\n<meta property=\"article:modified_time\" content=\"2024-07-05T13:57:45+00:00\" \/>\n<meta property=\"og:image\" content=\"https:\/\/www.erresse-shop.it\/wp-content\/uploads\/2020\/09\/tegame-dark-blue-40511-477.jpg\" \/>\n\t<meta property=\"og:image:width\" content=\"1350\" \/>\n\t<meta property=\"og:image:height\" content=\"1350\" \/>\n\t<meta property=\"og:image:type\" content=\"image\/jpeg\" \/>\n<meta name=\"twitter:card\" content=\"summary_large_image\" \/>\n<script type=\"application\/ld+json\" class=\"yoast-schema-graph\">{\"@context\":\"https:\/\/schema.org\",\"@graph\":[{\"@type\":\"WebPage\",\"@id\":\"https:\/\/www.erresse-shop.it\/es\/shop\/sartenes-y-ollas\/cazuelas\/staub-sarten-24-cm-azul\/\",\"url\":\"https:\/\/www.erresse-shop.it\/es\/shop\/sartenes-y-ollas\/cazuelas\/staub-sarten-24-cm-azul\/\",\"name\":\"STAUB Sart\u00e9n 24 cm Azul - Erresse Shop\",\"isPartOf\":{\"@id\":\"https:\/\/www.erresse-shop.it\/es\/#website\"},\"datePublished\":\"2020-09-01T08:02:14+00:00\",\"dateModified\":\"2024-07-05T13:57:45+00:00\",\"description\":\"Con la sart\u00e9n multifuncional Staub podr\u00e1 crear deliciosas comidas con facilidad. Su tapa est\u00e1 equipada con la exclusiva estructura \\\"Chistera\\\", que\",\"breadcrumb\":{\"@id\":\"https:\/\/www.erresse-shop.it\/es\/shop\/sartenes-y-ollas\/cazuelas\/staub-sarten-24-cm-azul\/#breadcrumb\"},\"inLanguage\":\"es\",\"potentialAction\":[{\"@type\":\"ReadAction\",\"target\":[\"https:\/\/www.erresse-shop.it\/es\/shop\/sartenes-y-ollas\/cazuelas\/staub-sarten-24-cm-azul\/\"]}]},{\"@type\":\"BreadcrumbList\",\"@id\":\"https:\/\/www.erresse-shop.it\/es\/shop\/sartenes-y-ollas\/cazuelas\/staub-sarten-24-cm-azul\/#breadcrumb\",\"itemListElement\":[{\"@type\":\"ListItem\",\"position\":1,\"name\":\"Home\",\"item\":\"https:\/\/www.erresse-shop.it\/es\/\"},{\"@type\":\"ListItem\",\"position\":2,\"name\":\"Shop\",\"item\":\"https:\/\/www.erresse-shop.it\/es\/shop\/\"},{\"@type\":\"ListItem\",\"position\":3,\"name\":\"STAUB Sart\u00e9n 24 cm Azul\"}]},{\"@type\":\"WebSite\",\"@id\":\"https:\/\/www.erresse-shop.it\/es\/#website\",\"url\":\"https:\/\/www.erresse-shop.it\/es\/\",\"name\":\"Erresse Shop\",\"description\":\"Articoli di qualit\u00e0 per la casa\",\"potentialAction\":[{\"@type\":\"SearchAction\",\"target\":{\"@type\":\"EntryPoint\",\"urlTemplate\":\"https:\/\/www.erresse-shop.it\/es\/?s={search_term_string}\"},\"query-input\":\"required name=search_term_string\"}],\"inLanguage\":\"es\"}]}<\/script>\n<!-- \/ Yoast SEO Premium plugin. -->","yoast_head_json":{"title":"STAUB Sart\u00e9n 24 cm Azul - Erresse Shop","description":"Con la sart\u00e9n multifuncional Staub podr\u00e1 crear deliciosas comidas con facilidad. Su tapa est\u00e1 equipada con la exclusiva estructura \"Chistera\", que","robots":{"index":"index","follow":"follow","max-snippet":"max-snippet:-1","max-image-preview":"max-image-preview:large","max-video-preview":"max-video-preview:-1"},"canonical":"https:\/\/www.erresse-shop.it\/es\/shop\/sartenes-y-ollas\/cazuelas\/staub-sarten-24-cm-azul\/","og_locale":"es_ES","og_type":"article","og_title":"STAUB Sart\u00e9n 24 cm Azul","og_description":"Con la sart\u00e9n multifuncional Staub podr\u00e1 crear deliciosas comidas con facilidad. Su tapa est\u00e1 equipada con la exclusiva estructura \"Chistera\", que","og_url":"https:\/\/www.erresse-shop.it\/es\/shop\/sartenes-y-ollas\/cazuelas\/staub-sarten-24-cm-azul\/","og_site_name":"Erresse Shop","article_modified_time":"2024-07-05T13:57:45+00:00","og_image":[{"width":1350,"height":1350,"url":"https:\/\/www.erresse-shop.it\/wp-content\/uploads\/2020\/09\/tegame-dark-blue-40511-477.jpg","type":"image\/jpeg"}],"twitter_card":"summary_large_image","schema":{"@context":"https:\/\/schema.org","@graph":[{"@type":"WebPage","@id":"https:\/\/www.erresse-shop.it\/es\/shop\/sartenes-y-ollas\/cazuelas\/staub-sarten-24-cm-azul\/","url":"https:\/\/www.erresse-shop.it\/es\/shop\/sartenes-y-ollas\/cazuelas\/staub-sarten-24-cm-azul\/","name":"STAUB Sart\u00e9n 24 cm Azul - Erresse Shop","isPartOf":{"@id":"https:\/\/www.erresse-shop.it\/es\/#website"},"datePublished":"2020-09-01T08:02:14+00:00","dateModified":"2024-07-05T13:57:45+00:00","description":"Con la sart\u00e9n multifuncional Staub podr\u00e1 crear deliciosas comidas con facilidad. Su tapa est\u00e1 equipada con la exclusiva estructura \"Chistera\", que","breadcrumb":{"@id":"https:\/\/www.erresse-shop.it\/es\/shop\/sartenes-y-ollas\/cazuelas\/staub-sarten-24-cm-azul\/#breadcrumb"},"inLanguage":"es","potentialAction":[{"@type":"ReadAction","target":["https:\/\/www.erresse-shop.it\/es\/shop\/sartenes-y-ollas\/cazuelas\/staub-sarten-24-cm-azul\/"]}]},{"@type":"BreadcrumbList","@id":"https:\/\/www.erresse-shop.it\/es\/shop\/sartenes-y-ollas\/cazuelas\/staub-sarten-24-cm-azul\/#breadcrumb","itemListElement":[{"@type":"ListItem","position":1,"name":"Home","item":"https:\/\/www.erresse-shop.it\/es\/"},{"@type":"ListItem","position":2,"name":"Shop","item":"https:\/\/www.erresse-shop.it\/es\/shop\/"},{"@type":"ListItem","position":3,"name":"STAUB Sart\u00e9n 24 cm Azul"}]},{"@type":"WebSite","@id":"https:\/\/www.erresse-shop.it\/es\/#website","url":"https:\/\/www.erresse-shop.it\/es\/","name":"Erresse Shop","description":"Articoli di qualit\u00e0 per la casa","potentialAction":[{"@type":"SearchAction","target":{"@type":"EntryPoint","urlTemplate":"https:\/\/www.erresse-shop.it\/es\/?s={search_term_string}"},"query-input":"required name=search_term_string"}],"inLanguage":"es"}]}},"df_price":119.5,"df_sale_price":119.5,"df_regular_price":239,"df_image_link":"https:\/\/www.erresse-shop.it\/wp-content\/uploads\/2020\/09\/tegame-dark-blue-40511-477-300x300.jpg","_links":{"self":[{"href":"https:\/\/www.erresse-shop.it\/es\/wp-json\/wp\/v2\/product\/120871"}],"collection":[{"href":"https:\/\/www.erresse-shop.it\/es\/wp-json\/wp\/v2\/product"}],"about":[{"href":"https:\/\/www.erresse-shop.it\/es\/wp-json\/wp\/v2\/types\/product"}],"wp:featuredmedia":[{"embeddable":true,"href":"https:\/\/www.erresse-shop.it\/es\/wp-json\/wp\/v2\/media\/120872"}],"wp:attachment":[{"href":"https:\/\/www.erresse-shop.it\/es\/wp-json\/wp\/v2\/media?parent=120871"}],"wp:term":[{"taxonomy":"product_cat","embeddable":true,"href":"https:\/\/www.erresse-shop.it\/es\/wp-json\/wp\/v2\/product_cat?post=120871"},{"taxonomy":"product_tag","embeddable":true,"href":"https:\/\/www.erresse-shop.it\/es\/wp-json\/wp\/v2\/product_tag?post=120871"}],"curies":[{"name":"wp","href":"https:\/\/api.w.org\/{rel}","templated":true}]}}