{"id":120863,"date":"2020-09-01T07:36:02","date_gmt":"2020-09-01T07:36:02","guid":{"rendered":"https:\/\/www.erresse-shop.it\/shop\/sin%20categor\u00eda\/staub-sarten-24-cm-verde-basilea\/"},"modified":"2024-07-05T13:55:38","modified_gmt":"2024-07-05T13:55:38","slug":"staub-sarten-24-cm-verde-basilea","status":"publish","type":"product","link":"https:\/\/www.erresse-shop.it\/es\/shop\/sartenes-y-ollas\/cazuelas\/staub-sarten-24-cm-verde-basilea\/","title":{"rendered":"STAUB Sart\u00e9n 24 cm Verde Basilea"},"content":{"rendered":"<p>Para preparar un guiso, una hamburguesa de ternera o un pisto, se necesita una sart\u00e9n de calidad para obtener resultados excelentes. Con la sart\u00e9n multifuncional Staub obtendr\u00e1 un innovador utensilio de cocina que mantendr\u00e1 la carne tierna y jugosa y permitir\u00e1 que las verduras conserven sus sabores caracter\u00edsticos, al tiempo que aportar\u00e1 muchas vitaminas al plato gracias al m\u00e9todo de cocci\u00f3n suave. La sart\u00e9n multiusos de construcci\u00f3n &#8220;Chistera&#8221; es redonda y de color verde albahaca. Puede utilizarse en todo tipo de placas, incluidas las de inducci\u00f3n, y tambi\u00e9n en el horno. La sart\u00e9n tiene un di\u00e1metro de 24 cm, una longitud de 31,7 cm y una altura de 11,6 cm con tapa. Tiene una capacidad de 2,4 litros. La estructura &#8220;Chistera&#8221; en el interior de la tapa abovedada contribuye a un efecto especial de cacerola. Desarrollado por el dise\u00f1ador franc\u00e9s Samuel Accoceberry, la estructura crea un sistema de auto-levantamiento que deja que la condensaci\u00f3n gotee sobre los alimentos, haci\u00e9ndolos m\u00e1s jugosos y tiernos. Las sartenes de hierro fundido multifuncionales tambi\u00e9n tienen excelentes propiedades de almacenamiento del calor, lo que permite que los alimentos se cocinen de manera uniforme y suave. Descubra las ventajas del dise\u00f1o innovador con Staub y complemente su bater\u00eda de cocina con una sart\u00e9n multifuncional, en la que los ingredientes frescos desarrollan todo su sabor para conseguir platos deliciosos y saludables.<\/p>\n<p>&#8211; Ideal para sellar y cocinar a fuego lento carne, pescado o verduras<br \/>&#8211; Para un resultado de cocci\u00f3n jugoso y tierno gracias a la tapa<br \/>&#8211; El esmaltado interior negro mate es ideal para un braseado especialmente crujiente y es muy duradero<br \/>&#8211; Apto para todo tipo de placas, incluida la de inducci\u00f3n, tambi\u00e9n puede colocarse en el horno\/parrilla<\/p>\n<p><strong>Caracter\u00edsticas<\/strong><br \/>&#8211; Resistencia al calor (\u00b0C): 240,00 \u00baC<br \/>&#8211; Resistencia al fr\u00edo: -20,00 \u00baC<br \/>&#8211; Material: hierro fundido<br \/>&#8211; Tipo de asa: asa lateral<br \/>&#8211; Tapa existente: s\u00ed<br \/>&#8211; Inducci\u00f3n: S\u00ed<br \/>&#8211; Apto para el horno: S\u00ed<br \/>&#8211; Apto para el congelador: s\u00ed<br \/>&#8211; Apto para la cocina: s\u00ed<br \/>&#8211; Apto para el lavavajillas: s\u00ed<\/p>\n<p><strong>Tama\u00f1o<\/strong><br \/>&#8211; Peso neto: 4,24 kg<br \/>&#8211; Capacidad: 2,40 l<br \/>&#8211; Longitud del producto: 31,70 cm<br \/>&#8211; Anchura del producto: 24,00 cm<br \/>&#8211; Altura del producto: 11,60 cm<br \/>&#8211; Altura sin tapa: 7,00 cm<br \/>&#8211; Di\u00e1metro superior: 24,00 cm<br \/>&#8211; Di\u00e1metro del fondo: 18,50 cm<br \/>&#8211; Longitud del mango: 4,00 cm<\/p>\n","protected":false},"excerpt":{"rendered":"<p><br data-mce-bogus=\"1\"><\/p>\n","protected":false},"featured_media":120864,"template":"","meta":{"_acf_changed":false,"inline_featured_image":false},"product_cat":[16072,16058],"product_tag":[16137,16158,16654,16168],"acf":[],"yoast_head":"<!-- This site is optimized with the Yoast SEO Premium plugin v18.6 (Yoast SEO v19.13) - https:\/\/yoast.com\/wordpress\/plugins\/seo\/ -->\n<title>STAUB Sart\u00e9n 24 cm Verde Basilea - Erresse Shop<\/title>\n<meta name=\"robots\" content=\"index, follow, max-snippet:-1, max-image-preview:large, max-video-preview:-1\" \/>\n<link rel=\"canonical\" href=\"https:\/\/www.erresse-shop.it\/es\/shop\/sartenes-y-ollas\/cazuelas\/staub-sarten-24-cm-verde-basilea\/\" \/>\n<meta property=\"og:locale\" content=\"es_ES\" \/>\n<meta property=\"og:type\" content=\"article\" \/>\n<meta property=\"og:title\" content=\"STAUB Sart\u00e9n 24 cm Verde Basilea\" \/>\n<meta property=\"og:url\" content=\"https:\/\/www.erresse-shop.it\/es\/shop\/sartenes-y-ollas\/cazuelas\/staub-sarten-24-cm-verde-basilea\/\" \/>\n<meta property=\"og:site_name\" content=\"Erresse Shop\" \/>\n<meta property=\"article:modified_time\" content=\"2024-07-05T13:55:38+00:00\" \/>\n<meta property=\"og:image\" content=\"https:\/\/www.erresse-shop.it\/wp-content\/uploads\/2020\/09\/tegame-basilico-40511-479.jpg\" \/>\n\t<meta property=\"og:image:width\" content=\"1350\" \/>\n\t<meta property=\"og:image:height\" content=\"1350\" \/>\n\t<meta property=\"og:image:type\" content=\"image\/jpeg\" \/>\n<meta name=\"twitter:card\" content=\"summary_large_image\" \/>\n<script type=\"application\/ld+json\" class=\"yoast-schema-graph\">{\"@context\":\"https:\/\/schema.org\",\"@graph\":[{\"@type\":\"WebPage\",\"@id\":\"https:\/\/www.erresse-shop.it\/es\/shop\/sartenes-y-ollas\/cazuelas\/staub-sarten-24-cm-verde-basilea\/\",\"url\":\"https:\/\/www.erresse-shop.it\/es\/shop\/sartenes-y-ollas\/cazuelas\/staub-sarten-24-cm-verde-basilea\/\",\"name\":\"STAUB Sart\u00e9n 24 cm Verde Basilea - Erresse Shop\",\"isPartOf\":{\"@id\":\"https:\/\/www.erresse-shop.it\/es\/#website\"},\"datePublished\":\"2020-09-01T07:36:02+00:00\",\"dateModified\":\"2024-07-05T13:55:38+00:00\",\"breadcrumb\":{\"@id\":\"https:\/\/www.erresse-shop.it\/es\/shop\/sartenes-y-ollas\/cazuelas\/staub-sarten-24-cm-verde-basilea\/#breadcrumb\"},\"inLanguage\":\"es\",\"potentialAction\":[{\"@type\":\"ReadAction\",\"target\":[\"https:\/\/www.erresse-shop.it\/es\/shop\/sartenes-y-ollas\/cazuelas\/staub-sarten-24-cm-verde-basilea\/\"]}]},{\"@type\":\"BreadcrumbList\",\"@id\":\"https:\/\/www.erresse-shop.it\/es\/shop\/sartenes-y-ollas\/cazuelas\/staub-sarten-24-cm-verde-basilea\/#breadcrumb\",\"itemListElement\":[{\"@type\":\"ListItem\",\"position\":1,\"name\":\"Home\",\"item\":\"https:\/\/www.erresse-shop.it\/es\/\"},{\"@type\":\"ListItem\",\"position\":2,\"name\":\"Shop\",\"item\":\"https:\/\/www.erresse-shop.it\/es\/shop\/\"},{\"@type\":\"ListItem\",\"position\":3,\"name\":\"STAUB Sart\u00e9n 24 cm Verde Basilea\"}]},{\"@type\":\"WebSite\",\"@id\":\"https:\/\/www.erresse-shop.it\/es\/#website\",\"url\":\"https:\/\/www.erresse-shop.it\/es\/\",\"name\":\"Erresse Shop\",\"description\":\"Articoli di qualit\u00e0 per la casa\",\"potentialAction\":[{\"@type\":\"SearchAction\",\"target\":{\"@type\":\"EntryPoint\",\"urlTemplate\":\"https:\/\/www.erresse-shop.it\/es\/?s={search_term_string}\"},\"query-input\":\"required name=search_term_string\"}],\"inLanguage\":\"es\"}]}<\/script>\n<!-- \/ Yoast SEO Premium plugin. -->","yoast_head_json":{"title":"STAUB Sart\u00e9n 24 cm Verde Basilea - Erresse Shop","robots":{"index":"index","follow":"follow","max-snippet":"max-snippet:-1","max-image-preview":"max-image-preview:large","max-video-preview":"max-video-preview:-1"},"canonical":"https:\/\/www.erresse-shop.it\/es\/shop\/sartenes-y-ollas\/cazuelas\/staub-sarten-24-cm-verde-basilea\/","og_locale":"es_ES","og_type":"article","og_title":"STAUB Sart\u00e9n 24 cm Verde Basilea","og_url":"https:\/\/www.erresse-shop.it\/es\/shop\/sartenes-y-ollas\/cazuelas\/staub-sarten-24-cm-verde-basilea\/","og_site_name":"Erresse Shop","article_modified_time":"2024-07-05T13:55:38+00:00","og_image":[{"width":1350,"height":1350,"url":"https:\/\/www.erresse-shop.it\/wp-content\/uploads\/2020\/09\/tegame-basilico-40511-479.jpg","type":"image\/jpeg"}],"twitter_card":"summary_large_image","schema":{"@context":"https:\/\/schema.org","@graph":[{"@type":"WebPage","@id":"https:\/\/www.erresse-shop.it\/es\/shop\/sartenes-y-ollas\/cazuelas\/staub-sarten-24-cm-verde-basilea\/","url":"https:\/\/www.erresse-shop.it\/es\/shop\/sartenes-y-ollas\/cazuelas\/staub-sarten-24-cm-verde-basilea\/","name":"STAUB Sart\u00e9n 24 cm Verde Basilea - Erresse Shop","isPartOf":{"@id":"https:\/\/www.erresse-shop.it\/es\/#website"},"datePublished":"2020-09-01T07:36:02+00:00","dateModified":"2024-07-05T13:55:38+00:00","breadcrumb":{"@id":"https:\/\/www.erresse-shop.it\/es\/shop\/sartenes-y-ollas\/cazuelas\/staub-sarten-24-cm-verde-basilea\/#breadcrumb"},"inLanguage":"es","potentialAction":[{"@type":"ReadAction","target":["https:\/\/www.erresse-shop.it\/es\/shop\/sartenes-y-ollas\/cazuelas\/staub-sarten-24-cm-verde-basilea\/"]}]},{"@type":"BreadcrumbList","@id":"https:\/\/www.erresse-shop.it\/es\/shop\/sartenes-y-ollas\/cazuelas\/staub-sarten-24-cm-verde-basilea\/#breadcrumb","itemListElement":[{"@type":"ListItem","position":1,"name":"Home","item":"https:\/\/www.erresse-shop.it\/es\/"},{"@type":"ListItem","position":2,"name":"Shop","item":"https:\/\/www.erresse-shop.it\/es\/shop\/"},{"@type":"ListItem","position":3,"name":"STAUB Sart\u00e9n 24 cm Verde Basilea"}]},{"@type":"WebSite","@id":"https:\/\/www.erresse-shop.it\/es\/#website","url":"https:\/\/www.erresse-shop.it\/es\/","name":"Erresse Shop","description":"Articoli di qualit\u00e0 per la casa","potentialAction":[{"@type":"SearchAction","target":{"@type":"EntryPoint","urlTemplate":"https:\/\/www.erresse-shop.it\/es\/?s={search_term_string}"},"query-input":"required name=search_term_string"}],"inLanguage":"es"}]}},"df_price":119.5,"df_sale_price":119.5,"df_regular_price":239,"df_image_link":"https:\/\/www.erresse-shop.it\/wp-content\/uploads\/2020\/09\/tegame-basilico-40511-479-300x300.jpg","_links":{"self":[{"href":"https:\/\/www.erresse-shop.it\/es\/wp-json\/wp\/v2\/product\/120863"}],"collection":[{"href":"https:\/\/www.erresse-shop.it\/es\/wp-json\/wp\/v2\/product"}],"about":[{"href":"https:\/\/www.erresse-shop.it\/es\/wp-json\/wp\/v2\/types\/product"}],"wp:featuredmedia":[{"embeddable":true,"href":"https:\/\/www.erresse-shop.it\/es\/wp-json\/wp\/v2\/media\/120864"}],"wp:attachment":[{"href":"https:\/\/www.erresse-shop.it\/es\/wp-json\/wp\/v2\/media?parent=120863"}],"wp:term":[{"taxonomy":"product_cat","embeddable":true,"href":"https:\/\/www.erresse-shop.it\/es\/wp-json\/wp\/v2\/product_cat?post=120863"},{"taxonomy":"product_tag","embeddable":true,"href":"https:\/\/www.erresse-shop.it\/es\/wp-json\/wp\/v2\/product_tag?post=120863"}],"curies":[{"name":"wp","href":"https:\/\/api.w.org\/{rel}","templated":true}]}}