{"id":120860,"date":"2020-09-01T06:41:32","date_gmt":"2020-09-01T06:41:32","guid":{"rendered":"https:\/\/www.erresse-shop.it\/shop\/sin%20categor\u00eda\/staub-sarten-28-cm-granada\/"},"modified":"2024-07-05T13:55:45","modified_gmt":"2024-07-05T13:55:45","slug":"staub-sarten-28-cm-granada","status":"publish","type":"product","link":"https:\/\/www.erresse-shop.it\/es\/shop\/sartenes-y-ollas\/cazuelas\/staub-sarten-28-cm-granada\/","title":{"rendered":"STAUB Sart\u00e9n 28 cm Granada"},"content":{"rendered":"<p>La sart\u00e9n Staub es muy adecuada para cocinar asados, platos de verduras o pisto. Gracias a su capacidad de absorber el calor r\u00e1pidamente, la sart\u00e9n de hierro fundido es excelente para cocinar a fuego lento. El hierro fundido es bien conocido por su larga retenci\u00f3n del calor. Con su maravillosa bater\u00eda de cocina, podr\u00e1 servir a sus invitados comida deliciosa y caliente durante toda la comida.<\/p>\n<p>Uno de los desarrollos m\u00e1s innovadores de la tapa Staub es la estructura Chistera en forma de gota en la curva interior de la tapa, que recoge la condensaci\u00f3n y la distribuye uniformemente sobre los alimentos. Por ello, cocinar suculentos y tiernos trozos de carne y abundantes y arom\u00e1ticos platos de verduras es siempre un \u00e9xito.<\/p>\n<p>El revestimiento de hierro fundido esmaltado contribuye a la durabilidad de la bater\u00eda de cocina Staub y facilita su limpieza. Otra ventaja es que tambi\u00e9n ayuda a realzar el sabor de los alimentos. El efecto antiadherente tambi\u00e9n facilita la fritura y la cocci\u00f3n con poca grasa. Adecuado para todo tipo de utensilios de cocina, incluidos los de inducci\u00f3n. Utiliza este todoterreno para cocinar comida sabrosa y sana para toda la familia.<\/p>\n<p>&#8211; Ideal para cocinar a fuego lento carne, pescado o verduras<br \/>\n&#8211; Resultado de cocci\u00f3n jugoso y tierno gracias a la estructura especial de gota Chistera de la tapa<br \/>\n&#8211; El esmaltado interior negro mate es ideal para un asado especialmente crujiente y es especialmente duradero<br \/>\n&#8211; Apto para todo tipo de cocinas, incluida la de inducci\u00f3n, tambi\u00e9n puede utilizarse en el horno\/parrilla<\/p>\n<p><strong>Dimensiones<\/strong><br \/>\n&#8211; Di\u00e1metro de la base: 22,2 cm<br \/>\n&#8211; Di\u00e1metro: 28 cm<br \/>\n&#8211; Resistencia al calor: S\u00ed<br \/>\n&#8211; Altura sin tapa: 7,6 cm<br \/>\n&#8211; Altura: 12,6 cm<br \/>\n&#8211; Compatibilidad con la inducci\u00f3n: S\u00ed<br \/>\n&#8211; Longitud: 36,1 cm<br \/>\n&#8211; Volumen: 3,7 l<br \/>\n&#8211; Peso: 5,4 kg<br \/>\n&#8211; Anchura: 28 cm<\/p>\n","protected":false},"excerpt":{"rendered":"<p>La sart\u00e9n Staub es muy adecuada para cocinar asados, platos de verduras o pisto. Gracias a su capacidad de absorber<\/p>\n","protected":false},"featured_media":120861,"template":"","meta":{"_acf_changed":false,"inline_featured_image":false},"product_cat":[16072,16058],"product_tag":[16137,16158,16654,16168],"acf":[],"yoast_head":"<!-- This site is optimized with the Yoast SEO Premium plugin v18.6 (Yoast SEO v19.13) - https:\/\/yoast.com\/wordpress\/plugins\/seo\/ -->\n<title>STAUB Sart\u00e9n 28 cm Granada - Erresse Shop<\/title>\n<meta name=\"description\" content=\"La sart\u00e9n Staub es muy adecuada para cocinar asados, platos de verduras o pisto. Gracias a su capacidad de absorber el calor r\u00e1pidamente, la sart\u00e9n de\" \/>\n<meta name=\"robots\" content=\"index, follow, max-snippet:-1, max-image-preview:large, max-video-preview:-1\" \/>\n<link rel=\"canonical\" href=\"https:\/\/www.erresse-shop.it\/es\/shop\/sartenes-y-ollas\/cazuelas\/staub-sarten-28-cm-granada\/\" \/>\n<meta property=\"og:locale\" content=\"es_ES\" \/>\n<meta property=\"og:type\" content=\"article\" \/>\n<meta property=\"og:title\" content=\"STAUB Sart\u00e9n 28 cm Granada\" \/>\n<meta property=\"og:description\" content=\"La sart\u00e9n Staub es muy adecuada para cocinar asados, platos de verduras o pisto. Gracias a su capacidad de absorber el calor r\u00e1pidamente, la sart\u00e9n de\" \/>\n<meta property=\"og:url\" content=\"https:\/\/www.erresse-shop.it\/es\/shop\/sartenes-y-ollas\/cazuelas\/staub-sarten-28-cm-granada\/\" \/>\n<meta property=\"og:site_name\" content=\"Erresse Shop\" \/>\n<meta property=\"article:modified_time\" content=\"2024-07-05T13:55:45+00:00\" \/>\n<meta property=\"og:image\" content=\"https:\/\/www.erresse-shop.it\/wp-content\/uploads\/2020\/09\/tegame-granata-40511-513.jpg\" \/>\n\t<meta property=\"og:image:width\" content=\"1350\" \/>\n\t<meta property=\"og:image:height\" content=\"1350\" \/>\n\t<meta property=\"og:image:type\" content=\"image\/jpeg\" \/>\n<meta name=\"twitter:card\" content=\"summary_large_image\" \/>\n<script type=\"application\/ld+json\" class=\"yoast-schema-graph\">{\"@context\":\"https:\/\/schema.org\",\"@graph\":[{\"@type\":\"WebPage\",\"@id\":\"https:\/\/www.erresse-shop.it\/es\/shop\/sartenes-y-ollas\/cazuelas\/staub-sarten-28-cm-granada\/\",\"url\":\"https:\/\/www.erresse-shop.it\/es\/shop\/sartenes-y-ollas\/cazuelas\/staub-sarten-28-cm-granada\/\",\"name\":\"STAUB Sart\u00e9n 28 cm Granada - Erresse Shop\",\"isPartOf\":{\"@id\":\"https:\/\/www.erresse-shop.it\/es\/#website\"},\"datePublished\":\"2020-09-01T06:41:32+00:00\",\"dateModified\":\"2024-07-05T13:55:45+00:00\",\"description\":\"La sart\u00e9n Staub es muy adecuada para cocinar asados, platos de verduras o pisto. Gracias a su capacidad de absorber el calor r\u00e1pidamente, la sart\u00e9n de\",\"breadcrumb\":{\"@id\":\"https:\/\/www.erresse-shop.it\/es\/shop\/sartenes-y-ollas\/cazuelas\/staub-sarten-28-cm-granada\/#breadcrumb\"},\"inLanguage\":\"es\",\"potentialAction\":[{\"@type\":\"ReadAction\",\"target\":[\"https:\/\/www.erresse-shop.it\/es\/shop\/sartenes-y-ollas\/cazuelas\/staub-sarten-28-cm-granada\/\"]}]},{\"@type\":\"BreadcrumbList\",\"@id\":\"https:\/\/www.erresse-shop.it\/es\/shop\/sartenes-y-ollas\/cazuelas\/staub-sarten-28-cm-granada\/#breadcrumb\",\"itemListElement\":[{\"@type\":\"ListItem\",\"position\":1,\"name\":\"Home\",\"item\":\"https:\/\/www.erresse-shop.it\/es\/\"},{\"@type\":\"ListItem\",\"position\":2,\"name\":\"Shop\",\"item\":\"https:\/\/www.erresse-shop.it\/es\/shop\/\"},{\"@type\":\"ListItem\",\"position\":3,\"name\":\"STAUB Sart\u00e9n 28 cm Granada\"}]},{\"@type\":\"WebSite\",\"@id\":\"https:\/\/www.erresse-shop.it\/es\/#website\",\"url\":\"https:\/\/www.erresse-shop.it\/es\/\",\"name\":\"Erresse Shop\",\"description\":\"Articoli di qualit\u00e0 per la casa\",\"potentialAction\":[{\"@type\":\"SearchAction\",\"target\":{\"@type\":\"EntryPoint\",\"urlTemplate\":\"https:\/\/www.erresse-shop.it\/es\/?s={search_term_string}\"},\"query-input\":\"required name=search_term_string\"}],\"inLanguage\":\"es\"}]}<\/script>\n<!-- \/ Yoast SEO Premium plugin. -->","yoast_head_json":{"title":"STAUB Sart\u00e9n 28 cm Granada - Erresse Shop","description":"La sart\u00e9n Staub es muy adecuada para cocinar asados, platos de verduras o pisto. Gracias a su capacidad de absorber el calor r\u00e1pidamente, la sart\u00e9n de","robots":{"index":"index","follow":"follow","max-snippet":"max-snippet:-1","max-image-preview":"max-image-preview:large","max-video-preview":"max-video-preview:-1"},"canonical":"https:\/\/www.erresse-shop.it\/es\/shop\/sartenes-y-ollas\/cazuelas\/staub-sarten-28-cm-granada\/","og_locale":"es_ES","og_type":"article","og_title":"STAUB Sart\u00e9n 28 cm Granada","og_description":"La sart\u00e9n Staub es muy adecuada para cocinar asados, platos de verduras o pisto. Gracias a su capacidad de absorber el calor r\u00e1pidamente, la sart\u00e9n de","og_url":"https:\/\/www.erresse-shop.it\/es\/shop\/sartenes-y-ollas\/cazuelas\/staub-sarten-28-cm-granada\/","og_site_name":"Erresse Shop","article_modified_time":"2024-07-05T13:55:45+00:00","og_image":[{"width":1350,"height":1350,"url":"https:\/\/www.erresse-shop.it\/wp-content\/uploads\/2020\/09\/tegame-granata-40511-513.jpg","type":"image\/jpeg"}],"twitter_card":"summary_large_image","schema":{"@context":"https:\/\/schema.org","@graph":[{"@type":"WebPage","@id":"https:\/\/www.erresse-shop.it\/es\/shop\/sartenes-y-ollas\/cazuelas\/staub-sarten-28-cm-granada\/","url":"https:\/\/www.erresse-shop.it\/es\/shop\/sartenes-y-ollas\/cazuelas\/staub-sarten-28-cm-granada\/","name":"STAUB Sart\u00e9n 28 cm Granada - Erresse Shop","isPartOf":{"@id":"https:\/\/www.erresse-shop.it\/es\/#website"},"datePublished":"2020-09-01T06:41:32+00:00","dateModified":"2024-07-05T13:55:45+00:00","description":"La sart\u00e9n Staub es muy adecuada para cocinar asados, platos de verduras o pisto. Gracias a su capacidad de absorber el calor r\u00e1pidamente, la sart\u00e9n de","breadcrumb":{"@id":"https:\/\/www.erresse-shop.it\/es\/shop\/sartenes-y-ollas\/cazuelas\/staub-sarten-28-cm-granada\/#breadcrumb"},"inLanguage":"es","potentialAction":[{"@type":"ReadAction","target":["https:\/\/www.erresse-shop.it\/es\/shop\/sartenes-y-ollas\/cazuelas\/staub-sarten-28-cm-granada\/"]}]},{"@type":"BreadcrumbList","@id":"https:\/\/www.erresse-shop.it\/es\/shop\/sartenes-y-ollas\/cazuelas\/staub-sarten-28-cm-granada\/#breadcrumb","itemListElement":[{"@type":"ListItem","position":1,"name":"Home","item":"https:\/\/www.erresse-shop.it\/es\/"},{"@type":"ListItem","position":2,"name":"Shop","item":"https:\/\/www.erresse-shop.it\/es\/shop\/"},{"@type":"ListItem","position":3,"name":"STAUB Sart\u00e9n 28 cm Granada"}]},{"@type":"WebSite","@id":"https:\/\/www.erresse-shop.it\/es\/#website","url":"https:\/\/www.erresse-shop.it\/es\/","name":"Erresse Shop","description":"Articoli di qualit\u00e0 per la casa","potentialAction":[{"@type":"SearchAction","target":{"@type":"EntryPoint","urlTemplate":"https:\/\/www.erresse-shop.it\/es\/?s={search_term_string}"},"query-input":"required name=search_term_string"}],"inLanguage":"es"}]}},"df_price":134.5,"df_sale_price":134.5,"df_regular_price":269,"df_image_link":"https:\/\/www.erresse-shop.it\/wp-content\/uploads\/2020\/09\/tegame-granata-40511-513-300x300.jpg","_links":{"self":[{"href":"https:\/\/www.erresse-shop.it\/es\/wp-json\/wp\/v2\/product\/120860"}],"collection":[{"href":"https:\/\/www.erresse-shop.it\/es\/wp-json\/wp\/v2\/product"}],"about":[{"href":"https:\/\/www.erresse-shop.it\/es\/wp-json\/wp\/v2\/types\/product"}],"wp:featuredmedia":[{"embeddable":true,"href":"https:\/\/www.erresse-shop.it\/es\/wp-json\/wp\/v2\/media\/120861"}],"wp:attachment":[{"href":"https:\/\/www.erresse-shop.it\/es\/wp-json\/wp\/v2\/media?parent=120860"}],"wp:term":[{"taxonomy":"product_cat","embeddable":true,"href":"https:\/\/www.erresse-shop.it\/es\/wp-json\/wp\/v2\/product_cat?post=120860"},{"taxonomy":"product_tag","embeddable":true,"href":"https:\/\/www.erresse-shop.it\/es\/wp-json\/wp\/v2\/product_tag?post=120860"}],"curies":[{"name":"wp","href":"https:\/\/api.w.org\/{rel}","templated":true}]}}