{"id":120836,"date":"2020-08-28T08:59:25","date_gmt":"2020-08-28T08:59:25","guid":{"rendered":"https:\/\/www.erresse-shop.it\/shop\/sin%20categor\u00eda\/staub-cocotte-tomate-25-cm\/"},"modified":"2022-10-06T09:44:20","modified_gmt":"2022-10-06T09:44:20","slug":"staub-cocotte-tomate-25-cm","status":"publish","type":"product","link":"https:\/\/www.erresse-shop.it\/es\/shop\/sartenes-y-ollas\/marmitas-y-cocottes\/staub-cocotte-tomate-25-cm\/","title":{"rendered":"STAUB Cocotte Tomate 25 cm"},"content":{"rendered":"<p>La cocotte Staub de color rojo cereza est\u00e1 recomendada para todos los cocineros principiantes, aficionados y profesionales que aprecien un dise\u00f1o bonito y original. Su aspecto recuerda a un gran y jugoso tomate coraz\u00f3n de buey y llama la atenci\u00f3n en la cocina y en la mesa del comedor. Esta cocotte tiene un di\u00e1metro de 25 cm y una capacidad de 2,9 litros. Como todas las cocottes de Staub, est\u00e1 hecha de hierro fundido y, por lo tanto, es perfecta para crear muchas recetas diferentes. Las cocottes, originarias de Francia, son especialmente adecuadas para preparar guisos. Podr\u00e1 preparar f\u00e1cilmente platos t\u00edpicos franceses como la ternera a la Borgo\u00f1a, pero la cocotte Staub tambi\u00e9n es adecuada para preparar otros guisos como el goulash o los estofados. El hierro fundido tiene la ventaja de que se puede calentar a altas temperaturas y conserva el calor durante mucho tiempo. No se desgasta y es resistente a los ara\u00f1azos. Con la cocotte &#8220;Tomate&#8221; de color rojo cereza de Staub podr\u00e1 crear nuevas y deliciosas recetas y mimar a su familia y amigos.<\/p>\n<p>&#8211; Dise\u00f1o art\u00edstico y natural en forma de tomate<br \/>\n&#8211; Artesan\u00eda tradicional combinada con la m\u00e1s alta calidad<br \/>\n&#8211; De hierro fundido: ideal para fre\u00edr, cocinar y guisar con bajo consumo de energ\u00eda<br \/>\n&#8211; Apto para todo tipo de placas, incluidas las de inducci\u00f3n, tambi\u00e9n puede colocarse en el horno<\/p>\n<p><strong>Caracter\u00edsticas<\/strong><br \/>\n&#8211; Color: cereza<br \/>\n&#8211; Resistencia al calor (\u00b0C): 240,00 \u00baC<br \/>\n&#8211; Material: hierro fundido<br \/>\n&#8211; Tapa existente: s\u00ed<br \/>\n&#8211; Inducci\u00f3n: S\u00ed<br \/>\n&#8211; Apto para el horno: S\u00ed<br \/>\n&#8211; Apto para el congelador: S\u00ed<br \/>\n&#8211; Apto para la cocina: s\u00ed<br \/>\n&#8211; Apto para el lavavajillas: s\u00ed<\/p>\n<p><strong>Tama\u00f1o<\/strong><br \/>\n&#8211; Peso neto: 4,60 kg<br \/>\n&#8211; Capacidad: 2,90 l<br \/>\n&#8211; Longitud del producto: 32,50 cm<br \/>\n&#8211; Anchura del producto: 21,00 cm<br \/>\n&#8211; Altura del producto: 15,50 cm<br \/>\n&#8211; Altura sin tapa: 9,50 cm<br \/>\n&#8211; Di\u00e1metro superior: 25,00 cm<br \/>\n&#8211; Di\u00e1metro del fondo: 16,00 cm<br \/>\n&#8211; Longitud del mango: 2,00 cm<\/p>\n","protected":false},"excerpt":{"rendered":"<p>La cocotte Staub de color rojo cereza est\u00e1 recomendada para todos los cocineros principiantes, aficionados y profesionales que aprecien un<\/p>\n","protected":false},"featured_media":120837,"template":"","meta":{"_acf_changed":false,"inline_featured_image":false},"product_cat":[16065,16058],"product_tag":[25090,16111,16211,16781,16158,16654,25023],"acf":[],"yoast_head":"<!-- This site is optimized with the Yoast SEO Premium plugin v18.6 (Yoast SEO v19.13) - https:\/\/yoast.com\/wordpress\/plugins\/seo\/ -->\n<title>STAUB Cocotte Tomate 25 cm - Erresse Shop<\/title>\n<meta name=\"description\" content=\"La cocotte Staub de color rojo cereza est\u00e1 recomendada para todos los cocineros principiantes, aficionados y profesionales que aprecien un dise\u00f1o bonito y\" \/>\n<meta name=\"robots\" content=\"index, follow, max-snippet:-1, max-image-preview:large, max-video-preview:-1\" \/>\n<link rel=\"canonical\" href=\"https:\/\/www.erresse-shop.it\/es\/shop\/sartenes-y-ollas\/marmitas-y-cocottes\/staub-cocotte-tomate-25-cm\/\" \/>\n<meta property=\"og:locale\" content=\"es_ES\" \/>\n<meta property=\"og:type\" content=\"article\" \/>\n<meta property=\"og:title\" content=\"STAUB Cocotte Tomate 25 cm\" \/>\n<meta property=\"og:description\" content=\"La cocotte Staub de color rojo cereza est\u00e1 recomendada para todos los cocineros principiantes, aficionados y profesionales que aprecien un dise\u00f1o bonito y\" \/>\n<meta property=\"og:url\" content=\"https:\/\/www.erresse-shop.it\/es\/shop\/sartenes-y-ollas\/marmitas-y-cocottes\/staub-cocotte-tomate-25-cm\/\" \/>\n<meta property=\"og:site_name\" content=\"Erresse Shop\" \/>\n<meta property=\"article:modified_time\" content=\"2022-10-06T09:44:20+00:00\" \/>\n<meta property=\"og:image\" content=\"https:\/\/www.erresse-shop.it\/wp-content\/uploads\/2020\/08\/40511-774.jpg\" \/>\n\t<meta property=\"og:image:width\" content=\"1500\" \/>\n\t<meta property=\"og:image:height\" content=\"1044\" \/>\n\t<meta property=\"og:image:type\" content=\"image\/jpeg\" \/>\n<meta name=\"twitter:card\" content=\"summary_large_image\" \/>\n<script type=\"application\/ld+json\" class=\"yoast-schema-graph\">{\"@context\":\"https:\/\/schema.org\",\"@graph\":[{\"@type\":\"WebPage\",\"@id\":\"https:\/\/www.erresse-shop.it\/es\/shop\/sartenes-y-ollas\/marmitas-y-cocottes\/staub-cocotte-tomate-25-cm\/\",\"url\":\"https:\/\/www.erresse-shop.it\/es\/shop\/sartenes-y-ollas\/marmitas-y-cocottes\/staub-cocotte-tomate-25-cm\/\",\"name\":\"STAUB Cocotte Tomate 25 cm - Erresse Shop\",\"isPartOf\":{\"@id\":\"https:\/\/www.erresse-shop.it\/es\/#website\"},\"datePublished\":\"2020-08-28T08:59:25+00:00\",\"dateModified\":\"2022-10-06T09:44:20+00:00\",\"description\":\"La cocotte Staub de color rojo cereza est\u00e1 recomendada para todos los cocineros principiantes, aficionados y profesionales que aprecien un dise\u00f1o bonito y\",\"breadcrumb\":{\"@id\":\"https:\/\/www.erresse-shop.it\/es\/shop\/sartenes-y-ollas\/marmitas-y-cocottes\/staub-cocotte-tomate-25-cm\/#breadcrumb\"},\"inLanguage\":\"es\",\"potentialAction\":[{\"@type\":\"ReadAction\",\"target\":[\"https:\/\/www.erresse-shop.it\/es\/shop\/sartenes-y-ollas\/marmitas-y-cocottes\/staub-cocotte-tomate-25-cm\/\"]}]},{\"@type\":\"BreadcrumbList\",\"@id\":\"https:\/\/www.erresse-shop.it\/es\/shop\/sartenes-y-ollas\/marmitas-y-cocottes\/staub-cocotte-tomate-25-cm\/#breadcrumb\",\"itemListElement\":[{\"@type\":\"ListItem\",\"position\":1,\"name\":\"Home\",\"item\":\"https:\/\/www.erresse-shop.it\/es\/\"},{\"@type\":\"ListItem\",\"position\":2,\"name\":\"Shop\",\"item\":\"https:\/\/www.erresse-shop.it\/es\/shop\/\"},{\"@type\":\"ListItem\",\"position\":3,\"name\":\"STAUB Cocotte Tomate 25 cm\"}]},{\"@type\":\"WebSite\",\"@id\":\"https:\/\/www.erresse-shop.it\/es\/#website\",\"url\":\"https:\/\/www.erresse-shop.it\/es\/\",\"name\":\"Erresse Shop\",\"description\":\"Articoli di qualit\u00e0 per la casa\",\"potentialAction\":[{\"@type\":\"SearchAction\",\"target\":{\"@type\":\"EntryPoint\",\"urlTemplate\":\"https:\/\/www.erresse-shop.it\/es\/?s={search_term_string}\"},\"query-input\":\"required name=search_term_string\"}],\"inLanguage\":\"es\"}]}<\/script>\n<!-- \/ Yoast SEO Premium plugin. -->","yoast_head_json":{"title":"STAUB Cocotte Tomate 25 cm - Erresse Shop","description":"La cocotte Staub de color rojo cereza est\u00e1 recomendada para todos los cocineros principiantes, aficionados y profesionales que aprecien un dise\u00f1o bonito y","robots":{"index":"index","follow":"follow","max-snippet":"max-snippet:-1","max-image-preview":"max-image-preview:large","max-video-preview":"max-video-preview:-1"},"canonical":"https:\/\/www.erresse-shop.it\/es\/shop\/sartenes-y-ollas\/marmitas-y-cocottes\/staub-cocotte-tomate-25-cm\/","og_locale":"es_ES","og_type":"article","og_title":"STAUB Cocotte Tomate 25 cm","og_description":"La cocotte Staub de color rojo cereza est\u00e1 recomendada para todos los cocineros principiantes, aficionados y profesionales que aprecien un dise\u00f1o bonito y","og_url":"https:\/\/www.erresse-shop.it\/es\/shop\/sartenes-y-ollas\/marmitas-y-cocottes\/staub-cocotte-tomate-25-cm\/","og_site_name":"Erresse Shop","article_modified_time":"2022-10-06T09:44:20+00:00","og_image":[{"width":1500,"height":1044,"url":"https:\/\/www.erresse-shop.it\/wp-content\/uploads\/2020\/08\/40511-774.jpg","type":"image\/jpeg"}],"twitter_card":"summary_large_image","schema":{"@context":"https:\/\/schema.org","@graph":[{"@type":"WebPage","@id":"https:\/\/www.erresse-shop.it\/es\/shop\/sartenes-y-ollas\/marmitas-y-cocottes\/staub-cocotte-tomate-25-cm\/","url":"https:\/\/www.erresse-shop.it\/es\/shop\/sartenes-y-ollas\/marmitas-y-cocottes\/staub-cocotte-tomate-25-cm\/","name":"STAUB Cocotte Tomate 25 cm - Erresse Shop","isPartOf":{"@id":"https:\/\/www.erresse-shop.it\/es\/#website"},"datePublished":"2020-08-28T08:59:25+00:00","dateModified":"2022-10-06T09:44:20+00:00","description":"La cocotte Staub de color rojo cereza est\u00e1 recomendada para todos los cocineros principiantes, aficionados y profesionales que aprecien un dise\u00f1o bonito y","breadcrumb":{"@id":"https:\/\/www.erresse-shop.it\/es\/shop\/sartenes-y-ollas\/marmitas-y-cocottes\/staub-cocotte-tomate-25-cm\/#breadcrumb"},"inLanguage":"es","potentialAction":[{"@type":"ReadAction","target":["https:\/\/www.erresse-shop.it\/es\/shop\/sartenes-y-ollas\/marmitas-y-cocottes\/staub-cocotte-tomate-25-cm\/"]}]},{"@type":"BreadcrumbList","@id":"https:\/\/www.erresse-shop.it\/es\/shop\/sartenes-y-ollas\/marmitas-y-cocottes\/staub-cocotte-tomate-25-cm\/#breadcrumb","itemListElement":[{"@type":"ListItem","position":1,"name":"Home","item":"https:\/\/www.erresse-shop.it\/es\/"},{"@type":"ListItem","position":2,"name":"Shop","item":"https:\/\/www.erresse-shop.it\/es\/shop\/"},{"@type":"ListItem","position":3,"name":"STAUB Cocotte Tomate 25 cm"}]},{"@type":"WebSite","@id":"https:\/\/www.erresse-shop.it\/es\/#website","url":"https:\/\/www.erresse-shop.it\/es\/","name":"Erresse Shop","description":"Articoli di qualit\u00e0 per la casa","potentialAction":[{"@type":"SearchAction","target":{"@type":"EntryPoint","urlTemplate":"https:\/\/www.erresse-shop.it\/es\/?s={search_term_string}"},"query-input":"required name=search_term_string"}],"inLanguage":"es"}]}},"df_price":144.5,"df_sale_price":144.5,"df_regular_price":289,"df_image_link":"https:\/\/www.erresse-shop.it\/wp-content\/uploads\/2020\/08\/40511-774-300x209.jpg","_links":{"self":[{"href":"https:\/\/www.erresse-shop.it\/es\/wp-json\/wp\/v2\/product\/120836"}],"collection":[{"href":"https:\/\/www.erresse-shop.it\/es\/wp-json\/wp\/v2\/product"}],"about":[{"href":"https:\/\/www.erresse-shop.it\/es\/wp-json\/wp\/v2\/types\/product"}],"wp:featuredmedia":[{"embeddable":true,"href":"https:\/\/www.erresse-shop.it\/es\/wp-json\/wp\/v2\/media\/120837"}],"wp:attachment":[{"href":"https:\/\/www.erresse-shop.it\/es\/wp-json\/wp\/v2\/media?parent=120836"}],"wp:term":[{"taxonomy":"product_cat","embeddable":true,"href":"https:\/\/www.erresse-shop.it\/es\/wp-json\/wp\/v2\/product_cat?post=120836"},{"taxonomy":"product_tag","embeddable":true,"href":"https:\/\/www.erresse-shop.it\/es\/wp-json\/wp\/v2\/product_tag?post=120836"}],"curies":[{"name":"wp","href":"https:\/\/api.w.org\/{rel}","templated":true}]}}