{"id":120825,"date":"2020-08-28T08:35:19","date_gmt":"2020-08-28T08:35:19","guid":{"rendered":"https:\/\/www.erresse-shop.it\/shop\/sin%20categor\u00eda\/staub-cocotte-redonda-28-cm-granada\/"},"modified":"2021-12-22T16:08:58","modified_gmt":"2021-12-22T16:08:58","slug":"staub-cocotte-redonda-28-cm-granada","status":"publish","type":"product","link":"https:\/\/www.erresse-shop.it\/es\/shop\/sartenes-y-ollas\/marmitas-y-cocottes\/staub-cocotte-redonda-28-cm-granada\/","title":{"rendered":"STAUB Cocotte Redonda 28 cm Granada"},"content":{"rendered":"<p>Esta cocotte redonda de color granate crea un maravilloso ambiente festivo en la mesa. La cacerola pertenece a la popular gama La Cocotte de Staub. Como Staub se ha especializado en la producci\u00f3n de utensilios de cocina de hierro fundido durante muchos a\u00f1os, la alta calidad de sus cacerolas est\u00e1 asegurada. La cocotte tiene un di\u00e1metro de 28 cm y una altura de 18 cm, con una capacidad total de 6,7 litros. Es la opci\u00f3n perfecta para quienes les gusta cocinar ingredientes de forma lenta y saludable. Tanto si se trata de pescado, carne o verduras, el glaseado interior negro mate proporciona resultados perfectos. El excelente efecto de la cocci\u00f3n realza el sabor natural de los alimentos. Y estas propiedades mejoran con el uso. El revestimiento de la cocotte garantiza un almacenamiento eficaz del calor. El esmalte garantiza que el calor llegue constantemente a los alimentos. Esto significa que la olla mantiene la misma temperatura en todas partes. Esta cocotte tambi\u00e9n puede utilizarse en todo tipo de cocinas. D\u00e9jese sorprender por la cocotte Staub y disfrute de su facilidad de uso y limpieza, as\u00ed como de su durabilidad, mientras disfruta de unos guisos perfectamente cocinados.<\/p>\n<p>&#8211; Ideal para sellar y cocinar a fuego lento carne, pescado o verduras<br \/>\n&#8211; Para un resultado de cocci\u00f3n jugoso y tierno gracias a la tapa<br \/>\n&#8211; El esmaltado interior negro mate es ideal para un dorado especialmente crujiente y es muy duradero<br \/>\n&#8211; Apto para todo tipo de cocinas, incluida la de inducci\u00f3n, tambi\u00e9n puede utilizarse en el horno\/parrilla<\/p>\n<p><strong>Caracter\u00edsticas<\/strong><br \/>\n&#8211; Resistencia al calor (\u00b0C): 240,00 \u00baC<br \/>\n&#8211; Material: hierro fundido<br \/>\n&#8211; Tapa existente: s\u00ed<br \/>\n&#8211; Inducci\u00f3n: S\u00ed<br \/>\n&#8211; Apto para el horno: S\u00ed<br \/>\n&#8211; Apto para el congelador: S\u00ed<br \/>\n&#8211; Apto para la cocina: s\u00ed<br \/>\n&#8211; Apto para el lavavajillas: s\u00ed<\/p>\n<p><strong>Tama\u00f1o<\/strong><br \/>\n&#8211; Peso neto: 6,90 kg<br \/>\n&#8211; Capacidad: 6,70 l<br \/>\n&#8211; Longitud del producto: 35,20 cm<br \/>\n&#8211; Anchura del producto: 28,00 cm<br \/>\n&#8211; Altura del producto: 18,20 cm<br \/>\n&#8211; Altura sin tapa: 13,20 cm<br \/>\n&#8211; Di\u00e1metro superior: 28,00 cm<br \/>\n&#8211; Di\u00e1metro del fondo: 23,70 cm<br \/>\n&#8211; Longitud del mango: 3,50 cm<\/p>\n","protected":false},"excerpt":{"rendered":"<p>Esta cocotte redonda de color granate crea un maravilloso ambiente festivo en la mesa. La cacerola pertenece a la popular<\/p>\n","protected":false},"featured_media":120826,"template":"","meta":{"_acf_changed":false,"inline_featured_image":false},"product_cat":[16065,16058],"product_tag":[25090,16111,16211,16781,16158,16654,25023],"acf":[],"yoast_head":"<!-- This site is optimized with the Yoast SEO Premium plugin v18.6 (Yoast SEO v19.13) - https:\/\/yoast.com\/wordpress\/plugins\/seo\/ -->\n<title>STAUB Cocotte Redonda 28 cm Granada - Erresse Shop<\/title>\n<meta name=\"description\" content=\"Esta cocotte redonda de color granate crea un maravilloso ambiente festivo en la mesa. La cacerola pertenece a la popular gama La Cocotte de Staub. Como\" \/>\n<meta name=\"robots\" content=\"index, follow, max-snippet:-1, max-image-preview:large, max-video-preview:-1\" \/>\n<link rel=\"canonical\" href=\"https:\/\/www.erresse-shop.it\/es\/shop\/sartenes-y-ollas\/marmitas-y-cocottes\/staub-cocotte-redonda-28-cm-granada\/\" \/>\n<meta property=\"og:locale\" content=\"es_ES\" \/>\n<meta property=\"og:type\" content=\"article\" \/>\n<meta property=\"og:title\" content=\"STAUB Cocotte Redonda 28 cm Granada\" \/>\n<meta property=\"og:description\" content=\"Esta cocotte redonda de color granate crea un maravilloso ambiente festivo en la mesa. La cacerola pertenece a la popular gama La Cocotte de Staub. Como\" \/>\n<meta property=\"og:url\" content=\"https:\/\/www.erresse-shop.it\/es\/shop\/sartenes-y-ollas\/marmitas-y-cocottes\/staub-cocotte-redonda-28-cm-granada\/\" \/>\n<meta property=\"og:site_name\" content=\"Erresse Shop\" \/>\n<meta property=\"article:modified_time\" content=\"2021-12-22T16:08:58+00:00\" \/>\n<meta property=\"og:image\" content=\"https:\/\/www.erresse-shop.it\/wp-content\/uploads\/2020\/08\/tonda-granata.jpg\" \/>\n\t<meta property=\"og:image:width\" content=\"550\" \/>\n\t<meta property=\"og:image:height\" content=\"433\" \/>\n\t<meta property=\"og:image:type\" content=\"image\/jpeg\" \/>\n<meta name=\"twitter:card\" content=\"summary_large_image\" \/>\n<script type=\"application\/ld+json\" class=\"yoast-schema-graph\">{\"@context\":\"https:\/\/schema.org\",\"@graph\":[{\"@type\":\"WebPage\",\"@id\":\"https:\/\/www.erresse-shop.it\/es\/shop\/sartenes-y-ollas\/marmitas-y-cocottes\/staub-cocotte-redonda-28-cm-granada\/\",\"url\":\"https:\/\/www.erresse-shop.it\/es\/shop\/sartenes-y-ollas\/marmitas-y-cocottes\/staub-cocotte-redonda-28-cm-granada\/\",\"name\":\"STAUB Cocotte Redonda 28 cm Granada - Erresse Shop\",\"isPartOf\":{\"@id\":\"https:\/\/www.erresse-shop.it\/es\/#website\"},\"datePublished\":\"2020-08-28T08:35:19+00:00\",\"dateModified\":\"2021-12-22T16:08:58+00:00\",\"description\":\"Esta cocotte redonda de color granate crea un maravilloso ambiente festivo en la mesa. La cacerola pertenece a la popular gama La Cocotte de Staub. Como\",\"breadcrumb\":{\"@id\":\"https:\/\/www.erresse-shop.it\/es\/shop\/sartenes-y-ollas\/marmitas-y-cocottes\/staub-cocotte-redonda-28-cm-granada\/#breadcrumb\"},\"inLanguage\":\"es\",\"potentialAction\":[{\"@type\":\"ReadAction\",\"target\":[\"https:\/\/www.erresse-shop.it\/es\/shop\/sartenes-y-ollas\/marmitas-y-cocottes\/staub-cocotte-redonda-28-cm-granada\/\"]}]},{\"@type\":\"BreadcrumbList\",\"@id\":\"https:\/\/www.erresse-shop.it\/es\/shop\/sartenes-y-ollas\/marmitas-y-cocottes\/staub-cocotte-redonda-28-cm-granada\/#breadcrumb\",\"itemListElement\":[{\"@type\":\"ListItem\",\"position\":1,\"name\":\"Home\",\"item\":\"https:\/\/www.erresse-shop.it\/es\/\"},{\"@type\":\"ListItem\",\"position\":2,\"name\":\"Shop\",\"item\":\"https:\/\/www.erresse-shop.it\/es\/shop\/\"},{\"@type\":\"ListItem\",\"position\":3,\"name\":\"STAUB Cocotte Redonda 28 cm Granada\"}]},{\"@type\":\"WebSite\",\"@id\":\"https:\/\/www.erresse-shop.it\/es\/#website\",\"url\":\"https:\/\/www.erresse-shop.it\/es\/\",\"name\":\"Erresse Shop\",\"description\":\"Articoli di qualit\u00e0 per la casa\",\"potentialAction\":[{\"@type\":\"SearchAction\",\"target\":{\"@type\":\"EntryPoint\",\"urlTemplate\":\"https:\/\/www.erresse-shop.it\/es\/?s={search_term_string}\"},\"query-input\":\"required name=search_term_string\"}],\"inLanguage\":\"es\"}]}<\/script>\n<!-- \/ Yoast SEO Premium plugin. -->","yoast_head_json":{"title":"STAUB Cocotte Redonda 28 cm Granada - Erresse Shop","description":"Esta cocotte redonda de color granate crea un maravilloso ambiente festivo en la mesa. La cacerola pertenece a la popular gama La Cocotte de Staub. Como","robots":{"index":"index","follow":"follow","max-snippet":"max-snippet:-1","max-image-preview":"max-image-preview:large","max-video-preview":"max-video-preview:-1"},"canonical":"https:\/\/www.erresse-shop.it\/es\/shop\/sartenes-y-ollas\/marmitas-y-cocottes\/staub-cocotte-redonda-28-cm-granada\/","og_locale":"es_ES","og_type":"article","og_title":"STAUB Cocotte Redonda 28 cm Granada","og_description":"Esta cocotte redonda de color granate crea un maravilloso ambiente festivo en la mesa. La cacerola pertenece a la popular gama La Cocotte de Staub. Como","og_url":"https:\/\/www.erresse-shop.it\/es\/shop\/sartenes-y-ollas\/marmitas-y-cocottes\/staub-cocotte-redonda-28-cm-granada\/","og_site_name":"Erresse Shop","article_modified_time":"2021-12-22T16:08:58+00:00","og_image":[{"width":550,"height":433,"url":"https:\/\/www.erresse-shop.it\/wp-content\/uploads\/2020\/08\/tonda-granata.jpg","type":"image\/jpeg"}],"twitter_card":"summary_large_image","schema":{"@context":"https:\/\/schema.org","@graph":[{"@type":"WebPage","@id":"https:\/\/www.erresse-shop.it\/es\/shop\/sartenes-y-ollas\/marmitas-y-cocottes\/staub-cocotte-redonda-28-cm-granada\/","url":"https:\/\/www.erresse-shop.it\/es\/shop\/sartenes-y-ollas\/marmitas-y-cocottes\/staub-cocotte-redonda-28-cm-granada\/","name":"STAUB Cocotte Redonda 28 cm Granada - Erresse Shop","isPartOf":{"@id":"https:\/\/www.erresse-shop.it\/es\/#website"},"datePublished":"2020-08-28T08:35:19+00:00","dateModified":"2021-12-22T16:08:58+00:00","description":"Esta cocotte redonda de color granate crea un maravilloso ambiente festivo en la mesa. La cacerola pertenece a la popular gama La Cocotte de Staub. Como","breadcrumb":{"@id":"https:\/\/www.erresse-shop.it\/es\/shop\/sartenes-y-ollas\/marmitas-y-cocottes\/staub-cocotte-redonda-28-cm-granada\/#breadcrumb"},"inLanguage":"es","potentialAction":[{"@type":"ReadAction","target":["https:\/\/www.erresse-shop.it\/es\/shop\/sartenes-y-ollas\/marmitas-y-cocottes\/staub-cocotte-redonda-28-cm-granada\/"]}]},{"@type":"BreadcrumbList","@id":"https:\/\/www.erresse-shop.it\/es\/shop\/sartenes-y-ollas\/marmitas-y-cocottes\/staub-cocotte-redonda-28-cm-granada\/#breadcrumb","itemListElement":[{"@type":"ListItem","position":1,"name":"Home","item":"https:\/\/www.erresse-shop.it\/es\/"},{"@type":"ListItem","position":2,"name":"Shop","item":"https:\/\/www.erresse-shop.it\/es\/shop\/"},{"@type":"ListItem","position":3,"name":"STAUB Cocotte Redonda 28 cm Granada"}]},{"@type":"WebSite","@id":"https:\/\/www.erresse-shop.it\/es\/#website","url":"https:\/\/www.erresse-shop.it\/es\/","name":"Erresse Shop","description":"Articoli di qualit\u00e0 per la casa","potentialAction":[{"@type":"SearchAction","target":{"@type":"EntryPoint","urlTemplate":"https:\/\/www.erresse-shop.it\/es\/?s={search_term_string}"},"query-input":"required name=search_term_string"}],"inLanguage":"es"}]}},"df_price":184.5,"df_sale_price":184.5,"df_regular_price":369,"df_image_link":"https:\/\/www.erresse-shop.it\/wp-content\/uploads\/2020\/08\/tonda-granata-300x236.jpg","_links":{"self":[{"href":"https:\/\/www.erresse-shop.it\/es\/wp-json\/wp\/v2\/product\/120825"}],"collection":[{"href":"https:\/\/www.erresse-shop.it\/es\/wp-json\/wp\/v2\/product"}],"about":[{"href":"https:\/\/www.erresse-shop.it\/es\/wp-json\/wp\/v2\/types\/product"}],"wp:featuredmedia":[{"embeddable":true,"href":"https:\/\/www.erresse-shop.it\/es\/wp-json\/wp\/v2\/media\/120826"}],"wp:attachment":[{"href":"https:\/\/www.erresse-shop.it\/es\/wp-json\/wp\/v2\/media?parent=120825"}],"wp:term":[{"taxonomy":"product_cat","embeddable":true,"href":"https:\/\/www.erresse-shop.it\/es\/wp-json\/wp\/v2\/product_cat?post=120825"},{"taxonomy":"product_tag","embeddable":true,"href":"https:\/\/www.erresse-shop.it\/es\/wp-json\/wp\/v2\/product_tag?post=120825"}],"curies":[{"name":"wp","href":"https:\/\/api.w.org\/{rel}","templated":true}]}}