{"id":120808,"date":"2018-02-15T09:32:46","date_gmt":"2018-02-15T09:32:46","guid":{"rendered":"https:\/\/www.erresse-shop.it\/shop\/sin%20categor\u00eda\/staub-wok-con-tapa-en-vidrio-30-cm-gris-grafito\/"},"modified":"2024-07-05T13:55:44","modified_gmt":"2024-07-05T13:55:44","slug":"staub-wok-con-tapa-en-vidrio-30-cm-gris-grafito","status":"publish","type":"product","link":"https:\/\/www.erresse-shop.it\/es\/shop\/sartenes-y-ollas\/wok-es\/staub-wok-con-tapa-en-vidrio-30-cm-gris-grafito\/","title":{"rendered":"STAUB Wok con Tapa en Vidrio 30 cm Gris Grafito"},"content":{"rendered":"<p>El wok redondo de color gris grafito tiene un dise\u00f1o sencillo y es ideal para servir los platos en la mesa. Este utensilio de cocina de hierro fundido puede utilizarse para saltear o cocinar suavemente, manteniendo la carne suculenta y las verduras frescas y firmes. El wok de 30 cm de di\u00e1metro tambi\u00e9n es ideal para saltear y cocinar a fuego lento. El wok de hierro fundido Staub puede utilizarse en todo tipo de placas, incluidas las de inducci\u00f3n. Las dos asas a ambos lados del wok facilitan su traslado al horno para seguir cocinando o mantener la comida caliente. Una tapa de cristal ahorra agua y energ\u00eda y permite una inspecci\u00f3n visual constante de los alimentos que se est\u00e1n cocinando. La tapa tiene un pr\u00e1ctico pomo para levantar y remover los alimentos; las superficies resistentes a los ara\u00f1azos del wok hacen el resto. Los utensilios de cocina Staub no s\u00f3lo son populares entre los reci\u00e9n llegados a la cocina. Chefs de renombre conf\u00edan en la calidad de estos art\u00edculos. Puede contar con una bater\u00eda de cocina que retiene y distribuye el calor de forma lenta y uniforme, facilitando la cocci\u00f3n. Con el wok se pueden preparar recetas asi\u00e1ticas deliciosas, nutritivas y bajas en grasas.<\/p>\n<p>&#8211; Vers\u00e1til para cocinar a la plancha, a la parrilla o al vapor<br \/>\n&#8211; Compacto y ligero<br \/>\n&#8211; El esmaltado interior negro mate es ideal para un braseado especialmente crujiente y es muy duradero<br \/>\n&#8211; Apto para todo tipo de placas, incluida la de inducci\u00f3n, y tambi\u00e9n puede colocarse en el horno\/parrilla<\/p>\n<p><strong>Caracter\u00edsticas<\/strong><br \/>\n&#8211; Material: hierro fundido<br \/>\n&#8211; Tipo de asa: asa lateral<br \/>\n&#8211; Tapa existente: s\u00ed<br \/>\n&#8211; Inducci\u00f3n: S\u00ed<br \/>\n&#8211; Apto para el horno: S\u00ed<br \/>\n&#8211; Apto para microondas: S\u00ed<br \/>\n&#8211; Apto para el congelador: s\u00ed<br \/>\n&#8211; Apto para la cocina: s\u00ed<br \/>\n&#8211; Apto para el lavavajillas: S\u00ed<\/p>\n<p><strong>Tama\u00f1o<\/strong><br \/>\n&#8211; Peso neto: 4,27 kg<br \/>\n&#8211; Capacidad: 4,19 l<br \/>\n&#8211; Longitud del producto: 38,50 cm<br \/>\n&#8211; Anchura del producto: 30,00 cm<br \/>\n&#8211; Altura del producto: 12,00 cm<br \/>\n&#8211; Altura sin tapa: 8,50 cm<br \/>\n&#8211; Di\u00e1metro superior: 30,00 cm<br \/>\n&#8211; Di\u00e1metro del fondo: 15,50 cm<\/p>\n","protected":false},"excerpt":{"rendered":"<p>El wok redondo de color gris grafito tiene un dise\u00f1o sencillo y es ideal para servir los platos en la<\/p>\n","protected":false},"featured_media":506834,"template":"","meta":{"_acf_changed":false,"inline_featured_image":false},"product_cat":[16058,16062],"product_tag":[25090,16211,16248,16158,16654,25023],"acf":[],"yoast_head":"<!-- This site is optimized with the Yoast SEO Premium plugin v18.6 (Yoast SEO v19.13) - https:\/\/yoast.com\/wordpress\/plugins\/seo\/ -->\n<title>STAUB Wok con Tapa en Vidrio 30 cm Gris Grafito - Erresse Shop<\/title>\n<meta name=\"description\" content=\"El wok redondo de color gris grafito tiene un dise\u00f1o sencillo y es ideal para servir los platos en la mesa. Este utensilio de cocina de hierro fundido\" \/>\n<meta name=\"robots\" content=\"index, follow, max-snippet:-1, max-image-preview:large, max-video-preview:-1\" \/>\n<link rel=\"canonical\" href=\"https:\/\/www.erresse-shop.it\/es\/shop\/sartenes-y-ollas\/wok-es\/staub-wok-con-tapa-en-vidrio-30-cm-gris-grafito\/\" \/>\n<meta property=\"og:locale\" content=\"es_ES\" \/>\n<meta property=\"og:type\" content=\"article\" \/>\n<meta property=\"og:title\" content=\"STAUB Wok con Tapa en Vidrio 30 cm Gris Grafito\" \/>\n<meta property=\"og:description\" content=\"El wok redondo de color gris grafito tiene un dise\u00f1o sencillo y es ideal para servir los platos en la mesa. Este utensilio de cocina de hierro fundido\" \/>\n<meta property=\"og:url\" content=\"https:\/\/www.erresse-shop.it\/es\/shop\/sartenes-y-ollas\/wok-es\/staub-wok-con-tapa-en-vidrio-30-cm-gris-grafito\/\" \/>\n<meta property=\"og:site_name\" content=\"Erresse Shop\" \/>\n<meta property=\"article:modified_time\" content=\"2024-07-05T13:55:44+00:00\" \/>\n<meta property=\"og:image\" content=\"https:\/\/www.erresse-shop.it\/wp-content\/uploads\/2018\/04\/products-wok-30-grey.jpg\" \/>\n\t<meta property=\"og:image:width\" content=\"986\" \/>\n\t<meta property=\"og:image:height\" content=\"545\" \/>\n\t<meta property=\"og:image:type\" content=\"image\/jpeg\" \/>\n<meta name=\"twitter:card\" content=\"summary_large_image\" \/>\n<script type=\"application\/ld+json\" class=\"yoast-schema-graph\">{\"@context\":\"https:\/\/schema.org\",\"@graph\":[{\"@type\":\"WebPage\",\"@id\":\"https:\/\/www.erresse-shop.it\/es\/shop\/sartenes-y-ollas\/wok-es\/staub-wok-con-tapa-en-vidrio-30-cm-gris-grafito\/\",\"url\":\"https:\/\/www.erresse-shop.it\/es\/shop\/sartenes-y-ollas\/wok-es\/staub-wok-con-tapa-en-vidrio-30-cm-gris-grafito\/\",\"name\":\"STAUB Wok con Tapa en Vidrio 30 cm Gris Grafito - Erresse Shop\",\"isPartOf\":{\"@id\":\"https:\/\/www.erresse-shop.it\/es\/#website\"},\"datePublished\":\"2018-02-15T09:32:46+00:00\",\"dateModified\":\"2024-07-05T13:55:44+00:00\",\"description\":\"El wok redondo de color gris grafito tiene un dise\u00f1o sencillo y es ideal para servir los platos en la mesa. Este utensilio de cocina de hierro fundido\",\"breadcrumb\":{\"@id\":\"https:\/\/www.erresse-shop.it\/es\/shop\/sartenes-y-ollas\/wok-es\/staub-wok-con-tapa-en-vidrio-30-cm-gris-grafito\/#breadcrumb\"},\"inLanguage\":\"es\",\"potentialAction\":[{\"@type\":\"ReadAction\",\"target\":[\"https:\/\/www.erresse-shop.it\/es\/shop\/sartenes-y-ollas\/wok-es\/staub-wok-con-tapa-en-vidrio-30-cm-gris-grafito\/\"]}]},{\"@type\":\"BreadcrumbList\",\"@id\":\"https:\/\/www.erresse-shop.it\/es\/shop\/sartenes-y-ollas\/wok-es\/staub-wok-con-tapa-en-vidrio-30-cm-gris-grafito\/#breadcrumb\",\"itemListElement\":[{\"@type\":\"ListItem\",\"position\":1,\"name\":\"Home\",\"item\":\"https:\/\/www.erresse-shop.it\/es\/\"},{\"@type\":\"ListItem\",\"position\":2,\"name\":\"Shop\",\"item\":\"https:\/\/www.erresse-shop.it\/es\/shop\/\"},{\"@type\":\"ListItem\",\"position\":3,\"name\":\"STAUB Wok con Tapa en Vidrio 30 cm Gris Grafito\"}]},{\"@type\":\"WebSite\",\"@id\":\"https:\/\/www.erresse-shop.it\/es\/#website\",\"url\":\"https:\/\/www.erresse-shop.it\/es\/\",\"name\":\"Erresse Shop\",\"description\":\"Articoli di qualit\u00e0 per la casa\",\"potentialAction\":[{\"@type\":\"SearchAction\",\"target\":{\"@type\":\"EntryPoint\",\"urlTemplate\":\"https:\/\/www.erresse-shop.it\/es\/?s={search_term_string}\"},\"query-input\":\"required name=search_term_string\"}],\"inLanguage\":\"es\"}]}<\/script>\n<!-- \/ Yoast SEO Premium plugin. -->","yoast_head_json":{"title":"STAUB Wok con Tapa en Vidrio 30 cm Gris Grafito - Erresse Shop","description":"El wok redondo de color gris grafito tiene un dise\u00f1o sencillo y es ideal para servir los platos en la mesa. Este utensilio de cocina de hierro fundido","robots":{"index":"index","follow":"follow","max-snippet":"max-snippet:-1","max-image-preview":"max-image-preview:large","max-video-preview":"max-video-preview:-1"},"canonical":"https:\/\/www.erresse-shop.it\/es\/shop\/sartenes-y-ollas\/wok-es\/staub-wok-con-tapa-en-vidrio-30-cm-gris-grafito\/","og_locale":"es_ES","og_type":"article","og_title":"STAUB Wok con Tapa en Vidrio 30 cm Gris Grafito","og_description":"El wok redondo de color gris grafito tiene un dise\u00f1o sencillo y es ideal para servir los platos en la mesa. Este utensilio de cocina de hierro fundido","og_url":"https:\/\/www.erresse-shop.it\/es\/shop\/sartenes-y-ollas\/wok-es\/staub-wok-con-tapa-en-vidrio-30-cm-gris-grafito\/","og_site_name":"Erresse Shop","article_modified_time":"2024-07-05T13:55:44+00:00","og_image":[{"width":986,"height":545,"url":"https:\/\/www.erresse-shop.it\/wp-content\/uploads\/2018\/04\/products-wok-30-grey.jpg","type":"image\/jpeg"}],"twitter_card":"summary_large_image","schema":{"@context":"https:\/\/schema.org","@graph":[{"@type":"WebPage","@id":"https:\/\/www.erresse-shop.it\/es\/shop\/sartenes-y-ollas\/wok-es\/staub-wok-con-tapa-en-vidrio-30-cm-gris-grafito\/","url":"https:\/\/www.erresse-shop.it\/es\/shop\/sartenes-y-ollas\/wok-es\/staub-wok-con-tapa-en-vidrio-30-cm-gris-grafito\/","name":"STAUB Wok con Tapa en Vidrio 30 cm Gris Grafito - Erresse Shop","isPartOf":{"@id":"https:\/\/www.erresse-shop.it\/es\/#website"},"datePublished":"2018-02-15T09:32:46+00:00","dateModified":"2024-07-05T13:55:44+00:00","description":"El wok redondo de color gris grafito tiene un dise\u00f1o sencillo y es ideal para servir los platos en la mesa. Este utensilio de cocina de hierro fundido","breadcrumb":{"@id":"https:\/\/www.erresse-shop.it\/es\/shop\/sartenes-y-ollas\/wok-es\/staub-wok-con-tapa-en-vidrio-30-cm-gris-grafito\/#breadcrumb"},"inLanguage":"es","potentialAction":[{"@type":"ReadAction","target":["https:\/\/www.erresse-shop.it\/es\/shop\/sartenes-y-ollas\/wok-es\/staub-wok-con-tapa-en-vidrio-30-cm-gris-grafito\/"]}]},{"@type":"BreadcrumbList","@id":"https:\/\/www.erresse-shop.it\/es\/shop\/sartenes-y-ollas\/wok-es\/staub-wok-con-tapa-en-vidrio-30-cm-gris-grafito\/#breadcrumb","itemListElement":[{"@type":"ListItem","position":1,"name":"Home","item":"https:\/\/www.erresse-shop.it\/es\/"},{"@type":"ListItem","position":2,"name":"Shop","item":"https:\/\/www.erresse-shop.it\/es\/shop\/"},{"@type":"ListItem","position":3,"name":"STAUB Wok con Tapa en Vidrio 30 cm Gris Grafito"}]},{"@type":"WebSite","@id":"https:\/\/www.erresse-shop.it\/es\/#website","url":"https:\/\/www.erresse-shop.it\/es\/","name":"Erresse Shop","description":"Articoli di qualit\u00e0 per la casa","potentialAction":[{"@type":"SearchAction","target":{"@type":"EntryPoint","urlTemplate":"https:\/\/www.erresse-shop.it\/es\/?s={search_term_string}"},"query-input":"required name=search_term_string"}],"inLanguage":"es"}]}},"df_price":134.95,"df_sale_price":134.95,"df_regular_price":209,"df_image_link":"https:\/\/www.erresse-shop.it\/wp-content\/uploads\/2018\/02\/STAUB-Wok-con-Coperchio-in-Vetro-30-cm-Nero-1-1-300x300.jpg","_links":{"self":[{"href":"https:\/\/www.erresse-shop.it\/es\/wp-json\/wp\/v2\/product\/120808"}],"collection":[{"href":"https:\/\/www.erresse-shop.it\/es\/wp-json\/wp\/v2\/product"}],"about":[{"href":"https:\/\/www.erresse-shop.it\/es\/wp-json\/wp\/v2\/types\/product"}],"wp:featuredmedia":[{"embeddable":true,"href":"https:\/\/www.erresse-shop.it\/es\/wp-json\/wp\/v2\/media\/506834"}],"wp:attachment":[{"href":"https:\/\/www.erresse-shop.it\/es\/wp-json\/wp\/v2\/media?parent=120808"}],"wp:term":[{"taxonomy":"product_cat","embeddable":true,"href":"https:\/\/www.erresse-shop.it\/es\/wp-json\/wp\/v2\/product_cat?post=120808"},{"taxonomy":"product_tag","embeddable":true,"href":"https:\/\/www.erresse-shop.it\/es\/wp-json\/wp\/v2\/product_tag?post=120808"}],"curies":[{"name":"wp","href":"https:\/\/api.w.org\/{rel}","templated":true}]}}