{"id":120806,"date":"2020-02-11T15:34:01","date_gmt":"2020-02-11T15:34:01","guid":{"rendered":"https:\/\/www.erresse-shop.it\/shop\/sin%20categor\u00eda\/staub-wok-con-tapa-en-vidrio-30-cm-cereza\/"},"modified":"2024-07-05T13:55:44","modified_gmt":"2024-07-05T13:55:44","slug":"staub-wok-con-tapa-en-vidrio-30-cm-cereza","status":"publish","type":"product","link":"https:\/\/www.erresse-shop.it\/es\/shop\/sartenes-y-ollas\/wok-es\/staub-wok-con-tapa-en-vidrio-30-cm-cereza\/","title":{"rendered":"STAUB Wok con Tapa en Vidrio 30 cm Cereza"},"content":{"rendered":"<p>Con el wok de STAUB, puede preparar recetas tradicionales de pescado, carne, tofu o verduras de la cocina asi\u00e1tica: los ingredientes se cocinan con especial rapidez, ya que se remueven y giran constantemente, y entran en contacto con el hierro fundido caliente por todos los lados. Con este m\u00e9todo de preparaci\u00f3n, las verduras quedan crujientes y los alimentos contienen m\u00e1s nutrientes y vitaminas que con la cocci\u00f3n convencional en una olla. Adem\u00e1s de los fideos de arroz o las verduras salteadas, tambi\u00e9n se pueden preparar guarniciones y, con la ayuda de la parrilla, las bolas de masa rellenas pueden cocinarse f\u00e1cilmente al vapor mientras se cocina otra cosa. La parrilla tambi\u00e9n puede utilizarse como estante para escurrir los alimentos fritos, como los rollitos de primavera. El wok de hierro fundido es apto para su uso en todas las cocinas y en el horno. Este material no s\u00f3lo conduce el calor de forma \u00f3ptima, sino que tambi\u00e9n lo almacena y, por tanto, permite cocinar ahorrando energ\u00eda.<\/p>\n<p>&#8211; Para ricos platos de verduras, pescado, carne y tofu en la cocina asi\u00e1tica.<br \/>\n&#8211; Apto para placas el\u00e9ctricas, de gas, hal\u00f3genas, vitrocer\u00e1micas, de inducci\u00f3n y de horno<br \/>\n&#8211; Pr\u00e1ctica tapa de cristal para controlar el proceso de cocci\u00f3n<br \/>\n&#8211; Cocina de bajo consumo<br \/>\n&#8211; Dimensiones con asas y tapa (ancho x alto): 38,5 x 12 cm, di\u00e1metro: 30 cm, fondo: 15,5 cm<br \/>\n&#8211; Peso con tapa: 4,27 kg<\/p>\n<p><strong>Caracter\u00edsticas<\/strong><br \/>\n&#8211; Resistencia al calor (\u00b0C): 240,00 \u00baC<br \/>\n&#8211; Resistencia al fr\u00edo: -20,00 \u00baC<br \/>\n&#8211; Material: hierro fundido<br \/>\n&#8211; Tipo de asa: asa lateral<br \/>\n&#8211; Tapa existente: s\u00ed<br \/>\n&#8211; Inducci\u00f3n: S\u00ed<br \/>\n&#8211; Apto para el horno: S\u00ed<br \/>\n&#8211; Apto para el congelador: s\u00ed<br \/>\n&#8211; Apto para la cocina: s\u00ed<br \/>\n&#8211; Apto para el lavavajillas: s\u00ed<\/p>\n<p><strong>Dimensiones<\/strong><br \/>\n&#8211; Peso neto: 4,27 kg<br \/>\n&#8211; Capacidad: 4,19 l<br \/>\n&#8211; Longitud del producto: 38,50 cm<br \/>\n&#8211; Anchura del producto: 30,00 cm<br \/>\n&#8211; Altura del producto: 12,00 cm<br \/>\n&#8211; Altura sin tapa: 8,50 cm<br \/>\n&#8211; Di\u00e1metro superior: 30,00 cm<br \/>\n&#8211; Di\u00e1metro del fondo: 15,50 cm<br \/>\n&#8211; Longitud del mango: 4,00 cm<\/p>\n","protected":false},"excerpt":{"rendered":"<p>Con el wok de STAUB, puede preparar recetas tradicionales de pescado, carne, tofu o verduras de la cocina asi\u00e1tica: los<\/p>\n","protected":false},"featured_media":120807,"template":"","meta":{"_acf_changed":false,"inline_featured_image":false},"product_cat":[16058,16062],"product_tag":[25090,16211,16248,16158,16654,25023,16239],"acf":[],"yoast_head":"<!-- This site is optimized with the Yoast SEO Premium plugin v18.6 (Yoast SEO v19.13) - https:\/\/yoast.com\/wordpress\/plugins\/seo\/ -->\n<title>STAUB Wok con Tapa en Vidrio 30 cm Cereza - Erresse Shop<\/title>\n<meta name=\"description\" content=\"Con el wok de STAUB, puede preparar recetas tradicionales de pescado, carne, tofu o verduras de la cocina asi\u00e1tica: los ingredientes se cocinan con\" \/>\n<meta name=\"robots\" content=\"index, follow, max-snippet:-1, max-image-preview:large, max-video-preview:-1\" \/>\n<link rel=\"canonical\" href=\"https:\/\/www.erresse-shop.it\/es\/shop\/sartenes-y-ollas\/wok-es\/staub-wok-con-tapa-en-vidrio-30-cm-cereza\/\" \/>\n<meta property=\"og:locale\" content=\"es_ES\" \/>\n<meta property=\"og:type\" content=\"article\" \/>\n<meta property=\"og:title\" content=\"STAUB Wok con Tapa en Vidrio 30 cm Cereza\" \/>\n<meta property=\"og:description\" content=\"Con el wok de STAUB, puede preparar recetas tradicionales de pescado, carne, tofu o verduras de la cocina asi\u00e1tica: los ingredientes se cocinan con\" \/>\n<meta property=\"og:url\" content=\"https:\/\/www.erresse-shop.it\/es\/shop\/sartenes-y-ollas\/wok-es\/staub-wok-con-tapa-en-vidrio-30-cm-cereza\/\" \/>\n<meta property=\"og:site_name\" content=\"Erresse Shop\" \/>\n<meta property=\"article:modified_time\" content=\"2024-07-05T13:55:44+00:00\" \/>\n<meta property=\"og:image\" content=\"https:\/\/www.erresse-shop.it\/wp-content\/uploads\/2020\/02\/40511-345.jpg\" \/>\n\t<meta property=\"og:image:width\" content=\"500\" \/>\n\t<meta property=\"og:image:height\" content=\"500\" \/>\n\t<meta property=\"og:image:type\" content=\"image\/jpeg\" \/>\n<meta name=\"twitter:card\" content=\"summary_large_image\" \/>\n<script type=\"application\/ld+json\" class=\"yoast-schema-graph\">{\"@context\":\"https:\/\/schema.org\",\"@graph\":[{\"@type\":\"WebPage\",\"@id\":\"https:\/\/www.erresse-shop.it\/es\/shop\/sartenes-y-ollas\/wok-es\/staub-wok-con-tapa-en-vidrio-30-cm-cereza\/\",\"url\":\"https:\/\/www.erresse-shop.it\/es\/shop\/sartenes-y-ollas\/wok-es\/staub-wok-con-tapa-en-vidrio-30-cm-cereza\/\",\"name\":\"STAUB Wok con Tapa en Vidrio 30 cm Cereza - Erresse Shop\",\"isPartOf\":{\"@id\":\"https:\/\/www.erresse-shop.it\/es\/#website\"},\"datePublished\":\"2020-02-11T15:34:01+00:00\",\"dateModified\":\"2024-07-05T13:55:44+00:00\",\"description\":\"Con el wok de STAUB, puede preparar recetas tradicionales de pescado, carne, tofu o verduras de la cocina asi\u00e1tica: los ingredientes se cocinan con\",\"breadcrumb\":{\"@id\":\"https:\/\/www.erresse-shop.it\/es\/shop\/sartenes-y-ollas\/wok-es\/staub-wok-con-tapa-en-vidrio-30-cm-cereza\/#breadcrumb\"},\"inLanguage\":\"es\",\"potentialAction\":[{\"@type\":\"ReadAction\",\"target\":[\"https:\/\/www.erresse-shop.it\/es\/shop\/sartenes-y-ollas\/wok-es\/staub-wok-con-tapa-en-vidrio-30-cm-cereza\/\"]}]},{\"@type\":\"BreadcrumbList\",\"@id\":\"https:\/\/www.erresse-shop.it\/es\/shop\/sartenes-y-ollas\/wok-es\/staub-wok-con-tapa-en-vidrio-30-cm-cereza\/#breadcrumb\",\"itemListElement\":[{\"@type\":\"ListItem\",\"position\":1,\"name\":\"Home\",\"item\":\"https:\/\/www.erresse-shop.it\/es\/\"},{\"@type\":\"ListItem\",\"position\":2,\"name\":\"Shop\",\"item\":\"https:\/\/www.erresse-shop.it\/es\/shop\/\"},{\"@type\":\"ListItem\",\"position\":3,\"name\":\"STAUB Wok con Tapa en Vidrio 30 cm Cereza\"}]},{\"@type\":\"WebSite\",\"@id\":\"https:\/\/www.erresse-shop.it\/es\/#website\",\"url\":\"https:\/\/www.erresse-shop.it\/es\/\",\"name\":\"Erresse Shop\",\"description\":\"Articoli di qualit\u00e0 per la casa\",\"potentialAction\":[{\"@type\":\"SearchAction\",\"target\":{\"@type\":\"EntryPoint\",\"urlTemplate\":\"https:\/\/www.erresse-shop.it\/es\/?s={search_term_string}\"},\"query-input\":\"required name=search_term_string\"}],\"inLanguage\":\"es\"}]}<\/script>\n<!-- \/ Yoast SEO Premium plugin. -->","yoast_head_json":{"title":"STAUB Wok con Tapa en Vidrio 30 cm Cereza - Erresse Shop","description":"Con el wok de STAUB, puede preparar recetas tradicionales de pescado, carne, tofu o verduras de la cocina asi\u00e1tica: los ingredientes se cocinan con","robots":{"index":"index","follow":"follow","max-snippet":"max-snippet:-1","max-image-preview":"max-image-preview:large","max-video-preview":"max-video-preview:-1"},"canonical":"https:\/\/www.erresse-shop.it\/es\/shop\/sartenes-y-ollas\/wok-es\/staub-wok-con-tapa-en-vidrio-30-cm-cereza\/","og_locale":"es_ES","og_type":"article","og_title":"STAUB Wok con Tapa en Vidrio 30 cm Cereza","og_description":"Con el wok de STAUB, puede preparar recetas tradicionales de pescado, carne, tofu o verduras de la cocina asi\u00e1tica: los ingredientes se cocinan con","og_url":"https:\/\/www.erresse-shop.it\/es\/shop\/sartenes-y-ollas\/wok-es\/staub-wok-con-tapa-en-vidrio-30-cm-cereza\/","og_site_name":"Erresse Shop","article_modified_time":"2024-07-05T13:55:44+00:00","og_image":[{"width":500,"height":500,"url":"https:\/\/www.erresse-shop.it\/wp-content\/uploads\/2020\/02\/40511-345.jpg","type":"image\/jpeg"}],"twitter_card":"summary_large_image","schema":{"@context":"https:\/\/schema.org","@graph":[{"@type":"WebPage","@id":"https:\/\/www.erresse-shop.it\/es\/shop\/sartenes-y-ollas\/wok-es\/staub-wok-con-tapa-en-vidrio-30-cm-cereza\/","url":"https:\/\/www.erresse-shop.it\/es\/shop\/sartenes-y-ollas\/wok-es\/staub-wok-con-tapa-en-vidrio-30-cm-cereza\/","name":"STAUB Wok con Tapa en Vidrio 30 cm Cereza - Erresse Shop","isPartOf":{"@id":"https:\/\/www.erresse-shop.it\/es\/#website"},"datePublished":"2020-02-11T15:34:01+00:00","dateModified":"2024-07-05T13:55:44+00:00","description":"Con el wok de STAUB, puede preparar recetas tradicionales de pescado, carne, tofu o verduras de la cocina asi\u00e1tica: los ingredientes se cocinan con","breadcrumb":{"@id":"https:\/\/www.erresse-shop.it\/es\/shop\/sartenes-y-ollas\/wok-es\/staub-wok-con-tapa-en-vidrio-30-cm-cereza\/#breadcrumb"},"inLanguage":"es","potentialAction":[{"@type":"ReadAction","target":["https:\/\/www.erresse-shop.it\/es\/shop\/sartenes-y-ollas\/wok-es\/staub-wok-con-tapa-en-vidrio-30-cm-cereza\/"]}]},{"@type":"BreadcrumbList","@id":"https:\/\/www.erresse-shop.it\/es\/shop\/sartenes-y-ollas\/wok-es\/staub-wok-con-tapa-en-vidrio-30-cm-cereza\/#breadcrumb","itemListElement":[{"@type":"ListItem","position":1,"name":"Home","item":"https:\/\/www.erresse-shop.it\/es\/"},{"@type":"ListItem","position":2,"name":"Shop","item":"https:\/\/www.erresse-shop.it\/es\/shop\/"},{"@type":"ListItem","position":3,"name":"STAUB Wok con Tapa en Vidrio 30 cm Cereza"}]},{"@type":"WebSite","@id":"https:\/\/www.erresse-shop.it\/es\/#website","url":"https:\/\/www.erresse-shop.it\/es\/","name":"Erresse Shop","description":"Articoli di qualit\u00e0 per la casa","potentialAction":[{"@type":"SearchAction","target":{"@type":"EntryPoint","urlTemplate":"https:\/\/www.erresse-shop.it\/es\/?s={search_term_string}"},"query-input":"required name=search_term_string"}],"inLanguage":"es"}]}},"df_price":104.5,"df_sale_price":104.5,"df_regular_price":209,"df_image_link":"https:\/\/www.erresse-shop.it\/wp-content\/uploads\/2020\/02\/40511-345-300x300.jpg","_links":{"self":[{"href":"https:\/\/www.erresse-shop.it\/es\/wp-json\/wp\/v2\/product\/120806"}],"collection":[{"href":"https:\/\/www.erresse-shop.it\/es\/wp-json\/wp\/v2\/product"}],"about":[{"href":"https:\/\/www.erresse-shop.it\/es\/wp-json\/wp\/v2\/types\/product"}],"wp:featuredmedia":[{"embeddable":true,"href":"https:\/\/www.erresse-shop.it\/es\/wp-json\/wp\/v2\/media\/120807"}],"wp:attachment":[{"href":"https:\/\/www.erresse-shop.it\/es\/wp-json\/wp\/v2\/media?parent=120806"}],"wp:term":[{"taxonomy":"product_cat","embeddable":true,"href":"https:\/\/www.erresse-shop.it\/es\/wp-json\/wp\/v2\/product_cat?post=120806"},{"taxonomy":"product_tag","embeddable":true,"href":"https:\/\/www.erresse-shop.it\/es\/wp-json\/wp\/v2\/product_tag?post=120806"}],"curies":[{"name":"wp","href":"https:\/\/api.w.org\/{rel}","templated":true}]}}