{"id":120795,"date":"2015-12-06T16:16:03","date_gmt":"2015-12-06T16:16:03","guid":{"rendered":"https:\/\/www.erresse-shop.it\/shop\/sin%20categor\u00eda\/staub-cocotte-calabaza-24-cm-canela\/"},"modified":"2024-07-05T13:56:50","modified_gmt":"2024-07-05T13:56:50","slug":"staub-cocotte-calabaza-24-cm-canela","status":"publish","type":"product","link":"https:\/\/www.erresse-shop.it\/es\/shop\/sartenes-y-ollas\/marmitas-y-cocottes\/staub-cocotte-calabaza-24-cm-canela\/","title":{"rendered":"STAUB Cocotte Calabaza 24 cm Canela"},"content":{"rendered":"<p>La cocotte con forma de calabaza de color canela puede llevarse a la mesa despu\u00e9s de su uso en la cocina. Las cocottes se inventaron en Francia con el objetivo de permitir servir sabrosos guisos con estilo. Las utilizan los mejores chefs porque est\u00e1n hechas de hierro fundido, un material que retiene especialmente bien el calor y lo libera lentamente. La cocotte redonda tiene un di\u00e1metro de 24 cm, una altura de 15 cm y una capacidad de 3,45 litros. Es apto para su uso en todo tipo de placas, incluidas las de inducci\u00f3n. Las dos asas en los laterales de la cacerola Staub son muy pr\u00e1cticas. Los profesionales, los cocineros aficionados y los principiantes apreciar\u00e1n sin duda las ventajas de este producto. La cocotte con forma de calabaza es tambi\u00e9n muy robusta y f\u00e1cil de limpiar gracias a su superficie interior de esmalte negro mate. Este esmaltado mejora las propiedades de cocci\u00f3n a fuego lento y al mismo tiempo realza los sabores de la carne, las verduras y otros ingredientes para que se revelen perfectamente. En esta cocotte Staub podr\u00e1 ofrecer deliciosos platos para una invitaci\u00f3n a cenar con la familia y los amigos.<\/p>\n<p>&#8211; Dise\u00f1o art\u00edstico y natural de la calabaza<br \/>\n&#8211; Artesan\u00eda tradicional combinada con la m\u00e1s alta calidad<br \/>\n&#8211; De hierro fundido: ideal para fre\u00edr, cocinar y guisar con bajo consumo de energ\u00eda<br \/>\n&#8211; Apto para todo tipo de placas, incluida la de inducci\u00f3n, tambi\u00e9n puede colocarse en el horno\/parrilla<\/p>\n<p><strong>Caracter\u00edsticas<\/strong><br \/>\n&#8211; Resistencia al calor (\u00b0C): 240,00 \u00baC<br \/>\n&#8211; Resistencia al fr\u00edo: -20,00 \u00baC<br \/>\n&#8211; Material: hierro fundido<br \/>\n&#8211; Tapa existente: s\u00ed<br \/>\n&#8211; Inducci\u00f3n: S\u00ed<br \/>\n&#8211; Apto para el horno: S\u00ed<br \/>\n&#8211; Apto para el congelador: S\u00ed<br \/>\n&#8211; Apto para la cocina: s\u00ed<br \/>\n&#8211; Apto para el lavavajillas: s\u00ed<\/p>\n<p><strong>Tama\u00f1o<\/strong><br \/>\n&#8211; Peso neto: 4,89 kg<br \/>\n&#8211; Capacidad: 3,45 l<br \/>\n&#8211; Longitud del producto: 28,70 cm<br \/>\n&#8211; Anchura del producto: 22,00 cm<br \/>\n&#8211; Altura del producto: 14,50 cm<br \/>\n&#8211; Altura sin tapa: 9,50 cm<br \/>\n&#8211; Di\u00e1metro superior: 24,00 cm<br \/>\n&#8211; Di\u00e1metro del fondo: 19,20 cm<br \/>\n&#8211; Longitud del mango: 2,00 cm<\/p>\n","protected":false},"excerpt":{"rendered":"<p>La cocotte con forma de calabaza de color canela puede llevarse a la mesa despu\u00e9s de su uso en la<\/p>\n","protected":false},"featured_media":439411,"template":"","meta":{"_acf_changed":false,"inline_featured_image":false},"product_cat":[16065,16058],"product_tag":[25090,16111,16211,16781,23662,24399,16158,16654,25023],"acf":[],"yoast_head":"<!-- This site is optimized with the Yoast SEO Premium plugin v18.6 (Yoast SEO v19.13) - https:\/\/yoast.com\/wordpress\/plugins\/seo\/ -->\n<title>STAUB Cocotte Calabaza 24 cm Canela - Erresse Shop<\/title>\n<meta name=\"description\" content=\"La cocotte con forma de calabaza de color canela puede llevarse a la mesa despu\u00e9s de su uso en la cocina. Las cocottes se inventaron en Francia con el\" \/>\n<meta name=\"robots\" content=\"index, follow, max-snippet:-1, max-image-preview:large, max-video-preview:-1\" \/>\n<link rel=\"canonical\" href=\"https:\/\/www.erresse-shop.it\/es\/shop\/sartenes-y-ollas\/marmitas-y-cocottes\/staub-cocotte-calabaza-24-cm-canela\/\" \/>\n<meta property=\"og:locale\" content=\"es_ES\" \/>\n<meta property=\"og:type\" content=\"article\" \/>\n<meta property=\"og:title\" content=\"STAUB Cocotte Calabaza 24 cm Canela\" \/>\n<meta property=\"og:description\" content=\"La cocotte con forma de calabaza de color canela puede llevarse a la mesa despu\u00e9s de su uso en la cocina. Las cocottes se inventaron en Francia con el\" \/>\n<meta property=\"og:url\" content=\"https:\/\/www.erresse-shop.it\/es\/shop\/sartenes-y-ollas\/marmitas-y-cocottes\/staub-cocotte-calabaza-24-cm-canela\/\" \/>\n<meta property=\"og:site_name\" content=\"Erresse Shop\" \/>\n<meta property=\"article:modified_time\" content=\"2024-07-05T13:56:50+00:00\" \/>\n<meta property=\"og:image\" content=\"https:\/\/www.erresse-shop.it\/wp-content\/uploads\/2015\/12\/STAUB-Cocotte-Zucca-24-cm-Cannella.jpg\" \/>\n\t<meta property=\"og:image:width\" content=\"1200\" \/>\n\t<meta property=\"og:image:height\" content=\"1200\" \/>\n\t<meta property=\"og:image:type\" content=\"image\/jpeg\" \/>\n<meta name=\"twitter:card\" content=\"summary_large_image\" \/>\n<script type=\"application\/ld+json\" class=\"yoast-schema-graph\">{\"@context\":\"https:\/\/schema.org\",\"@graph\":[{\"@type\":\"WebPage\",\"@id\":\"https:\/\/www.erresse-shop.it\/es\/shop\/sartenes-y-ollas\/marmitas-y-cocottes\/staub-cocotte-calabaza-24-cm-canela\/\",\"url\":\"https:\/\/www.erresse-shop.it\/es\/shop\/sartenes-y-ollas\/marmitas-y-cocottes\/staub-cocotte-calabaza-24-cm-canela\/\",\"name\":\"STAUB Cocotte Calabaza 24 cm Canela - Erresse Shop\",\"isPartOf\":{\"@id\":\"https:\/\/www.erresse-shop.it\/es\/#website\"},\"datePublished\":\"2015-12-06T16:16:03+00:00\",\"dateModified\":\"2024-07-05T13:56:50+00:00\",\"description\":\"La cocotte con forma de calabaza de color canela puede llevarse a la mesa despu\u00e9s de su uso en la cocina. Las cocottes se inventaron en Francia con el\",\"breadcrumb\":{\"@id\":\"https:\/\/www.erresse-shop.it\/es\/shop\/sartenes-y-ollas\/marmitas-y-cocottes\/staub-cocotte-calabaza-24-cm-canela\/#breadcrumb\"},\"inLanguage\":\"es\",\"potentialAction\":[{\"@type\":\"ReadAction\",\"target\":[\"https:\/\/www.erresse-shop.it\/es\/shop\/sartenes-y-ollas\/marmitas-y-cocottes\/staub-cocotte-calabaza-24-cm-canela\/\"]}]},{\"@type\":\"BreadcrumbList\",\"@id\":\"https:\/\/www.erresse-shop.it\/es\/shop\/sartenes-y-ollas\/marmitas-y-cocottes\/staub-cocotte-calabaza-24-cm-canela\/#breadcrumb\",\"itemListElement\":[{\"@type\":\"ListItem\",\"position\":1,\"name\":\"Home\",\"item\":\"https:\/\/www.erresse-shop.it\/es\/\"},{\"@type\":\"ListItem\",\"position\":2,\"name\":\"Shop\",\"item\":\"https:\/\/www.erresse-shop.it\/es\/shop\/\"},{\"@type\":\"ListItem\",\"position\":3,\"name\":\"STAUB Cocotte Calabaza 24 cm Canela\"}]},{\"@type\":\"WebSite\",\"@id\":\"https:\/\/www.erresse-shop.it\/es\/#website\",\"url\":\"https:\/\/www.erresse-shop.it\/es\/\",\"name\":\"Erresse Shop\",\"description\":\"Articoli di qualit\u00e0 per la casa\",\"potentialAction\":[{\"@type\":\"SearchAction\",\"target\":{\"@type\":\"EntryPoint\",\"urlTemplate\":\"https:\/\/www.erresse-shop.it\/es\/?s={search_term_string}\"},\"query-input\":\"required name=search_term_string\"}],\"inLanguage\":\"es\"}]}<\/script>\n<!-- \/ Yoast SEO Premium plugin. -->","yoast_head_json":{"title":"STAUB Cocotte Calabaza 24 cm Canela - Erresse Shop","description":"La cocotte con forma de calabaza de color canela puede llevarse a la mesa despu\u00e9s de su uso en la cocina. Las cocottes se inventaron en Francia con el","robots":{"index":"index","follow":"follow","max-snippet":"max-snippet:-1","max-image-preview":"max-image-preview:large","max-video-preview":"max-video-preview:-1"},"canonical":"https:\/\/www.erresse-shop.it\/es\/shop\/sartenes-y-ollas\/marmitas-y-cocottes\/staub-cocotte-calabaza-24-cm-canela\/","og_locale":"es_ES","og_type":"article","og_title":"STAUB Cocotte Calabaza 24 cm Canela","og_description":"La cocotte con forma de calabaza de color canela puede llevarse a la mesa despu\u00e9s de su uso en la cocina. Las cocottes se inventaron en Francia con el","og_url":"https:\/\/www.erresse-shop.it\/es\/shop\/sartenes-y-ollas\/marmitas-y-cocottes\/staub-cocotte-calabaza-24-cm-canela\/","og_site_name":"Erresse Shop","article_modified_time":"2024-07-05T13:56:50+00:00","og_image":[{"width":1200,"height":1200,"url":"https:\/\/www.erresse-shop.it\/wp-content\/uploads\/2015\/12\/STAUB-Cocotte-Zucca-24-cm-Cannella.jpg","type":"image\/jpeg"}],"twitter_card":"summary_large_image","schema":{"@context":"https:\/\/schema.org","@graph":[{"@type":"WebPage","@id":"https:\/\/www.erresse-shop.it\/es\/shop\/sartenes-y-ollas\/marmitas-y-cocottes\/staub-cocotte-calabaza-24-cm-canela\/","url":"https:\/\/www.erresse-shop.it\/es\/shop\/sartenes-y-ollas\/marmitas-y-cocottes\/staub-cocotte-calabaza-24-cm-canela\/","name":"STAUB Cocotte Calabaza 24 cm Canela - Erresse Shop","isPartOf":{"@id":"https:\/\/www.erresse-shop.it\/es\/#website"},"datePublished":"2015-12-06T16:16:03+00:00","dateModified":"2024-07-05T13:56:50+00:00","description":"La cocotte con forma de calabaza de color canela puede llevarse a la mesa despu\u00e9s de su uso en la cocina. Las cocottes se inventaron en Francia con el","breadcrumb":{"@id":"https:\/\/www.erresse-shop.it\/es\/shop\/sartenes-y-ollas\/marmitas-y-cocottes\/staub-cocotte-calabaza-24-cm-canela\/#breadcrumb"},"inLanguage":"es","potentialAction":[{"@type":"ReadAction","target":["https:\/\/www.erresse-shop.it\/es\/shop\/sartenes-y-ollas\/marmitas-y-cocottes\/staub-cocotte-calabaza-24-cm-canela\/"]}]},{"@type":"BreadcrumbList","@id":"https:\/\/www.erresse-shop.it\/es\/shop\/sartenes-y-ollas\/marmitas-y-cocottes\/staub-cocotte-calabaza-24-cm-canela\/#breadcrumb","itemListElement":[{"@type":"ListItem","position":1,"name":"Home","item":"https:\/\/www.erresse-shop.it\/es\/"},{"@type":"ListItem","position":2,"name":"Shop","item":"https:\/\/www.erresse-shop.it\/es\/shop\/"},{"@type":"ListItem","position":3,"name":"STAUB Cocotte Calabaza 24 cm Canela"}]},{"@type":"WebSite","@id":"https:\/\/www.erresse-shop.it\/es\/#website","url":"https:\/\/www.erresse-shop.it\/es\/","name":"Erresse Shop","description":"Articoli di qualit\u00e0 per la casa","potentialAction":[{"@type":"SearchAction","target":{"@type":"EntryPoint","urlTemplate":"https:\/\/www.erresse-shop.it\/es\/?s={search_term_string}"},"query-input":"required name=search_term_string"}],"inLanguage":"es"}]}},"df_price":159.5,"df_sale_price":159.5,"df_regular_price":319,"df_image_link":"https:\/\/www.erresse-shop.it\/wp-content\/uploads\/2015\/12\/STAUB-Cocotte-Zucca-24-cm-Cannella-300x300.jpg","_links":{"self":[{"href":"https:\/\/www.erresse-shop.it\/es\/wp-json\/wp\/v2\/product\/120795"}],"collection":[{"href":"https:\/\/www.erresse-shop.it\/es\/wp-json\/wp\/v2\/product"}],"about":[{"href":"https:\/\/www.erresse-shop.it\/es\/wp-json\/wp\/v2\/types\/product"}],"wp:featuredmedia":[{"embeddable":true,"href":"https:\/\/www.erresse-shop.it\/es\/wp-json\/wp\/v2\/media\/439411"}],"wp:attachment":[{"href":"https:\/\/www.erresse-shop.it\/es\/wp-json\/wp\/v2\/media?parent=120795"}],"wp:term":[{"taxonomy":"product_cat","embeddable":true,"href":"https:\/\/www.erresse-shop.it\/es\/wp-json\/wp\/v2\/product_cat?post=120795"},{"taxonomy":"product_tag","embeddable":true,"href":"https:\/\/www.erresse-shop.it\/es\/wp-json\/wp\/v2\/product_tag?post=120795"}],"curies":[{"name":"wp","href":"https:\/\/api.w.org\/{rel}","templated":true}]}}