{"id":120793,"date":"2017-05-08T09:18:25","date_gmt":"2017-05-08T09:18:25","guid":{"rendered":"https:\/\/www.erresse-shop.it\/shop\/sin%20categor\u00eda\/staub-wok-con-tapa-en-vidrio-37-cm-negro\/"},"modified":"2024-07-05T13:57:45","modified_gmt":"2024-07-05T13:57:45","slug":"staub-wok-con-tapa-en-vidrio-37-cm-negro","status":"publish","type":"product","link":"https:\/\/www.erresse-shop.it\/es\/shop\/sartenes-y-ollas\/wok-es\/staub-wok-con-tapa-en-vidrio-37-cm-negro\/","title":{"rendered":"STAUB Wok con Tapa en Vidrio 37 cm Negro"},"content":{"rendered":"<p>El wok redondo de la serie Gli Speciali de Staub es la bater\u00eda de cocina ideal para los amantes de la cocina asi\u00e1tica. El bami goreng, las verduras fritas y las peque\u00f1as porciones de carne se cocinan muy bien en este wok, que es de hierro fundido y, por tanto, puede calentarse hasta el borde superior. Por lo tanto, los ingredientes necesitan poco tiempo de cocci\u00f3n, se mantienen al dente y conservan sus vibrantes colores naturales. El wok Staub tiene un di\u00e1metro de 37 cm, est\u00e1 provisto de una tapa de cristal y puede utilizarse para cocinar a fuego lento o con mucho l\u00edquido. Tambi\u00e9n puede utilizarse con la correspondiente rejilla de escurrido de la misma serie para cocinar al vapor o mantener calientes la carne y las verduras ya cocinadas. Tiene una capacidad de 5,7 litros y es pr\u00e1ctico y f\u00e1cil de manejar gracias a las asas de ambos lados. El wok negro de Staub puede utilizarse en todo tipo de placas, incluidas las de inducci\u00f3n, y mantiene caliente la comida preparada. Gracias a sus cortos tiempos de cocci\u00f3n, este wok de estilo \u00fanico le permite preparar platos asi\u00e1ticos sanos y ricos en vitaminas para usted y sus amigos; incluso los mejores chefs internacionales utilizan esta pr\u00e1ctica olla.<\/p>\n<p>&#8211; Vers\u00e1til para cocinar a la plancha, a la parrilla o al vapor<br \/>\n&#8211; El esmalte interior negro mate es ideal para un braseado especialmente crujiente y es muy duradero<br \/>\n&#8211; Apto para todo tipo de placas, incluida la de inducci\u00f3n, tambi\u00e9n puede colocarse en el horno\/parrilla<\/p>\n<p><strong>Caracter\u00edsticas<\/strong><br \/>\n&#8211; Resistencia al calor (\u00b0C): 240,00 \u00baC<br \/>\n&#8211; Resistencia al fr\u00edo: -20,00 \u00baC<br \/>\n&#8211; Material: hierro fundido<br \/>\n&#8211; Tipo de asa: asa lateral<br \/>\n&#8211; Tapa existente: s\u00ed<br \/>\n&#8211; Inducci\u00f3n: S\u00ed<br \/>\n&#8211; Apto para el horno: S\u00ed<br \/>\n&#8211; Apto para el congelador: s\u00ed<br \/>\n&#8211; Apto para la cocina: s\u00ed<br \/>\n&#8211; Apto para el lavavajillas: s\u00ed<\/p>\n<p><strong>Tama\u00f1o<\/strong><br \/>\n&#8211; Peso neto: 6,12 kg<br \/>\n&#8211; Capacidad: 5,70 l<br \/>\n&#8211; Longitud del producto: 46,00 cm<br \/>\n&#8211; Anchura del producto: 37,00 cm<br \/>\n&#8211; Altura del producto: 10,20 cm<br \/>\n&#8211; Altura sin tapa: 9,70 cm<br \/>\n&#8211; Di\u00e1metro superior: 37,00 cm<br \/>\n&#8211; Di\u00e1metro del fondo: 14,00 cm<br \/>\n&#8211; Longitud del mango: 4,50 cm<\/p>\n","protected":false},"excerpt":{"rendered":"<p>El wok redondo de la serie Gli Speciali de Staub es la bater\u00eda de cocina ideal para los amantes de<\/p>\n","protected":false},"featured_media":120794,"template":"","meta":{"_acf_changed":false,"inline_featured_image":false},"product_cat":[16058,16062],"product_tag":[16211,16158,16654],"acf":[],"yoast_head":"<!-- This site is optimized with the Yoast SEO Premium plugin v18.6 (Yoast SEO v19.13) - https:\/\/yoast.com\/wordpress\/plugins\/seo\/ -->\n<title>STAUB Wok con Tapa en Vidrio 37 cm Negro - Erresse Shop<\/title>\n<meta name=\"description\" content=\"El wok redondo de la serie Gli Speciali de Staub es la bater\u00eda de cocina ideal para los amantes de la cocina asi\u00e1tica. El bami goreng, las verduras fritas\" \/>\n<meta name=\"robots\" content=\"index, follow, max-snippet:-1, max-image-preview:large, max-video-preview:-1\" \/>\n<link rel=\"canonical\" href=\"https:\/\/www.erresse-shop.it\/es\/shop\/sartenes-y-ollas\/wok-es\/staub-wok-con-tapa-en-vidrio-37-cm-negro\/\" \/>\n<meta property=\"og:locale\" content=\"es_ES\" \/>\n<meta property=\"og:type\" content=\"article\" \/>\n<meta property=\"og:title\" content=\"STAUB Wok con Tapa en Vidrio 37 cm Negro\" \/>\n<meta property=\"og:description\" content=\"El wok redondo de la serie Gli Speciali de Staub es la bater\u00eda de cocina ideal para los amantes de la cocina asi\u00e1tica. El bami goreng, las verduras fritas\" \/>\n<meta property=\"og:url\" content=\"https:\/\/www.erresse-shop.it\/es\/shop\/sartenes-y-ollas\/wok-es\/staub-wok-con-tapa-en-vidrio-37-cm-negro\/\" \/>\n<meta property=\"og:site_name\" content=\"Erresse Shop\" \/>\n<meta property=\"article:modified_time\" content=\"2024-07-05T13:57:45+00:00\" \/>\n<meta property=\"og:image\" content=\"https:\/\/www.erresse-shop.it\/wp-content\/uploads\/2017\/05\/products-40509-398.jpeg\" \/>\n\t<meta property=\"og:image:width\" content=\"1024\" \/>\n\t<meta property=\"og:image:height\" content=\"1024\" \/>\n\t<meta property=\"og:image:type\" content=\"image\/jpeg\" \/>\n<meta name=\"twitter:card\" content=\"summary_large_image\" \/>\n<script type=\"application\/ld+json\" class=\"yoast-schema-graph\">{\"@context\":\"https:\/\/schema.org\",\"@graph\":[{\"@type\":\"WebPage\",\"@id\":\"https:\/\/www.erresse-shop.it\/es\/shop\/sartenes-y-ollas\/wok-es\/staub-wok-con-tapa-en-vidrio-37-cm-negro\/\",\"url\":\"https:\/\/www.erresse-shop.it\/es\/shop\/sartenes-y-ollas\/wok-es\/staub-wok-con-tapa-en-vidrio-37-cm-negro\/\",\"name\":\"STAUB Wok con Tapa en Vidrio 37 cm Negro - Erresse Shop\",\"isPartOf\":{\"@id\":\"https:\/\/www.erresse-shop.it\/es\/#website\"},\"datePublished\":\"2017-05-08T09:18:25+00:00\",\"dateModified\":\"2024-07-05T13:57:45+00:00\",\"description\":\"El wok redondo de la serie Gli Speciali de Staub es la bater\u00eda de cocina ideal para los amantes de la cocina asi\u00e1tica. El bami goreng, las verduras fritas\",\"breadcrumb\":{\"@id\":\"https:\/\/www.erresse-shop.it\/es\/shop\/sartenes-y-ollas\/wok-es\/staub-wok-con-tapa-en-vidrio-37-cm-negro\/#breadcrumb\"},\"inLanguage\":\"es\",\"potentialAction\":[{\"@type\":\"ReadAction\",\"target\":[\"https:\/\/www.erresse-shop.it\/es\/shop\/sartenes-y-ollas\/wok-es\/staub-wok-con-tapa-en-vidrio-37-cm-negro\/\"]}]},{\"@type\":\"BreadcrumbList\",\"@id\":\"https:\/\/www.erresse-shop.it\/es\/shop\/sartenes-y-ollas\/wok-es\/staub-wok-con-tapa-en-vidrio-37-cm-negro\/#breadcrumb\",\"itemListElement\":[{\"@type\":\"ListItem\",\"position\":1,\"name\":\"Home\",\"item\":\"https:\/\/www.erresse-shop.it\/es\/\"},{\"@type\":\"ListItem\",\"position\":2,\"name\":\"Shop\",\"item\":\"https:\/\/www.erresse-shop.it\/es\/shop\/\"},{\"@type\":\"ListItem\",\"position\":3,\"name\":\"STAUB Wok con Tapa en Vidrio 37 cm Negro\"}]},{\"@type\":\"WebSite\",\"@id\":\"https:\/\/www.erresse-shop.it\/es\/#website\",\"url\":\"https:\/\/www.erresse-shop.it\/es\/\",\"name\":\"Erresse Shop\",\"description\":\"Articoli di qualit\u00e0 per la casa\",\"potentialAction\":[{\"@type\":\"SearchAction\",\"target\":{\"@type\":\"EntryPoint\",\"urlTemplate\":\"https:\/\/www.erresse-shop.it\/es\/?s={search_term_string}\"},\"query-input\":\"required name=search_term_string\"}],\"inLanguage\":\"es\"}]}<\/script>\n<!-- \/ Yoast SEO Premium plugin. -->","yoast_head_json":{"title":"STAUB Wok con Tapa en Vidrio 37 cm Negro - Erresse Shop","description":"El wok redondo de la serie Gli Speciali de Staub es la bater\u00eda de cocina ideal para los amantes de la cocina asi\u00e1tica. El bami goreng, las verduras fritas","robots":{"index":"index","follow":"follow","max-snippet":"max-snippet:-1","max-image-preview":"max-image-preview:large","max-video-preview":"max-video-preview:-1"},"canonical":"https:\/\/www.erresse-shop.it\/es\/shop\/sartenes-y-ollas\/wok-es\/staub-wok-con-tapa-en-vidrio-37-cm-negro\/","og_locale":"es_ES","og_type":"article","og_title":"STAUB Wok con Tapa en Vidrio 37 cm Negro","og_description":"El wok redondo de la serie Gli Speciali de Staub es la bater\u00eda de cocina ideal para los amantes de la cocina asi\u00e1tica. El bami goreng, las verduras fritas","og_url":"https:\/\/www.erresse-shop.it\/es\/shop\/sartenes-y-ollas\/wok-es\/staub-wok-con-tapa-en-vidrio-37-cm-negro\/","og_site_name":"Erresse Shop","article_modified_time":"2024-07-05T13:57:45+00:00","og_image":[{"width":1024,"height":1024,"url":"https:\/\/www.erresse-shop.it\/wp-content\/uploads\/2017\/05\/products-40509-398.jpeg","type":"image\/jpeg"}],"twitter_card":"summary_large_image","schema":{"@context":"https:\/\/schema.org","@graph":[{"@type":"WebPage","@id":"https:\/\/www.erresse-shop.it\/es\/shop\/sartenes-y-ollas\/wok-es\/staub-wok-con-tapa-en-vidrio-37-cm-negro\/","url":"https:\/\/www.erresse-shop.it\/es\/shop\/sartenes-y-ollas\/wok-es\/staub-wok-con-tapa-en-vidrio-37-cm-negro\/","name":"STAUB Wok con Tapa en Vidrio 37 cm Negro - Erresse Shop","isPartOf":{"@id":"https:\/\/www.erresse-shop.it\/es\/#website"},"datePublished":"2017-05-08T09:18:25+00:00","dateModified":"2024-07-05T13:57:45+00:00","description":"El wok redondo de la serie Gli Speciali de Staub es la bater\u00eda de cocina ideal para los amantes de la cocina asi\u00e1tica. El bami goreng, las verduras fritas","breadcrumb":{"@id":"https:\/\/www.erresse-shop.it\/es\/shop\/sartenes-y-ollas\/wok-es\/staub-wok-con-tapa-en-vidrio-37-cm-negro\/#breadcrumb"},"inLanguage":"es","potentialAction":[{"@type":"ReadAction","target":["https:\/\/www.erresse-shop.it\/es\/shop\/sartenes-y-ollas\/wok-es\/staub-wok-con-tapa-en-vidrio-37-cm-negro\/"]}]},{"@type":"BreadcrumbList","@id":"https:\/\/www.erresse-shop.it\/es\/shop\/sartenes-y-ollas\/wok-es\/staub-wok-con-tapa-en-vidrio-37-cm-negro\/#breadcrumb","itemListElement":[{"@type":"ListItem","position":1,"name":"Home","item":"https:\/\/www.erresse-shop.it\/es\/"},{"@type":"ListItem","position":2,"name":"Shop","item":"https:\/\/www.erresse-shop.it\/es\/shop\/"},{"@type":"ListItem","position":3,"name":"STAUB Wok con Tapa en Vidrio 37 cm Negro"}]},{"@type":"WebSite","@id":"https:\/\/www.erresse-shop.it\/es\/#website","url":"https:\/\/www.erresse-shop.it\/es\/","name":"Erresse Shop","description":"Articoli di qualit\u00e0 per la casa","potentialAction":[{"@type":"SearchAction","target":{"@type":"EntryPoint","urlTemplate":"https:\/\/www.erresse-shop.it\/es\/?s={search_term_string}"},"query-input":"required name=search_term_string"}],"inLanguage":"es"}]}},"df_price":129.5,"df_sale_price":129.5,"df_regular_price":259,"df_image_link":"https:\/\/www.erresse-shop.it\/wp-content\/uploads\/2017\/05\/products-40509-398-300x300.jpeg","_links":{"self":[{"href":"https:\/\/www.erresse-shop.it\/es\/wp-json\/wp\/v2\/product\/120793"}],"collection":[{"href":"https:\/\/www.erresse-shop.it\/es\/wp-json\/wp\/v2\/product"}],"about":[{"href":"https:\/\/www.erresse-shop.it\/es\/wp-json\/wp\/v2\/types\/product"}],"wp:featuredmedia":[{"embeddable":true,"href":"https:\/\/www.erresse-shop.it\/es\/wp-json\/wp\/v2\/media\/120794"}],"wp:attachment":[{"href":"https:\/\/www.erresse-shop.it\/es\/wp-json\/wp\/v2\/media?parent=120793"}],"wp:term":[{"taxonomy":"product_cat","embeddable":true,"href":"https:\/\/www.erresse-shop.it\/es\/wp-json\/wp\/v2\/product_cat?post=120793"},{"taxonomy":"product_tag","embeddable":true,"href":"https:\/\/www.erresse-shop.it\/es\/wp-json\/wp\/v2\/product_tag?post=120793"}],"curies":[{"name":"wp","href":"https:\/\/api.w.org\/{rel}","templated":true}]}}