{"id":120786,"date":"2012-11-07T16:08:32","date_gmt":"2012-11-07T16:08:32","guid":{"rendered":"https:\/\/www.erresse-shop.it\/shop\/sin%20categor\u00eda\/staub-wok-con-tapa-en-vidrio-37-cm-gris-grafito\/"},"modified":"2021-12-22T16:08:30","modified_gmt":"2021-12-22T16:08:30","slug":"staub-wok-con-tapa-en-vidrio-37-cm-gris-grafito","status":"publish","type":"product","link":"https:\/\/www.erresse-shop.it\/es\/shop\/sartenes-y-ollas\/wok-es\/staub-wok-con-tapa-en-vidrio-37-cm-gris-grafito\/","title":{"rendered":"STAUB Wok con Tapa en Vidrio 37 cm Gris Grafito"},"content":{"rendered":"<p>Con el wok de STAUB, puede preparar recetas tradicionales de pescado, carne, tofu o verduras de la cocina asi\u00e1tica: los ingredientes se cocinan con especial rapidez, ya que se remueven y giran constantemente, y entran en contacto con el hierro fundido caliente por todos los lados. Con este m\u00e9todo de preparaci\u00f3n, las verduras quedan crujientes y los alimentos contienen m\u00e1s nutrientes y vitaminas que con la cocci\u00f3n convencional en una olla. Adem\u00e1s de los fideos de arroz o las verduras salteadas, tambi\u00e9n se pueden preparar guarniciones y, con la ayuda de la parrilla, las bolas de masa rellenas pueden cocinarse f\u00e1cilmente al vapor mientras se cocina otra cosa. La parrilla tambi\u00e9n puede utilizarse como estante para escurrir los alimentos fritos, como los rollitos de primavera. El wok de hierro fundido es apto para su uso en todas las cocinas y en el horno. Este material no s\u00f3lo conduce el calor de forma \u00f3ptima, sino que tambi\u00e9n lo almacena y, por tanto, permite cocinar ahorrando energ\u00eda.<\/p>\n<p>&#8211; Para ricos platos de verduras, pescado, carne y tofu en la cocina asi\u00e1tica.<br \/>\n&#8211; Apto para placas el\u00e9ctricas, de gas, hal\u00f3genas, vitrocer\u00e1micas, de inducci\u00f3n y de horno<br \/>\n&#8211; Pr\u00e1ctica tapa de cristal para controlar el proceso de cocci\u00f3n<br \/>\n&#8211; Cocina de bajo consumo<br \/>\n&#8211; Dimensiones con asas y tapa (ancho x alto): 46 x 10,2 cm, di\u00e1metro: 37 cm, fondo: 14 cm<br \/>\n&#8211; Peso con tapa: 6,12 kg<\/p>\n<p><strong>Caracter\u00edsticas<\/strong><br \/>\n&#8211; Resistencia al calor (\u00b0C): 240,00 \u00baC<br \/>\n&#8211; Material: hierro fundido<br \/>\n&#8211; Tipo de asa: pomo de la tapa<br \/>\n&#8211; Fijaci\u00f3n del asa: atornillada<br \/>\n&#8211; Tapa existente: s\u00ed<br \/>\n&#8211; Inducci\u00f3n: S\u00ed<br \/>\n&#8211; Apto para horno: S\u00ed<br \/>\n&#8211; Apto para la parrilla: s\u00ed<br \/>\n&#8211; Apto para microondas: s\u00ed<br \/>\n&#8211; Apto para el congelador: s\u00ed<br \/>\n&#8211; Amigable con la afici\u00f3n: s\u00ed<br \/>\n&#8211; A prueba de utensilios met\u00e1licos: s\u00ed<br \/>\n&#8211; Apto para el lavavajillas: S\u00ed<\/p>\n<p><strong>Tama\u00f1o<\/strong><br \/>\n&#8211; Peso neto: 6,12 kg<br \/>\n&#8211; Capacidad: 5,70 l<br \/>\n&#8211; Longitud del producto: 46,00 cm<br \/>\n&#8211; Anchura del producto: 37,00 cm<br \/>\n&#8211; Altura del producto: 10,20 cm<br \/>\n&#8211; Altura sin tapa: 9,70 cm<br \/>\n&#8211; Di\u00e1metro superior: 37,00 cm<br \/>\n&#8211; Di\u00e1metro del fondo: 14,00 cm<\/p>\n","protected":false},"excerpt":{"rendered":"<p>Con el wok de STAUB, puede preparar recetas tradicionales de pescado, carne, tofu o verduras de la cocina asi\u00e1tica: los<\/p>\n","protected":false},"featured_media":120787,"template":"","meta":{"_acf_changed":false,"inline_featured_image":false},"product_cat":[16058,16062],"product_tag":[25090,16211,16158,16654,25023],"acf":[],"yoast_head":"<!-- This site is optimized with the Yoast SEO Premium plugin v18.6 (Yoast SEO v19.13) - https:\/\/yoast.com\/wordpress\/plugins\/seo\/ -->\n<title>STAUB Wok con Tapa en Vidrio 37 cm Gris Grafito - Erresse Shop<\/title>\n<meta name=\"description\" content=\"Con el wok de STAUB, puede preparar recetas tradicionales de pescado, carne, tofu o verduras de la cocina asi\u00e1tica: los ingredientes se cocinan con\" \/>\n<meta name=\"robots\" content=\"index, follow, max-snippet:-1, max-image-preview:large, max-video-preview:-1\" \/>\n<link rel=\"canonical\" href=\"https:\/\/www.erresse-shop.it\/es\/shop\/sartenes-y-ollas\/wok-es\/staub-wok-con-tapa-en-vidrio-37-cm-gris-grafito\/\" \/>\n<meta property=\"og:locale\" content=\"es_ES\" \/>\n<meta property=\"og:type\" content=\"article\" \/>\n<meta property=\"og:title\" content=\"STAUB Wok con Tapa en Vidrio 37 cm Gris Grafito\" \/>\n<meta property=\"og:description\" content=\"Con el wok de STAUB, puede preparar recetas tradicionales de pescado, carne, tofu o verduras de la cocina asi\u00e1tica: los ingredientes se cocinan con\" \/>\n<meta property=\"og:url\" content=\"https:\/\/www.erresse-shop.it\/es\/shop\/sartenes-y-ollas\/wok-es\/staub-wok-con-tapa-en-vidrio-37-cm-gris-grafito\/\" \/>\n<meta property=\"og:site_name\" content=\"Erresse Shop\" \/>\n<meta property=\"article:modified_time\" content=\"2021-12-22T16:08:30+00:00\" \/>\n<meta property=\"og:image\" content=\"https:\/\/www.erresse-shop.it\/wp-content\/uploads\/2015\/01\/products-wokgrigia.jpg\" \/>\n\t<meta property=\"og:image:width\" content=\"600\" \/>\n\t<meta property=\"og:image:height\" content=\"400\" \/>\n\t<meta property=\"og:image:type\" content=\"image\/jpeg\" \/>\n<meta name=\"twitter:card\" content=\"summary_large_image\" \/>\n<script type=\"application\/ld+json\" class=\"yoast-schema-graph\">{\"@context\":\"https:\/\/schema.org\",\"@graph\":[{\"@type\":\"WebPage\",\"@id\":\"https:\/\/www.erresse-shop.it\/es\/shop\/sartenes-y-ollas\/wok-es\/staub-wok-con-tapa-en-vidrio-37-cm-gris-grafito\/\",\"url\":\"https:\/\/www.erresse-shop.it\/es\/shop\/sartenes-y-ollas\/wok-es\/staub-wok-con-tapa-en-vidrio-37-cm-gris-grafito\/\",\"name\":\"STAUB Wok con Tapa en Vidrio 37 cm Gris Grafito - Erresse Shop\",\"isPartOf\":{\"@id\":\"https:\/\/www.erresse-shop.it\/es\/#website\"},\"datePublished\":\"2012-11-07T16:08:32+00:00\",\"dateModified\":\"2021-12-22T16:08:30+00:00\",\"description\":\"Con el wok de STAUB, puede preparar recetas tradicionales de pescado, carne, tofu o verduras de la cocina asi\u00e1tica: los ingredientes se cocinan con\",\"breadcrumb\":{\"@id\":\"https:\/\/www.erresse-shop.it\/es\/shop\/sartenes-y-ollas\/wok-es\/staub-wok-con-tapa-en-vidrio-37-cm-gris-grafito\/#breadcrumb\"},\"inLanguage\":\"es\",\"potentialAction\":[{\"@type\":\"ReadAction\",\"target\":[\"https:\/\/www.erresse-shop.it\/es\/shop\/sartenes-y-ollas\/wok-es\/staub-wok-con-tapa-en-vidrio-37-cm-gris-grafito\/\"]}]},{\"@type\":\"BreadcrumbList\",\"@id\":\"https:\/\/www.erresse-shop.it\/es\/shop\/sartenes-y-ollas\/wok-es\/staub-wok-con-tapa-en-vidrio-37-cm-gris-grafito\/#breadcrumb\",\"itemListElement\":[{\"@type\":\"ListItem\",\"position\":1,\"name\":\"Home\",\"item\":\"https:\/\/www.erresse-shop.it\/es\/\"},{\"@type\":\"ListItem\",\"position\":2,\"name\":\"Shop\",\"item\":\"https:\/\/www.erresse-shop.it\/es\/shop\/\"},{\"@type\":\"ListItem\",\"position\":3,\"name\":\"STAUB Wok con Tapa en Vidrio 37 cm Gris Grafito\"}]},{\"@type\":\"WebSite\",\"@id\":\"https:\/\/www.erresse-shop.it\/es\/#website\",\"url\":\"https:\/\/www.erresse-shop.it\/es\/\",\"name\":\"Erresse Shop\",\"description\":\"Articoli di qualit\u00e0 per la casa\",\"potentialAction\":[{\"@type\":\"SearchAction\",\"target\":{\"@type\":\"EntryPoint\",\"urlTemplate\":\"https:\/\/www.erresse-shop.it\/es\/?s={search_term_string}\"},\"query-input\":\"required name=search_term_string\"}],\"inLanguage\":\"es\"}]}<\/script>\n<!-- \/ Yoast SEO Premium plugin. -->","yoast_head_json":{"title":"STAUB Wok con Tapa en Vidrio 37 cm Gris Grafito - Erresse Shop","description":"Con el wok de STAUB, puede preparar recetas tradicionales de pescado, carne, tofu o verduras de la cocina asi\u00e1tica: los ingredientes se cocinan con","robots":{"index":"index","follow":"follow","max-snippet":"max-snippet:-1","max-image-preview":"max-image-preview:large","max-video-preview":"max-video-preview:-1"},"canonical":"https:\/\/www.erresse-shop.it\/es\/shop\/sartenes-y-ollas\/wok-es\/staub-wok-con-tapa-en-vidrio-37-cm-gris-grafito\/","og_locale":"es_ES","og_type":"article","og_title":"STAUB Wok con Tapa en Vidrio 37 cm Gris Grafito","og_description":"Con el wok de STAUB, puede preparar recetas tradicionales de pescado, carne, tofu o verduras de la cocina asi\u00e1tica: los ingredientes se cocinan con","og_url":"https:\/\/www.erresse-shop.it\/es\/shop\/sartenes-y-ollas\/wok-es\/staub-wok-con-tapa-en-vidrio-37-cm-gris-grafito\/","og_site_name":"Erresse Shop","article_modified_time":"2021-12-22T16:08:30+00:00","og_image":[{"width":600,"height":400,"url":"https:\/\/www.erresse-shop.it\/wp-content\/uploads\/2015\/01\/products-wokgrigia.jpg","type":"image\/jpeg"}],"twitter_card":"summary_large_image","schema":{"@context":"https:\/\/schema.org","@graph":[{"@type":"WebPage","@id":"https:\/\/www.erresse-shop.it\/es\/shop\/sartenes-y-ollas\/wok-es\/staub-wok-con-tapa-en-vidrio-37-cm-gris-grafito\/","url":"https:\/\/www.erresse-shop.it\/es\/shop\/sartenes-y-ollas\/wok-es\/staub-wok-con-tapa-en-vidrio-37-cm-gris-grafito\/","name":"STAUB Wok con Tapa en Vidrio 37 cm Gris Grafito - Erresse Shop","isPartOf":{"@id":"https:\/\/www.erresse-shop.it\/es\/#website"},"datePublished":"2012-11-07T16:08:32+00:00","dateModified":"2021-12-22T16:08:30+00:00","description":"Con el wok de STAUB, puede preparar recetas tradicionales de pescado, carne, tofu o verduras de la cocina asi\u00e1tica: los ingredientes se cocinan con","breadcrumb":{"@id":"https:\/\/www.erresse-shop.it\/es\/shop\/sartenes-y-ollas\/wok-es\/staub-wok-con-tapa-en-vidrio-37-cm-gris-grafito\/#breadcrumb"},"inLanguage":"es","potentialAction":[{"@type":"ReadAction","target":["https:\/\/www.erresse-shop.it\/es\/shop\/sartenes-y-ollas\/wok-es\/staub-wok-con-tapa-en-vidrio-37-cm-gris-grafito\/"]}]},{"@type":"BreadcrumbList","@id":"https:\/\/www.erresse-shop.it\/es\/shop\/sartenes-y-ollas\/wok-es\/staub-wok-con-tapa-en-vidrio-37-cm-gris-grafito\/#breadcrumb","itemListElement":[{"@type":"ListItem","position":1,"name":"Home","item":"https:\/\/www.erresse-shop.it\/es\/"},{"@type":"ListItem","position":2,"name":"Shop","item":"https:\/\/www.erresse-shop.it\/es\/shop\/"},{"@type":"ListItem","position":3,"name":"STAUB Wok con Tapa en Vidrio 37 cm Gris Grafito"}]},{"@type":"WebSite","@id":"https:\/\/www.erresse-shop.it\/es\/#website","url":"https:\/\/www.erresse-shop.it\/es\/","name":"Erresse Shop","description":"Articoli di qualit\u00e0 per la casa","potentialAction":[{"@type":"SearchAction","target":{"@type":"EntryPoint","urlTemplate":"https:\/\/www.erresse-shop.it\/es\/?s={search_term_string}"},"query-input":"required name=search_term_string"}],"inLanguage":"es"}]}},"df_price":129.5,"df_sale_price":129.5,"df_regular_price":259,"df_image_link":"https:\/\/www.erresse-shop.it\/wp-content\/uploads\/2015\/01\/products-wokgrigia-300x200.jpg","_links":{"self":[{"href":"https:\/\/www.erresse-shop.it\/es\/wp-json\/wp\/v2\/product\/120786"}],"collection":[{"href":"https:\/\/www.erresse-shop.it\/es\/wp-json\/wp\/v2\/product"}],"about":[{"href":"https:\/\/www.erresse-shop.it\/es\/wp-json\/wp\/v2\/types\/product"}],"wp:featuredmedia":[{"embeddable":true,"href":"https:\/\/www.erresse-shop.it\/es\/wp-json\/wp\/v2\/media\/120787"}],"wp:attachment":[{"href":"https:\/\/www.erresse-shop.it\/es\/wp-json\/wp\/v2\/media?parent=120786"}],"wp:term":[{"taxonomy":"product_cat","embeddable":true,"href":"https:\/\/www.erresse-shop.it\/es\/wp-json\/wp\/v2\/product_cat?post=120786"},{"taxonomy":"product_tag","embeddable":true,"href":"https:\/\/www.erresse-shop.it\/es\/wp-json\/wp\/v2\/product_tag?post=120786"}],"curies":[{"name":"wp","href":"https:\/\/api.w.org\/{rel}","templated":true}]}}