{"id":120781,"date":"2013-12-05T17:55:57","date_gmt":"2013-12-05T17:55:57","guid":{"rendered":"https:\/\/www.erresse-shop.it\/shop\/sin%20categor\u00eda\/staub-cocotte-redonda-26-cm-verde-basilea\/"},"modified":"2021-12-22T16:08:19","modified_gmt":"2021-12-22T16:08:19","slug":"staub-cocotte-redonda-26-cm-verde-basilea","status":"publish","type":"product","link":"https:\/\/www.erresse-shop.it\/es\/shop\/sartenes-y-ollas\/marmitas-y-cocottes\/staub-cocotte-redonda-26-cm-verde-basilea\/","title":{"rendered":"STAUB Cocotte Redonda 26 cm Verde Basilea"},"content":{"rendered":"<p>La cacerola verde albahaca de la serie La Cocotte de Staub -una empresa conocida por sus cacerolas de hierro fundido de alta calidad- aporta alegr\u00eda a la cocina. La cocotte redonda puede utilizarse en todo tipo de placas convencionales, incluidas las de inducci\u00f3n. La sart\u00e9n de hierro fundido tambi\u00e9n es ideal para cocinar en el horno. Con un di\u00e1metro de 26 cm y una capacidad de hasta 5,2 litros, es lo suficientemente grande para cocinar para varios invitados o para toda la familia. El dise\u00f1o se ha mantenido deliberadamente sencillo para destacar claramente las posibilidades de uso. Por ello, la tapa tiene una estructura interna especial en forma de l\u00e1grima para que la condensaci\u00f3n se distribuya uniformemente sobre los alimentos durante la cocci\u00f3n. De este modo, siempre se consigue una carne tierna y unas verduras jugosas. Las dos asas de hierro fundido de los laterales y el pomo de la tapa facilitan el desplazamiento de la cocotte. Otra ventaja de la cocotte es su revestimiento de esmalte, ideal para transferir el calor. Esto facilita la cocci\u00f3n de platos delicados y saludables. La limpieza de la cocotte tampoco es un problema. Adem\u00e1s, el hierro fundido utilizado garantiza un efecto de braseado realmente notable. Elija la cocotte Staub si quiere que su pisto o pollo al vino se beneficie de las propiedades especiales del material de la cazuela.<\/p>\n<p>&#8211; Ideal para sellar y cocinar a fuego lento carne, pescado o verduras<br \/>\n&#8211; Para un resultado de cocci\u00f3n jugoso y tierno gracias a la tapa<br \/>\n&#8211; El esmaltado interior negro mate es ideal para un dorado especialmente crujiente y es muy duradero<br \/>\n&#8211; Apto para todo tipo de cocinas, incluida la de inducci\u00f3n, tambi\u00e9n puede utilizarse en el horno\/parrilla<\/p>\n<p><strong>Caracter\u00edsticas<\/strong><br \/>\n&#8211; Resistencia al calor (\u00b0C): 240,00 \u00baC<br \/>\n&#8211; Resistencia al fr\u00edo: -20,00 \u00baC<br \/>\n&#8211; Material: hierro fundido<br \/>\n&#8211; Tapa existente: s\u00ed<br \/>\n&#8211; Inducci\u00f3n: S\u00ed<br \/>\n&#8211; Apto para el horno: S\u00ed<br \/>\n&#8211; Apto para el congelador: S\u00ed<br \/>\n&#8211; Apto para la cocina: s\u00ed<br \/>\n&#8211; Apto para el lavavajillas: s\u00ed<\/p>\n<p><strong>Tama\u00f1o<\/strong><br \/>\n&#8211; Peso neto: 5,70 kg<br \/>\n&#8211; Capacidad: 5,25 l<br \/>\n&#8211; Longitud del producto: 32,70 cm<br \/>\n&#8211; Anchura del producto: 26,00 cm<br \/>\n&#8211; Altura del producto: 16,70 cm<br \/>\n&#8211; Altura sin tapa: 11,80 cm<br \/>\n&#8211; Di\u00e1metro superior: 26,00 cm<br \/>\n&#8211; Di\u00e1metro del fondo: 21,70 cm<br \/>\n&#8211; Longitud del mango: 3,50 cm<\/p>\n","protected":false},"excerpt":{"rendered":"<p>La cacerola verde albahaca de la serie La Cocotte de Staub -una empresa conocida por sus cacerolas de hierro fundido<\/p>\n","protected":false},"featured_media":120782,"template":"","meta":{"_acf_changed":false,"inline_featured_image":false},"product_cat":[16065,16058],"product_tag":[25090,16111,16211,16781,16158,16654,25023],"acf":[],"yoast_head":"<!-- This site is optimized with the Yoast SEO Premium plugin v18.6 (Yoast SEO v19.13) - https:\/\/yoast.com\/wordpress\/plugins\/seo\/ -->\n<title>STAUB Cocotte Redonda 26 cm Verde Basilea - Erresse Shop<\/title>\n<meta name=\"description\" content=\"La cacerola verde albahaca de la serie La Cocotte de Staub -una empresa conocida por sus cacerolas de hierro fundido de alta calidad- aporta alegr\u00eda a la\" \/>\n<meta name=\"robots\" content=\"index, follow, max-snippet:-1, max-image-preview:large, max-video-preview:-1\" \/>\n<link rel=\"canonical\" href=\"https:\/\/www.erresse-shop.it\/es\/shop\/sartenes-y-ollas\/marmitas-y-cocottes\/staub-cocotte-redonda-26-cm-verde-basilea\/\" \/>\n<meta property=\"og:locale\" content=\"es_ES\" \/>\n<meta property=\"og:type\" content=\"article\" \/>\n<meta property=\"og:title\" content=\"STAUB Cocotte Redonda 26 cm Verde Basilea\" \/>\n<meta property=\"og:description\" content=\"La cacerola verde albahaca de la serie La Cocotte de Staub -una empresa conocida por sus cacerolas de hierro fundido de alta calidad- aporta alegr\u00eda a la\" \/>\n<meta property=\"og:url\" content=\"https:\/\/www.erresse-shop.it\/es\/shop\/sartenes-y-ollas\/marmitas-y-cocottes\/staub-cocotte-redonda-26-cm-verde-basilea\/\" \/>\n<meta property=\"og:site_name\" content=\"Erresse Shop\" \/>\n<meta property=\"article:modified_time\" content=\"2021-12-22T16:08:19+00:00\" \/>\n<meta property=\"og:image\" content=\"https:\/\/www.erresse-shop.it\/wp-content\/uploads\/2015\/01\/products-cocvergrande.jpg\" \/>\n\t<meta property=\"og:image:width\" content=\"534\" \/>\n\t<meta property=\"og:image:height\" content=\"395\" \/>\n\t<meta property=\"og:image:type\" content=\"image\/jpeg\" \/>\n<meta name=\"twitter:card\" content=\"summary_large_image\" \/>\n<script type=\"application\/ld+json\" class=\"yoast-schema-graph\">{\"@context\":\"https:\/\/schema.org\",\"@graph\":[{\"@type\":\"WebPage\",\"@id\":\"https:\/\/www.erresse-shop.it\/es\/shop\/sartenes-y-ollas\/marmitas-y-cocottes\/staub-cocotte-redonda-26-cm-verde-basilea\/\",\"url\":\"https:\/\/www.erresse-shop.it\/es\/shop\/sartenes-y-ollas\/marmitas-y-cocottes\/staub-cocotte-redonda-26-cm-verde-basilea\/\",\"name\":\"STAUB Cocotte Redonda 26 cm Verde Basilea - Erresse Shop\",\"isPartOf\":{\"@id\":\"https:\/\/www.erresse-shop.it\/es\/#website\"},\"datePublished\":\"2013-12-05T17:55:57+00:00\",\"dateModified\":\"2021-12-22T16:08:19+00:00\",\"description\":\"La cacerola verde albahaca de la serie La Cocotte de Staub -una empresa conocida por sus cacerolas de hierro fundido de alta calidad- aporta alegr\u00eda a la\",\"breadcrumb\":{\"@id\":\"https:\/\/www.erresse-shop.it\/es\/shop\/sartenes-y-ollas\/marmitas-y-cocottes\/staub-cocotte-redonda-26-cm-verde-basilea\/#breadcrumb\"},\"inLanguage\":\"es\",\"potentialAction\":[{\"@type\":\"ReadAction\",\"target\":[\"https:\/\/www.erresse-shop.it\/es\/shop\/sartenes-y-ollas\/marmitas-y-cocottes\/staub-cocotte-redonda-26-cm-verde-basilea\/\"]}]},{\"@type\":\"BreadcrumbList\",\"@id\":\"https:\/\/www.erresse-shop.it\/es\/shop\/sartenes-y-ollas\/marmitas-y-cocottes\/staub-cocotte-redonda-26-cm-verde-basilea\/#breadcrumb\",\"itemListElement\":[{\"@type\":\"ListItem\",\"position\":1,\"name\":\"Home\",\"item\":\"https:\/\/www.erresse-shop.it\/es\/\"},{\"@type\":\"ListItem\",\"position\":2,\"name\":\"Shop\",\"item\":\"https:\/\/www.erresse-shop.it\/es\/shop\/\"},{\"@type\":\"ListItem\",\"position\":3,\"name\":\"STAUB Cocotte Redonda 26 cm Verde Basilea\"}]},{\"@type\":\"WebSite\",\"@id\":\"https:\/\/www.erresse-shop.it\/es\/#website\",\"url\":\"https:\/\/www.erresse-shop.it\/es\/\",\"name\":\"Erresse Shop\",\"description\":\"Articoli di qualit\u00e0 per la casa\",\"potentialAction\":[{\"@type\":\"SearchAction\",\"target\":{\"@type\":\"EntryPoint\",\"urlTemplate\":\"https:\/\/www.erresse-shop.it\/es\/?s={search_term_string}\"},\"query-input\":\"required name=search_term_string\"}],\"inLanguage\":\"es\"}]}<\/script>\n<!-- \/ Yoast SEO Premium plugin. -->","yoast_head_json":{"title":"STAUB Cocotte Redonda 26 cm Verde Basilea - Erresse Shop","description":"La cacerola verde albahaca de la serie La Cocotte de Staub -una empresa conocida por sus cacerolas de hierro fundido de alta calidad- aporta alegr\u00eda a la","robots":{"index":"index","follow":"follow","max-snippet":"max-snippet:-1","max-image-preview":"max-image-preview:large","max-video-preview":"max-video-preview:-1"},"canonical":"https:\/\/www.erresse-shop.it\/es\/shop\/sartenes-y-ollas\/marmitas-y-cocottes\/staub-cocotte-redonda-26-cm-verde-basilea\/","og_locale":"es_ES","og_type":"article","og_title":"STAUB Cocotte Redonda 26 cm Verde Basilea","og_description":"La cacerola verde albahaca de la serie La Cocotte de Staub -una empresa conocida por sus cacerolas de hierro fundido de alta calidad- aporta alegr\u00eda a la","og_url":"https:\/\/www.erresse-shop.it\/es\/shop\/sartenes-y-ollas\/marmitas-y-cocottes\/staub-cocotte-redonda-26-cm-verde-basilea\/","og_site_name":"Erresse Shop","article_modified_time":"2021-12-22T16:08:19+00:00","og_image":[{"width":534,"height":395,"url":"https:\/\/www.erresse-shop.it\/wp-content\/uploads\/2015\/01\/products-cocvergrande.jpg","type":"image\/jpeg"}],"twitter_card":"summary_large_image","schema":{"@context":"https:\/\/schema.org","@graph":[{"@type":"WebPage","@id":"https:\/\/www.erresse-shop.it\/es\/shop\/sartenes-y-ollas\/marmitas-y-cocottes\/staub-cocotte-redonda-26-cm-verde-basilea\/","url":"https:\/\/www.erresse-shop.it\/es\/shop\/sartenes-y-ollas\/marmitas-y-cocottes\/staub-cocotte-redonda-26-cm-verde-basilea\/","name":"STAUB Cocotte Redonda 26 cm Verde Basilea - Erresse Shop","isPartOf":{"@id":"https:\/\/www.erresse-shop.it\/es\/#website"},"datePublished":"2013-12-05T17:55:57+00:00","dateModified":"2021-12-22T16:08:19+00:00","description":"La cacerola verde albahaca de la serie La Cocotte de Staub -una empresa conocida por sus cacerolas de hierro fundido de alta calidad- aporta alegr\u00eda a la","breadcrumb":{"@id":"https:\/\/www.erresse-shop.it\/es\/shop\/sartenes-y-ollas\/marmitas-y-cocottes\/staub-cocotte-redonda-26-cm-verde-basilea\/#breadcrumb"},"inLanguage":"es","potentialAction":[{"@type":"ReadAction","target":["https:\/\/www.erresse-shop.it\/es\/shop\/sartenes-y-ollas\/marmitas-y-cocottes\/staub-cocotte-redonda-26-cm-verde-basilea\/"]}]},{"@type":"BreadcrumbList","@id":"https:\/\/www.erresse-shop.it\/es\/shop\/sartenes-y-ollas\/marmitas-y-cocottes\/staub-cocotte-redonda-26-cm-verde-basilea\/#breadcrumb","itemListElement":[{"@type":"ListItem","position":1,"name":"Home","item":"https:\/\/www.erresse-shop.it\/es\/"},{"@type":"ListItem","position":2,"name":"Shop","item":"https:\/\/www.erresse-shop.it\/es\/shop\/"},{"@type":"ListItem","position":3,"name":"STAUB Cocotte Redonda 26 cm Verde Basilea"}]},{"@type":"WebSite","@id":"https:\/\/www.erresse-shop.it\/es\/#website","url":"https:\/\/www.erresse-shop.it\/es\/","name":"Erresse Shop","description":"Articoli di qualit\u00e0 per la casa","potentialAction":[{"@type":"SearchAction","target":{"@type":"EntryPoint","urlTemplate":"https:\/\/www.erresse-shop.it\/es\/?s={search_term_string}"},"query-input":"required name=search_term_string"}],"inLanguage":"es"}]}},"df_price":169.5,"df_sale_price":169.5,"df_regular_price":339,"df_image_link":"https:\/\/www.erresse-shop.it\/wp-content\/uploads\/2015\/01\/products-cocvergrande-300x222.jpg","_links":{"self":[{"href":"https:\/\/www.erresse-shop.it\/es\/wp-json\/wp\/v2\/product\/120781"}],"collection":[{"href":"https:\/\/www.erresse-shop.it\/es\/wp-json\/wp\/v2\/product"}],"about":[{"href":"https:\/\/www.erresse-shop.it\/es\/wp-json\/wp\/v2\/types\/product"}],"wp:featuredmedia":[{"embeddable":true,"href":"https:\/\/www.erresse-shop.it\/es\/wp-json\/wp\/v2\/media\/120782"}],"wp:attachment":[{"href":"https:\/\/www.erresse-shop.it\/es\/wp-json\/wp\/v2\/media?parent=120781"}],"wp:term":[{"taxonomy":"product_cat","embeddable":true,"href":"https:\/\/www.erresse-shop.it\/es\/wp-json\/wp\/v2\/product_cat?post=120781"},{"taxonomy":"product_tag","embeddable":true,"href":"https:\/\/www.erresse-shop.it\/es\/wp-json\/wp\/v2\/product_tag?post=120781"}],"curies":[{"name":"wp","href":"https:\/\/api.w.org\/{rel}","templated":true}]}}