{"id":120767,"date":"2013-12-05T17:38:48","date_gmt":"2013-12-05T17:38:48","guid":{"rendered":"https:\/\/www.erresse-shop.it\/shop\/sin%20categor\u00eda\/staub-cocotte-redonda-24-cm-gris-grafito\/"},"modified":"2021-12-22T16:08:13","modified_gmt":"2021-12-22T16:08:13","slug":"staub-cocotte-redonda-24-cm-gris-grafito","status":"publish","type":"product","link":"https:\/\/www.erresse-shop.it\/es\/shop\/sartenes-y-ollas\/marmitas-y-cocottes\/staub-cocotte-redonda-24-cm-gris-grafito\/","title":{"rendered":"STAUB Cocotte Redonda 24 cm Gris Grafito"},"content":{"rendered":"<p>La cocotte tiene su origen en Francia, donde esta cazuela fue dise\u00f1ada para cocinar platos de pollo: de hecho, la propia palabra &#8220;cocotte&#8221; es la palabra francesa para &#8220;pollo&#8221;. Desde entonces, la cocotte se ha utilizado para preparar una gran variedad de platos, como sopas, guisos y ragouts. Los principiantes pueden usarlos para probar sus sabrosos platos horneados y los chefs franceses profesionales no pueden prescindir de ellos para hacer gratinados o delicados sufl\u00e9s. Esta cocotte en particular es de color gris, lo que a\u00f1ade un toque de elegancia a la hora de presentar los alimentos en la mesa, y es redonda con un di\u00e1metro de 24 cm. Adem\u00e1s de ser est\u00e9ticamente agradable, el hierro fundido retiene el calor de forma excelente y lo distribuye uniformemente, lo que se ve reforzado por el esmalte negro mate especial de Staub. Este esmalte tambi\u00e9n ayuda a conservar el sabor \u00fanico de los alimentos. Como la cocotte retiene bien el calor, la carne y las verduras pueden cocinarse suavemente, conservando tanto el sabor como el contenido nutricional. Por lo tanto, es la herramienta perfecta para cocinar comidas saludables. La tapa especialmente dise\u00f1ada libera la condensaci\u00f3n a intervalos regulares, manteniendo la carne maravillosamente suculenta. Con la cocotte Staub podr\u00e1 ofrecerse a s\u00ed mismo y a sus invitados carne tierna y deliciosas verduras en cualquier momento.<\/p>\n<p>&#8211; Ideal para sellar y cocinar a fuego lento carne, pescado o verduras<br \/>\n&#8211; Para un resultado de cocci\u00f3n jugoso y tierno gracias a la tapa<br \/>\n&#8211; El esmaltado interior negro mate es ideal para un dorado especialmente crujiente y es muy duradero<br \/>\n&#8211; Apto para todo tipo de placas, incluida la de inducci\u00f3n, tambi\u00e9n puede colocarse en el horno\/parrilla<\/p>\n<p><strong>Caracter\u00edsticas<\/strong><br \/>\n&#8211; Resistencia al calor (\u00b0C): 240,00 \u00baC<br \/>\n&#8211; Resistencia al fr\u00edo: -20,00 \u00baC<br \/>\n&#8211; Material: hierro fundido<br \/>\n&#8211; Tapa existente: s\u00ed<br \/>\n&#8211; Inducci\u00f3n: S\u00ed<br \/>\n&#8211; Apto para el horno: S\u00ed<br \/>\n&#8211; Apto para el congelador: S\u00ed<br \/>\n&#8211; Apto para la cocina: s\u00ed<br \/>\n&#8211; Apto para el lavavajillas: s\u00ed<\/p>\n<p><strong>Tama\u00f1o<\/strong><br \/>\n&#8211; Peso neto: 4,60 kg<br \/>\n&#8211; Capacidad: 3,80 l<br \/>\n&#8211; Longitud del producto: 30,30 cm<br \/>\n&#8211; Anchura del producto: 24,00 cm<br \/>\n&#8211; Altura del producto: 15,30 cm<br \/>\n&#8211; Altura sin tapa: 10,50 cm<br \/>\n&#8211; Di\u00e1metro superior: 24,00 cm<br \/>\n&#8211; Di\u00e1metro del fondo: 19,20 cm<br \/>\n&#8211; Longitud del mango: 2,00 cm<\/p>\n","protected":false},"excerpt":{"rendered":"<p>La cocotte tiene su origen en Francia, donde esta cazuela fue dise\u00f1ada para cocinar platos de pollo: de hecho, la<\/p>\n","protected":false},"featured_media":479922,"template":"","meta":{"_acf_changed":false,"inline_featured_image":false},"product_cat":[16065,16058],"product_tag":[25090,16111,16781,16158,16654,25023],"acf":[],"yoast_head":"<!-- This site is optimized with the Yoast SEO Premium plugin v18.6 (Yoast SEO v19.13) - https:\/\/yoast.com\/wordpress\/plugins\/seo\/ -->\n<title>STAUB Cocotte Redonda 24 cm Gris Grafito - Erresse Shop<\/title>\n<meta name=\"description\" content=\"La cocotte tiene su origen en Francia, donde esta cazuela fue dise\u00f1ada para cocinar platos de pollo: de hecho, la propia palabra &quot;cocotte&quot; es la palabra\" \/>\n<meta name=\"robots\" content=\"index, follow, max-snippet:-1, max-image-preview:large, max-video-preview:-1\" \/>\n<link rel=\"canonical\" href=\"https:\/\/www.erresse-shop.it\/es\/shop\/sartenes-y-ollas\/marmitas-y-cocottes\/staub-cocotte-redonda-24-cm-gris-grafito\/\" \/>\n<meta property=\"og:locale\" content=\"es_ES\" \/>\n<meta property=\"og:type\" content=\"article\" \/>\n<meta property=\"og:title\" content=\"STAUB Cocotte Redonda 24 cm Gris Grafito\" \/>\n<meta property=\"og:description\" content=\"La cocotte tiene su origen en Francia, donde esta cazuela fue dise\u00f1ada para cocinar platos de pollo: de hecho, la propia palabra &quot;cocotte&quot; es la palabra\" \/>\n<meta property=\"og:url\" content=\"https:\/\/www.erresse-shop.it\/es\/shop\/sartenes-y-ollas\/marmitas-y-cocottes\/staub-cocotte-redonda-24-cm-gris-grafito\/\" \/>\n<meta property=\"og:site_name\" content=\"Erresse Shop\" \/>\n<meta property=\"article:modified_time\" content=\"2021-12-22T16:08:13+00:00\" \/>\n<meta property=\"og:image\" content=\"https:\/\/www.erresse-shop.it\/wp-content\/uploads\/2015\/01\/products-cocogrigrande.jpg\" \/>\n\t<meta property=\"og:image:width\" content=\"518\" \/>\n\t<meta property=\"og:image:height\" content=\"386\" \/>\n\t<meta property=\"og:image:type\" content=\"image\/jpeg\" \/>\n<meta name=\"twitter:card\" content=\"summary_large_image\" \/>\n<script type=\"application\/ld+json\" class=\"yoast-schema-graph\">{\"@context\":\"https:\/\/schema.org\",\"@graph\":[{\"@type\":\"WebPage\",\"@id\":\"https:\/\/www.erresse-shop.it\/es\/shop\/sartenes-y-ollas\/marmitas-y-cocottes\/staub-cocotte-redonda-24-cm-gris-grafito\/\",\"url\":\"https:\/\/www.erresse-shop.it\/es\/shop\/sartenes-y-ollas\/marmitas-y-cocottes\/staub-cocotte-redonda-24-cm-gris-grafito\/\",\"name\":\"STAUB Cocotte Redonda 24 cm Gris Grafito - Erresse Shop\",\"isPartOf\":{\"@id\":\"https:\/\/www.erresse-shop.it\/es\/#website\"},\"datePublished\":\"2013-12-05T17:38:48+00:00\",\"dateModified\":\"2021-12-22T16:08:13+00:00\",\"description\":\"La cocotte tiene su origen en Francia, donde esta cazuela fue dise\u00f1ada para cocinar platos de pollo: de hecho, la propia palabra \\\"cocotte\\\" es la palabra\",\"breadcrumb\":{\"@id\":\"https:\/\/www.erresse-shop.it\/es\/shop\/sartenes-y-ollas\/marmitas-y-cocottes\/staub-cocotte-redonda-24-cm-gris-grafito\/#breadcrumb\"},\"inLanguage\":\"es\",\"potentialAction\":[{\"@type\":\"ReadAction\",\"target\":[\"https:\/\/www.erresse-shop.it\/es\/shop\/sartenes-y-ollas\/marmitas-y-cocottes\/staub-cocotte-redonda-24-cm-gris-grafito\/\"]}]},{\"@type\":\"BreadcrumbList\",\"@id\":\"https:\/\/www.erresse-shop.it\/es\/shop\/sartenes-y-ollas\/marmitas-y-cocottes\/staub-cocotte-redonda-24-cm-gris-grafito\/#breadcrumb\",\"itemListElement\":[{\"@type\":\"ListItem\",\"position\":1,\"name\":\"Home\",\"item\":\"https:\/\/www.erresse-shop.it\/es\/\"},{\"@type\":\"ListItem\",\"position\":2,\"name\":\"Shop\",\"item\":\"https:\/\/www.erresse-shop.it\/es\/shop\/\"},{\"@type\":\"ListItem\",\"position\":3,\"name\":\"STAUB Cocotte Redonda 24 cm Gris Grafito\"}]},{\"@type\":\"WebSite\",\"@id\":\"https:\/\/www.erresse-shop.it\/es\/#website\",\"url\":\"https:\/\/www.erresse-shop.it\/es\/\",\"name\":\"Erresse Shop\",\"description\":\"Articoli di qualit\u00e0 per la casa\",\"potentialAction\":[{\"@type\":\"SearchAction\",\"target\":{\"@type\":\"EntryPoint\",\"urlTemplate\":\"https:\/\/www.erresse-shop.it\/es\/?s={search_term_string}\"},\"query-input\":\"required name=search_term_string\"}],\"inLanguage\":\"es\"}]}<\/script>\n<!-- \/ Yoast SEO Premium plugin. -->","yoast_head_json":{"title":"STAUB Cocotte Redonda 24 cm Gris Grafito - Erresse Shop","description":"La cocotte tiene su origen en Francia, donde esta cazuela fue dise\u00f1ada para cocinar platos de pollo: de hecho, la propia palabra \"cocotte\" es la palabra","robots":{"index":"index","follow":"follow","max-snippet":"max-snippet:-1","max-image-preview":"max-image-preview:large","max-video-preview":"max-video-preview:-1"},"canonical":"https:\/\/www.erresse-shop.it\/es\/shop\/sartenes-y-ollas\/marmitas-y-cocottes\/staub-cocotte-redonda-24-cm-gris-grafito\/","og_locale":"es_ES","og_type":"article","og_title":"STAUB Cocotte Redonda 24 cm Gris Grafito","og_description":"La cocotte tiene su origen en Francia, donde esta cazuela fue dise\u00f1ada para cocinar platos de pollo: de hecho, la propia palabra \"cocotte\" es la palabra","og_url":"https:\/\/www.erresse-shop.it\/es\/shop\/sartenes-y-ollas\/marmitas-y-cocottes\/staub-cocotte-redonda-24-cm-gris-grafito\/","og_site_name":"Erresse Shop","article_modified_time":"2021-12-22T16:08:13+00:00","og_image":[{"width":518,"height":386,"url":"https:\/\/www.erresse-shop.it\/wp-content\/uploads\/2015\/01\/products-cocogrigrande.jpg","type":"image\/jpeg"}],"twitter_card":"summary_large_image","schema":{"@context":"https:\/\/schema.org","@graph":[{"@type":"WebPage","@id":"https:\/\/www.erresse-shop.it\/es\/shop\/sartenes-y-ollas\/marmitas-y-cocottes\/staub-cocotte-redonda-24-cm-gris-grafito\/","url":"https:\/\/www.erresse-shop.it\/es\/shop\/sartenes-y-ollas\/marmitas-y-cocottes\/staub-cocotte-redonda-24-cm-gris-grafito\/","name":"STAUB Cocotte Redonda 24 cm Gris Grafito - Erresse Shop","isPartOf":{"@id":"https:\/\/www.erresse-shop.it\/es\/#website"},"datePublished":"2013-12-05T17:38:48+00:00","dateModified":"2021-12-22T16:08:13+00:00","description":"La cocotte tiene su origen en Francia, donde esta cazuela fue dise\u00f1ada para cocinar platos de pollo: de hecho, la propia palabra \"cocotte\" es la palabra","breadcrumb":{"@id":"https:\/\/www.erresse-shop.it\/es\/shop\/sartenes-y-ollas\/marmitas-y-cocottes\/staub-cocotte-redonda-24-cm-gris-grafito\/#breadcrumb"},"inLanguage":"es","potentialAction":[{"@type":"ReadAction","target":["https:\/\/www.erresse-shop.it\/es\/shop\/sartenes-y-ollas\/marmitas-y-cocottes\/staub-cocotte-redonda-24-cm-gris-grafito\/"]}]},{"@type":"BreadcrumbList","@id":"https:\/\/www.erresse-shop.it\/es\/shop\/sartenes-y-ollas\/marmitas-y-cocottes\/staub-cocotte-redonda-24-cm-gris-grafito\/#breadcrumb","itemListElement":[{"@type":"ListItem","position":1,"name":"Home","item":"https:\/\/www.erresse-shop.it\/es\/"},{"@type":"ListItem","position":2,"name":"Shop","item":"https:\/\/www.erresse-shop.it\/es\/shop\/"},{"@type":"ListItem","position":3,"name":"STAUB Cocotte Redonda 24 cm Gris Grafito"}]},{"@type":"WebSite","@id":"https:\/\/www.erresse-shop.it\/es\/#website","url":"https:\/\/www.erresse-shop.it\/es\/","name":"Erresse Shop","description":"Articoli di qualit\u00e0 per la casa","potentialAction":[{"@type":"SearchAction","target":{"@type":"EntryPoint","urlTemplate":"https:\/\/www.erresse-shop.it\/es\/?s={search_term_string}"},"query-input":"required name=search_term_string"}],"inLanguage":"es"}]}},"df_price":139.5,"df_sale_price":139.5,"df_regular_price":279,"df_image_link":"https:\/\/www.erresse-shop.it\/wp-content\/uploads\/2013\/12\/STAUB-Cocotte-Tonda-24-cm-Grigio-Grafite-300x300.jpg","_links":{"self":[{"href":"https:\/\/www.erresse-shop.it\/es\/wp-json\/wp\/v2\/product\/120767"}],"collection":[{"href":"https:\/\/www.erresse-shop.it\/es\/wp-json\/wp\/v2\/product"}],"about":[{"href":"https:\/\/www.erresse-shop.it\/es\/wp-json\/wp\/v2\/types\/product"}],"wp:featuredmedia":[{"embeddable":true,"href":"https:\/\/www.erresse-shop.it\/es\/wp-json\/wp\/v2\/media\/479922"}],"wp:attachment":[{"href":"https:\/\/www.erresse-shop.it\/es\/wp-json\/wp\/v2\/media?parent=120767"}],"wp:term":[{"taxonomy":"product_cat","embeddable":true,"href":"https:\/\/www.erresse-shop.it\/es\/wp-json\/wp\/v2\/product_cat?post=120767"},{"taxonomy":"product_tag","embeddable":true,"href":"https:\/\/www.erresse-shop.it\/es\/wp-json\/wp\/v2\/product_tag?post=120767"}],"curies":[{"name":"wp","href":"https:\/\/api.w.org\/{rel}","templated":true}]}}