{"id":120746,"date":"2012-09-29T11:04:37","date_gmt":"2012-09-29T11:04:37","guid":{"rendered":"https:\/\/www.erresse-shop.it\/shop\/sin%20categor\u00eda\/staub-cocotte-ovalada-33-cm-gris-grafito\/"},"modified":"2021-12-22T16:08:04","modified_gmt":"2021-12-22T16:08:04","slug":"staub-cocotte-ovalada-33-cm-gris-grafito","status":"publish","type":"product","link":"https:\/\/www.erresse-shop.it\/es\/shop\/sartenes-y-ollas\/marmitas-y-cocottes\/staub-cocotte-ovalada-33-cm-gris-grafito\/","title":{"rendered":"STAUB Cocotte Ovalada 33 cm Gris Grafito"},"content":{"rendered":"<p>Los principales chefs de todo el mundo ya est\u00e1n convencidos de las excepcionales propiedades de cocci\u00f3n de las cocottes Staub. Gracias a la combinaci\u00f3n de hierro fundido y esmalte, retienen el calor de forma \u00f3ptima y lo liberan uniformemente en los alimentos. Las cocottes se utilizaban originalmente en Francia para cocinar el pollo y se han transmitido de generaci\u00f3n en generaci\u00f3n, ya que mejoran con cada uso. Hoy en d\u00eda, las cocottes se utilizan para muchos otros fines: son ideales para cocinar platos de guisos tradicionales como el goulash o el pisto, pero tambi\u00e9n para asados tiernos o platos de verduras arom\u00e1ticos y sabrosos. Un dise\u00f1o especial de &#8220;l\u00e1grima&#8221; en la tapa asegura que cualquier condensaci\u00f3n producida se distribuya uniformemente sobre los alimentos, evitando que se sequen. La cocotte ovalada est\u00e1 hecha de hierro fundido gris grafito y tiene un interior de esmalte negro mate, una combinaci\u00f3n de materiales que permite una distribuci\u00f3n uniforme del calor. Los nutrientes se conservan dentro de los alimentos, gracias a los aromas que se desarrollan maravillosamente. La cacerola Staub puede utilizarse en todas las fuentes de calor, incluidas las placas de inducci\u00f3n. Con un di\u00e1metro de 33 cm y una altura de 17 cm, tiene una capacidad de 6,7 litros y es perfecta para cocinar para toda la familia o un grupo de amigos. La durabilidad y las excelentes propiedades de cocci\u00f3n de la cocotte Staub le ayudar\u00e1n a cocinar y servir comidas con un sabor delicado.<\/p>\n<p>&#8211; Ideal para sellar y cocinar lentamente asados y pollos enteros<br \/>\n&#8211; Para un resultado de cocci\u00f3n jugoso y tierno gracias a la tapa<br \/>\n&#8211; El esmaltado interior negro mate es ideal para un dorado especialmente crujiente y es muy duradero<br \/>\n&#8211; Apto para todo tipo de cocinas, incluida la de inducci\u00f3n, tambi\u00e9n puede utilizarse en el horno\/parrilla<\/p>\n<p><strong>Caracter\u00edsticas<\/strong><br \/>\n&#8211; Resistencia al calor (\u00b0C): 240,00 \u00baC<br \/>\n&#8211; Resistencia al fr\u00edo: -20,00 \u00baC<br \/>\n&#8211; Material: hierro fundido<br \/>\n&#8211; Tapa existente: s\u00ed<br \/>\n&#8211; Inducci\u00f3n: S\u00ed<br \/>\n&#8211; Apto para el horno: S\u00ed<br \/>\n&#8211; Apto para el congelador: S\u00ed<br \/>\n&#8211; Apto para la cocina: s\u00ed<br \/>\n&#8211; Apto para el lavavajillas: s\u00ed<\/p>\n<p><strong>Tama\u00f1o<\/strong><br \/>\n&#8211; Peso neto: 7,10 kg<br \/>\n&#8211; Capacidad: 6,70 l<br \/>\n&#8211; Longitud del producto: 40,00 cm<br \/>\n&#8211; Anchura del producto: 33,00 cm<br \/>\n&#8211; Altura del producto: 17,30 cm<br \/>\n&#8211; Altura sin tapa: 12,40 cm<br \/>\n&#8211; Di\u00e1metro superior: 33,00 cm<br \/>\n&#8211; Di\u00e1metro superior 2: 2,60 cm<br \/>\n&#8211; Di\u00e1metro del fondo: 27,70 cm<br \/>\n&#8211; Longitud del mango: 3,50 cm<\/p>\n","protected":false},"excerpt":{"rendered":"<p>Los principales chefs de todo el mundo ya est\u00e1n convencidos de las excepcionales propiedades de cocci\u00f3n de las cocottes Staub.<\/p>\n","protected":false},"featured_media":120685,"template":"","meta":{"_acf_changed":false,"inline_featured_image":false},"product_cat":[16065,16058],"product_tag":[25090,16111,16211,16781,16158,16654,25023],"acf":[],"yoast_head":"<!-- This site is optimized with the Yoast SEO Premium plugin v18.6 (Yoast SEO v19.13) - https:\/\/yoast.com\/wordpress\/plugins\/seo\/ -->\n<title>STAUB Cocotte Ovalada 33 cm Gris Grafito - Erresse Shop<\/title>\n<meta name=\"description\" content=\"Los principales chefs de todo el mundo ya est\u00e1n convencidos de las excepcionales propiedades de cocci\u00f3n de las cocottes Staub. Gracias a la combinaci\u00f3n de\" \/>\n<meta name=\"robots\" content=\"index, follow, max-snippet:-1, max-image-preview:large, max-video-preview:-1\" \/>\n<link rel=\"canonical\" href=\"https:\/\/www.erresse-shop.it\/es\/shop\/sartenes-y-ollas\/marmitas-y-cocottes\/staub-cocotte-ovalada-33-cm-gris-grafito\/\" \/>\n<meta property=\"og:locale\" content=\"es_ES\" \/>\n<meta property=\"og:type\" content=\"article\" \/>\n<meta property=\"og:title\" content=\"STAUB Cocotte Ovalada 33 cm Gris Grafito\" \/>\n<meta property=\"og:description\" content=\"Los principales chefs de todo el mundo ya est\u00e1n convencidos de las excepcionales propiedades de cocci\u00f3n de las cocottes Staub. Gracias a la combinaci\u00f3n de\" \/>\n<meta property=\"og:url\" content=\"https:\/\/www.erresse-shop.it\/es\/shop\/sartenes-y-ollas\/marmitas-y-cocottes\/staub-cocotte-ovalada-33-cm-gris-grafito\/\" \/>\n<meta property=\"og:site_name\" content=\"Erresse Shop\" \/>\n<meta property=\"article:modified_time\" content=\"2021-12-22T16:08:04+00:00\" \/>\n<meta property=\"og:image\" content=\"https:\/\/www.erresse-shop.it\/wp-content\/uploads\/2015\/01\/products-ovagri.jpg\" \/>\n\t<meta property=\"og:image:width\" content=\"511\" \/>\n\t<meta property=\"og:image:height\" content=\"347\" \/>\n\t<meta property=\"og:image:type\" content=\"image\/jpeg\" \/>\n<meta name=\"twitter:card\" content=\"summary_large_image\" \/>\n<script type=\"application\/ld+json\" class=\"yoast-schema-graph\">{\"@context\":\"https:\/\/schema.org\",\"@graph\":[{\"@type\":\"WebPage\",\"@id\":\"https:\/\/www.erresse-shop.it\/es\/shop\/sartenes-y-ollas\/marmitas-y-cocottes\/staub-cocotte-ovalada-33-cm-gris-grafito\/\",\"url\":\"https:\/\/www.erresse-shop.it\/es\/shop\/sartenes-y-ollas\/marmitas-y-cocottes\/staub-cocotte-ovalada-33-cm-gris-grafito\/\",\"name\":\"STAUB Cocotte Ovalada 33 cm Gris Grafito - Erresse Shop\",\"isPartOf\":{\"@id\":\"https:\/\/www.erresse-shop.it\/es\/#website\"},\"datePublished\":\"2012-09-29T11:04:37+00:00\",\"dateModified\":\"2021-12-22T16:08:04+00:00\",\"description\":\"Los principales chefs de todo el mundo ya est\u00e1n convencidos de las excepcionales propiedades de cocci\u00f3n de las cocottes Staub. Gracias a la combinaci\u00f3n de\",\"breadcrumb\":{\"@id\":\"https:\/\/www.erresse-shop.it\/es\/shop\/sartenes-y-ollas\/marmitas-y-cocottes\/staub-cocotte-ovalada-33-cm-gris-grafito\/#breadcrumb\"},\"inLanguage\":\"es\",\"potentialAction\":[{\"@type\":\"ReadAction\",\"target\":[\"https:\/\/www.erresse-shop.it\/es\/shop\/sartenes-y-ollas\/marmitas-y-cocottes\/staub-cocotte-ovalada-33-cm-gris-grafito\/\"]}]},{\"@type\":\"BreadcrumbList\",\"@id\":\"https:\/\/www.erresse-shop.it\/es\/shop\/sartenes-y-ollas\/marmitas-y-cocottes\/staub-cocotte-ovalada-33-cm-gris-grafito\/#breadcrumb\",\"itemListElement\":[{\"@type\":\"ListItem\",\"position\":1,\"name\":\"Home\",\"item\":\"https:\/\/www.erresse-shop.it\/es\/\"},{\"@type\":\"ListItem\",\"position\":2,\"name\":\"Shop\",\"item\":\"https:\/\/www.erresse-shop.it\/es\/shop\/\"},{\"@type\":\"ListItem\",\"position\":3,\"name\":\"STAUB Cocotte Ovalada 33 cm Gris Grafito\"}]},{\"@type\":\"WebSite\",\"@id\":\"https:\/\/www.erresse-shop.it\/es\/#website\",\"url\":\"https:\/\/www.erresse-shop.it\/es\/\",\"name\":\"Erresse Shop\",\"description\":\"Articoli di qualit\u00e0 per la casa\",\"potentialAction\":[{\"@type\":\"SearchAction\",\"target\":{\"@type\":\"EntryPoint\",\"urlTemplate\":\"https:\/\/www.erresse-shop.it\/es\/?s={search_term_string}\"},\"query-input\":\"required name=search_term_string\"}],\"inLanguage\":\"es\"}]}<\/script>\n<!-- \/ Yoast SEO Premium plugin. -->","yoast_head_json":{"title":"STAUB Cocotte Ovalada 33 cm Gris Grafito - Erresse Shop","description":"Los principales chefs de todo el mundo ya est\u00e1n convencidos de las excepcionales propiedades de cocci\u00f3n de las cocottes Staub. Gracias a la combinaci\u00f3n de","robots":{"index":"index","follow":"follow","max-snippet":"max-snippet:-1","max-image-preview":"max-image-preview:large","max-video-preview":"max-video-preview:-1"},"canonical":"https:\/\/www.erresse-shop.it\/es\/shop\/sartenes-y-ollas\/marmitas-y-cocottes\/staub-cocotte-ovalada-33-cm-gris-grafito\/","og_locale":"es_ES","og_type":"article","og_title":"STAUB Cocotte Ovalada 33 cm Gris Grafito","og_description":"Los principales chefs de todo el mundo ya est\u00e1n convencidos de las excepcionales propiedades de cocci\u00f3n de las cocottes Staub. Gracias a la combinaci\u00f3n de","og_url":"https:\/\/www.erresse-shop.it\/es\/shop\/sartenes-y-ollas\/marmitas-y-cocottes\/staub-cocotte-ovalada-33-cm-gris-grafito\/","og_site_name":"Erresse Shop","article_modified_time":"2021-12-22T16:08:04+00:00","og_image":[{"width":511,"height":347,"url":"https:\/\/www.erresse-shop.it\/wp-content\/uploads\/2015\/01\/products-ovagri.jpg","type":"image\/jpeg"}],"twitter_card":"summary_large_image","schema":{"@context":"https:\/\/schema.org","@graph":[{"@type":"WebPage","@id":"https:\/\/www.erresse-shop.it\/es\/shop\/sartenes-y-ollas\/marmitas-y-cocottes\/staub-cocotte-ovalada-33-cm-gris-grafito\/","url":"https:\/\/www.erresse-shop.it\/es\/shop\/sartenes-y-ollas\/marmitas-y-cocottes\/staub-cocotte-ovalada-33-cm-gris-grafito\/","name":"STAUB Cocotte Ovalada 33 cm Gris Grafito - Erresse Shop","isPartOf":{"@id":"https:\/\/www.erresse-shop.it\/es\/#website"},"datePublished":"2012-09-29T11:04:37+00:00","dateModified":"2021-12-22T16:08:04+00:00","description":"Los principales chefs de todo el mundo ya est\u00e1n convencidos de las excepcionales propiedades de cocci\u00f3n de las cocottes Staub. Gracias a la combinaci\u00f3n de","breadcrumb":{"@id":"https:\/\/www.erresse-shop.it\/es\/shop\/sartenes-y-ollas\/marmitas-y-cocottes\/staub-cocotte-ovalada-33-cm-gris-grafito\/#breadcrumb"},"inLanguage":"es","potentialAction":[{"@type":"ReadAction","target":["https:\/\/www.erresse-shop.it\/es\/shop\/sartenes-y-ollas\/marmitas-y-cocottes\/staub-cocotte-ovalada-33-cm-gris-grafito\/"]}]},{"@type":"BreadcrumbList","@id":"https:\/\/www.erresse-shop.it\/es\/shop\/sartenes-y-ollas\/marmitas-y-cocottes\/staub-cocotte-ovalada-33-cm-gris-grafito\/#breadcrumb","itemListElement":[{"@type":"ListItem","position":1,"name":"Home","item":"https:\/\/www.erresse-shop.it\/es\/"},{"@type":"ListItem","position":2,"name":"Shop","item":"https:\/\/www.erresse-shop.it\/es\/shop\/"},{"@type":"ListItem","position":3,"name":"STAUB Cocotte Ovalada 33 cm Gris Grafito"}]},{"@type":"WebSite","@id":"https:\/\/www.erresse-shop.it\/es\/#website","url":"https:\/\/www.erresse-shop.it\/es\/","name":"Erresse Shop","description":"Articoli di qualit\u00e0 per la casa","potentialAction":[{"@type":"SearchAction","target":{"@type":"EntryPoint","urlTemplate":"https:\/\/www.erresse-shop.it\/es\/?s={search_term_string}"},"query-input":"required name=search_term_string"}],"inLanguage":"es"}]}},"df_price":184.5,"df_sale_price":184.5,"df_regular_price":369,"df_image_link":"https:\/\/www.erresse-shop.it\/wp-content\/uploads\/2015\/01\/products-ovagri-300x204.jpg","_links":{"self":[{"href":"https:\/\/www.erresse-shop.it\/es\/wp-json\/wp\/v2\/product\/120746"}],"collection":[{"href":"https:\/\/www.erresse-shop.it\/es\/wp-json\/wp\/v2\/product"}],"about":[{"href":"https:\/\/www.erresse-shop.it\/es\/wp-json\/wp\/v2\/types\/product"}],"wp:featuredmedia":[{"embeddable":true,"href":"https:\/\/www.erresse-shop.it\/es\/wp-json\/wp\/v2\/media\/120685"}],"wp:attachment":[{"href":"https:\/\/www.erresse-shop.it\/es\/wp-json\/wp\/v2\/media?parent=120746"}],"wp:term":[{"taxonomy":"product_cat","embeddable":true,"href":"https:\/\/www.erresse-shop.it\/es\/wp-json\/wp\/v2\/product_cat?post=120746"},{"taxonomy":"product_tag","embeddable":true,"href":"https:\/\/www.erresse-shop.it\/es\/wp-json\/wp\/v2\/product_tag?post=120746"}],"curies":[{"name":"wp","href":"https:\/\/api.w.org\/{rel}","templated":true}]}}