{"id":120739,"date":"2012-07-28T16:55:08","date_gmt":"2012-07-28T16:55:08","guid":{"rendered":"https:\/\/www.erresse-shop.it\/shop\/sin%20categor\u00eda\/staub-cocotte-redonda-con-cesta-de-vapor-26-cm-basilea\/"},"modified":"2024-07-05T13:54:41","modified_gmt":"2024-07-05T13:54:41","slug":"staub-cocotte-redonda-con-cesta-de-vapor-26-cm-basilea","status":"publish","type":"product","link":"https:\/\/www.erresse-shop.it\/es\/shop\/sartenes-y-ollas\/marmitas-y-cocottes\/staub-cocotte-redonda-con-cesta-de-vapor-26-cm-basilea\/","title":{"rendered":"STAUB Cocotte Redonda con Cesta de Vapor 26 cm Basilea"},"content":{"rendered":"<p>Uno de los mayores retos en la cocina es coordinar varias preparaciones, asegur\u00e1ndose de que la carne, las verduras y las guarniciones se cocinen y puedan servirse al mismo tiempo. La cocotte de la serie La Cocotte combina las propiedades de la cazuela tradicional con las de la cesta de vapor, lo que permite cocinar muchos tipos de alimentos a la vez. Los orificios de la cesta son de acero inoxidable 18\/10 y la gruesa junta de silicona garantiza una distribuci\u00f3n \u00f3ptima del calor sobre los alimentos. La cocotte est\u00e1 hecha de hierro fundido esmaltado en negro en su interior, que retiene el calor y lo libera uniformemente a los alimentos que se cocinan. La cocotte redonda con la cesta de vapor mide 32,8 cm de largo, 15,6 cm de alto y 26 cm de ancho, incluidas las asas. Tiene una capacidad de 5,2 litros, es f\u00e1cil de limpiar, duradera y puede utilizarse en todo tipo de placas, incluida la de inducci\u00f3n. Dispone de asas ergon\u00f3micas a ambos lados para llevarla a la mesa, donde se convertir\u00e1 en un reclamo por su color verde albahaca y su dise\u00f1o tradicional. La cesta de cocci\u00f3n al vapor para la cocotte Staub permite cocinar varios platos al mismo tiempo y tambi\u00e9n sirve como un bonito plato para servir.<\/p>\n<p>&#8211; Ideal para rehogar y guisar al mismo tiempo, por ejemplo, cocinar el arroz en la parte inferior y el pescado en la parte superior.<br \/>\n&#8211; Para un resultado de cocci\u00f3n jugoso y tierno gracias a la tapa<br \/>\n&#8211; El esmaltado interior negro mate es ideal para un braseado especialmente crujiente y es muy duradero<br \/>\n&#8211; Apto para todo tipo de placas, incluida la de inducci\u00f3n, tambi\u00e9n puede colocarse en el horno\/parrilla<\/p>\n<p><strong>Caracter\u00edsticas<\/strong><br \/>\n&#8211; Resistencia al calor (\u00b0C): 240,00 \u00baC<br \/>\n&#8211; Material: hierro fundido<br \/>\n&#8211; Tapa existente: s\u00ed<br \/>\n&#8211; Inducci\u00f3n: S\u00ed<br \/>\n&#8211; Apto para horno: S\u00ed<br \/>\n&#8211; Apto para placa de cocci\u00f3n: S\u00ed<br \/>\n&#8211; Apto para el lavavajillas: S\u00ed<\/p>\n<p><strong>Tama\u00f1o<\/strong><br \/>\n&#8211; Peso neto: 6,56 kg<br \/>\n&#8211; Capacidad: 5,25 l<br \/>\n&#8211; Longitud del producto: 33,00 cm<br \/>\n&#8211; Anchura del producto: 26,00 cm<br \/>\n&#8211; Altura del producto: 23,70 cm<br \/>\n&#8211; Altura sin tapa: 11,80 cm<br \/>\n&#8211; Di\u00e1metro superior: 26,00 cm<br \/>\n&#8211; Di\u00e1metro del fondo: 21,70 cm<\/p>\n","protected":false},"excerpt":{"rendered":"<p>Uno de los mayores retos en la cocina es coordinar varias preparaciones, asegur\u00e1ndose de que la carne, las verduras y<\/p>\n","protected":false},"featured_media":120742,"template":"","meta":{"_acf_changed":false,"inline_featured_image":false},"product_cat":[16065,16058],"product_tag":[16111,16211,16782,16781,16158,16654],"acf":[],"yoast_head":"<!-- This site is optimized with the Yoast SEO Premium plugin v18.6 (Yoast SEO v19.13) - https:\/\/yoast.com\/wordpress\/plugins\/seo\/ -->\n<title>STAUB Cocotte Redonda con Cesta de Vapor 26 cm Basilea - Erresse Shop<\/title>\n<meta name=\"description\" content=\"Uno de los mayores retos en la cocina es coordinar varias preparaciones, asegur\u00e1ndose de que la carne, las verduras y las guarniciones se cocinen y puedan\" \/>\n<meta name=\"robots\" content=\"index, follow, max-snippet:-1, max-image-preview:large, max-video-preview:-1\" \/>\n<link rel=\"canonical\" href=\"https:\/\/www.erresse-shop.it\/es\/shop\/sartenes-y-ollas\/marmitas-y-cocottes\/staub-cocotte-redonda-con-cesta-de-vapor-26-cm-basilea\/\" \/>\n<meta property=\"og:locale\" content=\"es_ES\" \/>\n<meta property=\"og:type\" content=\"article\" \/>\n<meta property=\"og:title\" content=\"STAUB Cocotte Redonda con Cesta de Vapor 26 cm Basilea\" \/>\n<meta property=\"og:description\" content=\"Uno de los mayores retos en la cocina es coordinar varias preparaciones, asegur\u00e1ndose de que la carne, las verduras y las guarniciones se cocinen y puedan\" \/>\n<meta property=\"og:url\" content=\"https:\/\/www.erresse-shop.it\/es\/shop\/sartenes-y-ollas\/marmitas-y-cocottes\/staub-cocotte-redonda-con-cesta-de-vapor-26-cm-basilea\/\" \/>\n<meta property=\"og:site_name\" content=\"Erresse Shop\" \/>\n<meta property=\"article:modified_time\" content=\"2024-07-05T13:54:41+00:00\" \/>\n<meta property=\"og:image\" content=\"https:\/\/www.erresse-shop.it\/wp-content\/uploads\/2012\/07\/STAUB-Cocotte-con-Cestello-a-Vapore-Rotonda-26-cm-Verde.jpg\" \/>\n\t<meta property=\"og:image:width\" content=\"1000\" \/>\n\t<meta property=\"og:image:height\" content=\"1000\" \/>\n\t<meta property=\"og:image:type\" content=\"image\/jpeg\" \/>\n<meta name=\"twitter:card\" content=\"summary_large_image\" \/>\n<script type=\"application\/ld+json\" class=\"yoast-schema-graph\">{\"@context\":\"https:\/\/schema.org\",\"@graph\":[{\"@type\":\"WebPage\",\"@id\":\"https:\/\/www.erresse-shop.it\/es\/shop\/sartenes-y-ollas\/marmitas-y-cocottes\/staub-cocotte-redonda-con-cesta-de-vapor-26-cm-basilea\/\",\"url\":\"https:\/\/www.erresse-shop.it\/es\/shop\/sartenes-y-ollas\/marmitas-y-cocottes\/staub-cocotte-redonda-con-cesta-de-vapor-26-cm-basilea\/\",\"name\":\"STAUB Cocotte Redonda con Cesta de Vapor 26 cm Basilea - Erresse Shop\",\"isPartOf\":{\"@id\":\"https:\/\/www.erresse-shop.it\/es\/#website\"},\"datePublished\":\"2012-07-28T16:55:08+00:00\",\"dateModified\":\"2024-07-05T13:54:41+00:00\",\"description\":\"Uno de los mayores retos en la cocina es coordinar varias preparaciones, asegur\u00e1ndose de que la carne, las verduras y las guarniciones se cocinen y puedan\",\"breadcrumb\":{\"@id\":\"https:\/\/www.erresse-shop.it\/es\/shop\/sartenes-y-ollas\/marmitas-y-cocottes\/staub-cocotte-redonda-con-cesta-de-vapor-26-cm-basilea\/#breadcrumb\"},\"inLanguage\":\"es\",\"potentialAction\":[{\"@type\":\"ReadAction\",\"target\":[\"https:\/\/www.erresse-shop.it\/es\/shop\/sartenes-y-ollas\/marmitas-y-cocottes\/staub-cocotte-redonda-con-cesta-de-vapor-26-cm-basilea\/\"]}]},{\"@type\":\"BreadcrumbList\",\"@id\":\"https:\/\/www.erresse-shop.it\/es\/shop\/sartenes-y-ollas\/marmitas-y-cocottes\/staub-cocotte-redonda-con-cesta-de-vapor-26-cm-basilea\/#breadcrumb\",\"itemListElement\":[{\"@type\":\"ListItem\",\"position\":1,\"name\":\"Home\",\"item\":\"https:\/\/www.erresse-shop.it\/es\/\"},{\"@type\":\"ListItem\",\"position\":2,\"name\":\"Shop\",\"item\":\"https:\/\/www.erresse-shop.it\/es\/shop\/\"},{\"@type\":\"ListItem\",\"position\":3,\"name\":\"STAUB Cocotte Redonda con Cesta de Vapor 26 cm Basilea\"}]},{\"@type\":\"WebSite\",\"@id\":\"https:\/\/www.erresse-shop.it\/es\/#website\",\"url\":\"https:\/\/www.erresse-shop.it\/es\/\",\"name\":\"Erresse Shop\",\"description\":\"Articoli di qualit\u00e0 per la casa\",\"potentialAction\":[{\"@type\":\"SearchAction\",\"target\":{\"@type\":\"EntryPoint\",\"urlTemplate\":\"https:\/\/www.erresse-shop.it\/es\/?s={search_term_string}\"},\"query-input\":\"required name=search_term_string\"}],\"inLanguage\":\"es\"}]}<\/script>\n<!-- \/ Yoast SEO Premium plugin. -->","yoast_head_json":{"title":"STAUB Cocotte Redonda con Cesta de Vapor 26 cm Basilea - Erresse Shop","description":"Uno de los mayores retos en la cocina es coordinar varias preparaciones, asegur\u00e1ndose de que la carne, las verduras y las guarniciones se cocinen y puedan","robots":{"index":"index","follow":"follow","max-snippet":"max-snippet:-1","max-image-preview":"max-image-preview:large","max-video-preview":"max-video-preview:-1"},"canonical":"https:\/\/www.erresse-shop.it\/es\/shop\/sartenes-y-ollas\/marmitas-y-cocottes\/staub-cocotte-redonda-con-cesta-de-vapor-26-cm-basilea\/","og_locale":"es_ES","og_type":"article","og_title":"STAUB Cocotte Redonda con Cesta de Vapor 26 cm Basilea","og_description":"Uno de los mayores retos en la cocina es coordinar varias preparaciones, asegur\u00e1ndose de que la carne, las verduras y las guarniciones se cocinen y puedan","og_url":"https:\/\/www.erresse-shop.it\/es\/shop\/sartenes-y-ollas\/marmitas-y-cocottes\/staub-cocotte-redonda-con-cesta-de-vapor-26-cm-basilea\/","og_site_name":"Erresse Shop","article_modified_time":"2024-07-05T13:54:41+00:00","og_image":[{"width":1000,"height":1000,"url":"https:\/\/www.erresse-shop.it\/wp-content\/uploads\/2012\/07\/STAUB-Cocotte-con-Cestello-a-Vapore-Rotonda-26-cm-Verde.jpg","type":"image\/jpeg"}],"twitter_card":"summary_large_image","schema":{"@context":"https:\/\/schema.org","@graph":[{"@type":"WebPage","@id":"https:\/\/www.erresse-shop.it\/es\/shop\/sartenes-y-ollas\/marmitas-y-cocottes\/staub-cocotte-redonda-con-cesta-de-vapor-26-cm-basilea\/","url":"https:\/\/www.erresse-shop.it\/es\/shop\/sartenes-y-ollas\/marmitas-y-cocottes\/staub-cocotte-redonda-con-cesta-de-vapor-26-cm-basilea\/","name":"STAUB Cocotte Redonda con Cesta de Vapor 26 cm Basilea - Erresse Shop","isPartOf":{"@id":"https:\/\/www.erresse-shop.it\/es\/#website"},"datePublished":"2012-07-28T16:55:08+00:00","dateModified":"2024-07-05T13:54:41+00:00","description":"Uno de los mayores retos en la cocina es coordinar varias preparaciones, asegur\u00e1ndose de que la carne, las verduras y las guarniciones se cocinen y puedan","breadcrumb":{"@id":"https:\/\/www.erresse-shop.it\/es\/shop\/sartenes-y-ollas\/marmitas-y-cocottes\/staub-cocotte-redonda-con-cesta-de-vapor-26-cm-basilea\/#breadcrumb"},"inLanguage":"es","potentialAction":[{"@type":"ReadAction","target":["https:\/\/www.erresse-shop.it\/es\/shop\/sartenes-y-ollas\/marmitas-y-cocottes\/staub-cocotte-redonda-con-cesta-de-vapor-26-cm-basilea\/"]}]},{"@type":"BreadcrumbList","@id":"https:\/\/www.erresse-shop.it\/es\/shop\/sartenes-y-ollas\/marmitas-y-cocottes\/staub-cocotte-redonda-con-cesta-de-vapor-26-cm-basilea\/#breadcrumb","itemListElement":[{"@type":"ListItem","position":1,"name":"Home","item":"https:\/\/www.erresse-shop.it\/es\/"},{"@type":"ListItem","position":2,"name":"Shop","item":"https:\/\/www.erresse-shop.it\/es\/shop\/"},{"@type":"ListItem","position":3,"name":"STAUB Cocotte Redonda con Cesta de Vapor 26 cm Basilea"}]},{"@type":"WebSite","@id":"https:\/\/www.erresse-shop.it\/es\/#website","url":"https:\/\/www.erresse-shop.it\/es\/","name":"Erresse Shop","description":"Articoli di qualit\u00e0 per la casa","potentialAction":[{"@type":"SearchAction","target":{"@type":"EntryPoint","urlTemplate":"https:\/\/www.erresse-shop.it\/es\/?s={search_term_string}"},"query-input":"required name=search_term_string"}],"inLanguage":"es"}]}},"df_price":184.5,"df_sale_price":184.5,"df_regular_price":369,"df_image_link":"https:\/\/www.erresse-shop.it\/wp-content\/uploads\/2012\/07\/STAUB-Cocotte-con-Cestello-a-Vapore-Rotonda-26-cm-Verde-300x300.jpg","_links":{"self":[{"href":"https:\/\/www.erresse-shop.it\/es\/wp-json\/wp\/v2\/product\/120739"}],"collection":[{"href":"https:\/\/www.erresse-shop.it\/es\/wp-json\/wp\/v2\/product"}],"about":[{"href":"https:\/\/www.erresse-shop.it\/es\/wp-json\/wp\/v2\/types\/product"}],"wp:featuredmedia":[{"embeddable":true,"href":"https:\/\/www.erresse-shop.it\/es\/wp-json\/wp\/v2\/media\/120742"}],"wp:attachment":[{"href":"https:\/\/www.erresse-shop.it\/es\/wp-json\/wp\/v2\/media?parent=120739"}],"wp:term":[{"taxonomy":"product_cat","embeddable":true,"href":"https:\/\/www.erresse-shop.it\/es\/wp-json\/wp\/v2\/product_cat?post=120739"},{"taxonomy":"product_tag","embeddable":true,"href":"https:\/\/www.erresse-shop.it\/es\/wp-json\/wp\/v2\/product_tag?post=120739"}],"curies":[{"name":"wp","href":"https:\/\/api.w.org\/{rel}","templated":true}]}}