{"id":120729,"date":"2012-07-28T16:34:32","date_gmt":"2012-07-28T16:34:32","guid":{"rendered":"https:\/\/www.erresse-shop.it\/shop\/sin%20categor\u00eda\/staub-cocotte-redonda-con-cesta-de-vapor-26-cm-azul\/"},"modified":"2021-12-22T16:07:53","modified_gmt":"2021-12-22T16:07:53","slug":"staub-cocotte-redonda-con-cesta-de-vapor-26-cm-azul","status":"publish","type":"product","link":"https:\/\/www.erresse-shop.it\/es\/shop\/sartenes-y-ollas\/marmitas-y-cocottes\/staub-cocotte-redonda-con-cesta-de-vapor-26-cm-azul\/","title":{"rendered":"STAUB Cocotte Redonda con Cesta de Vapor 26 cm Azul"},"content":{"rendered":"<p>Utilice la cacerola Staub para cocinar guisos. Pero la serie La Cocotte ofrece mucho m\u00e1s, ya que la cocotte puede utilizarse con una cesta de vapor para muchos otros fines. Gracias a la cesta de cocci\u00f3n al vapor, puede fre\u00edr algunos ingredientes en el fondo de la sart\u00e9n y guisar otros en la parte superior. La cocotte de 26 cm con la cesta de cocci\u00f3n al vapor es un importante utensilio de cocina. Util\u00edcelo para preparar muchos platos diferentes y las ventajas son inmediatamente evidentes. El hierro fundido esmaltado garantiza una excepcional retenci\u00f3n del calor. El calor se distribuye uniformemente en el interior de la sart\u00e9n y le ayuda a conseguir unos resultados de cocci\u00f3n perfectos. El revestimiento del interior produce el efecto de guiso, que realza perfectamente los sabores de su comida. Por supuesto, puede utilizar la cocotte con la cesta de cocci\u00f3n al vapor en todo tipo de cocinas, incluyendo el horno y las placas de inducci\u00f3n. Gracias a su construcci\u00f3n en hierro fundido, la sart\u00e9n es f\u00e1cil de limpiar. La cocotte con la cesta de cocci\u00f3n al vapor se puede limpiar de forma r\u00e1pida, f\u00e1cil y sin esfuerzo. Si la cocina sana y suave es importante para usted, la cocotte con cesta de cocci\u00f3n al vapor ser\u00e1 un aut\u00e9ntico todoterreno en su cocina, todos los d\u00edas.<\/p>\n<p>&#8211; Ideal para rehogar y guisar al mismo tiempo, por ejemplo, cocinar el arroz en la parte inferior y el pescado en la parte superior.<br \/>\n&#8211; Para un resultado de cocci\u00f3n jugoso y tierno gracias a la tapa<br \/>\n&#8211; El esmaltado interior negro mate es ideal para un braseado especialmente crujiente y es muy duradero<br \/>\n&#8211; Apto para todo tipo de placas, incluida la de inducci\u00f3n, tambi\u00e9n puede colocarse en el horno\/parrilla<br \/>\n&#8211; Color intenso<\/p>\n<p><strong>Caracter\u00edsticas<\/strong><br \/>\n&#8211; Resistencia al calor (\u00b0C): 240,00 \u00baC<br \/>\n&#8211; Material: hierro fundido<br \/>\n&#8211; Tapa existente: s\u00ed<br \/>\n&#8211; Inducci\u00f3n: S\u00ed<br \/>\n&#8211; Apto para horno: S\u00ed<br \/>\n&#8211; Apto para placa de cocci\u00f3n: S\u00ed<br \/>\n&#8211; Apto para el lavavajillas: S\u00ed<\/p>\n<p><strong>Tama\u00f1o<\/strong><br \/>\n&#8211; Peso neto: 6,56 kg<br \/>\n&#8211; Capacidad: 5,25 l<br \/>\n&#8211; Longitud del producto: 33,00 cm<br \/>\n&#8211; Anchura del producto: 26,00 cm<br \/>\n&#8211; Altura del producto: 23,70 cm<br \/>\n&#8211; Altura sin tapa: 11,80 cm<br \/>\n&#8211; Di\u00e1metro superior: 26,00 cm<br \/>\n&#8211; Di\u00e1metro del fondo: 21,70 cm<\/p>\n","protected":false},"excerpt":{"rendered":"<p>Utilice la cacerola Staub para cocinar guisos. Pero la serie La Cocotte ofrece mucho m\u00e1s, ya que la cocotte puede<\/p>\n","protected":false},"featured_media":120732,"template":"","meta":{"_acf_changed":false,"inline_featured_image":false},"product_cat":[16065,16058],"product_tag":[25090,16111,16782,16781,23662,24399,16158,16654,25023],"acf":[],"yoast_head":"<!-- This site is optimized with the Yoast SEO Premium plugin v18.6 (Yoast SEO v19.13) - https:\/\/yoast.com\/wordpress\/plugins\/seo\/ -->\n<title>STAUB Cocotte Redonda con Cesta de Vapor 26 cm Azul - Erresse Shop<\/title>\n<meta name=\"description\" content=\"Utilice la cacerola Staub para cocinar guisos. Pero la serie La Cocotte ofrece mucho m\u00e1s, ya que la cocotte puede utilizarse con una cesta de vapor para\" \/>\n<meta name=\"robots\" content=\"index, follow, max-snippet:-1, max-image-preview:large, max-video-preview:-1\" \/>\n<link rel=\"canonical\" href=\"https:\/\/www.erresse-shop.it\/es\/shop\/sartenes-y-ollas\/marmitas-y-cocottes\/staub-cocotte-redonda-con-cesta-de-vapor-26-cm-azul\/\" \/>\n<meta property=\"og:locale\" content=\"es_ES\" \/>\n<meta property=\"og:type\" content=\"article\" \/>\n<meta property=\"og:title\" content=\"STAUB Cocotte Redonda con Cesta de Vapor 26 cm Azul\" \/>\n<meta property=\"og:description\" content=\"Utilice la cacerola Staub para cocinar guisos. Pero la serie La Cocotte ofrece mucho m\u00e1s, ya que la cocotte puede utilizarse con una cesta de vapor para\" \/>\n<meta property=\"og:url\" content=\"https:\/\/www.erresse-shop.it\/es\/shop\/sartenes-y-ollas\/marmitas-y-cocottes\/staub-cocotte-redonda-con-cesta-de-vapor-26-cm-azul\/\" \/>\n<meta property=\"og:site_name\" content=\"Erresse Shop\" \/>\n<meta property=\"article:modified_time\" content=\"2021-12-22T16:07:53+00:00\" \/>\n<meta property=\"og:image\" content=\"https:\/\/www.erresse-shop.it\/wp-content\/uploads\/2012\/07\/STAUB-Cocotte-con-Cestello-a-Vapore-Rotonda-26-cm-Blu.jpg\" \/>\n\t<meta property=\"og:image:width\" content=\"1000\" \/>\n\t<meta property=\"og:image:height\" content=\"1000\" \/>\n\t<meta property=\"og:image:type\" content=\"image\/jpeg\" \/>\n<meta name=\"twitter:card\" content=\"summary_large_image\" \/>\n<script type=\"application\/ld+json\" class=\"yoast-schema-graph\">{\"@context\":\"https:\/\/schema.org\",\"@graph\":[{\"@type\":\"WebPage\",\"@id\":\"https:\/\/www.erresse-shop.it\/es\/shop\/sartenes-y-ollas\/marmitas-y-cocottes\/staub-cocotte-redonda-con-cesta-de-vapor-26-cm-azul\/\",\"url\":\"https:\/\/www.erresse-shop.it\/es\/shop\/sartenes-y-ollas\/marmitas-y-cocottes\/staub-cocotte-redonda-con-cesta-de-vapor-26-cm-azul\/\",\"name\":\"STAUB Cocotte Redonda con Cesta de Vapor 26 cm Azul - Erresse Shop\",\"isPartOf\":{\"@id\":\"https:\/\/www.erresse-shop.it\/es\/#website\"},\"datePublished\":\"2012-07-28T16:34:32+00:00\",\"dateModified\":\"2021-12-22T16:07:53+00:00\",\"description\":\"Utilice la cacerola Staub para cocinar guisos. Pero la serie La Cocotte ofrece mucho m\u00e1s, ya que la cocotte puede utilizarse con una cesta de vapor para\",\"breadcrumb\":{\"@id\":\"https:\/\/www.erresse-shop.it\/es\/shop\/sartenes-y-ollas\/marmitas-y-cocottes\/staub-cocotte-redonda-con-cesta-de-vapor-26-cm-azul\/#breadcrumb\"},\"inLanguage\":\"es\",\"potentialAction\":[{\"@type\":\"ReadAction\",\"target\":[\"https:\/\/www.erresse-shop.it\/es\/shop\/sartenes-y-ollas\/marmitas-y-cocottes\/staub-cocotte-redonda-con-cesta-de-vapor-26-cm-azul\/\"]}]},{\"@type\":\"BreadcrumbList\",\"@id\":\"https:\/\/www.erresse-shop.it\/es\/shop\/sartenes-y-ollas\/marmitas-y-cocottes\/staub-cocotte-redonda-con-cesta-de-vapor-26-cm-azul\/#breadcrumb\",\"itemListElement\":[{\"@type\":\"ListItem\",\"position\":1,\"name\":\"Home\",\"item\":\"https:\/\/www.erresse-shop.it\/es\/\"},{\"@type\":\"ListItem\",\"position\":2,\"name\":\"Shop\",\"item\":\"https:\/\/www.erresse-shop.it\/es\/shop\/\"},{\"@type\":\"ListItem\",\"position\":3,\"name\":\"STAUB Cocotte Redonda con Cesta de Vapor 26 cm Azul\"}]},{\"@type\":\"WebSite\",\"@id\":\"https:\/\/www.erresse-shop.it\/es\/#website\",\"url\":\"https:\/\/www.erresse-shop.it\/es\/\",\"name\":\"Erresse Shop\",\"description\":\"Articoli di qualit\u00e0 per la casa\",\"potentialAction\":[{\"@type\":\"SearchAction\",\"target\":{\"@type\":\"EntryPoint\",\"urlTemplate\":\"https:\/\/www.erresse-shop.it\/es\/?s={search_term_string}\"},\"query-input\":\"required name=search_term_string\"}],\"inLanguage\":\"es\"}]}<\/script>\n<!-- \/ Yoast SEO Premium plugin. -->","yoast_head_json":{"title":"STAUB Cocotte Redonda con Cesta de Vapor 26 cm Azul - Erresse Shop","description":"Utilice la cacerola Staub para cocinar guisos. Pero la serie La Cocotte ofrece mucho m\u00e1s, ya que la cocotte puede utilizarse con una cesta de vapor para","robots":{"index":"index","follow":"follow","max-snippet":"max-snippet:-1","max-image-preview":"max-image-preview:large","max-video-preview":"max-video-preview:-1"},"canonical":"https:\/\/www.erresse-shop.it\/es\/shop\/sartenes-y-ollas\/marmitas-y-cocottes\/staub-cocotte-redonda-con-cesta-de-vapor-26-cm-azul\/","og_locale":"es_ES","og_type":"article","og_title":"STAUB Cocotte Redonda con Cesta de Vapor 26 cm Azul","og_description":"Utilice la cacerola Staub para cocinar guisos. Pero la serie La Cocotte ofrece mucho m\u00e1s, ya que la cocotte puede utilizarse con una cesta de vapor para","og_url":"https:\/\/www.erresse-shop.it\/es\/shop\/sartenes-y-ollas\/marmitas-y-cocottes\/staub-cocotte-redonda-con-cesta-de-vapor-26-cm-azul\/","og_site_name":"Erresse Shop","article_modified_time":"2021-12-22T16:07:53+00:00","og_image":[{"width":1000,"height":1000,"url":"https:\/\/www.erresse-shop.it\/wp-content\/uploads\/2012\/07\/STAUB-Cocotte-con-Cestello-a-Vapore-Rotonda-26-cm-Blu.jpg","type":"image\/jpeg"}],"twitter_card":"summary_large_image","schema":{"@context":"https:\/\/schema.org","@graph":[{"@type":"WebPage","@id":"https:\/\/www.erresse-shop.it\/es\/shop\/sartenes-y-ollas\/marmitas-y-cocottes\/staub-cocotte-redonda-con-cesta-de-vapor-26-cm-azul\/","url":"https:\/\/www.erresse-shop.it\/es\/shop\/sartenes-y-ollas\/marmitas-y-cocottes\/staub-cocotte-redonda-con-cesta-de-vapor-26-cm-azul\/","name":"STAUB Cocotte Redonda con Cesta de Vapor 26 cm Azul - Erresse Shop","isPartOf":{"@id":"https:\/\/www.erresse-shop.it\/es\/#website"},"datePublished":"2012-07-28T16:34:32+00:00","dateModified":"2021-12-22T16:07:53+00:00","description":"Utilice la cacerola Staub para cocinar guisos. Pero la serie La Cocotte ofrece mucho m\u00e1s, ya que la cocotte puede utilizarse con una cesta de vapor para","breadcrumb":{"@id":"https:\/\/www.erresse-shop.it\/es\/shop\/sartenes-y-ollas\/marmitas-y-cocottes\/staub-cocotte-redonda-con-cesta-de-vapor-26-cm-azul\/#breadcrumb"},"inLanguage":"es","potentialAction":[{"@type":"ReadAction","target":["https:\/\/www.erresse-shop.it\/es\/shop\/sartenes-y-ollas\/marmitas-y-cocottes\/staub-cocotte-redonda-con-cesta-de-vapor-26-cm-azul\/"]}]},{"@type":"BreadcrumbList","@id":"https:\/\/www.erresse-shop.it\/es\/shop\/sartenes-y-ollas\/marmitas-y-cocottes\/staub-cocotte-redonda-con-cesta-de-vapor-26-cm-azul\/#breadcrumb","itemListElement":[{"@type":"ListItem","position":1,"name":"Home","item":"https:\/\/www.erresse-shop.it\/es\/"},{"@type":"ListItem","position":2,"name":"Shop","item":"https:\/\/www.erresse-shop.it\/es\/shop\/"},{"@type":"ListItem","position":3,"name":"STAUB Cocotte Redonda con Cesta de Vapor 26 cm Azul"}]},{"@type":"WebSite","@id":"https:\/\/www.erresse-shop.it\/es\/#website","url":"https:\/\/www.erresse-shop.it\/es\/","name":"Erresse Shop","description":"Articoli di qualit\u00e0 per la casa","potentialAction":[{"@type":"SearchAction","target":{"@type":"EntryPoint","urlTemplate":"https:\/\/www.erresse-shop.it\/es\/?s={search_term_string}"},"query-input":"required name=search_term_string"}],"inLanguage":"es"}]}},"df_price":184.5,"df_sale_price":184.5,"df_regular_price":369,"df_image_link":"https:\/\/www.erresse-shop.it\/wp-content\/uploads\/2012\/07\/STAUB-Cocotte-con-Cestello-a-Vapore-Rotonda-26-cm-Blu-300x300.jpg","_links":{"self":[{"href":"https:\/\/www.erresse-shop.it\/es\/wp-json\/wp\/v2\/product\/120729"}],"collection":[{"href":"https:\/\/www.erresse-shop.it\/es\/wp-json\/wp\/v2\/product"}],"about":[{"href":"https:\/\/www.erresse-shop.it\/es\/wp-json\/wp\/v2\/types\/product"}],"wp:featuredmedia":[{"embeddable":true,"href":"https:\/\/www.erresse-shop.it\/es\/wp-json\/wp\/v2\/media\/120732"}],"wp:attachment":[{"href":"https:\/\/www.erresse-shop.it\/es\/wp-json\/wp\/v2\/media?parent=120729"}],"wp:term":[{"taxonomy":"product_cat","embeddable":true,"href":"https:\/\/www.erresse-shop.it\/es\/wp-json\/wp\/v2\/product_cat?post=120729"},{"taxonomy":"product_tag","embeddable":true,"href":"https:\/\/www.erresse-shop.it\/es\/wp-json\/wp\/v2\/product_tag?post=120729"}],"curies":[{"name":"wp","href":"https:\/\/api.w.org\/{rel}","templated":true}]}}