{"id":120723,"date":"2021-09-21T12:40:54","date_gmt":"2021-09-21T12:40:58","guid":{"rendered":"https:\/\/www.erresse-shop.it\/?post_type=product&#038;p=120723"},"modified":"2021-12-22T16:07:49","modified_gmt":"2021-12-22T16:07:49","slug":"ruffoni-opus-cupra-juego-6-piezas","status":"publish","type":"product","link":"https:\/\/www.erresse-shop.it\/es\/shop\/sartenes-y-ollas\/juegos-de-ollas\/ruffoni-opus-cupra-juego-6-piezas\/","title":{"rendered":"RUFFONI Opus Cupra Juego 6 Piezas"},"content":{"rendered":"<p><strong>OPUS CUPRA<\/strong><\/p>\n<p>La tecnolog\u00eda de vanguardia ha permitido crear estos excepcionales utensilios de cocina que la habilidad de los maestros caldereros de Ruffoni ha transformado en espl\u00e9ndidas creaciones. Una s\u00f3lida l\u00ednea de cobre de 2,3 mm de grosor para el mejor control de la temperatura con un fino n\u00facleo de aluminio y una parte interior de acero inoxidable.<\/p>\n<p>Estas obras de arte martilladas a mano, con asas de acero inoxidable decoradas y pomos de lat\u00f3n plateado, realizadas por plateros milaneses, son capaces de satisfacer cualquier necesidad y ganarse un lugar de prestigio en todas las mesas.<\/p>\n<p>Para usar en el horno y en cualquier elemento de calefacci\u00f3n (excepto la inducci\u00f3n).<\/p>\n<p>El conjunto est\u00e1 compuesto de la siguiente manera:<\/p>\n<ul>\n<li>Semicubeta 2 asas 26 cm (OCA2614X) + tapa<\/li>\n<li>Cacerola 2 asas 20 cm (OCA2012X) + tapa<\/li>\n<li>Cacerola 1 asa 16 cm (OCA1607Z) + tapa<\/li>\n<\/ul>\n","protected":false},"excerpt":{"rendered":"<p>OPUS CUPRA La tecnolog\u00eda de vanguardia ha permitido crear estos excepcionales utensilios de cocina que la habilidad de los maestros<\/p>\n","protected":false},"featured_media":120779,"template":"","meta":{"_acf_changed":false,"inline_featured_image":false},"product_cat":[16064,16058],"product_tag":[16712,16111,16211,24682,16307,16160,16476],"acf":[],"yoast_head":"<!-- This site is optimized with the Yoast SEO Premium plugin v18.6 (Yoast SEO v19.13) - https:\/\/yoast.com\/wordpress\/plugins\/seo\/ -->\n<title>RUFFONI Opus Cupra Juego 6 Piezas - Erresse Shop<\/title>\n<meta name=\"description\" content=\"OPUS CUPRA La tecnolog\u00eda de vanguardia ha permitido crear estos excepcionales utensilios de cocina que la habilidad de los maestros caldereros de Ruffoni\" \/>\n<meta name=\"robots\" content=\"index, follow, max-snippet:-1, max-image-preview:large, max-video-preview:-1\" \/>\n<link rel=\"canonical\" href=\"https:\/\/www.erresse-shop.it\/es\/shop\/sartenes-y-ollas\/juegos-de-ollas\/ruffoni-opus-cupra-juego-6-piezas\/\" \/>\n<meta property=\"og:locale\" content=\"es_ES\" \/>\n<meta property=\"og:type\" content=\"article\" \/>\n<meta property=\"og:title\" content=\"RUFFONI Opus Cupra Juego 6 Piezas\" \/>\n<meta property=\"og:description\" content=\"OPUS CUPRA La tecnolog\u00eda de vanguardia ha permitido crear estos excepcionales utensilios de cocina que la habilidad de los maestros caldereros de Ruffoni\" \/>\n<meta property=\"og:url\" content=\"https:\/\/www.erresse-shop.it\/es\/shop\/sartenes-y-ollas\/juegos-de-ollas\/ruffoni-opus-cupra-juego-6-piezas\/\" \/>\n<meta property=\"og:site_name\" content=\"Erresse Shop\" \/>\n<meta property=\"article:modified_time\" content=\"2021-12-22T16:07:49+00:00\" \/>\n<meta property=\"og:image\" content=\"https:\/\/www.erresse-shop.it\/wp-content\/uploads\/2021\/09\/Ruffoni-Opus-Cupra-Set-6-pz.jpg\" \/>\n\t<meta property=\"og:image:width\" content=\"1000\" \/>\n\t<meta property=\"og:image:height\" content=\"626\" \/>\n\t<meta property=\"og:image:type\" content=\"image\/jpeg\" \/>\n<meta name=\"twitter:card\" content=\"summary_large_image\" \/>\n<script type=\"application\/ld+json\" class=\"yoast-schema-graph\">{\"@context\":\"https:\/\/schema.org\",\"@graph\":[{\"@type\":\"WebPage\",\"@id\":\"https:\/\/www.erresse-shop.it\/es\/shop\/sartenes-y-ollas\/juegos-de-ollas\/ruffoni-opus-cupra-juego-6-piezas\/\",\"url\":\"https:\/\/www.erresse-shop.it\/es\/shop\/sartenes-y-ollas\/juegos-de-ollas\/ruffoni-opus-cupra-juego-6-piezas\/\",\"name\":\"RUFFONI Opus Cupra Juego 6 Piezas - Erresse Shop\",\"isPartOf\":{\"@id\":\"https:\/\/www.erresse-shop.it\/es\/#website\"},\"datePublished\":\"2021-09-21T12:40:58+00:00\",\"dateModified\":\"2021-12-22T16:07:49+00:00\",\"description\":\"OPUS CUPRA La tecnolog\u00eda de vanguardia ha permitido crear estos excepcionales utensilios de cocina que la habilidad de los maestros caldereros de Ruffoni\",\"breadcrumb\":{\"@id\":\"https:\/\/www.erresse-shop.it\/es\/shop\/sartenes-y-ollas\/juegos-de-ollas\/ruffoni-opus-cupra-juego-6-piezas\/#breadcrumb\"},\"inLanguage\":\"es\",\"potentialAction\":[{\"@type\":\"ReadAction\",\"target\":[\"https:\/\/www.erresse-shop.it\/es\/shop\/sartenes-y-ollas\/juegos-de-ollas\/ruffoni-opus-cupra-juego-6-piezas\/\"]}]},{\"@type\":\"BreadcrumbList\",\"@id\":\"https:\/\/www.erresse-shop.it\/es\/shop\/sartenes-y-ollas\/juegos-de-ollas\/ruffoni-opus-cupra-juego-6-piezas\/#breadcrumb\",\"itemListElement\":[{\"@type\":\"ListItem\",\"position\":1,\"name\":\"Home\",\"item\":\"https:\/\/www.erresse-shop.it\/es\/\"},{\"@type\":\"ListItem\",\"position\":2,\"name\":\"Shop\",\"item\":\"https:\/\/www.erresse-shop.it\/es\/shop\/\"},{\"@type\":\"ListItem\",\"position\":3,\"name\":\"RUFFONI Opus Cupra Juego 6 Piezas\"}]},{\"@type\":\"WebSite\",\"@id\":\"https:\/\/www.erresse-shop.it\/es\/#website\",\"url\":\"https:\/\/www.erresse-shop.it\/es\/\",\"name\":\"Erresse Shop\",\"description\":\"Articoli di qualit\u00e0 per la casa\",\"potentialAction\":[{\"@type\":\"SearchAction\",\"target\":{\"@type\":\"EntryPoint\",\"urlTemplate\":\"https:\/\/www.erresse-shop.it\/es\/?s={search_term_string}\"},\"query-input\":\"required name=search_term_string\"}],\"inLanguage\":\"es\"}]}<\/script>\n<!-- \/ Yoast SEO Premium plugin. -->","yoast_head_json":{"title":"RUFFONI Opus Cupra Juego 6 Piezas - Erresse Shop","description":"OPUS CUPRA La tecnolog\u00eda de vanguardia ha permitido crear estos excepcionales utensilios de cocina que la habilidad de los maestros caldereros de Ruffoni","robots":{"index":"index","follow":"follow","max-snippet":"max-snippet:-1","max-image-preview":"max-image-preview:large","max-video-preview":"max-video-preview:-1"},"canonical":"https:\/\/www.erresse-shop.it\/es\/shop\/sartenes-y-ollas\/juegos-de-ollas\/ruffoni-opus-cupra-juego-6-piezas\/","og_locale":"es_ES","og_type":"article","og_title":"RUFFONI Opus Cupra Juego 6 Piezas","og_description":"OPUS CUPRA La tecnolog\u00eda de vanguardia ha permitido crear estos excepcionales utensilios de cocina que la habilidad de los maestros caldereros de Ruffoni","og_url":"https:\/\/www.erresse-shop.it\/es\/shop\/sartenes-y-ollas\/juegos-de-ollas\/ruffoni-opus-cupra-juego-6-piezas\/","og_site_name":"Erresse Shop","article_modified_time":"2021-12-22T16:07:49+00:00","og_image":[{"width":1000,"height":626,"url":"https:\/\/www.erresse-shop.it\/wp-content\/uploads\/2021\/09\/Ruffoni-Opus-Cupra-Set-6-pz.jpg","type":"image\/jpeg"}],"twitter_card":"summary_large_image","schema":{"@context":"https:\/\/schema.org","@graph":[{"@type":"WebPage","@id":"https:\/\/www.erresse-shop.it\/es\/shop\/sartenes-y-ollas\/juegos-de-ollas\/ruffoni-opus-cupra-juego-6-piezas\/","url":"https:\/\/www.erresse-shop.it\/es\/shop\/sartenes-y-ollas\/juegos-de-ollas\/ruffoni-opus-cupra-juego-6-piezas\/","name":"RUFFONI Opus Cupra Juego 6 Piezas - Erresse Shop","isPartOf":{"@id":"https:\/\/www.erresse-shop.it\/es\/#website"},"datePublished":"2021-09-21T12:40:58+00:00","dateModified":"2021-12-22T16:07:49+00:00","description":"OPUS CUPRA La tecnolog\u00eda de vanguardia ha permitido crear estos excepcionales utensilios de cocina que la habilidad de los maestros caldereros de Ruffoni","breadcrumb":{"@id":"https:\/\/www.erresse-shop.it\/es\/shop\/sartenes-y-ollas\/juegos-de-ollas\/ruffoni-opus-cupra-juego-6-piezas\/#breadcrumb"},"inLanguage":"es","potentialAction":[{"@type":"ReadAction","target":["https:\/\/www.erresse-shop.it\/es\/shop\/sartenes-y-ollas\/juegos-de-ollas\/ruffoni-opus-cupra-juego-6-piezas\/"]}]},{"@type":"BreadcrumbList","@id":"https:\/\/www.erresse-shop.it\/es\/shop\/sartenes-y-ollas\/juegos-de-ollas\/ruffoni-opus-cupra-juego-6-piezas\/#breadcrumb","itemListElement":[{"@type":"ListItem","position":1,"name":"Home","item":"https:\/\/www.erresse-shop.it\/es\/"},{"@type":"ListItem","position":2,"name":"Shop","item":"https:\/\/www.erresse-shop.it\/es\/shop\/"},{"@type":"ListItem","position":3,"name":"RUFFONI Opus Cupra Juego 6 Piezas"}]},{"@type":"WebSite","@id":"https:\/\/www.erresse-shop.it\/es\/#website","url":"https:\/\/www.erresse-shop.it\/es\/","name":"Erresse Shop","description":"Articoli di qualit\u00e0 per la casa","potentialAction":[{"@type":"SearchAction","target":{"@type":"EntryPoint","urlTemplate":"https:\/\/www.erresse-shop.it\/es\/?s={search_term_string}"},"query-input":"required name=search_term_string"}],"inLanguage":"es"}]}},"df_price":855.5,"df_sale_price":855.5,"df_regular_price":1711,"df_image_link":"https:\/\/www.erresse-shop.it\/wp-content\/uploads\/2021\/09\/Ruffoni-Opus-Cupra-Set-6-pz-300x188.jpg","_links":{"self":[{"href":"https:\/\/www.erresse-shop.it\/es\/wp-json\/wp\/v2\/product\/120723"}],"collection":[{"href":"https:\/\/www.erresse-shop.it\/es\/wp-json\/wp\/v2\/product"}],"about":[{"href":"https:\/\/www.erresse-shop.it\/es\/wp-json\/wp\/v2\/types\/product"}],"wp:featuredmedia":[{"embeddable":true,"href":"https:\/\/www.erresse-shop.it\/es\/wp-json\/wp\/v2\/media\/120779"}],"wp:attachment":[{"href":"https:\/\/www.erresse-shop.it\/es\/wp-json\/wp\/v2\/media?parent=120723"}],"wp:term":[{"taxonomy":"product_cat","embeddable":true,"href":"https:\/\/www.erresse-shop.it\/es\/wp-json\/wp\/v2\/product_cat?post=120723"},{"taxonomy":"product_tag","embeddable":true,"href":"https:\/\/www.erresse-shop.it\/es\/wp-json\/wp\/v2\/product_tag?post=120723"}],"curies":[{"name":"wp","href":"https:\/\/api.w.org\/{rel}","templated":true}]}}