{"id":120707,"date":"2012-05-30T17:02:57","date_gmt":"2012-05-30T17:02:57","guid":{"rendered":"https:\/\/www.erresse-shop.it\/shop\/sin%20categor\u00eda\/staub-cocotte-ovalada-33-cm-negro\/"},"modified":"2021-12-22T16:07:41","modified_gmt":"2021-12-22T16:07:41","slug":"staub-cocotte-ovalada-33-cm-negro","status":"publish","type":"product","link":"https:\/\/www.erresse-shop.it\/es\/shop\/sartenes-y-ollas\/marmitas-y-cocottes\/staub-cocotte-ovalada-33-cm-negro\/","title":{"rendered":"STAUB Cocotte Ovalada 33 cm Negro"},"content":{"rendered":"<p>La cocotte Staub es adecuada para las familias numerosas y para quienes disfrutan de la convivencia. Con un di\u00e1metro de 33 cm, una altura de 17 cm y una capacidad de 6,7 litros, se puede servir y mimar a un gran n\u00famero de invitados con deliciosos platos guisados. Al fin y al cabo, estas sartenes est\u00e1n especialmente dise\u00f1adas para cocer a fuego lento la carne y las verduras. Las cocottes son originarias de Francia, donde tienen una larga tradici\u00f3n. Est\u00e1n hechas de hierro fundido, que retiene el calor durante mucho tiempo y lo redistribuye uniformemente. Esto significa que despu\u00e9s de dorar r\u00e1pidamente los alimentos, se puede reducir el calor y mantener un bajo consumo de energ\u00eda, incluso cuando se cocinan alimentos durante horas. Es apto para su uso en todo tipo de placas, incluidas las de inducci\u00f3n. Las Cocottes de la serie La Cocotte tambi\u00e9n est\u00e1n esmaltadas en su interior para potenciar el efecto de cocci\u00f3n del hierro fundido y hacer que la comida sea a\u00fan m\u00e1s sabrosa. Este revestimiento es extremadamente resistente y mejora progresivamente con el uso del plato. Con este plato ovalado negro podr\u00e1 preparar deliciosos platos estofados para sus seres queridos y servirlos directamente con estilo.<\/p>\n<p>&#8211; Ideal para sellar y cocinar lentamente asados y pollos enteros<br \/>\n&#8211; Para un resultado de cocci\u00f3n jugoso y tierno gracias a la tapa<br \/>\n&#8211; El esmaltado interior negro mate es ideal para un dorado especialmente crujiente y es muy duradero<br \/>\n&#8211; Apto para todo tipo de cocinas, incluida la de inducci\u00f3n, tambi\u00e9n puede utilizarse en el horno\/parrilla<\/p>\n<p><strong>Caracter\u00edsticas<\/strong><br \/>\n&#8211; Resistencia al calor (\u00b0C): 240,00 \u00baC<br \/>\n&#8211; Resistencia al fr\u00edo: -20,00 \u00baC<br \/>\n&#8211; Material: hierro fundido<br \/>\n&#8211; Tapa existente: s\u00ed<br \/>\n&#8211; Inducci\u00f3n: S\u00ed<br \/>\n&#8211; Apto para el horno: S\u00ed<br \/>\n&#8211; Apto para el congelador: S\u00ed<br \/>\n&#8211; Apto para la cocina: s\u00ed<br \/>\n&#8211; Apto para el lavavajillas: s\u00ed<\/p>\n<p><strong>Tama\u00f1o<\/strong><br \/>\n&#8211; Peso neto: 7,10 kg<br \/>\n&#8211; Capacidad: 6,70 l<br \/>\n&#8211; Longitud del producto: 40,00 cm<br \/>\n&#8211; Anchura del producto: 33,00 cm<br \/>\n&#8211; Altura del producto: 17,30 cm<br \/>\n&#8211; Altura sin tapa: 12,40 cm<br \/>\n&#8211; Di\u00e1metro superior: 33,00 cm<br \/>\n&#8211; Di\u00e1metro superior 2: 2,60 cm<br \/>\n&#8211; Di\u00e1metro del fondo: 27,70 cm<br \/>\n&#8211; Longitud del mango: 3,50 cm<\/p>\n","protected":false},"excerpt":{"rendered":"<p>La cocotte Staub es adecuada para las familias numerosas y para quienes disfrutan de la convivencia. Con un di\u00e1metro de<\/p>\n","protected":false},"featured_media":120708,"template":"","meta":{"_acf_changed":false,"inline_featured_image":false},"product_cat":[16065,16058],"product_tag":[25090,16111,16211,16781,16158,16654,25023],"acf":[],"yoast_head":"<!-- This site is optimized with the Yoast SEO Premium plugin v18.6 (Yoast SEO v19.13) - https:\/\/yoast.com\/wordpress\/plugins\/seo\/ -->\n<title>STAUB Cocotte Ovalada 33 cm Negro - Erresse Shop<\/title>\n<meta name=\"description\" content=\"La cocotte Staub es adecuada para las familias numerosas y para quienes disfrutan de la convivencia. Con un di\u00e1metro de 33 cm, una altura de 17 cm y una\" \/>\n<meta name=\"robots\" content=\"index, follow, max-snippet:-1, max-image-preview:large, max-video-preview:-1\" \/>\n<link rel=\"canonical\" href=\"https:\/\/www.erresse-shop.it\/es\/shop\/sartenes-y-ollas\/marmitas-y-cocottes\/staub-cocotte-ovalada-33-cm-negro\/\" \/>\n<meta property=\"og:locale\" content=\"es_ES\" \/>\n<meta property=\"og:type\" content=\"article\" \/>\n<meta property=\"og:title\" content=\"STAUB Cocotte Ovalada 33 cm Negro\" \/>\n<meta property=\"og:description\" content=\"La cocotte Staub es adecuada para las familias numerosas y para quienes disfrutan de la convivencia. Con un di\u00e1metro de 33 cm, una altura de 17 cm y una\" \/>\n<meta property=\"og:url\" content=\"https:\/\/www.erresse-shop.it\/es\/shop\/sartenes-y-ollas\/marmitas-y-cocottes\/staub-cocotte-ovalada-33-cm-negro\/\" \/>\n<meta property=\"og:site_name\" content=\"Erresse Shop\" \/>\n<meta property=\"article:modified_time\" content=\"2021-12-22T16:07:41+00:00\" \/>\n<meta property=\"og:image\" content=\"https:\/\/www.erresse-shop.it\/wp-content\/uploads\/2015\/01\/products-33cmnera.jpg\" \/>\n\t<meta property=\"og:image:width\" content=\"730\" \/>\n\t<meta property=\"og:image:height\" content=\"485\" \/>\n\t<meta property=\"og:image:type\" content=\"image\/jpeg\" \/>\n<meta name=\"twitter:card\" content=\"summary_large_image\" \/>\n<script type=\"application\/ld+json\" class=\"yoast-schema-graph\">{\"@context\":\"https:\/\/schema.org\",\"@graph\":[{\"@type\":\"WebPage\",\"@id\":\"https:\/\/www.erresse-shop.it\/es\/shop\/sartenes-y-ollas\/marmitas-y-cocottes\/staub-cocotte-ovalada-33-cm-negro\/\",\"url\":\"https:\/\/www.erresse-shop.it\/es\/shop\/sartenes-y-ollas\/marmitas-y-cocottes\/staub-cocotte-ovalada-33-cm-negro\/\",\"name\":\"STAUB Cocotte Ovalada 33 cm Negro - Erresse Shop\",\"isPartOf\":{\"@id\":\"https:\/\/www.erresse-shop.it\/es\/#website\"},\"datePublished\":\"2012-05-30T17:02:57+00:00\",\"dateModified\":\"2021-12-22T16:07:41+00:00\",\"description\":\"La cocotte Staub es adecuada para las familias numerosas y para quienes disfrutan de la convivencia. Con un di\u00e1metro de 33 cm, una altura de 17 cm y una\",\"breadcrumb\":{\"@id\":\"https:\/\/www.erresse-shop.it\/es\/shop\/sartenes-y-ollas\/marmitas-y-cocottes\/staub-cocotte-ovalada-33-cm-negro\/#breadcrumb\"},\"inLanguage\":\"es\",\"potentialAction\":[{\"@type\":\"ReadAction\",\"target\":[\"https:\/\/www.erresse-shop.it\/es\/shop\/sartenes-y-ollas\/marmitas-y-cocottes\/staub-cocotte-ovalada-33-cm-negro\/\"]}]},{\"@type\":\"BreadcrumbList\",\"@id\":\"https:\/\/www.erresse-shop.it\/es\/shop\/sartenes-y-ollas\/marmitas-y-cocottes\/staub-cocotte-ovalada-33-cm-negro\/#breadcrumb\",\"itemListElement\":[{\"@type\":\"ListItem\",\"position\":1,\"name\":\"Home\",\"item\":\"https:\/\/www.erresse-shop.it\/es\/\"},{\"@type\":\"ListItem\",\"position\":2,\"name\":\"Shop\",\"item\":\"https:\/\/www.erresse-shop.it\/es\/shop\/\"},{\"@type\":\"ListItem\",\"position\":3,\"name\":\"STAUB Cocotte Ovalada 33 cm Negro\"}]},{\"@type\":\"WebSite\",\"@id\":\"https:\/\/www.erresse-shop.it\/es\/#website\",\"url\":\"https:\/\/www.erresse-shop.it\/es\/\",\"name\":\"Erresse Shop\",\"description\":\"Articoli di qualit\u00e0 per la casa\",\"potentialAction\":[{\"@type\":\"SearchAction\",\"target\":{\"@type\":\"EntryPoint\",\"urlTemplate\":\"https:\/\/www.erresse-shop.it\/es\/?s={search_term_string}\"},\"query-input\":\"required name=search_term_string\"}],\"inLanguage\":\"es\"}]}<\/script>\n<!-- \/ Yoast SEO Premium plugin. -->","yoast_head_json":{"title":"STAUB Cocotte Ovalada 33 cm Negro - Erresse Shop","description":"La cocotte Staub es adecuada para las familias numerosas y para quienes disfrutan de la convivencia. Con un di\u00e1metro de 33 cm, una altura de 17 cm y una","robots":{"index":"index","follow":"follow","max-snippet":"max-snippet:-1","max-image-preview":"max-image-preview:large","max-video-preview":"max-video-preview:-1"},"canonical":"https:\/\/www.erresse-shop.it\/es\/shop\/sartenes-y-ollas\/marmitas-y-cocottes\/staub-cocotte-ovalada-33-cm-negro\/","og_locale":"es_ES","og_type":"article","og_title":"STAUB Cocotte Ovalada 33 cm Negro","og_description":"La cocotte Staub es adecuada para las familias numerosas y para quienes disfrutan de la convivencia. Con un di\u00e1metro de 33 cm, una altura de 17 cm y una","og_url":"https:\/\/www.erresse-shop.it\/es\/shop\/sartenes-y-ollas\/marmitas-y-cocottes\/staub-cocotte-ovalada-33-cm-negro\/","og_site_name":"Erresse Shop","article_modified_time":"2021-12-22T16:07:41+00:00","og_image":[{"width":730,"height":485,"url":"https:\/\/www.erresse-shop.it\/wp-content\/uploads\/2015\/01\/products-33cmnera.jpg","type":"image\/jpeg"}],"twitter_card":"summary_large_image","schema":{"@context":"https:\/\/schema.org","@graph":[{"@type":"WebPage","@id":"https:\/\/www.erresse-shop.it\/es\/shop\/sartenes-y-ollas\/marmitas-y-cocottes\/staub-cocotte-ovalada-33-cm-negro\/","url":"https:\/\/www.erresse-shop.it\/es\/shop\/sartenes-y-ollas\/marmitas-y-cocottes\/staub-cocotte-ovalada-33-cm-negro\/","name":"STAUB Cocotte Ovalada 33 cm Negro - Erresse Shop","isPartOf":{"@id":"https:\/\/www.erresse-shop.it\/es\/#website"},"datePublished":"2012-05-30T17:02:57+00:00","dateModified":"2021-12-22T16:07:41+00:00","description":"La cocotte Staub es adecuada para las familias numerosas y para quienes disfrutan de la convivencia. Con un di\u00e1metro de 33 cm, una altura de 17 cm y una","breadcrumb":{"@id":"https:\/\/www.erresse-shop.it\/es\/shop\/sartenes-y-ollas\/marmitas-y-cocottes\/staub-cocotte-ovalada-33-cm-negro\/#breadcrumb"},"inLanguage":"es","potentialAction":[{"@type":"ReadAction","target":["https:\/\/www.erresse-shop.it\/es\/shop\/sartenes-y-ollas\/marmitas-y-cocottes\/staub-cocotte-ovalada-33-cm-negro\/"]}]},{"@type":"BreadcrumbList","@id":"https:\/\/www.erresse-shop.it\/es\/shop\/sartenes-y-ollas\/marmitas-y-cocottes\/staub-cocotte-ovalada-33-cm-negro\/#breadcrumb","itemListElement":[{"@type":"ListItem","position":1,"name":"Home","item":"https:\/\/www.erresse-shop.it\/es\/"},{"@type":"ListItem","position":2,"name":"Shop","item":"https:\/\/www.erresse-shop.it\/es\/shop\/"},{"@type":"ListItem","position":3,"name":"STAUB Cocotte Ovalada 33 cm Negro"}]},{"@type":"WebSite","@id":"https:\/\/www.erresse-shop.it\/es\/#website","url":"https:\/\/www.erresse-shop.it\/es\/","name":"Erresse Shop","description":"Articoli di qualit\u00e0 per la casa","potentialAction":[{"@type":"SearchAction","target":{"@type":"EntryPoint","urlTemplate":"https:\/\/www.erresse-shop.it\/es\/?s={search_term_string}"},"query-input":"required name=search_term_string"}],"inLanguage":"es"}]}},"df_price":184.5,"df_sale_price":184.5,"df_regular_price":369,"df_image_link":"https:\/\/www.erresse-shop.it\/wp-content\/uploads\/2015\/01\/products-33cmnera-300x199.jpg","_links":{"self":[{"href":"https:\/\/www.erresse-shop.it\/es\/wp-json\/wp\/v2\/product\/120707"}],"collection":[{"href":"https:\/\/www.erresse-shop.it\/es\/wp-json\/wp\/v2\/product"}],"about":[{"href":"https:\/\/www.erresse-shop.it\/es\/wp-json\/wp\/v2\/types\/product"}],"wp:featuredmedia":[{"embeddable":true,"href":"https:\/\/www.erresse-shop.it\/es\/wp-json\/wp\/v2\/media\/120708"}],"wp:attachment":[{"href":"https:\/\/www.erresse-shop.it\/es\/wp-json\/wp\/v2\/media?parent=120707"}],"wp:term":[{"taxonomy":"product_cat","embeddable":true,"href":"https:\/\/www.erresse-shop.it\/es\/wp-json\/wp\/v2\/product_cat?post=120707"},{"taxonomy":"product_tag","embeddable":true,"href":"https:\/\/www.erresse-shop.it\/es\/wp-json\/wp\/v2\/product_tag?post=120707"}],"curies":[{"name":"wp","href":"https:\/\/api.w.org\/{rel}","templated":true}]}}