{"id":120702,"date":"2012-05-30T16:58:10","date_gmt":"2012-05-30T16:58:10","guid":{"rendered":"https:\/\/www.erresse-shop.it\/shop\/sin%20categor\u00eda\/staub-cocotte-ovalada-29-cm-negro\/"},"modified":"2021-12-22T16:07:36","modified_gmt":"2021-12-22T16:07:36","slug":"staub-cocotte-ovalada-29-cm-negro","status":"publish","type":"product","link":"https:\/\/www.erresse-shop.it\/es\/shop\/sartenes-y-ollas\/marmitas-y-cocottes\/staub-cocotte-ovalada-29-cm-negro\/","title":{"rendered":"STAUB Cocotte Ovalada 29 cm Negro"},"content":{"rendered":"<p>La cacerola Staub de la popular gama La Cocotte est\u00e1 disponible en el cl\u00e1sico color negro. La funcionalidad de la cocotte ovalada se combina con un toque de sofisticaci\u00f3n en el dise\u00f1o. Puede aprovechar al m\u00e1ximo los 29 cm de di\u00e1metro y los 15 cm de altura de la cacerola. La cacerola ofrece mucho espacio para alimentos como asados, verduras o pescado, ya que la cocotte puede contener hasta 4,2 litros. Este utensilio de cocina combina muchas ventajas diferentes, como la facilidad de uso y de limpieza, una excelente durabilidad y un maravilloso efecto de guisado. Los revestimientos interior y exterior garantizan la mayor\u00eda de estas propiedades: la cocotte tiene un revestimiento de esmalte negro mate en el interior, lo que hace que est\u00e9 inmediatamente lista para su uso. Esto tambi\u00e9n potencia el efecto de la cocci\u00f3n al vapor, que mejora a medida que se utiliza la cazuela. La cocotte est\u00e1 hecha de hierro fundido con un esmaltado negro mate en el interior, que distribuye el calor r\u00e1pidamente. Adem\u00e1s, retiene el calor durante m\u00e1s tiempo para que pueda liberarse de manera uniforme en los alimentos, lo que la hace perfectamente adecuada para una cocina delicada y saludable. Tambi\u00e9n puede utilizar la cocotte en todo tipo de fuentes de calor, seg\u00fan sus necesidades, ya sea una placa de gas, el\u00e9ctrica o de inducci\u00f3n. Esta cocotte de Staub es la elecci\u00f3n perfecta para los que les gustan los guisos o las cacerolas y utilizan ollas sencillas y c\u00f3modas.<\/p>\n<p>&#8211; Ideal para sellar y cocinar lentamente asados y pollos enteros<br \/>\n&#8211; Para un resultado de cocci\u00f3n jugoso y tierno gracias a la tapa<br \/>\n&#8211; El esmaltado interior negro mate es ideal para un dorado especialmente crujiente y es muy duradero<br \/>\n&#8211; Apto para todo tipo de cocinas, incluida la de inducci\u00f3n, tambi\u00e9n puede utilizarse en el horno\/parrilla<\/p>\n<p><strong>Caracter\u00edsticas<\/strong><br \/>\n&#8211; Resistencia al calor (\u00b0C): 240,00 \u00baC<br \/>\n&#8211; Resistencia al fr\u00edo: -20,00 \u00baC<br \/>\n&#8211; Material: hierro fundido<br \/>\n&#8211; Tapa existente: s\u00ed<br \/>\n&#8211; Inducci\u00f3n: S\u00ed<br \/>\n&#8211; Apto para el horno: S\u00ed<br \/>\n&#8211; Apto para el congelador: S\u00ed<br \/>\n&#8211; Apto para la cocina: s\u00ed<br \/>\n&#8211; Apto para el lavavajillas: s\u00ed<\/p>\n<p><strong>Tama\u00f1o<\/strong><br \/>\n&#8211; Peso neto: 5,54 kg<br \/>\n&#8211; Capacidad: 4,20 l<br \/>\n&#8211; Longitud del producto: 35,30 cm<br \/>\n&#8211; Anchura del producto: 29,00 cm<br \/>\n&#8211; Altura del producto: 15,50 cm<br \/>\n&#8211; Altura sin tapa: 10,70 cm<br \/>\n&#8211; Di\u00e1metro superior: 29,00 cm<br \/>\n&#8211; Di\u00e1metro superior 2: 2,30 cm<br \/>\n&#8211; Di\u00e1metro del fondo: 24,40 cm<br \/>\n&#8211; Longitud del mango: 3,00 cm<\/p>\n","protected":false},"excerpt":{"rendered":"<p>La cacerola Staub de la popular gama La Cocotte est\u00e1 disponible en el cl\u00e1sico color negro. La funcionalidad de la<\/p>\n","protected":false},"featured_media":120703,"template":"","meta":{"_acf_changed":false,"inline_featured_image":false},"product_cat":[16065,16058],"product_tag":[25090,16111,16211,16781,16158,16654,25023],"acf":[],"yoast_head":"<!-- This site is optimized with the Yoast SEO Premium plugin v18.6 (Yoast SEO v19.13) - https:\/\/yoast.com\/wordpress\/plugins\/seo\/ -->\n<title>STAUB Cocotte Ovalada 29 cm Negro - Erresse Shop<\/title>\n<meta name=\"description\" content=\"La cacerola Staub de la popular gama La Cocotte est\u00e1 disponible en el cl\u00e1sico color negro. La funcionalidad de la cocotte ovalada se combina con un toque\" \/>\n<meta name=\"robots\" content=\"index, follow, max-snippet:-1, max-image-preview:large, max-video-preview:-1\" \/>\n<link rel=\"canonical\" href=\"https:\/\/www.erresse-shop.it\/es\/shop\/sartenes-y-ollas\/marmitas-y-cocottes\/staub-cocotte-ovalada-29-cm-negro\/\" \/>\n<meta property=\"og:locale\" content=\"es_ES\" \/>\n<meta property=\"og:type\" content=\"article\" \/>\n<meta property=\"og:title\" content=\"STAUB Cocotte Ovalada 29 cm Negro\" \/>\n<meta property=\"og:description\" content=\"La cacerola Staub de la popular gama La Cocotte est\u00e1 disponible en el cl\u00e1sico color negro. La funcionalidad de la cocotte ovalada se combina con un toque\" \/>\n<meta property=\"og:url\" content=\"https:\/\/www.erresse-shop.it\/es\/shop\/sartenes-y-ollas\/marmitas-y-cocottes\/staub-cocotte-ovalada-29-cm-negro\/\" \/>\n<meta property=\"og:site_name\" content=\"Erresse Shop\" \/>\n<meta property=\"article:modified_time\" content=\"2021-12-22T16:07:36+00:00\" \/>\n<meta property=\"og:image\" content=\"https:\/\/www.erresse-shop.it\/wp-content\/uploads\/2015\/01\/products-29cmnera.jpg\" \/>\n\t<meta property=\"og:image:width\" content=\"712\" \/>\n\t<meta property=\"og:image:height\" content=\"468\" \/>\n\t<meta property=\"og:image:type\" content=\"image\/jpeg\" \/>\n<meta name=\"twitter:card\" content=\"summary_large_image\" \/>\n<script type=\"application\/ld+json\" class=\"yoast-schema-graph\">{\"@context\":\"https:\/\/schema.org\",\"@graph\":[{\"@type\":\"WebPage\",\"@id\":\"https:\/\/www.erresse-shop.it\/es\/shop\/sartenes-y-ollas\/marmitas-y-cocottes\/staub-cocotte-ovalada-29-cm-negro\/\",\"url\":\"https:\/\/www.erresse-shop.it\/es\/shop\/sartenes-y-ollas\/marmitas-y-cocottes\/staub-cocotte-ovalada-29-cm-negro\/\",\"name\":\"STAUB Cocotte Ovalada 29 cm Negro - Erresse Shop\",\"isPartOf\":{\"@id\":\"https:\/\/www.erresse-shop.it\/es\/#website\"},\"datePublished\":\"2012-05-30T16:58:10+00:00\",\"dateModified\":\"2021-12-22T16:07:36+00:00\",\"description\":\"La cacerola Staub de la popular gama La Cocotte est\u00e1 disponible en el cl\u00e1sico color negro. La funcionalidad de la cocotte ovalada se combina con un toque\",\"breadcrumb\":{\"@id\":\"https:\/\/www.erresse-shop.it\/es\/shop\/sartenes-y-ollas\/marmitas-y-cocottes\/staub-cocotte-ovalada-29-cm-negro\/#breadcrumb\"},\"inLanguage\":\"es\",\"potentialAction\":[{\"@type\":\"ReadAction\",\"target\":[\"https:\/\/www.erresse-shop.it\/es\/shop\/sartenes-y-ollas\/marmitas-y-cocottes\/staub-cocotte-ovalada-29-cm-negro\/\"]}]},{\"@type\":\"BreadcrumbList\",\"@id\":\"https:\/\/www.erresse-shop.it\/es\/shop\/sartenes-y-ollas\/marmitas-y-cocottes\/staub-cocotte-ovalada-29-cm-negro\/#breadcrumb\",\"itemListElement\":[{\"@type\":\"ListItem\",\"position\":1,\"name\":\"Home\",\"item\":\"https:\/\/www.erresse-shop.it\/es\/\"},{\"@type\":\"ListItem\",\"position\":2,\"name\":\"Shop\",\"item\":\"https:\/\/www.erresse-shop.it\/es\/shop\/\"},{\"@type\":\"ListItem\",\"position\":3,\"name\":\"STAUB Cocotte Ovalada 29 cm Negro\"}]},{\"@type\":\"WebSite\",\"@id\":\"https:\/\/www.erresse-shop.it\/es\/#website\",\"url\":\"https:\/\/www.erresse-shop.it\/es\/\",\"name\":\"Erresse Shop\",\"description\":\"Articoli di qualit\u00e0 per la casa\",\"potentialAction\":[{\"@type\":\"SearchAction\",\"target\":{\"@type\":\"EntryPoint\",\"urlTemplate\":\"https:\/\/www.erresse-shop.it\/es\/?s={search_term_string}\"},\"query-input\":\"required name=search_term_string\"}],\"inLanguage\":\"es\"}]}<\/script>\n<!-- \/ Yoast SEO Premium plugin. -->","yoast_head_json":{"title":"STAUB Cocotte Ovalada 29 cm Negro - Erresse Shop","description":"La cacerola Staub de la popular gama La Cocotte est\u00e1 disponible en el cl\u00e1sico color negro. La funcionalidad de la cocotte ovalada se combina con un toque","robots":{"index":"index","follow":"follow","max-snippet":"max-snippet:-1","max-image-preview":"max-image-preview:large","max-video-preview":"max-video-preview:-1"},"canonical":"https:\/\/www.erresse-shop.it\/es\/shop\/sartenes-y-ollas\/marmitas-y-cocottes\/staub-cocotte-ovalada-29-cm-negro\/","og_locale":"es_ES","og_type":"article","og_title":"STAUB Cocotte Ovalada 29 cm Negro","og_description":"La cacerola Staub de la popular gama La Cocotte est\u00e1 disponible en el cl\u00e1sico color negro. La funcionalidad de la cocotte ovalada se combina con un toque","og_url":"https:\/\/www.erresse-shop.it\/es\/shop\/sartenes-y-ollas\/marmitas-y-cocottes\/staub-cocotte-ovalada-29-cm-negro\/","og_site_name":"Erresse Shop","article_modified_time":"2021-12-22T16:07:36+00:00","og_image":[{"width":712,"height":468,"url":"https:\/\/www.erresse-shop.it\/wp-content\/uploads\/2015\/01\/products-29cmnera.jpg","type":"image\/jpeg"}],"twitter_card":"summary_large_image","schema":{"@context":"https:\/\/schema.org","@graph":[{"@type":"WebPage","@id":"https:\/\/www.erresse-shop.it\/es\/shop\/sartenes-y-ollas\/marmitas-y-cocottes\/staub-cocotte-ovalada-29-cm-negro\/","url":"https:\/\/www.erresse-shop.it\/es\/shop\/sartenes-y-ollas\/marmitas-y-cocottes\/staub-cocotte-ovalada-29-cm-negro\/","name":"STAUB Cocotte Ovalada 29 cm Negro - Erresse Shop","isPartOf":{"@id":"https:\/\/www.erresse-shop.it\/es\/#website"},"datePublished":"2012-05-30T16:58:10+00:00","dateModified":"2021-12-22T16:07:36+00:00","description":"La cacerola Staub de la popular gama La Cocotte est\u00e1 disponible en el cl\u00e1sico color negro. La funcionalidad de la cocotte ovalada se combina con un toque","breadcrumb":{"@id":"https:\/\/www.erresse-shop.it\/es\/shop\/sartenes-y-ollas\/marmitas-y-cocottes\/staub-cocotte-ovalada-29-cm-negro\/#breadcrumb"},"inLanguage":"es","potentialAction":[{"@type":"ReadAction","target":["https:\/\/www.erresse-shop.it\/es\/shop\/sartenes-y-ollas\/marmitas-y-cocottes\/staub-cocotte-ovalada-29-cm-negro\/"]}]},{"@type":"BreadcrumbList","@id":"https:\/\/www.erresse-shop.it\/es\/shop\/sartenes-y-ollas\/marmitas-y-cocottes\/staub-cocotte-ovalada-29-cm-negro\/#breadcrumb","itemListElement":[{"@type":"ListItem","position":1,"name":"Home","item":"https:\/\/www.erresse-shop.it\/es\/"},{"@type":"ListItem","position":2,"name":"Shop","item":"https:\/\/www.erresse-shop.it\/es\/shop\/"},{"@type":"ListItem","position":3,"name":"STAUB Cocotte Ovalada 29 cm Negro"}]},{"@type":"WebSite","@id":"https:\/\/www.erresse-shop.it\/es\/#website","url":"https:\/\/www.erresse-shop.it\/es\/","name":"Erresse Shop","description":"Articoli di qualit\u00e0 per la casa","potentialAction":[{"@type":"SearchAction","target":{"@type":"EntryPoint","urlTemplate":"https:\/\/www.erresse-shop.it\/es\/?s={search_term_string}"},"query-input":"required name=search_term_string"}],"inLanguage":"es"}]}},"df_price":199.95,"df_sale_price":199.95,"df_regular_price":319,"df_image_link":"https:\/\/www.erresse-shop.it\/wp-content\/uploads\/2015\/01\/products-29cmnera-300x197.jpg","_links":{"self":[{"href":"https:\/\/www.erresse-shop.it\/es\/wp-json\/wp\/v2\/product\/120702"}],"collection":[{"href":"https:\/\/www.erresse-shop.it\/es\/wp-json\/wp\/v2\/product"}],"about":[{"href":"https:\/\/www.erresse-shop.it\/es\/wp-json\/wp\/v2\/types\/product"}],"wp:featuredmedia":[{"embeddable":true,"href":"https:\/\/www.erresse-shop.it\/es\/wp-json\/wp\/v2\/media\/120703"}],"wp:attachment":[{"href":"https:\/\/www.erresse-shop.it\/es\/wp-json\/wp\/v2\/media?parent=120702"}],"wp:term":[{"taxonomy":"product_cat","embeddable":true,"href":"https:\/\/www.erresse-shop.it\/es\/wp-json\/wp\/v2\/product_cat?post=120702"},{"taxonomy":"product_tag","embeddable":true,"href":"https:\/\/www.erresse-shop.it\/es\/wp-json\/wp\/v2\/product_tag?post=120702"}],"curies":[{"name":"wp","href":"https:\/\/api.w.org\/{rel}","templated":true}]}}