{"id":120687,"date":"2012-02-14T23:28:19","date_gmt":"2012-02-14T23:28:19","guid":{"rendered":"https:\/\/www.erresse-shop.it\/shop\/sin%20categor\u00eda\/staub-cocotte-corazon\/"},"modified":"2021-12-22T16:07:25","modified_gmt":"2021-12-22T16:07:25","slug":"staub-cocotte-corazon","status":"publish","type":"product","link":"https:\/\/www.erresse-shop.it\/es\/shop\/sartenes-y-ollas\/ollas-y-cacerolas\/staub-cocotte-corazon\/","title":{"rendered":"STAUB Cocotte Coraz\u00f3n"},"content":{"rendered":"<p>La cocotte en forma de coraz\u00f3n, de color rojo cereza, es la prueba de que el amor se puede servir en un plato. Esta sart\u00e9n cocina suavemente alimentos arom\u00e1ticos y nutritivos, combinando las propiedades del hierro fundido con las del esmalte negro para garantizar una excelente retenci\u00f3n del calor y conductividad t\u00e9rmica. Una difusi\u00f3n uniforme y gradual del calor ayuda a conservar las vitaminas de las verduras, mientras que el esmalte negro mate resalta sus sabores. La cocotte en forma de coraz\u00f3n es ideal para eventos como el D\u00eda de San Valent\u00edn, propuestas de boda o recepciones. Para su cumplea\u00f1os, los invitados se ver\u00e1n gratamente sorprendidos por una cazuela o una especialidad francesa servida en esta olla. Gracias a su forma, es perfecto como utensilio para servir y mantiene la comida caliente durante m\u00e1s tiempo; otra ventaja del hierro fundido es su capacidad para conservar el calor. La cocotte tiene un di\u00e1metro de 20 cm, una capacidad de 1,75 L y es perfecta para raciones de 1 a 2 personas. La parte inferior de la tapa tiene un dise\u00f1o \u00fanico que permite que la humedad acumulada gotee sobre los alimentos, evitando que la carne se reseque, por ejemplo. Dos asas planas en los laterales de la sart\u00e9n facilitan su traslado al horno y fuera de \u00e9l. Utilice la cocotte en forma de coraz\u00f3n de Staub para preparar deliciosos platos para eventos especiales.<\/p>\n<p>&#8211; Ideal para sellar y cocinar a fuego lento carne, pescado o verduras<br \/>\n&#8211; El esmalte interior negro mate es ideal para un dorado especialmente crujiente y es muy duradero<br \/>\n&#8211; Apto para todo tipo de placas de cocci\u00f3n, incluidas las de inducci\u00f3n, tambi\u00e9n puede colocarse en el horno\/parrilla<\/p>\n<p><strong>Caracter\u00edsticas<\/strong><br \/>\n&#8211; Resistencia al calor (\u00b0C): 240,00 \u00baC<br \/>\n&#8211; Material: hierro fundido<br \/>\n&#8211; Tapa existente: s\u00ed<br \/>\n&#8211; Inducci\u00f3n: S\u00ed<br \/>\n&#8211; Apto para horno: S\u00ed<br \/>\n&#8211; Apto para la parrilla: S\u00ed<br \/>\n&#8211; Apto para microondas: s\u00ed<br \/>\n&#8211; Apto para el congelador: s\u00ed<br \/>\n&#8211; Amigable con la afici\u00f3n: s\u00ed<br \/>\n&#8211; A prueba de utensilios met\u00e1licos: s\u00ed<br \/>\n&#8211; Apto para el lavavajillas: S\u00ed<\/p>\n<p><strong>Tama\u00f1o<\/strong><br \/>\n&#8211; Peso neto: 2,96 kg<br \/>\n&#8211; Capacidad: 1,75 l<br \/>\n&#8211; Longitud del producto: 21,80 cm<br \/>\n&#8211; Anchura del producto: 14,10 cm<br \/>\n&#8211; Altura del producto: 13,40 cm<br \/>\n&#8211; Altura sin tapa: 7,40 cm<br \/>\n&#8211; Di\u00e1metro superior: 20,00 cm<br \/>\n&#8211; Di\u00e1metro del fondo: 16,10 cm<\/p>\n","protected":false},"excerpt":{"rendered":"<p>La cocotte en forma de coraz\u00f3n, de color rojo cereza, es la prueba de que el amor se puede servir<\/p>\n","protected":false},"featured_media":120688,"template":"","meta":{"_acf_changed":false,"inline_featured_image":false},"product_cat":[16067,16058],"product_tag":[25090,16111,16211,16781,23662,24399,16158,16654,24302,25023],"acf":[],"yoast_head":"<!-- This site is optimized with the Yoast SEO Premium plugin v18.6 (Yoast SEO v19.13) - https:\/\/yoast.com\/wordpress\/plugins\/seo\/ -->\n<title>STAUB Cocotte Coraz\u00f3n - Erresse Shop<\/title>\n<meta name=\"description\" content=\"La cocotte en forma de coraz\u00f3n, de color rojo cereza, es la prueba de que el amor se puede servir en un plato. Esta sart\u00e9n cocina suavemente alimentos\" \/>\n<meta name=\"robots\" content=\"index, follow, max-snippet:-1, max-image-preview:large, max-video-preview:-1\" \/>\n<link rel=\"canonical\" href=\"https:\/\/www.erresse-shop.it\/es\/shop\/sartenes-y-ollas\/ollas-y-cacerolas\/staub-cocotte-corazon\/\" \/>\n<meta property=\"og:locale\" content=\"es_ES\" \/>\n<meta property=\"og:type\" content=\"article\" \/>\n<meta property=\"og:title\" content=\"STAUB Cocotte Coraz\u00f3n\" \/>\n<meta property=\"og:description\" content=\"La cocotte en forma de coraz\u00f3n, de color rojo cereza, es la prueba de que el amor se puede servir en un plato. Esta sart\u00e9n cocina suavemente alimentos\" \/>\n<meta property=\"og:url\" content=\"https:\/\/www.erresse-shop.it\/es\/shop\/sartenes-y-ollas\/ollas-y-cacerolas\/staub-cocotte-corazon\/\" \/>\n<meta property=\"og:site_name\" content=\"Erresse Shop\" \/>\n<meta property=\"article:modified_time\" content=\"2021-12-22T16:07:25+00:00\" \/>\n<meta property=\"og:image\" content=\"https:\/\/www.erresse-shop.it\/wp-content\/uploads\/2015\/01\/products-40509798_1100006.jpeg\" \/>\n\t<meta property=\"og:image:width\" content=\"800\" \/>\n\t<meta property=\"og:image:height\" content=\"571\" \/>\n\t<meta property=\"og:image:type\" content=\"image\/jpeg\" \/>\n<meta name=\"twitter:card\" content=\"summary_large_image\" \/>\n<script type=\"application\/ld+json\" class=\"yoast-schema-graph\">{\"@context\":\"https:\/\/schema.org\",\"@graph\":[{\"@type\":\"WebPage\",\"@id\":\"https:\/\/www.erresse-shop.it\/es\/shop\/sartenes-y-ollas\/ollas-y-cacerolas\/staub-cocotte-corazon\/\",\"url\":\"https:\/\/www.erresse-shop.it\/es\/shop\/sartenes-y-ollas\/ollas-y-cacerolas\/staub-cocotte-corazon\/\",\"name\":\"STAUB Cocotte Coraz\u00f3n - Erresse Shop\",\"isPartOf\":{\"@id\":\"https:\/\/www.erresse-shop.it\/es\/#website\"},\"datePublished\":\"2012-02-14T23:28:19+00:00\",\"dateModified\":\"2021-12-22T16:07:25+00:00\",\"description\":\"La cocotte en forma de coraz\u00f3n, de color rojo cereza, es la prueba de que el amor se puede servir en un plato. Esta sart\u00e9n cocina suavemente alimentos\",\"breadcrumb\":{\"@id\":\"https:\/\/www.erresse-shop.it\/es\/shop\/sartenes-y-ollas\/ollas-y-cacerolas\/staub-cocotte-corazon\/#breadcrumb\"},\"inLanguage\":\"es\",\"potentialAction\":[{\"@type\":\"ReadAction\",\"target\":[\"https:\/\/www.erresse-shop.it\/es\/shop\/sartenes-y-ollas\/ollas-y-cacerolas\/staub-cocotte-corazon\/\"]}]},{\"@type\":\"BreadcrumbList\",\"@id\":\"https:\/\/www.erresse-shop.it\/es\/shop\/sartenes-y-ollas\/ollas-y-cacerolas\/staub-cocotte-corazon\/#breadcrumb\",\"itemListElement\":[{\"@type\":\"ListItem\",\"position\":1,\"name\":\"Home\",\"item\":\"https:\/\/www.erresse-shop.it\/es\/\"},{\"@type\":\"ListItem\",\"position\":2,\"name\":\"Shop\",\"item\":\"https:\/\/www.erresse-shop.it\/es\/shop\/\"},{\"@type\":\"ListItem\",\"position\":3,\"name\":\"STAUB Cocotte Coraz\u00f3n\"}]},{\"@type\":\"WebSite\",\"@id\":\"https:\/\/www.erresse-shop.it\/es\/#website\",\"url\":\"https:\/\/www.erresse-shop.it\/es\/\",\"name\":\"Erresse Shop\",\"description\":\"Articoli di qualit\u00e0 per la casa\",\"potentialAction\":[{\"@type\":\"SearchAction\",\"target\":{\"@type\":\"EntryPoint\",\"urlTemplate\":\"https:\/\/www.erresse-shop.it\/es\/?s={search_term_string}\"},\"query-input\":\"required name=search_term_string\"}],\"inLanguage\":\"es\"}]}<\/script>\n<!-- \/ Yoast SEO Premium plugin. -->","yoast_head_json":{"title":"STAUB Cocotte Coraz\u00f3n - Erresse Shop","description":"La cocotte en forma de coraz\u00f3n, de color rojo cereza, es la prueba de que el amor se puede servir en un plato. Esta sart\u00e9n cocina suavemente alimentos","robots":{"index":"index","follow":"follow","max-snippet":"max-snippet:-1","max-image-preview":"max-image-preview:large","max-video-preview":"max-video-preview:-1"},"canonical":"https:\/\/www.erresse-shop.it\/es\/shop\/sartenes-y-ollas\/ollas-y-cacerolas\/staub-cocotte-corazon\/","og_locale":"es_ES","og_type":"article","og_title":"STAUB Cocotte Coraz\u00f3n","og_description":"La cocotte en forma de coraz\u00f3n, de color rojo cereza, es la prueba de que el amor se puede servir en un plato. Esta sart\u00e9n cocina suavemente alimentos","og_url":"https:\/\/www.erresse-shop.it\/es\/shop\/sartenes-y-ollas\/ollas-y-cacerolas\/staub-cocotte-corazon\/","og_site_name":"Erresse Shop","article_modified_time":"2021-12-22T16:07:25+00:00","og_image":[{"width":800,"height":571,"url":"https:\/\/www.erresse-shop.it\/wp-content\/uploads\/2015\/01\/products-40509798_1100006.jpeg","type":"image\/jpeg"}],"twitter_card":"summary_large_image","schema":{"@context":"https:\/\/schema.org","@graph":[{"@type":"WebPage","@id":"https:\/\/www.erresse-shop.it\/es\/shop\/sartenes-y-ollas\/ollas-y-cacerolas\/staub-cocotte-corazon\/","url":"https:\/\/www.erresse-shop.it\/es\/shop\/sartenes-y-ollas\/ollas-y-cacerolas\/staub-cocotte-corazon\/","name":"STAUB Cocotte Coraz\u00f3n - Erresse Shop","isPartOf":{"@id":"https:\/\/www.erresse-shop.it\/es\/#website"},"datePublished":"2012-02-14T23:28:19+00:00","dateModified":"2021-12-22T16:07:25+00:00","description":"La cocotte en forma de coraz\u00f3n, de color rojo cereza, es la prueba de que el amor se puede servir en un plato. Esta sart\u00e9n cocina suavemente alimentos","breadcrumb":{"@id":"https:\/\/www.erresse-shop.it\/es\/shop\/sartenes-y-ollas\/ollas-y-cacerolas\/staub-cocotte-corazon\/#breadcrumb"},"inLanguage":"es","potentialAction":[{"@type":"ReadAction","target":["https:\/\/www.erresse-shop.it\/es\/shop\/sartenes-y-ollas\/ollas-y-cacerolas\/staub-cocotte-corazon\/"]}]},{"@type":"BreadcrumbList","@id":"https:\/\/www.erresse-shop.it\/es\/shop\/sartenes-y-ollas\/ollas-y-cacerolas\/staub-cocotte-corazon\/#breadcrumb","itemListElement":[{"@type":"ListItem","position":1,"name":"Home","item":"https:\/\/www.erresse-shop.it\/es\/"},{"@type":"ListItem","position":2,"name":"Shop","item":"https:\/\/www.erresse-shop.it\/es\/shop\/"},{"@type":"ListItem","position":3,"name":"STAUB Cocotte Coraz\u00f3n"}]},{"@type":"WebSite","@id":"https:\/\/www.erresse-shop.it\/es\/#website","url":"https:\/\/www.erresse-shop.it\/es\/","name":"Erresse Shop","description":"Articoli di qualit\u00e0 per la casa","potentialAction":[{"@type":"SearchAction","target":{"@type":"EntryPoint","urlTemplate":"https:\/\/www.erresse-shop.it\/es\/?s={search_term_string}"},"query-input":"required name=search_term_string"}],"inLanguage":"es"}]}},"df_price":109.5,"df_sale_price":109.5,"df_regular_price":219,"df_image_link":"https:\/\/www.erresse-shop.it\/wp-content\/uploads\/2015\/01\/products-40509798_1100006-300x214.jpeg","_links":{"self":[{"href":"https:\/\/www.erresse-shop.it\/es\/wp-json\/wp\/v2\/product\/120687"}],"collection":[{"href":"https:\/\/www.erresse-shop.it\/es\/wp-json\/wp\/v2\/product"}],"about":[{"href":"https:\/\/www.erresse-shop.it\/es\/wp-json\/wp\/v2\/types\/product"}],"wp:featuredmedia":[{"embeddable":true,"href":"https:\/\/www.erresse-shop.it\/es\/wp-json\/wp\/v2\/media\/120688"}],"wp:attachment":[{"href":"https:\/\/www.erresse-shop.it\/es\/wp-json\/wp\/v2\/media?parent=120687"}],"wp:term":[{"taxonomy":"product_cat","embeddable":true,"href":"https:\/\/www.erresse-shop.it\/es\/wp-json\/wp\/v2\/product_cat?post=120687"},{"taxonomy":"product_tag","embeddable":true,"href":"https:\/\/www.erresse-shop.it\/es\/wp-json\/wp\/v2\/product_tag?post=120687"}],"curies":[{"name":"wp","href":"https:\/\/api.w.org\/{rel}","templated":true}]}}