{"id":120682,"date":"2012-02-14T22:26:56","date_gmt":"2012-02-14T22:26:56","guid":{"rendered":"https:\/\/www.erresse-shop.it\/shop\/sin%20categor\u00eda\/staub-cocotte-ovalada-31-cm-granada\/"},"modified":"2021-12-22T16:07:20","modified_gmt":"2021-12-22T16:07:20","slug":"staub-cocotte-ovalada-31-cm-granada","status":"publish","type":"product","link":"https:\/\/www.erresse-shop.it\/es\/shop\/sartenes-y-ollas\/marmitas-y-cocottes\/staub-cocotte-ovalada-31-cm-granada\/","title":{"rendered":"STAUB Cocotte Ovalada 31 cm Granada"},"content":{"rendered":"<p>La cocotte ovalada de color granate es un complemento encantador para cualquier cocina y mesa de comedor. Convierte cada comida con la familia y los amigos en una aut\u00e9ntica ocasi\u00f3n y es perfecta para preparar los platos m\u00e1s variados, pero siempre sabrosos. Las cocottes se utilizan tradicionalmente en Francia como guisos, pero tambi\u00e9n son adecuadas para dorar la carne o preparar platos vegetarianos con los ingredientes m\u00e1s frescos. Todos los ingredientes pueden cocinarse suavemente en una cocotte Staub, ya que est\u00e1n hechas de hierro fundido con un revestimiento de esmalte negro en el interior. Estos dos materiales almacenan el calor durante m\u00e1s tiempo y lo liberan lenta y uniformemente en los alimentos. El hierro fundido y el esmalte son extremadamente duraderos y resistentes a los ara\u00f1azos. Adem\u00e1s, la cacerola mejora cuanto m\u00e1s a menudo se utiliza, por lo que las cocottes se transmiten de generaci\u00f3n en generaci\u00f3n en Francia. La cocotte de color granate de Staub tiene un di\u00e1metro de 31 cm, una altura de 17 cm y una capacidad de 5,5 litros. Puede utilizarse en una placa de inducci\u00f3n o en el horno. Cree varios guisos y estofados para usted y su familia en una cocotte, ya que el hierro fundido y el esmalte realzan el sabor de los alimentos.<\/p>\n<p>&#8211; Ideal para sellar y cocinar lentamente asados y pollos enteros<br \/>\n&#8211; Para un resultado de cocci\u00f3n jugoso y tierno gracias a la tapa<br \/>\n&#8211; El esmalte interior negro mate es ideal para un dorado especialmente crujiente y es muy duradero<br \/>\n&#8211; Apto para todo tipo de cocinas, incluida la de inducci\u00f3n, tambi\u00e9n puede utilizarse en el horno\/parrilla<\/p>\n<p><strong>Caracter\u00edsticas<\/strong><br \/>\n&#8211; Resistencia al calor (\u00b0C): 240,00 \u00baC<br \/>\n&#8211; Material: hierro fundido<br \/>\n&#8211; Tapa existente: s\u00ed<br \/>\n&#8211; Inducci\u00f3n: S\u00ed<br \/>\n&#8211; Apto para el horno: S\u00ed<br \/>\n&#8211; Apto para el congelador: S\u00ed<br \/>\n&#8211; Apto para la cocina: s\u00ed<br \/>\n&#8211; Apto para el lavavajillas: s\u00ed<\/p>\n<p><strong>Tama\u00f1o<\/strong><br \/>\n&#8211; Peso neto: 5,98 kg<br \/>\n&#8211; Capacidad: 5,50 l<br \/>\n&#8211; Longitud del producto: 37,50 cm<br \/>\n&#8211; Anchura del producto: 31,00 cm<br \/>\n&#8211; Altura del producto: 16,70 cm<br \/>\n&#8211; Altura sin tapa: 11,80 cm<br \/>\n&#8211; Di\u00e1metro superior: 31,00 cm<br \/>\n&#8211; Di\u00e1metro del fondo: 25,00 cm<\/p>\n","protected":false},"excerpt":{"rendered":"<p>La cocotte ovalada de color granate es un complemento encantador para cualquier cocina y mesa de comedor. Convierte cada comida<\/p>\n","protected":false},"featured_media":120683,"template":"","meta":{"_acf_changed":false,"inline_featured_image":false},"product_cat":[16065,16058],"product_tag":[25090,16111,16211,16781,16158,16654,25023],"acf":[],"yoast_head":"<!-- This site is optimized with the Yoast SEO Premium plugin v18.6 (Yoast SEO v19.13) - https:\/\/yoast.com\/wordpress\/plugins\/seo\/ -->\n<title>STAUB Cocotte Ovalada 31 cm Granada - Erresse Shop<\/title>\n<meta name=\"description\" content=\"La cocotte ovalada de color granate es un complemento encantador para cualquier cocina y mesa de comedor. Convierte cada comida con la familia y los\" \/>\n<meta name=\"robots\" content=\"index, follow, max-snippet:-1, max-image-preview:large, max-video-preview:-1\" \/>\n<link rel=\"canonical\" href=\"https:\/\/www.erresse-shop.it\/es\/shop\/sartenes-y-ollas\/marmitas-y-cocottes\/staub-cocotte-ovalada-31-cm-granada\/\" \/>\n<meta property=\"og:locale\" content=\"es_ES\" \/>\n<meta property=\"og:type\" content=\"article\" \/>\n<meta property=\"og:title\" content=\"STAUB Cocotte Ovalada 31 cm Granada\" \/>\n<meta property=\"og:description\" content=\"La cocotte ovalada de color granate es un complemento encantador para cualquier cocina y mesa de comedor. Convierte cada comida con la familia y los\" \/>\n<meta property=\"og:url\" content=\"https:\/\/www.erresse-shop.it\/es\/shop\/sartenes-y-ollas\/marmitas-y-cocottes\/staub-cocotte-ovalada-31-cm-granada\/\" \/>\n<meta property=\"og:site_name\" content=\"Erresse Shop\" \/>\n<meta property=\"article:modified_time\" content=\"2021-12-22T16:07:20+00:00\" \/>\n<meta property=\"og:image\" content=\"https:\/\/www.erresse-shop.it\/wp-content\/uploads\/2015\/01\/products-staub-rossorubino-ovale31.jpg\" \/>\n\t<meta property=\"og:image:width\" content=\"579\" \/>\n\t<meta property=\"og:image:height\" content=\"399\" \/>\n\t<meta property=\"og:image:type\" content=\"image\/jpeg\" \/>\n<meta name=\"twitter:card\" content=\"summary_large_image\" \/>\n<script type=\"application\/ld+json\" class=\"yoast-schema-graph\">{\"@context\":\"https:\/\/schema.org\",\"@graph\":[{\"@type\":\"WebPage\",\"@id\":\"https:\/\/www.erresse-shop.it\/es\/shop\/sartenes-y-ollas\/marmitas-y-cocottes\/staub-cocotte-ovalada-31-cm-granada\/\",\"url\":\"https:\/\/www.erresse-shop.it\/es\/shop\/sartenes-y-ollas\/marmitas-y-cocottes\/staub-cocotte-ovalada-31-cm-granada\/\",\"name\":\"STAUB Cocotte Ovalada 31 cm Granada - Erresse Shop\",\"isPartOf\":{\"@id\":\"https:\/\/www.erresse-shop.it\/es\/#website\"},\"datePublished\":\"2012-02-14T22:26:56+00:00\",\"dateModified\":\"2021-12-22T16:07:20+00:00\",\"description\":\"La cocotte ovalada de color granate es un complemento encantador para cualquier cocina y mesa de comedor. Convierte cada comida con la familia y los\",\"breadcrumb\":{\"@id\":\"https:\/\/www.erresse-shop.it\/es\/shop\/sartenes-y-ollas\/marmitas-y-cocottes\/staub-cocotte-ovalada-31-cm-granada\/#breadcrumb\"},\"inLanguage\":\"es\",\"potentialAction\":[{\"@type\":\"ReadAction\",\"target\":[\"https:\/\/www.erresse-shop.it\/es\/shop\/sartenes-y-ollas\/marmitas-y-cocottes\/staub-cocotte-ovalada-31-cm-granada\/\"]}]},{\"@type\":\"BreadcrumbList\",\"@id\":\"https:\/\/www.erresse-shop.it\/es\/shop\/sartenes-y-ollas\/marmitas-y-cocottes\/staub-cocotte-ovalada-31-cm-granada\/#breadcrumb\",\"itemListElement\":[{\"@type\":\"ListItem\",\"position\":1,\"name\":\"Home\",\"item\":\"https:\/\/www.erresse-shop.it\/es\/\"},{\"@type\":\"ListItem\",\"position\":2,\"name\":\"Shop\",\"item\":\"https:\/\/www.erresse-shop.it\/es\/shop\/\"},{\"@type\":\"ListItem\",\"position\":3,\"name\":\"STAUB Cocotte Ovalada 31 cm Granada\"}]},{\"@type\":\"WebSite\",\"@id\":\"https:\/\/www.erresse-shop.it\/es\/#website\",\"url\":\"https:\/\/www.erresse-shop.it\/es\/\",\"name\":\"Erresse Shop\",\"description\":\"Articoli di qualit\u00e0 per la casa\",\"potentialAction\":[{\"@type\":\"SearchAction\",\"target\":{\"@type\":\"EntryPoint\",\"urlTemplate\":\"https:\/\/www.erresse-shop.it\/es\/?s={search_term_string}\"},\"query-input\":\"required name=search_term_string\"}],\"inLanguage\":\"es\"}]}<\/script>\n<!-- \/ Yoast SEO Premium plugin. -->","yoast_head_json":{"title":"STAUB Cocotte Ovalada 31 cm Granada - Erresse Shop","description":"La cocotte ovalada de color granate es un complemento encantador para cualquier cocina y mesa de comedor. Convierte cada comida con la familia y los","robots":{"index":"index","follow":"follow","max-snippet":"max-snippet:-1","max-image-preview":"max-image-preview:large","max-video-preview":"max-video-preview:-1"},"canonical":"https:\/\/www.erresse-shop.it\/es\/shop\/sartenes-y-ollas\/marmitas-y-cocottes\/staub-cocotte-ovalada-31-cm-granada\/","og_locale":"es_ES","og_type":"article","og_title":"STAUB Cocotte Ovalada 31 cm Granada","og_description":"La cocotte ovalada de color granate es un complemento encantador para cualquier cocina y mesa de comedor. Convierte cada comida con la familia y los","og_url":"https:\/\/www.erresse-shop.it\/es\/shop\/sartenes-y-ollas\/marmitas-y-cocottes\/staub-cocotte-ovalada-31-cm-granada\/","og_site_name":"Erresse Shop","article_modified_time":"2021-12-22T16:07:20+00:00","og_image":[{"width":579,"height":399,"url":"https:\/\/www.erresse-shop.it\/wp-content\/uploads\/2015\/01\/products-staub-rossorubino-ovale31.jpg","type":"image\/jpeg"}],"twitter_card":"summary_large_image","schema":{"@context":"https:\/\/schema.org","@graph":[{"@type":"WebPage","@id":"https:\/\/www.erresse-shop.it\/es\/shop\/sartenes-y-ollas\/marmitas-y-cocottes\/staub-cocotte-ovalada-31-cm-granada\/","url":"https:\/\/www.erresse-shop.it\/es\/shop\/sartenes-y-ollas\/marmitas-y-cocottes\/staub-cocotte-ovalada-31-cm-granada\/","name":"STAUB Cocotte Ovalada 31 cm Granada - Erresse Shop","isPartOf":{"@id":"https:\/\/www.erresse-shop.it\/es\/#website"},"datePublished":"2012-02-14T22:26:56+00:00","dateModified":"2021-12-22T16:07:20+00:00","description":"La cocotte ovalada de color granate es un complemento encantador para cualquier cocina y mesa de comedor. Convierte cada comida con la familia y los","breadcrumb":{"@id":"https:\/\/www.erresse-shop.it\/es\/shop\/sartenes-y-ollas\/marmitas-y-cocottes\/staub-cocotte-ovalada-31-cm-granada\/#breadcrumb"},"inLanguage":"es","potentialAction":[{"@type":"ReadAction","target":["https:\/\/www.erresse-shop.it\/es\/shop\/sartenes-y-ollas\/marmitas-y-cocottes\/staub-cocotte-ovalada-31-cm-granada\/"]}]},{"@type":"BreadcrumbList","@id":"https:\/\/www.erresse-shop.it\/es\/shop\/sartenes-y-ollas\/marmitas-y-cocottes\/staub-cocotte-ovalada-31-cm-granada\/#breadcrumb","itemListElement":[{"@type":"ListItem","position":1,"name":"Home","item":"https:\/\/www.erresse-shop.it\/es\/"},{"@type":"ListItem","position":2,"name":"Shop","item":"https:\/\/www.erresse-shop.it\/es\/shop\/"},{"@type":"ListItem","position":3,"name":"STAUB Cocotte Ovalada 31 cm Granada"}]},{"@type":"WebSite","@id":"https:\/\/www.erresse-shop.it\/es\/#website","url":"https:\/\/www.erresse-shop.it\/es\/","name":"Erresse Shop","description":"Articoli di qualit\u00e0 per la casa","potentialAction":[{"@type":"SearchAction","target":{"@type":"EntryPoint","urlTemplate":"https:\/\/www.erresse-shop.it\/es\/?s={search_term_string}"},"query-input":"required name=search_term_string"}],"inLanguage":"es"}]}},"df_price":179.5,"df_sale_price":179.5,"df_regular_price":359,"df_image_link":"https:\/\/www.erresse-shop.it\/wp-content\/uploads\/2015\/01\/products-staub-rossorubino-ovale31-300x207.jpg","_links":{"self":[{"href":"https:\/\/www.erresse-shop.it\/es\/wp-json\/wp\/v2\/product\/120682"}],"collection":[{"href":"https:\/\/www.erresse-shop.it\/es\/wp-json\/wp\/v2\/product"}],"about":[{"href":"https:\/\/www.erresse-shop.it\/es\/wp-json\/wp\/v2\/types\/product"}],"wp:featuredmedia":[{"embeddable":true,"href":"https:\/\/www.erresse-shop.it\/es\/wp-json\/wp\/v2\/media\/120683"}],"wp:attachment":[{"href":"https:\/\/www.erresse-shop.it\/es\/wp-json\/wp\/v2\/media?parent=120682"}],"wp:term":[{"taxonomy":"product_cat","embeddable":true,"href":"https:\/\/www.erresse-shop.it\/es\/wp-json\/wp\/v2\/product_cat?post=120682"},{"taxonomy":"product_tag","embeddable":true,"href":"https:\/\/www.erresse-shop.it\/es\/wp-json\/wp\/v2\/product_tag?post=120682"}],"curies":[{"name":"wp","href":"https:\/\/api.w.org\/{rel}","templated":true}]}}