{"id":120680,"date":"2012-02-14T22:24:42","date_gmt":"2012-02-14T22:24:42","guid":{"rendered":"https:\/\/www.erresse-shop.it\/shop\/sin%20categor\u00eda\/staub-cocotte-ovalada-29-cm-granada\/"},"modified":"2021-12-22T16:07:18","modified_gmt":"2021-12-22T16:07:18","slug":"staub-cocotte-ovalada-29-cm-granada","status":"publish","type":"product","link":"https:\/\/www.erresse-shop.it\/es\/shop\/sartenes-y-ollas\/marmitas-y-cocottes\/staub-cocotte-ovalada-29-cm-granada\/","title":{"rendered":"STAUB Cocotte Ovalada 29 cm Granada"},"content":{"rendered":"<p>La cocotte Staub est\u00e1 hecha de hierro fundido esmaltado, que conduce muy bien el calor y lo libera lentamente a lo largo de toda la superficie interior de la sart\u00e9n. El hierro fundido esmaltado tambi\u00e9n permite realizar excelentes guisos y acentuar los sabores de los distintos ingredientes. La cocotte puede utilizarse en cocinas de gas o el\u00e9ctricas, de inducci\u00f3n o vitrocer\u00e1micas, pero tambi\u00e9n en el horno. En la cocotte ovalada de color granadino, con un di\u00e1metro de 29 cm y una capacidad de 4,2 l, podr\u00e1 preparar generosas raciones para un gran n\u00famero de invitados. Adem\u00e1s de la robustez de su elaboraci\u00f3n, tambi\u00e9n es la forma la que deja sin aliento con su est\u00e9tica tradicional, que se complementa con un pomo plateado brillante en la tapa. El interior de la cocotte es un objeto polivalente que no requiere ning\u00fan cuidado especial, recubierto de un esmalte negro mate. Gracias a su pr\u00e1ctico manejo, esta sart\u00e9n es adecuada tanto para principiantes como para cocineros experimentados. Gracias a su funcionalidad, podr\u00e1 crear f\u00e1cilmente nuevos y sabrosos platos con los que impresionar a sus invitados.<\/p>\n<p>&#8211; Ideal para sellar y cocinar lentamente asados y pollos enteros<br \/>\n&#8211; Para un resultado de cocci\u00f3n jugoso y tierno gracias a la tapa<br \/>\n&#8211; El esmaltado interior negro mate es ideal para un dorado especialmente crujiente y es muy duradero<br \/>\n&#8211; Apto para todo tipo de placas, incluida la de inducci\u00f3n, y tambi\u00e9n puede colocarse en el horno\/parrilla<br \/>\n&#8211; Tonos de color intensos gracias al recubrimiento de esmalte especial de may\u00f3lica<\/p>\n<p><strong>Caracter\u00edsticas<\/strong><br \/>\n&#8211; Resistencia al calor (\u00b0C): 240,00 \u00baC<br \/>\n&#8211; Material: hierro fundido<br \/>\n&#8211; Tapa existente: S\u00ed<br \/>\n&#8211; Inducci\u00f3n: S\u00ed<br \/>\n&#8211; Apto para el horno: S\u00ed<br \/>\n&#8211; Apto para el congelador: S\u00ed<br \/>\n&#8211; Apto para la cocina: s\u00ed<br \/>\n&#8211; Apto para el lavavajillas: s\u00ed<\/p>\n<p><strong>Tama\u00f1o<\/strong><br \/>\n&#8211; Peso neto: 5,54 kg<br \/>\n&#8211; Capacidad: 4,20 l<br \/>\n&#8211; Longitud del producto: 35,30 cm<br \/>\n&#8211; Anchura del producto: 29,00 cm<br \/>\n&#8211; Altura del producto: 15,50 cm<br \/>\n&#8211; Altura sin tapa: 10,70 cm<br \/>\n&#8211; Di\u00e1metro superior: 29,00 cm<br \/>\n&#8211; Di\u00e1metro del fondo: 24,40 cm<\/p>\n","protected":false},"excerpt":{"rendered":"<p>La cocotte Staub est\u00e1 hecha de hierro fundido esmaltado, que conduce muy bien el calor y lo libera lentamente a<\/p>\n","protected":false},"featured_media":120681,"template":"","meta":{"_acf_changed":false,"inline_featured_image":false},"product_cat":[16065,16058],"product_tag":[25090,16111,16211,16781,16158,16654,25023],"acf":[],"yoast_head":"<!-- This site is optimized with the Yoast SEO Premium plugin v18.6 (Yoast SEO v19.13) - https:\/\/yoast.com\/wordpress\/plugins\/seo\/ -->\n<title>STAUB Cocotte Ovalada 29 cm Granada - Erresse Shop<\/title>\n<meta name=\"description\" content=\"La cocotte Staub est\u00e1 hecha de hierro fundido esmaltado, que conduce muy bien el calor y lo libera lentamente a lo largo de toda la superficie interior de\" \/>\n<meta name=\"robots\" content=\"index, follow, max-snippet:-1, max-image-preview:large, max-video-preview:-1\" \/>\n<link rel=\"canonical\" href=\"https:\/\/www.erresse-shop.it\/es\/shop\/sartenes-y-ollas\/marmitas-y-cocottes\/staub-cocotte-ovalada-29-cm-granada\/\" \/>\n<meta property=\"og:locale\" content=\"es_ES\" \/>\n<meta property=\"og:type\" content=\"article\" \/>\n<meta property=\"og:title\" content=\"STAUB Cocotte Ovalada 29 cm Granada\" \/>\n<meta property=\"og:description\" content=\"La cocotte Staub est\u00e1 hecha de hierro fundido esmaltado, que conduce muy bien el calor y lo libera lentamente a lo largo de toda la superficie interior de\" \/>\n<meta property=\"og:url\" content=\"https:\/\/www.erresse-shop.it\/es\/shop\/sartenes-y-ollas\/marmitas-y-cocottes\/staub-cocotte-ovalada-29-cm-granada\/\" \/>\n<meta property=\"og:site_name\" content=\"Erresse Shop\" \/>\n<meta property=\"article:modified_time\" content=\"2021-12-22T16:07:18+00:00\" \/>\n<meta property=\"og:image\" content=\"https:\/\/www.erresse-shop.it\/wp-content\/uploads\/2015\/01\/products-staub-rossorubino-ovale29.jpg\" \/>\n\t<meta property=\"og:image:width\" content=\"600\" \/>\n\t<meta property=\"og:image:height\" content=\"420\" \/>\n\t<meta property=\"og:image:type\" content=\"image\/jpeg\" \/>\n<meta name=\"twitter:card\" content=\"summary_large_image\" \/>\n<script type=\"application\/ld+json\" class=\"yoast-schema-graph\">{\"@context\":\"https:\/\/schema.org\",\"@graph\":[{\"@type\":\"WebPage\",\"@id\":\"https:\/\/www.erresse-shop.it\/es\/shop\/sartenes-y-ollas\/marmitas-y-cocottes\/staub-cocotte-ovalada-29-cm-granada\/\",\"url\":\"https:\/\/www.erresse-shop.it\/es\/shop\/sartenes-y-ollas\/marmitas-y-cocottes\/staub-cocotte-ovalada-29-cm-granada\/\",\"name\":\"STAUB Cocotte Ovalada 29 cm Granada - Erresse Shop\",\"isPartOf\":{\"@id\":\"https:\/\/www.erresse-shop.it\/es\/#website\"},\"datePublished\":\"2012-02-14T22:24:42+00:00\",\"dateModified\":\"2021-12-22T16:07:18+00:00\",\"description\":\"La cocotte Staub est\u00e1 hecha de hierro fundido esmaltado, que conduce muy bien el calor y lo libera lentamente a lo largo de toda la superficie interior de\",\"breadcrumb\":{\"@id\":\"https:\/\/www.erresse-shop.it\/es\/shop\/sartenes-y-ollas\/marmitas-y-cocottes\/staub-cocotte-ovalada-29-cm-granada\/#breadcrumb\"},\"inLanguage\":\"es\",\"potentialAction\":[{\"@type\":\"ReadAction\",\"target\":[\"https:\/\/www.erresse-shop.it\/es\/shop\/sartenes-y-ollas\/marmitas-y-cocottes\/staub-cocotte-ovalada-29-cm-granada\/\"]}]},{\"@type\":\"BreadcrumbList\",\"@id\":\"https:\/\/www.erresse-shop.it\/es\/shop\/sartenes-y-ollas\/marmitas-y-cocottes\/staub-cocotte-ovalada-29-cm-granada\/#breadcrumb\",\"itemListElement\":[{\"@type\":\"ListItem\",\"position\":1,\"name\":\"Home\",\"item\":\"https:\/\/www.erresse-shop.it\/es\/\"},{\"@type\":\"ListItem\",\"position\":2,\"name\":\"Shop\",\"item\":\"https:\/\/www.erresse-shop.it\/es\/shop\/\"},{\"@type\":\"ListItem\",\"position\":3,\"name\":\"STAUB Cocotte Ovalada 29 cm Granada\"}]},{\"@type\":\"WebSite\",\"@id\":\"https:\/\/www.erresse-shop.it\/es\/#website\",\"url\":\"https:\/\/www.erresse-shop.it\/es\/\",\"name\":\"Erresse Shop\",\"description\":\"Articoli di qualit\u00e0 per la casa\",\"potentialAction\":[{\"@type\":\"SearchAction\",\"target\":{\"@type\":\"EntryPoint\",\"urlTemplate\":\"https:\/\/www.erresse-shop.it\/es\/?s={search_term_string}\"},\"query-input\":\"required name=search_term_string\"}],\"inLanguage\":\"es\"}]}<\/script>\n<!-- \/ Yoast SEO Premium plugin. -->","yoast_head_json":{"title":"STAUB Cocotte Ovalada 29 cm Granada - Erresse Shop","description":"La cocotte Staub est\u00e1 hecha de hierro fundido esmaltado, que conduce muy bien el calor y lo libera lentamente a lo largo de toda la superficie interior de","robots":{"index":"index","follow":"follow","max-snippet":"max-snippet:-1","max-image-preview":"max-image-preview:large","max-video-preview":"max-video-preview:-1"},"canonical":"https:\/\/www.erresse-shop.it\/es\/shop\/sartenes-y-ollas\/marmitas-y-cocottes\/staub-cocotte-ovalada-29-cm-granada\/","og_locale":"es_ES","og_type":"article","og_title":"STAUB Cocotte Ovalada 29 cm Granada","og_description":"La cocotte Staub est\u00e1 hecha de hierro fundido esmaltado, que conduce muy bien el calor y lo libera lentamente a lo largo de toda la superficie interior de","og_url":"https:\/\/www.erresse-shop.it\/es\/shop\/sartenes-y-ollas\/marmitas-y-cocottes\/staub-cocotte-ovalada-29-cm-granada\/","og_site_name":"Erresse Shop","article_modified_time":"2021-12-22T16:07:18+00:00","og_image":[{"width":600,"height":420,"url":"https:\/\/www.erresse-shop.it\/wp-content\/uploads\/2015\/01\/products-staub-rossorubino-ovale29.jpg","type":"image\/jpeg"}],"twitter_card":"summary_large_image","schema":{"@context":"https:\/\/schema.org","@graph":[{"@type":"WebPage","@id":"https:\/\/www.erresse-shop.it\/es\/shop\/sartenes-y-ollas\/marmitas-y-cocottes\/staub-cocotte-ovalada-29-cm-granada\/","url":"https:\/\/www.erresse-shop.it\/es\/shop\/sartenes-y-ollas\/marmitas-y-cocottes\/staub-cocotte-ovalada-29-cm-granada\/","name":"STAUB Cocotte Ovalada 29 cm Granada - Erresse Shop","isPartOf":{"@id":"https:\/\/www.erresse-shop.it\/es\/#website"},"datePublished":"2012-02-14T22:24:42+00:00","dateModified":"2021-12-22T16:07:18+00:00","description":"La cocotte Staub est\u00e1 hecha de hierro fundido esmaltado, que conduce muy bien el calor y lo libera lentamente a lo largo de toda la superficie interior de","breadcrumb":{"@id":"https:\/\/www.erresse-shop.it\/es\/shop\/sartenes-y-ollas\/marmitas-y-cocottes\/staub-cocotte-ovalada-29-cm-granada\/#breadcrumb"},"inLanguage":"es","potentialAction":[{"@type":"ReadAction","target":["https:\/\/www.erresse-shop.it\/es\/shop\/sartenes-y-ollas\/marmitas-y-cocottes\/staub-cocotte-ovalada-29-cm-granada\/"]}]},{"@type":"BreadcrumbList","@id":"https:\/\/www.erresse-shop.it\/es\/shop\/sartenes-y-ollas\/marmitas-y-cocottes\/staub-cocotte-ovalada-29-cm-granada\/#breadcrumb","itemListElement":[{"@type":"ListItem","position":1,"name":"Home","item":"https:\/\/www.erresse-shop.it\/es\/"},{"@type":"ListItem","position":2,"name":"Shop","item":"https:\/\/www.erresse-shop.it\/es\/shop\/"},{"@type":"ListItem","position":3,"name":"STAUB Cocotte Ovalada 29 cm Granada"}]},{"@type":"WebSite","@id":"https:\/\/www.erresse-shop.it\/es\/#website","url":"https:\/\/www.erresse-shop.it\/es\/","name":"Erresse Shop","description":"Articoli di qualit\u00e0 per la casa","potentialAction":[{"@type":"SearchAction","target":{"@type":"EntryPoint","urlTemplate":"https:\/\/www.erresse-shop.it\/es\/?s={search_term_string}"},"query-input":"required name=search_term_string"}],"inLanguage":"es"}]}},"df_price":169.5,"df_sale_price":169.5,"df_regular_price":339,"df_image_link":"https:\/\/www.erresse-shop.it\/wp-content\/uploads\/2015\/01\/products-staub-rossorubino-ovale29-300x210.jpg","_links":{"self":[{"href":"https:\/\/www.erresse-shop.it\/es\/wp-json\/wp\/v2\/product\/120680"}],"collection":[{"href":"https:\/\/www.erresse-shop.it\/es\/wp-json\/wp\/v2\/product"}],"about":[{"href":"https:\/\/www.erresse-shop.it\/es\/wp-json\/wp\/v2\/types\/product"}],"wp:featuredmedia":[{"embeddable":true,"href":"https:\/\/www.erresse-shop.it\/es\/wp-json\/wp\/v2\/media\/120681"}],"wp:attachment":[{"href":"https:\/\/www.erresse-shop.it\/es\/wp-json\/wp\/v2\/media?parent=120680"}],"wp:term":[{"taxonomy":"product_cat","embeddable":true,"href":"https:\/\/www.erresse-shop.it\/es\/wp-json\/wp\/v2\/product_cat?post=120680"},{"taxonomy":"product_tag","embeddable":true,"href":"https:\/\/www.erresse-shop.it\/es\/wp-json\/wp\/v2\/product_tag?post=120680"}],"curies":[{"name":"wp","href":"https:\/\/api.w.org\/{rel}","templated":true}]}}