{"id":120673,"date":"2012-02-14T22:06:59","date_gmt":"2012-02-14T22:06:59","guid":{"rendered":"https:\/\/www.erresse-shop.it\/shop\/sin%20categor\u00eda\/staub-cocotte-ovalada-29-cm-verde-basilea\/"},"modified":"2021-12-22T16:07:12","modified_gmt":"2021-12-22T16:07:12","slug":"staub-cocotte-ovalada-29-cm-verde-basilea","status":"publish","type":"product","link":"https:\/\/www.erresse-shop.it\/es\/shop\/sartenes-y-ollas\/marmitas-y-cocottes\/staub-cocotte-ovalada-29-cm-verde-basilea\/","title":{"rendered":"STAUB Cocotte Ovalada 29 cm Verde Basilea"},"content":{"rendered":"<p>La cocotte Staub est\u00e1 hecha de hierro fundido esmaltado, un material que conduce el calor y lo distribuye dentro del plato. El hierro fundido esmaltado es excelente para los guisos e intensifica el sabor natural de los alimentos. Por eso las cocottes son la sart\u00e9n ideal para preparar tus recetas favoritas. Con ellos se pueden preparar asados, deliciosos ragouts, panecillos o platos vegetarianos como el pisto. Puede utilizar una cocotte en una placa de gas, el\u00e9ctrica o de inducci\u00f3n o en el horno. Las dos pr\u00e1cticas asas facilitan su manejo, mientras que el dise\u00f1o verde albahaca tambi\u00e9n a\u00f1ade un toque est\u00e9tico a la mesa cuando se termina de cocinar. La cocotte mantiene las comidas calientes durante m\u00e1s tiempo. Con un di\u00e1metro de 29 cm y una capacidad de 4,2 L, la cocotte Staub tambi\u00e9n puede utilizarse para cocinar porciones m\u00e1s grandes, por ejemplo, para una gran fiesta con muchos invitados. Las cocottes son perfectas para todos aquellos que se inician en la cocina y para los cocineros aficionados. Incluso los chefs de renombre internacional disfrutan utilizando sartenes de hierro fundido para crear nuevos y sofisticados platos. Por ello, la cocotte es un elemento esencial en toda cocina. Utilice esta funcional cocotte de Staub para deleitar a su familia y amigos con un sinf\u00edn de nuevos y deliciosos platos.<\/p>\n<p>&#8211; Ideal para sellar y cocinar lentamente asados y pollos enteros<br \/>\n&#8211; Para un resultado de cocci\u00f3n jugoso y tierno gracias a la tapa<br \/>\n&#8211; El esmaltado interior negro mate es ideal para un dorado especialmente crujiente y es muy duradero<br \/>\n&#8211; Apto para todo tipo de cocinas, incluida la de inducci\u00f3n, tambi\u00e9n puede utilizarse en el horno\/parrilla<\/p>\n<p><strong>Caracter\u00edsticas<\/strong><br \/>\n&#8211; Resistencia al calor (\u00b0C): 240,00 \u00baC<br \/>\n&#8211; Material: hierro fundido<br \/>\n&#8211; Tapa existente: s\u00ed<br \/>\n&#8211; Inducci\u00f3n: S\u00ed<br \/>\n&#8211; Apto para el horno: S\u00ed<br \/>\n&#8211; Apto para el congelador: S\u00ed<br \/>\n&#8211; Apto para la cocina: s\u00ed<br \/>\n&#8211; Apto para el lavavajillas: s\u00ed<\/p>\n<p><strong>Tama\u00f1o<\/strong><br \/>\n&#8211; Peso neto: 5,54 kg<br \/>\n&#8211; Capacidad: 4,20 l<br \/>\n&#8211; Longitud del producto: 35,30 cm<br \/>\n&#8211; Anchura del producto: 29,00 cm<br \/>\n&#8211; Altura del producto: 15,50 cm<br \/>\n&#8211; Altura sin tapa: 10,70 cm<br \/>\n&#8211; Di\u00e1metro superior: 29,00 cm<br \/>\n&#8211; Di\u00e1metro del fondo: 24,40 cm<\/p>\n","protected":false},"excerpt":{"rendered":"<p>La cocotte Staub est\u00e1 hecha de hierro fundido esmaltado, un material que conduce el calor y lo distribuye dentro del<\/p>\n","protected":false},"featured_media":120674,"template":"","meta":{"_acf_changed":false,"inline_featured_image":false},"product_cat":[16065,16058],"product_tag":[25090,16111,16211,16781,16158,16654,25023],"acf":[],"yoast_head":"<!-- This site is optimized with the Yoast SEO Premium plugin v18.6 (Yoast SEO v19.13) - https:\/\/yoast.com\/wordpress\/plugins\/seo\/ -->\n<title>STAUB Cocotte Ovalada 29 cm Verde Basilea - Erresse Shop<\/title>\n<meta name=\"description\" content=\"La cocotte Staub est\u00e1 hecha de hierro fundido esmaltado, un material que conduce el calor y lo distribuye dentro del plato. El hierro fundido esmaltado es\" \/>\n<meta name=\"robots\" content=\"index, follow, max-snippet:-1, max-image-preview:large, max-video-preview:-1\" \/>\n<link rel=\"canonical\" href=\"https:\/\/www.erresse-shop.it\/es\/shop\/sartenes-y-ollas\/marmitas-y-cocottes\/staub-cocotte-ovalada-29-cm-verde-basilea\/\" \/>\n<meta property=\"og:locale\" content=\"es_ES\" \/>\n<meta property=\"og:type\" content=\"article\" \/>\n<meta property=\"og:title\" content=\"STAUB Cocotte Ovalada 29 cm Verde Basilea\" \/>\n<meta property=\"og:description\" content=\"La cocotte Staub est\u00e1 hecha de hierro fundido esmaltado, un material que conduce el calor y lo distribuye dentro del plato. El hierro fundido esmaltado es\" \/>\n<meta property=\"og:url\" content=\"https:\/\/www.erresse-shop.it\/es\/shop\/sartenes-y-ollas\/marmitas-y-cocottes\/staub-cocotte-ovalada-29-cm-verde-basilea\/\" \/>\n<meta property=\"og:site_name\" content=\"Erresse Shop\" \/>\n<meta property=\"article:modified_time\" content=\"2021-12-22T16:07:12+00:00\" \/>\n<meta property=\"og:image\" content=\"https:\/\/www.erresse-shop.it\/wp-content\/uploads\/2018\/02\/products-40509-363.jpg\" \/>\n\t<meta property=\"og:image:width\" content=\"1500\" \/>\n\t<meta property=\"og:image:height\" content=\"961\" \/>\n\t<meta property=\"og:image:type\" content=\"image\/jpeg\" \/>\n<meta name=\"twitter:card\" content=\"summary_large_image\" \/>\n<script type=\"application\/ld+json\" class=\"yoast-schema-graph\">{\"@context\":\"https:\/\/schema.org\",\"@graph\":[{\"@type\":\"WebPage\",\"@id\":\"https:\/\/www.erresse-shop.it\/es\/shop\/sartenes-y-ollas\/marmitas-y-cocottes\/staub-cocotte-ovalada-29-cm-verde-basilea\/\",\"url\":\"https:\/\/www.erresse-shop.it\/es\/shop\/sartenes-y-ollas\/marmitas-y-cocottes\/staub-cocotte-ovalada-29-cm-verde-basilea\/\",\"name\":\"STAUB Cocotte Ovalada 29 cm Verde Basilea - Erresse Shop\",\"isPartOf\":{\"@id\":\"https:\/\/www.erresse-shop.it\/es\/#website\"},\"datePublished\":\"2012-02-14T22:06:59+00:00\",\"dateModified\":\"2021-12-22T16:07:12+00:00\",\"description\":\"La cocotte Staub est\u00e1 hecha de hierro fundido esmaltado, un material que conduce el calor y lo distribuye dentro del plato. El hierro fundido esmaltado es\",\"breadcrumb\":{\"@id\":\"https:\/\/www.erresse-shop.it\/es\/shop\/sartenes-y-ollas\/marmitas-y-cocottes\/staub-cocotte-ovalada-29-cm-verde-basilea\/#breadcrumb\"},\"inLanguage\":\"es\",\"potentialAction\":[{\"@type\":\"ReadAction\",\"target\":[\"https:\/\/www.erresse-shop.it\/es\/shop\/sartenes-y-ollas\/marmitas-y-cocottes\/staub-cocotte-ovalada-29-cm-verde-basilea\/\"]}]},{\"@type\":\"BreadcrumbList\",\"@id\":\"https:\/\/www.erresse-shop.it\/es\/shop\/sartenes-y-ollas\/marmitas-y-cocottes\/staub-cocotte-ovalada-29-cm-verde-basilea\/#breadcrumb\",\"itemListElement\":[{\"@type\":\"ListItem\",\"position\":1,\"name\":\"Home\",\"item\":\"https:\/\/www.erresse-shop.it\/es\/\"},{\"@type\":\"ListItem\",\"position\":2,\"name\":\"Shop\",\"item\":\"https:\/\/www.erresse-shop.it\/es\/shop\/\"},{\"@type\":\"ListItem\",\"position\":3,\"name\":\"STAUB Cocotte Ovalada 29 cm Verde Basilea\"}]},{\"@type\":\"WebSite\",\"@id\":\"https:\/\/www.erresse-shop.it\/es\/#website\",\"url\":\"https:\/\/www.erresse-shop.it\/es\/\",\"name\":\"Erresse Shop\",\"description\":\"Articoli di qualit\u00e0 per la casa\",\"potentialAction\":[{\"@type\":\"SearchAction\",\"target\":{\"@type\":\"EntryPoint\",\"urlTemplate\":\"https:\/\/www.erresse-shop.it\/es\/?s={search_term_string}\"},\"query-input\":\"required name=search_term_string\"}],\"inLanguage\":\"es\"}]}<\/script>\n<!-- \/ Yoast SEO Premium plugin. -->","yoast_head_json":{"title":"STAUB Cocotte Ovalada 29 cm Verde Basilea - Erresse Shop","description":"La cocotte Staub est\u00e1 hecha de hierro fundido esmaltado, un material que conduce el calor y lo distribuye dentro del plato. El hierro fundido esmaltado es","robots":{"index":"index","follow":"follow","max-snippet":"max-snippet:-1","max-image-preview":"max-image-preview:large","max-video-preview":"max-video-preview:-1"},"canonical":"https:\/\/www.erresse-shop.it\/es\/shop\/sartenes-y-ollas\/marmitas-y-cocottes\/staub-cocotte-ovalada-29-cm-verde-basilea\/","og_locale":"es_ES","og_type":"article","og_title":"STAUB Cocotte Ovalada 29 cm Verde Basilea","og_description":"La cocotte Staub est\u00e1 hecha de hierro fundido esmaltado, un material que conduce el calor y lo distribuye dentro del plato. El hierro fundido esmaltado es","og_url":"https:\/\/www.erresse-shop.it\/es\/shop\/sartenes-y-ollas\/marmitas-y-cocottes\/staub-cocotte-ovalada-29-cm-verde-basilea\/","og_site_name":"Erresse Shop","article_modified_time":"2021-12-22T16:07:12+00:00","og_image":[{"width":1500,"height":961,"url":"https:\/\/www.erresse-shop.it\/wp-content\/uploads\/2018\/02\/products-40509-363.jpg","type":"image\/jpeg"}],"twitter_card":"summary_large_image","schema":{"@context":"https:\/\/schema.org","@graph":[{"@type":"WebPage","@id":"https:\/\/www.erresse-shop.it\/es\/shop\/sartenes-y-ollas\/marmitas-y-cocottes\/staub-cocotte-ovalada-29-cm-verde-basilea\/","url":"https:\/\/www.erresse-shop.it\/es\/shop\/sartenes-y-ollas\/marmitas-y-cocottes\/staub-cocotte-ovalada-29-cm-verde-basilea\/","name":"STAUB Cocotte Ovalada 29 cm Verde Basilea - Erresse Shop","isPartOf":{"@id":"https:\/\/www.erresse-shop.it\/es\/#website"},"datePublished":"2012-02-14T22:06:59+00:00","dateModified":"2021-12-22T16:07:12+00:00","description":"La cocotte Staub est\u00e1 hecha de hierro fundido esmaltado, un material que conduce el calor y lo distribuye dentro del plato. El hierro fundido esmaltado es","breadcrumb":{"@id":"https:\/\/www.erresse-shop.it\/es\/shop\/sartenes-y-ollas\/marmitas-y-cocottes\/staub-cocotte-ovalada-29-cm-verde-basilea\/#breadcrumb"},"inLanguage":"es","potentialAction":[{"@type":"ReadAction","target":["https:\/\/www.erresse-shop.it\/es\/shop\/sartenes-y-ollas\/marmitas-y-cocottes\/staub-cocotte-ovalada-29-cm-verde-basilea\/"]}]},{"@type":"BreadcrumbList","@id":"https:\/\/www.erresse-shop.it\/es\/shop\/sartenes-y-ollas\/marmitas-y-cocottes\/staub-cocotte-ovalada-29-cm-verde-basilea\/#breadcrumb","itemListElement":[{"@type":"ListItem","position":1,"name":"Home","item":"https:\/\/www.erresse-shop.it\/es\/"},{"@type":"ListItem","position":2,"name":"Shop","item":"https:\/\/www.erresse-shop.it\/es\/shop\/"},{"@type":"ListItem","position":3,"name":"STAUB Cocotte Ovalada 29 cm Verde Basilea"}]},{"@type":"WebSite","@id":"https:\/\/www.erresse-shop.it\/es\/#website","url":"https:\/\/www.erresse-shop.it\/es\/","name":"Erresse Shop","description":"Articoli di qualit\u00e0 per la casa","potentialAction":[{"@type":"SearchAction","target":{"@type":"EntryPoint","urlTemplate":"https:\/\/www.erresse-shop.it\/es\/?s={search_term_string}"},"query-input":"required name=search_term_string"}],"inLanguage":"es"}]}},"df_price":169.5,"df_sale_price":169.5,"df_regular_price":339,"df_image_link":"https:\/\/www.erresse-shop.it\/wp-content\/uploads\/2018\/02\/products-40509-363-300x192.jpg","_links":{"self":[{"href":"https:\/\/www.erresse-shop.it\/es\/wp-json\/wp\/v2\/product\/120673"}],"collection":[{"href":"https:\/\/www.erresse-shop.it\/es\/wp-json\/wp\/v2\/product"}],"about":[{"href":"https:\/\/www.erresse-shop.it\/es\/wp-json\/wp\/v2\/types\/product"}],"wp:featuredmedia":[{"embeddable":true,"href":"https:\/\/www.erresse-shop.it\/es\/wp-json\/wp\/v2\/media\/120674"}],"wp:attachment":[{"href":"https:\/\/www.erresse-shop.it\/es\/wp-json\/wp\/v2\/media?parent=120673"}],"wp:term":[{"taxonomy":"product_cat","embeddable":true,"href":"https:\/\/www.erresse-shop.it\/es\/wp-json\/wp\/v2\/product_cat?post=120673"},{"taxonomy":"product_tag","embeddable":true,"href":"https:\/\/www.erresse-shop.it\/es\/wp-json\/wp\/v2\/product_tag?post=120673"}],"curies":[{"name":"wp","href":"https:\/\/api.w.org\/{rel}","templated":true}]}}