{"id":120669,"date":"2012-02-14T21:28:18","date_gmt":"2012-02-14T21:28:18","guid":{"rendered":"https:\/\/www.erresse-shop.it\/shop\/sin%20categor\u00eda\/staub-cocotte-ovalada-31-cm-azul\/"},"modified":"2021-12-22T16:07:10","modified_gmt":"2021-12-22T16:07:10","slug":"staub-cocotte-ovalada-31-cm-azul","status":"publish","type":"product","link":"https:\/\/www.erresse-shop.it\/es\/shop\/sartenes-y-ollas\/marmitas-y-cocottes\/staub-cocotte-ovalada-31-cm-azul\/","title":{"rendered":"STAUB Cocotte Ovalada 31 cm Azul"},"content":{"rendered":"<p>Una cocotte es una cazuela especialmente dise\u00f1ada para la preparaci\u00f3n de platos franceses, as\u00ed como sopas, asados y platos al horno de todo el mundo. Las propiedades de retenci\u00f3n del calor del hierro fundido, combinadas con el innovador esmaltado de Staub, garantizan un estilo de cocci\u00f3n suave y saludable que conserva maravillosamente los aromas, sabores y nutrientes de sus alimentos. La cocotte es ovalada y de color azul oscuro, una elegante olla de 37,5 cm de ancho incluyendo las asas y 11,8 cm de alto sin la tapa, perfecta para llevar la comida directamente a la mesa, en casa o en un restaurante. El hierro fundido retiene muy bien el calor, por lo que la comida se mantiene caliente durante m\u00e1s tiempo y puede disfrutarse hasta el final sin prisas. El esmalte negro mate permite que los alimentos conserven su autenticidad, una caracter\u00edstica que mejora con el tiempo y el uso. Tanto si prepara un plato gratinado como un sofisticado sufl\u00e9, como principiante o como aficionado a las novedades, puede embarcarse en la prueba de la deliciosa cocina francesa utilizando una cocotte Staub. Las sopas, los asados, los guisos y los estofados se benefician de la eficaz absorci\u00f3n y liberaci\u00f3n del calor. El innovador dise\u00f1o de la tapa distribuye la condensaci\u00f3n uniformemente sobre los alimentos que se cocinan. La cocotte Staub de 5,5 litros le ayuda a mantener todos los jugos de la carne en su interior y a cocinar las verduras manteni\u00e9ndolas tiernas.<\/p>\n<p>&#8211; Ideal para sellar y cocinar lentamente asados y pollos enteros<br \/>\n&#8211; Para un resultado de cocci\u00f3n jugoso y tierno gracias a la tapa<br \/>\n&#8211; El esmaltado interior negro mate es ideal para un dorado especialmente crujiente y es muy duradero<br \/>\n&#8211; Apto para todo tipo de cocinas, incluida la de inducci\u00f3n, tambi\u00e9n puede utilizarse en el horno\/parrilla<\/p>\n<p><strong>Caracter\u00edsticas<\/strong><br \/>\n&#8211; Resistencia al calor (\u00b0C): 240,00 \u00baC<br \/>\n&#8211; Material: hierro fundido<br \/>\n&#8211; Tapa existente: s\u00ed<br \/>\n&#8211; Inducci\u00f3n: S\u00ed<br \/>\n&#8211; Apto para horno: S\u00ed<br \/>\n&#8211; Apto para la parrilla: S\u00ed<br \/>\n&#8211; Apto para microondas: s\u00ed<br \/>\n&#8211; Apto para el congelador: s\u00ed<br \/>\n&#8211; Amigable con la afici\u00f3n: s\u00ed<br \/>\n&#8211; A prueba de utensilios met\u00e1licos: s\u00ed<br \/>\n&#8211; Apto para el lavavajillas: S\u00ed<\/p>\n<p><strong>Tama\u00f1o<\/strong><br \/>\n&#8211; Peso neto: 5,98 kg<br \/>\n&#8211; Capacidad: 5,50 l<br \/>\n&#8211; Longitud del producto: 37,50 cm<br \/>\n&#8211; Anchura del producto: 31,00 cm<br \/>\n&#8211; Altura del producto: 16,70 cm<br \/>\n&#8211; Altura sin tapa: 11,80 cm<br \/>\n&#8211; Di\u00e1metro superior: 31,00 cm<br \/>\n&#8211; Di\u00e1metro del fondo: 25,00 cm<\/p>\n","protected":false},"excerpt":{"rendered":"<p>Una cocotte es una cazuela especialmente dise\u00f1ada para la preparaci\u00f3n de platos franceses, as\u00ed como sopas, asados y platos al<\/p>\n","protected":false},"featured_media":120670,"template":"","meta":{"_acf_changed":false,"inline_featured_image":false},"product_cat":[16065,16058],"product_tag":[25090,16111,16211,16781,16158,16654,25023],"acf":[],"yoast_head":"<!-- This site is optimized with the Yoast SEO Premium plugin v18.6 (Yoast SEO v19.13) - https:\/\/yoast.com\/wordpress\/plugins\/seo\/ -->\n<title>STAUB Cocotte Ovalada 31 cm Azul - Erresse Shop<\/title>\n<meta name=\"description\" content=\"Una cocotte es una cazuela especialmente dise\u00f1ada para la preparaci\u00f3n de platos franceses, as\u00ed como sopas, asados y platos al horno de todo el mundo. Las\" \/>\n<meta name=\"robots\" content=\"index, follow, max-snippet:-1, max-image-preview:large, max-video-preview:-1\" \/>\n<link rel=\"canonical\" href=\"https:\/\/www.erresse-shop.it\/es\/shop\/sartenes-y-ollas\/marmitas-y-cocottes\/staub-cocotte-ovalada-31-cm-azul\/\" \/>\n<meta property=\"og:locale\" content=\"es_ES\" \/>\n<meta property=\"og:type\" content=\"article\" \/>\n<meta property=\"og:title\" content=\"STAUB Cocotte Ovalada 31 cm Azul\" \/>\n<meta property=\"og:description\" content=\"Una cocotte es una cazuela especialmente dise\u00f1ada para la preparaci\u00f3n de platos franceses, as\u00ed como sopas, asados y platos al horno de todo el mundo. Las\" \/>\n<meta property=\"og:url\" content=\"https:\/\/www.erresse-shop.it\/es\/shop\/sartenes-y-ollas\/marmitas-y-cocottes\/staub-cocotte-ovalada-31-cm-azul\/\" \/>\n<meta property=\"og:site_name\" content=\"Erresse Shop\" \/>\n<meta property=\"article:modified_time\" content=\"2021-12-22T16:07:10+00:00\" \/>\n<meta property=\"og:image\" content=\"https:\/\/www.erresse-shop.it\/wp-content\/uploads\/2015\/01\/products-1103191.jpeg\" \/>\n\t<meta property=\"og:image:width\" content=\"581\" \/>\n\t<meta property=\"og:image:height\" content=\"427\" \/>\n\t<meta property=\"og:image:type\" content=\"image\/jpeg\" \/>\n<meta name=\"twitter:card\" content=\"summary_large_image\" \/>\n<script type=\"application\/ld+json\" class=\"yoast-schema-graph\">{\"@context\":\"https:\/\/schema.org\",\"@graph\":[{\"@type\":\"WebPage\",\"@id\":\"https:\/\/www.erresse-shop.it\/es\/shop\/sartenes-y-ollas\/marmitas-y-cocottes\/staub-cocotte-ovalada-31-cm-azul\/\",\"url\":\"https:\/\/www.erresse-shop.it\/es\/shop\/sartenes-y-ollas\/marmitas-y-cocottes\/staub-cocotte-ovalada-31-cm-azul\/\",\"name\":\"STAUB Cocotte Ovalada 31 cm Azul - Erresse Shop\",\"isPartOf\":{\"@id\":\"https:\/\/www.erresse-shop.it\/es\/#website\"},\"datePublished\":\"2012-02-14T21:28:18+00:00\",\"dateModified\":\"2021-12-22T16:07:10+00:00\",\"description\":\"Una cocotte es una cazuela especialmente dise\u00f1ada para la preparaci\u00f3n de platos franceses, as\u00ed como sopas, asados y platos al horno de todo el mundo. Las\",\"breadcrumb\":{\"@id\":\"https:\/\/www.erresse-shop.it\/es\/shop\/sartenes-y-ollas\/marmitas-y-cocottes\/staub-cocotte-ovalada-31-cm-azul\/#breadcrumb\"},\"inLanguage\":\"es\",\"potentialAction\":[{\"@type\":\"ReadAction\",\"target\":[\"https:\/\/www.erresse-shop.it\/es\/shop\/sartenes-y-ollas\/marmitas-y-cocottes\/staub-cocotte-ovalada-31-cm-azul\/\"]}]},{\"@type\":\"BreadcrumbList\",\"@id\":\"https:\/\/www.erresse-shop.it\/es\/shop\/sartenes-y-ollas\/marmitas-y-cocottes\/staub-cocotte-ovalada-31-cm-azul\/#breadcrumb\",\"itemListElement\":[{\"@type\":\"ListItem\",\"position\":1,\"name\":\"Home\",\"item\":\"https:\/\/www.erresse-shop.it\/es\/\"},{\"@type\":\"ListItem\",\"position\":2,\"name\":\"Shop\",\"item\":\"https:\/\/www.erresse-shop.it\/es\/shop\/\"},{\"@type\":\"ListItem\",\"position\":3,\"name\":\"STAUB Cocotte Ovalada 31 cm Azul\"}]},{\"@type\":\"WebSite\",\"@id\":\"https:\/\/www.erresse-shop.it\/es\/#website\",\"url\":\"https:\/\/www.erresse-shop.it\/es\/\",\"name\":\"Erresse Shop\",\"description\":\"Articoli di qualit\u00e0 per la casa\",\"potentialAction\":[{\"@type\":\"SearchAction\",\"target\":{\"@type\":\"EntryPoint\",\"urlTemplate\":\"https:\/\/www.erresse-shop.it\/es\/?s={search_term_string}\"},\"query-input\":\"required name=search_term_string\"}],\"inLanguage\":\"es\"}]}<\/script>\n<!-- \/ Yoast SEO Premium plugin. -->","yoast_head_json":{"title":"STAUB Cocotte Ovalada 31 cm Azul - Erresse Shop","description":"Una cocotte es una cazuela especialmente dise\u00f1ada para la preparaci\u00f3n de platos franceses, as\u00ed como sopas, asados y platos al horno de todo el mundo. Las","robots":{"index":"index","follow":"follow","max-snippet":"max-snippet:-1","max-image-preview":"max-image-preview:large","max-video-preview":"max-video-preview:-1"},"canonical":"https:\/\/www.erresse-shop.it\/es\/shop\/sartenes-y-ollas\/marmitas-y-cocottes\/staub-cocotte-ovalada-31-cm-azul\/","og_locale":"es_ES","og_type":"article","og_title":"STAUB Cocotte Ovalada 31 cm Azul","og_description":"Una cocotte es una cazuela especialmente dise\u00f1ada para la preparaci\u00f3n de platos franceses, as\u00ed como sopas, asados y platos al horno de todo el mundo. Las","og_url":"https:\/\/www.erresse-shop.it\/es\/shop\/sartenes-y-ollas\/marmitas-y-cocottes\/staub-cocotte-ovalada-31-cm-azul\/","og_site_name":"Erresse Shop","article_modified_time":"2021-12-22T16:07:10+00:00","og_image":[{"width":581,"height":427,"url":"https:\/\/www.erresse-shop.it\/wp-content\/uploads\/2015\/01\/products-1103191.jpeg","type":"image\/jpeg"}],"twitter_card":"summary_large_image","schema":{"@context":"https:\/\/schema.org","@graph":[{"@type":"WebPage","@id":"https:\/\/www.erresse-shop.it\/es\/shop\/sartenes-y-ollas\/marmitas-y-cocottes\/staub-cocotte-ovalada-31-cm-azul\/","url":"https:\/\/www.erresse-shop.it\/es\/shop\/sartenes-y-ollas\/marmitas-y-cocottes\/staub-cocotte-ovalada-31-cm-azul\/","name":"STAUB Cocotte Ovalada 31 cm Azul - Erresse Shop","isPartOf":{"@id":"https:\/\/www.erresse-shop.it\/es\/#website"},"datePublished":"2012-02-14T21:28:18+00:00","dateModified":"2021-12-22T16:07:10+00:00","description":"Una cocotte es una cazuela especialmente dise\u00f1ada para la preparaci\u00f3n de platos franceses, as\u00ed como sopas, asados y platos al horno de todo el mundo. Las","breadcrumb":{"@id":"https:\/\/www.erresse-shop.it\/es\/shop\/sartenes-y-ollas\/marmitas-y-cocottes\/staub-cocotte-ovalada-31-cm-azul\/#breadcrumb"},"inLanguage":"es","potentialAction":[{"@type":"ReadAction","target":["https:\/\/www.erresse-shop.it\/es\/shop\/sartenes-y-ollas\/marmitas-y-cocottes\/staub-cocotte-ovalada-31-cm-azul\/"]}]},{"@type":"BreadcrumbList","@id":"https:\/\/www.erresse-shop.it\/es\/shop\/sartenes-y-ollas\/marmitas-y-cocottes\/staub-cocotte-ovalada-31-cm-azul\/#breadcrumb","itemListElement":[{"@type":"ListItem","position":1,"name":"Home","item":"https:\/\/www.erresse-shop.it\/es\/"},{"@type":"ListItem","position":2,"name":"Shop","item":"https:\/\/www.erresse-shop.it\/es\/shop\/"},{"@type":"ListItem","position":3,"name":"STAUB Cocotte Ovalada 31 cm Azul"}]},{"@type":"WebSite","@id":"https:\/\/www.erresse-shop.it\/es\/#website","url":"https:\/\/www.erresse-shop.it\/es\/","name":"Erresse Shop","description":"Articoli di qualit\u00e0 per la casa","potentialAction":[{"@type":"SearchAction","target":{"@type":"EntryPoint","urlTemplate":"https:\/\/www.erresse-shop.it\/es\/?s={search_term_string}"},"query-input":"required name=search_term_string"}],"inLanguage":"es"}]}},"df_price":179.5,"df_sale_price":179.5,"df_regular_price":359,"df_image_link":"https:\/\/www.erresse-shop.it\/wp-content\/uploads\/2015\/01\/products-1103191-300x220.jpeg","_links":{"self":[{"href":"https:\/\/www.erresse-shop.it\/es\/wp-json\/wp\/v2\/product\/120669"}],"collection":[{"href":"https:\/\/www.erresse-shop.it\/es\/wp-json\/wp\/v2\/product"}],"about":[{"href":"https:\/\/www.erresse-shop.it\/es\/wp-json\/wp\/v2\/types\/product"}],"wp:featuredmedia":[{"embeddable":true,"href":"https:\/\/www.erresse-shop.it\/es\/wp-json\/wp\/v2\/media\/120670"}],"wp:attachment":[{"href":"https:\/\/www.erresse-shop.it\/es\/wp-json\/wp\/v2\/media?parent=120669"}],"wp:term":[{"taxonomy":"product_cat","embeddable":true,"href":"https:\/\/www.erresse-shop.it\/es\/wp-json\/wp\/v2\/product_cat?post=120669"},{"taxonomy":"product_tag","embeddable":true,"href":"https:\/\/www.erresse-shop.it\/es\/wp-json\/wp\/v2\/product_tag?post=120669"}],"curies":[{"name":"wp","href":"https:\/\/api.w.org\/{rel}","templated":true}]}}