{"id":120597,"date":"2021-09-21T08:23:08","date_gmt":"2021-09-21T08:23:12","guid":{"rendered":"https:\/\/www.erresse-shop.it\/?post_type=product&#038;p=120597"},"modified":"2021-12-22T16:07:00","modified_gmt":"2021-12-22T16:07:00","slug":"ruffoni-opus-prima-sarten-30-cm-2","status":"publish","type":"product","link":"https:\/\/www.erresse-shop.it\/es\/shop\/sartenes-y-ollas\/cazuelas\/ruffoni-opus-prima-sarten-30-cm-2\/","title":{"rendered":"RUFFONI Opus Prima Sart\u00e9n 30 cm"},"content":{"rendered":"<p><strong>OPUS PRIMA<\/strong><\/p>\n<p>Una l\u00ednea de extraordinarios objetos de cocina que son el resultado de una combinaci\u00f3n de tecnolog\u00eda punta y mano de obra que se remonta a miles de a\u00f1os atr\u00e1s y que todav\u00eda hoy salvaguardan nuestros maestros artesanos.<br \/>\nExcelente difusi\u00f3n del calor y control de la temperatura gracias a la capa masiva de aleaci\u00f3n de aluminio dentro de las 2 capas de acero inoxidable pr\u00e1ctico e higi\u00e9nico.<br \/>\nEl acabado martillado a mano, las c\u00f3modas asas de acero y los hermosos pomos de lat\u00f3n plateado fabricados por maestros plateros de Mil\u00e1n hacen que estas maravillosas creaciones ocupen un lugar privilegiado en su mesa.<br \/>\nApto para todos los quemadores (incluidos los de inducci\u00f3n) y apto para el lavavajillas.<\/p>\n<p>Cada pieza est\u00e1 rematada con pomos de acero inoxidable y plata tallados a mano por plateros de Mil\u00e1n, cada uno con la forma de un vegetal chapado diferente.<br \/>\nEl fondo y el exterior de cada maceta est\u00e1n marcados con nuestra marca para garantizar la originalidad y la autenticidad de cada pieza.<br \/>\nAdem\u00e1s de ser obras de arte, estas impresionantes piezas son tambi\u00e9n extremadamente pr\u00e1cticas. Merecen un lugar de honor en su mesa y siempre recibir\u00e1n su aprecio.<\/p>\n","protected":false},"excerpt":{"rendered":"<p>OPUS PRIMA Una l\u00ednea de extraordinarios objetos de cocina que son el resultado de una combinaci\u00f3n de tecnolog\u00eda punta y<\/p>\n","protected":false},"featured_media":120610,"template":"","meta":{"_acf_changed":false,"inline_featured_image":false},"product_cat":[16072,16058],"product_tag":[16111,16211,16698,16158,24682,16307,16701,16160,16239],"acf":[],"yoast_head":"<!-- This site is optimized with the Yoast SEO Premium plugin v18.6 (Yoast SEO v19.13) - https:\/\/yoast.com\/wordpress\/plugins\/seo\/ -->\n<title>RUFFONI Opus Prima Sart\u00e9n 30 cm - Erresse Shop<\/title>\n<meta name=\"description\" content=\"OPUS PRIMA Una l\u00ednea de extraordinarios objetos de cocina que son el resultado de una combinaci\u00f3n de tecnolog\u00eda punta y mano de obra que se remonta a\" \/>\n<meta name=\"robots\" content=\"index, follow, max-snippet:-1, max-image-preview:large, max-video-preview:-1\" \/>\n<link rel=\"canonical\" href=\"https:\/\/www.erresse-shop.it\/es\/shop\/sartenes-y-ollas\/cazuelas\/ruffoni-opus-prima-sarten-30-cm-2\/\" \/>\n<meta property=\"og:locale\" content=\"es_ES\" \/>\n<meta property=\"og:type\" content=\"article\" \/>\n<meta property=\"og:title\" content=\"RUFFONI Opus Prima Sart\u00e9n 30 cm\" \/>\n<meta property=\"og:description\" content=\"OPUS PRIMA Una l\u00ednea de extraordinarios objetos de cocina que son el resultado de una combinaci\u00f3n de tecnolog\u00eda punta y mano de obra que se remonta a\" \/>\n<meta property=\"og:url\" content=\"https:\/\/www.erresse-shop.it\/es\/shop\/sartenes-y-ollas\/cazuelas\/ruffoni-opus-prima-sarten-30-cm-2\/\" \/>\n<meta property=\"og:site_name\" content=\"Erresse Shop\" \/>\n<meta property=\"article:modified_time\" content=\"2021-12-22T16:07:00+00:00\" \/>\n<meta property=\"og:image\" content=\"https:\/\/www.erresse-shop.it\/wp-content\/uploads\/2021\/09\/OPB3008X.jpg\" \/>\n\t<meta property=\"og:image:width\" content=\"1010\" \/>\n\t<meta property=\"og:image:height\" content=\"747\" \/>\n\t<meta property=\"og:image:type\" content=\"image\/jpeg\" \/>\n<meta name=\"twitter:card\" content=\"summary_large_image\" \/>\n<script type=\"application\/ld+json\" class=\"yoast-schema-graph\">{\"@context\":\"https:\/\/schema.org\",\"@graph\":[{\"@type\":\"WebPage\",\"@id\":\"https:\/\/www.erresse-shop.it\/es\/shop\/sartenes-y-ollas\/cazuelas\/ruffoni-opus-prima-sarten-30-cm-2\/\",\"url\":\"https:\/\/www.erresse-shop.it\/es\/shop\/sartenes-y-ollas\/cazuelas\/ruffoni-opus-prima-sarten-30-cm-2\/\",\"name\":\"RUFFONI Opus Prima Sart\u00e9n 30 cm - Erresse Shop\",\"isPartOf\":{\"@id\":\"https:\/\/www.erresse-shop.it\/es\/#website\"},\"datePublished\":\"2021-09-21T08:23:12+00:00\",\"dateModified\":\"2021-12-22T16:07:00+00:00\",\"description\":\"OPUS PRIMA Una l\u00ednea de extraordinarios objetos de cocina que son el resultado de una combinaci\u00f3n de tecnolog\u00eda punta y mano de obra que se remonta a\",\"breadcrumb\":{\"@id\":\"https:\/\/www.erresse-shop.it\/es\/shop\/sartenes-y-ollas\/cazuelas\/ruffoni-opus-prima-sarten-30-cm-2\/#breadcrumb\"},\"inLanguage\":\"es\",\"potentialAction\":[{\"@type\":\"ReadAction\",\"target\":[\"https:\/\/www.erresse-shop.it\/es\/shop\/sartenes-y-ollas\/cazuelas\/ruffoni-opus-prima-sarten-30-cm-2\/\"]}]},{\"@type\":\"BreadcrumbList\",\"@id\":\"https:\/\/www.erresse-shop.it\/es\/shop\/sartenes-y-ollas\/cazuelas\/ruffoni-opus-prima-sarten-30-cm-2\/#breadcrumb\",\"itemListElement\":[{\"@type\":\"ListItem\",\"position\":1,\"name\":\"Home\",\"item\":\"https:\/\/www.erresse-shop.it\/es\/\"},{\"@type\":\"ListItem\",\"position\":2,\"name\":\"Shop\",\"item\":\"https:\/\/www.erresse-shop.it\/es\/shop\/\"},{\"@type\":\"ListItem\",\"position\":3,\"name\":\"RUFFONI Opus Prima Sart\u00e9n 30 cm\"}]},{\"@type\":\"WebSite\",\"@id\":\"https:\/\/www.erresse-shop.it\/es\/#website\",\"url\":\"https:\/\/www.erresse-shop.it\/es\/\",\"name\":\"Erresse Shop\",\"description\":\"Articoli di qualit\u00e0 per la casa\",\"potentialAction\":[{\"@type\":\"SearchAction\",\"target\":{\"@type\":\"EntryPoint\",\"urlTemplate\":\"https:\/\/www.erresse-shop.it\/es\/?s={search_term_string}\"},\"query-input\":\"required name=search_term_string\"}],\"inLanguage\":\"es\"}]}<\/script>\n<!-- \/ Yoast SEO Premium plugin. -->","yoast_head_json":{"title":"RUFFONI Opus Prima Sart\u00e9n 30 cm - Erresse Shop","description":"OPUS PRIMA Una l\u00ednea de extraordinarios objetos de cocina que son el resultado de una combinaci\u00f3n de tecnolog\u00eda punta y mano de obra que se remonta a","robots":{"index":"index","follow":"follow","max-snippet":"max-snippet:-1","max-image-preview":"max-image-preview:large","max-video-preview":"max-video-preview:-1"},"canonical":"https:\/\/www.erresse-shop.it\/es\/shop\/sartenes-y-ollas\/cazuelas\/ruffoni-opus-prima-sarten-30-cm-2\/","og_locale":"es_ES","og_type":"article","og_title":"RUFFONI Opus Prima Sart\u00e9n 30 cm","og_description":"OPUS PRIMA Una l\u00ednea de extraordinarios objetos de cocina que son el resultado de una combinaci\u00f3n de tecnolog\u00eda punta y mano de obra que se remonta a","og_url":"https:\/\/www.erresse-shop.it\/es\/shop\/sartenes-y-ollas\/cazuelas\/ruffoni-opus-prima-sarten-30-cm-2\/","og_site_name":"Erresse Shop","article_modified_time":"2021-12-22T16:07:00+00:00","og_image":[{"width":1010,"height":747,"url":"https:\/\/www.erresse-shop.it\/wp-content\/uploads\/2021\/09\/OPB3008X.jpg","type":"image\/jpeg"}],"twitter_card":"summary_large_image","schema":{"@context":"https:\/\/schema.org","@graph":[{"@type":"WebPage","@id":"https:\/\/www.erresse-shop.it\/es\/shop\/sartenes-y-ollas\/cazuelas\/ruffoni-opus-prima-sarten-30-cm-2\/","url":"https:\/\/www.erresse-shop.it\/es\/shop\/sartenes-y-ollas\/cazuelas\/ruffoni-opus-prima-sarten-30-cm-2\/","name":"RUFFONI Opus Prima Sart\u00e9n 30 cm - Erresse Shop","isPartOf":{"@id":"https:\/\/www.erresse-shop.it\/es\/#website"},"datePublished":"2021-09-21T08:23:12+00:00","dateModified":"2021-12-22T16:07:00+00:00","description":"OPUS PRIMA Una l\u00ednea de extraordinarios objetos de cocina que son el resultado de una combinaci\u00f3n de tecnolog\u00eda punta y mano de obra que se remonta a","breadcrumb":{"@id":"https:\/\/www.erresse-shop.it\/es\/shop\/sartenes-y-ollas\/cazuelas\/ruffoni-opus-prima-sarten-30-cm-2\/#breadcrumb"},"inLanguage":"es","potentialAction":[{"@type":"ReadAction","target":["https:\/\/www.erresse-shop.it\/es\/shop\/sartenes-y-ollas\/cazuelas\/ruffoni-opus-prima-sarten-30-cm-2\/"]}]},{"@type":"BreadcrumbList","@id":"https:\/\/www.erresse-shop.it\/es\/shop\/sartenes-y-ollas\/cazuelas\/ruffoni-opus-prima-sarten-30-cm-2\/#breadcrumb","itemListElement":[{"@type":"ListItem","position":1,"name":"Home","item":"https:\/\/www.erresse-shop.it\/es\/"},{"@type":"ListItem","position":2,"name":"Shop","item":"https:\/\/www.erresse-shop.it\/es\/shop\/"},{"@type":"ListItem","position":3,"name":"RUFFONI Opus Prima Sart\u00e9n 30 cm"}]},{"@type":"WebSite","@id":"https:\/\/www.erresse-shop.it\/es\/#website","url":"https:\/\/www.erresse-shop.it\/es\/","name":"Erresse Shop","description":"Articoli di qualit\u00e0 per la casa","potentialAction":[{"@type":"SearchAction","target":{"@type":"EntryPoint","urlTemplate":"https:\/\/www.erresse-shop.it\/es\/?s={search_term_string}"},"query-input":"required name=search_term_string"}],"inLanguage":"es"}]}},"df_price":197.5,"df_sale_price":197.5,"df_regular_price":395,"df_image_link":"https:\/\/www.erresse-shop.it\/wp-content\/uploads\/2021\/09\/OPB3008X-300x222.jpg","_links":{"self":[{"href":"https:\/\/www.erresse-shop.it\/es\/wp-json\/wp\/v2\/product\/120597"}],"collection":[{"href":"https:\/\/www.erresse-shop.it\/es\/wp-json\/wp\/v2\/product"}],"about":[{"href":"https:\/\/www.erresse-shop.it\/es\/wp-json\/wp\/v2\/types\/product"}],"wp:featuredmedia":[{"embeddable":true,"href":"https:\/\/www.erresse-shop.it\/es\/wp-json\/wp\/v2\/media\/120610"}],"wp:attachment":[{"href":"https:\/\/www.erresse-shop.it\/es\/wp-json\/wp\/v2\/media?parent=120597"}],"wp:term":[{"taxonomy":"product_cat","embeddable":true,"href":"https:\/\/www.erresse-shop.it\/es\/wp-json\/wp\/v2\/product_cat?post=120597"},{"taxonomy":"product_tag","embeddable":true,"href":"https:\/\/www.erresse-shop.it\/es\/wp-json\/wp\/v2\/product_tag?post=120597"}],"curies":[{"name":"wp","href":"https:\/\/api.w.org\/{rel}","templated":true}]}}