{"id":119731,"date":"2017-04-28T09:29:05","date_gmt":"2017-04-28T09:29:05","guid":{"rendered":"https:\/\/www.erresse-shop.it\/shop\/sin%20categor\u00eda\/ruffoni-limpieza-de-cobre-gr-400\/"},"modified":"2021-12-22T16:04:28","modified_gmt":"2021-12-22T16:04:28","slug":"ruffoni-limpieza-de-cobre-gr-400","status":"publish","type":"product","link":"https:\/\/www.erresse-shop.it\/es\/shop\/sartenes-y-ollas\/accesorios-es-2\/ruffoni-limpieza-de-cobre-gr-400\/","title":{"rendered":"RUFFONI Limpieza de Cobre gr. 400"},"content":{"rendered":"<p><strong>MANTENIMIENTO INTERNO:<\/strong><br \/>\nAl igual que con otros utensilios de cocina, es aconsejable, cuando se utiliza por primera vez, llevar el agua a ebullici\u00f3n a\u00f1adiendo hierbas arom\u00e1ticas (salvia, romero, laurel&#8230;) o verduras.<br \/>\nPara que la lata dure mucho tiempo, es importante no poner el recipiente sobre la llama sin antes verter l\u00edquido o grasa.<br \/>\nLa llama no debe ser muy alta y el l\u00edquido del recipiente nunca debe secarse por completo.<br \/>\nPara evitar que la lata se deteriore, se deben utilizar cucharas o palas de madera o nylon al remover.<br \/>\nGracias a su alto grado de conductividad, es dif\u00edcil que los alimentos se peguen al fondo; por ello, para limpiar el interior basta con utilizar agua caliente y detergentes l\u00edquidos y jabonosos, nunca sustancias abrasivas.<br \/>\nEn caso de quemaduras (causadas por un descuido o alg\u00fan error durante la cocci\u00f3n), sumerja el recipiente en agua caliente con jab\u00f3n y d\u00e9jelo en remojo el tiempo necesario para eliminar las incrustaciones. Las posibles manchas o decoloraciones de la lata, causadas por las altas temperaturas o la acidez de ciertos alimentos, no afectan a la perfecta funcionalidad e higiene del producto.<\/p>\n<p><strong>MANTENIMIENTO EXTERNO:<\/strong><br \/>\nPara devolver el brillo original a los objetos expuestos, sugerimos el uso de un pa\u00f1o de pulido para eliminar la ligera oxidaci\u00f3n, o el uso de crema de pulido o algod\u00f3n para la oxidaci\u00f3n m\u00e1s tenaz o para eliminar las marcas oscuras.<br \/>\nDespu\u00e9s del primer uso, los utensilios de cocina presentar\u00e1n manchas irregulares que se uniformar\u00e1n con los usos posteriores, d\u00e1ndoles un color rojo oscuro que el conocedor a veces aprecia y mantiene.<br \/>\nPara devolver al cobre su brillo original, puede utilizar el m\u00e9todo tradicional: un pa\u00f1o empapado en una soluci\u00f3n de sal y vinagre o de sal y lim\u00f3n; o m\u00e1s sencillamente utilizar el &#8220;Limpiador Ruffoni&#8221;, el sorprendente &#8216;Brillametalli&#8217; con una f\u00f3rmula no t\u00f3xica y biodegradable.<br \/>\nUnas pocas reglas que pronto se convertir\u00e1n en un h\u00e1bito, garantizar\u00e1n el perfecto mantenimiento de estos espl\u00e9ndidos objetos durante mucho tiempo, asegurando los valores m\u00e1s fascinantes y satisfactorios de la cultura y el paladar.<\/p>\n","protected":false},"excerpt":{"rendered":"<p>MANTENIMIENTO INTERNO: Al igual que con otros utensilios de cocina, es aconsejable, cuando se utiliza por primera vez, llevar el<\/p>\n","protected":false},"featured_media":119732,"template":"","meta":{"_acf_changed":false,"inline_featured_image":false},"product_cat":[16059,16058],"product_tag":[16307,16719,16702,16701,16700],"acf":[],"yoast_head":"<!-- This site is optimized with the Yoast SEO Premium plugin v18.6 (Yoast SEO v19.13) - https:\/\/yoast.com\/wordpress\/plugins\/seo\/ -->\n<title>RUFFONI Limpieza de Cobre gr. 400 - Erresse Shop<\/title>\n<meta name=\"description\" content=\"MANTENIMIENTO INTERNO: Al igual que con otros utensilios de cocina, es aconsejable, cuando se utiliza por primera vez, llevar el agua a ebullici\u00f3n\" \/>\n<meta name=\"robots\" content=\"index, follow, max-snippet:-1, max-image-preview:large, max-video-preview:-1\" \/>\n<link rel=\"canonical\" href=\"https:\/\/www.erresse-shop.it\/es\/shop\/sartenes-y-ollas\/accesorios-es-2\/ruffoni-limpieza-de-cobre-gr-400\/\" \/>\n<meta property=\"og:locale\" content=\"es_ES\" \/>\n<meta property=\"og:type\" content=\"article\" \/>\n<meta property=\"og:title\" content=\"RUFFONI Limpieza de Cobre gr. 400\" \/>\n<meta property=\"og:description\" content=\"MANTENIMIENTO INTERNO: Al igual que con otros utensilios de cocina, es aconsejable, cuando se utiliza por primera vez, llevar el agua a ebullici\u00f3n\" \/>\n<meta property=\"og:url\" content=\"https:\/\/www.erresse-shop.it\/es\/shop\/sartenes-y-ollas\/accesorios-es-2\/ruffoni-limpieza-de-cobre-gr-400\/\" \/>\n<meta property=\"og:site_name\" content=\"Erresse Shop\" \/>\n<meta property=\"article:modified_time\" content=\"2021-12-22T16:04:28+00:00\" \/>\n<meta property=\"og:image\" content=\"https:\/\/www.erresse-shop.it\/wp-content\/uploads\/2017\/04\/products-Cleaner.jpg\" \/>\n\t<meta property=\"og:image:width\" content=\"650\" \/>\n\t<meta property=\"og:image:height\" content=\"650\" \/>\n\t<meta property=\"og:image:type\" content=\"image\/jpeg\" \/>\n<meta name=\"twitter:card\" content=\"summary_large_image\" \/>\n<script type=\"application\/ld+json\" class=\"yoast-schema-graph\">{\"@context\":\"https:\/\/schema.org\",\"@graph\":[{\"@type\":\"WebPage\",\"@id\":\"https:\/\/www.erresse-shop.it\/es\/shop\/sartenes-y-ollas\/accesorios-es-2\/ruffoni-limpieza-de-cobre-gr-400\/\",\"url\":\"https:\/\/www.erresse-shop.it\/es\/shop\/sartenes-y-ollas\/accesorios-es-2\/ruffoni-limpieza-de-cobre-gr-400\/\",\"name\":\"RUFFONI Limpieza de Cobre gr. 400 - Erresse Shop\",\"isPartOf\":{\"@id\":\"https:\/\/www.erresse-shop.it\/es\/#website\"},\"datePublished\":\"2017-04-28T09:29:05+00:00\",\"dateModified\":\"2021-12-22T16:04:28+00:00\",\"description\":\"MANTENIMIENTO INTERNO: Al igual que con otros utensilios de cocina, es aconsejable, cuando se utiliza por primera vez, llevar el agua a ebullici\u00f3n\",\"breadcrumb\":{\"@id\":\"https:\/\/www.erresse-shop.it\/es\/shop\/sartenes-y-ollas\/accesorios-es-2\/ruffoni-limpieza-de-cobre-gr-400\/#breadcrumb\"},\"inLanguage\":\"es\",\"potentialAction\":[{\"@type\":\"ReadAction\",\"target\":[\"https:\/\/www.erresse-shop.it\/es\/shop\/sartenes-y-ollas\/accesorios-es-2\/ruffoni-limpieza-de-cobre-gr-400\/\"]}]},{\"@type\":\"BreadcrumbList\",\"@id\":\"https:\/\/www.erresse-shop.it\/es\/shop\/sartenes-y-ollas\/accesorios-es-2\/ruffoni-limpieza-de-cobre-gr-400\/#breadcrumb\",\"itemListElement\":[{\"@type\":\"ListItem\",\"position\":1,\"name\":\"Home\",\"item\":\"https:\/\/www.erresse-shop.it\/es\/\"},{\"@type\":\"ListItem\",\"position\":2,\"name\":\"Shop\",\"item\":\"https:\/\/www.erresse-shop.it\/es\/shop\/\"},{\"@type\":\"ListItem\",\"position\":3,\"name\":\"RUFFONI Limpieza de Cobre gr. 400\"}]},{\"@type\":\"WebSite\",\"@id\":\"https:\/\/www.erresse-shop.it\/es\/#website\",\"url\":\"https:\/\/www.erresse-shop.it\/es\/\",\"name\":\"Erresse Shop\",\"description\":\"Articoli di qualit\u00e0 per la casa\",\"potentialAction\":[{\"@type\":\"SearchAction\",\"target\":{\"@type\":\"EntryPoint\",\"urlTemplate\":\"https:\/\/www.erresse-shop.it\/es\/?s={search_term_string}\"},\"query-input\":\"required name=search_term_string\"}],\"inLanguage\":\"es\"}]}<\/script>\n<!-- \/ Yoast SEO Premium plugin. -->","yoast_head_json":{"title":"RUFFONI Limpieza de Cobre gr. 400 - Erresse Shop","description":"MANTENIMIENTO INTERNO: Al igual que con otros utensilios de cocina, es aconsejable, cuando se utiliza por primera vez, llevar el agua a ebullici\u00f3n","robots":{"index":"index","follow":"follow","max-snippet":"max-snippet:-1","max-image-preview":"max-image-preview:large","max-video-preview":"max-video-preview:-1"},"canonical":"https:\/\/www.erresse-shop.it\/es\/shop\/sartenes-y-ollas\/accesorios-es-2\/ruffoni-limpieza-de-cobre-gr-400\/","og_locale":"es_ES","og_type":"article","og_title":"RUFFONI Limpieza de Cobre gr. 400","og_description":"MANTENIMIENTO INTERNO: Al igual que con otros utensilios de cocina, es aconsejable, cuando se utiliza por primera vez, llevar el agua a ebullici\u00f3n","og_url":"https:\/\/www.erresse-shop.it\/es\/shop\/sartenes-y-ollas\/accesorios-es-2\/ruffoni-limpieza-de-cobre-gr-400\/","og_site_name":"Erresse Shop","article_modified_time":"2021-12-22T16:04:28+00:00","og_image":[{"width":650,"height":650,"url":"https:\/\/www.erresse-shop.it\/wp-content\/uploads\/2017\/04\/products-Cleaner.jpg","type":"image\/jpeg"}],"twitter_card":"summary_large_image","schema":{"@context":"https:\/\/schema.org","@graph":[{"@type":"WebPage","@id":"https:\/\/www.erresse-shop.it\/es\/shop\/sartenes-y-ollas\/accesorios-es-2\/ruffoni-limpieza-de-cobre-gr-400\/","url":"https:\/\/www.erresse-shop.it\/es\/shop\/sartenes-y-ollas\/accesorios-es-2\/ruffoni-limpieza-de-cobre-gr-400\/","name":"RUFFONI Limpieza de Cobre gr. 400 - Erresse Shop","isPartOf":{"@id":"https:\/\/www.erresse-shop.it\/es\/#website"},"datePublished":"2017-04-28T09:29:05+00:00","dateModified":"2021-12-22T16:04:28+00:00","description":"MANTENIMIENTO INTERNO: Al igual que con otros utensilios de cocina, es aconsejable, cuando se utiliza por primera vez, llevar el agua a ebullici\u00f3n","breadcrumb":{"@id":"https:\/\/www.erresse-shop.it\/es\/shop\/sartenes-y-ollas\/accesorios-es-2\/ruffoni-limpieza-de-cobre-gr-400\/#breadcrumb"},"inLanguage":"es","potentialAction":[{"@type":"ReadAction","target":["https:\/\/www.erresse-shop.it\/es\/shop\/sartenes-y-ollas\/accesorios-es-2\/ruffoni-limpieza-de-cobre-gr-400\/"]}]},{"@type":"BreadcrumbList","@id":"https:\/\/www.erresse-shop.it\/es\/shop\/sartenes-y-ollas\/accesorios-es-2\/ruffoni-limpieza-de-cobre-gr-400\/#breadcrumb","itemListElement":[{"@type":"ListItem","position":1,"name":"Home","item":"https:\/\/www.erresse-shop.it\/es\/"},{"@type":"ListItem","position":2,"name":"Shop","item":"https:\/\/www.erresse-shop.it\/es\/shop\/"},{"@type":"ListItem","position":3,"name":"RUFFONI Limpieza de Cobre gr. 400"}]},{"@type":"WebSite","@id":"https:\/\/www.erresse-shop.it\/es\/#website","url":"https:\/\/www.erresse-shop.it\/es\/","name":"Erresse Shop","description":"Articoli di qualit\u00e0 per la casa","potentialAction":[{"@type":"SearchAction","target":{"@type":"EntryPoint","urlTemplate":"https:\/\/www.erresse-shop.it\/es\/?s={search_term_string}"},"query-input":"required name=search_term_string"}],"inLanguage":"es"}]}},"df_price":14.95,"df_sale_price":14.95,"df_regular_price":16,"df_image_link":"https:\/\/www.erresse-shop.it\/wp-content\/uploads\/2017\/04\/products-Cleaner-300x300.jpg","_links":{"self":[{"href":"https:\/\/www.erresse-shop.it\/es\/wp-json\/wp\/v2\/product\/119731"}],"collection":[{"href":"https:\/\/www.erresse-shop.it\/es\/wp-json\/wp\/v2\/product"}],"about":[{"href":"https:\/\/www.erresse-shop.it\/es\/wp-json\/wp\/v2\/types\/product"}],"wp:featuredmedia":[{"embeddable":true,"href":"https:\/\/www.erresse-shop.it\/es\/wp-json\/wp\/v2\/media\/119732"}],"wp:attachment":[{"href":"https:\/\/www.erresse-shop.it\/es\/wp-json\/wp\/v2\/media?parent=119731"}],"wp:term":[{"taxonomy":"product_cat","embeddable":true,"href":"https:\/\/www.erresse-shop.it\/es\/wp-json\/wp\/v2\/product_cat?post=119731"},{"taxonomy":"product_tag","embeddable":true,"href":"https:\/\/www.erresse-shop.it\/es\/wp-json\/wp\/v2\/product_tag?post=119731"}],"curies":[{"name":"wp","href":"https:\/\/api.w.org\/{rel}","templated":true}]}}