{"id":119695,"date":"2017-04-26T16:51:44","date_gmt":"2017-04-26T16:51:44","guid":{"rendered":"https:\/\/www.erresse-shop.it\/shop\/sin%20categor\u00eda\/ruffoni-historia-decor-caldero-22-cm\/"},"modified":"2021-12-22T16:03:40","modified_gmt":"2021-12-22T16:03:40","slug":"ruffoni-historia-decor-caldero-22-cm","status":"publish","type":"product","link":"https:\/\/www.erresse-shop.it\/es\/shop\/sartenes-y-ollas\/ollas-y-cacerolas\/ruffoni-historia-decor-caldero-22-cm\/","title":{"rendered":"RUFFONI Historia Decor Caldero 22 cm"},"content":{"rendered":"<p>La elaboraci\u00f3n del cobre es una verdadera pasi\u00f3n para la empresa Ruffoni, el logro de los m\u00e1s altos est\u00e1ndares de calidad es su principal objetivo, superar todas las normas mundiales en materia de seguridad para la liberaci\u00f3n de plomo en los productos alimenticios es un deber fundamental al que siempre se ha adherido estrictamente. La gran estima que el equipo de Ruffoni tiene por su trabajo hace que act\u00fae con la m\u00e1xima escrupulosidad, utilizando materiales reciclables tanto para los productos como para los envases, y prefiriendo las t\u00e9cnicas manuales a los m\u00e9todos de procesamiento qu\u00edmico y mec\u00e1nico m\u00e1s baratos.<\/p>\n<p><strong>EL PRODUCTO<\/strong><br \/>\nNuestra filosof\u00eda es producir objetos profesionales, pero sin exagerar, porque siempre hemos favorecido la utilidad, la sencillez de uso y los acabados precisos. En cuanto al \u00e9xito de una comida, en la realizaci\u00f3n de cada una de estas piezas consideramos fundamental la elecci\u00f3n de los ingredientes y el m\u00e9todo de trabajo.<\/p>\n<p><strong>COBRE<\/strong><br \/>\nS\u00f3lo compramos a proveedores certificados y el grosor utilizado se determina en funci\u00f3n del producto y del tipo de cocci\u00f3n.<\/p>\n<p><strong>HISTORIA DECOR<\/strong><br \/>\nCreaciones legendarias que adquieren la dignidad de una pieza \u00fanica y reviven siglos de historia, experiencia y tradiciones populares. Elaborados a partir de l\u00e1minas de cobre macizo y esta\u00f1ados a mano sobre el fuego con el esta\u00f1o m\u00e1s puro, gracias a las asas y a los adornos de bronce fundido que embellecen las tapas, se convierten en temas de importancia regia. Insuperables en cuanto a conductividad t\u00e9rmica y perfecto control de la temperatura, son ideales para cocinar a gas o en el horno.<br \/>\nEstas obras de arte martilladas a mano, con asas de acero inoxidable fundido con acentos de cobre, son capaces de satisfacer todas las necesidades y ganarse un lugar de prestigio en todas las mesas.<\/p>\n<p>Para usar en el horno y en cualquier elemento de calefacci\u00f3n (excepto la inducci\u00f3n).<\/p>\n","protected":false},"excerpt":{"rendered":"<p>La elaboraci\u00f3n del cobre es una verdadera pasi\u00f3n para la empresa Ruffoni, el logro de los m\u00e1s altos est\u00e1ndares de<\/p>\n","protected":false},"featured_media":119696,"template":"","meta":{"_acf_changed":false,"inline_featured_image":false},"product_cat":[16067,16058],"product_tag":[25029,16271,24682,16307,16706,16160,25023],"acf":[],"yoast_head":"<!-- This site is optimized with the Yoast SEO Premium plugin v18.6 (Yoast SEO v19.13) - https:\/\/yoast.com\/wordpress\/plugins\/seo\/ -->\n<title>RUFFONI Historia Decor Caldero 22 cm - Erresse Shop<\/title>\n<meta name=\"description\" content=\"La elaboraci\u00f3n del cobre es una verdadera pasi\u00f3n para la empresa Ruffoni, el logro de los m\u00e1s altos est\u00e1ndares de calidad es su principal objetivo,\" \/>\n<meta name=\"robots\" content=\"index, follow, max-snippet:-1, max-image-preview:large, max-video-preview:-1\" \/>\n<link rel=\"canonical\" href=\"https:\/\/www.erresse-shop.it\/es\/shop\/sartenes-y-ollas\/ollas-y-cacerolas\/ruffoni-historia-decor-caldero-22-cm\/\" \/>\n<meta property=\"og:locale\" content=\"es_ES\" \/>\n<meta property=\"og:type\" content=\"article\" \/>\n<meta property=\"og:title\" content=\"RUFFONI Historia Decor Caldero 22 cm\" \/>\n<meta property=\"og:description\" content=\"La elaboraci\u00f3n del cobre es una verdadera pasi\u00f3n para la empresa Ruffoni, el logro de los m\u00e1s altos est\u00e1ndares de calidad es su principal objetivo,\" \/>\n<meta property=\"og:url\" content=\"https:\/\/www.erresse-shop.it\/es\/shop\/sartenes-y-ollas\/ollas-y-cacerolas\/ruffoni-historia-decor-caldero-22-cm\/\" \/>\n<meta property=\"og:site_name\" content=\"Erresse Shop\" \/>\n<meta property=\"article:modified_time\" content=\"2021-12-22T16:03:40+00:00\" \/>\n<meta property=\"og:image\" content=\"https:\/\/www.erresse-shop.it\/wp-content\/uploads\/2017\/04\/products-3230A.jpg\" \/>\n\t<meta property=\"og:image:width\" content=\"1500\" \/>\n\t<meta property=\"og:image:height\" content=\"966\" \/>\n\t<meta property=\"og:image:type\" content=\"image\/jpeg\" \/>\n<meta name=\"twitter:card\" content=\"summary_large_image\" \/>\n<script type=\"application\/ld+json\" class=\"yoast-schema-graph\">{\"@context\":\"https:\/\/schema.org\",\"@graph\":[{\"@type\":\"WebPage\",\"@id\":\"https:\/\/www.erresse-shop.it\/es\/shop\/sartenes-y-ollas\/ollas-y-cacerolas\/ruffoni-historia-decor-caldero-22-cm\/\",\"url\":\"https:\/\/www.erresse-shop.it\/es\/shop\/sartenes-y-ollas\/ollas-y-cacerolas\/ruffoni-historia-decor-caldero-22-cm\/\",\"name\":\"RUFFONI Historia Decor Caldero 22 cm - Erresse Shop\",\"isPartOf\":{\"@id\":\"https:\/\/www.erresse-shop.it\/es\/#website\"},\"datePublished\":\"2017-04-26T16:51:44+00:00\",\"dateModified\":\"2021-12-22T16:03:40+00:00\",\"description\":\"La elaboraci\u00f3n del cobre es una verdadera pasi\u00f3n para la empresa Ruffoni, el logro de los m\u00e1s altos est\u00e1ndares de calidad es su principal objetivo,\",\"breadcrumb\":{\"@id\":\"https:\/\/www.erresse-shop.it\/es\/shop\/sartenes-y-ollas\/ollas-y-cacerolas\/ruffoni-historia-decor-caldero-22-cm\/#breadcrumb\"},\"inLanguage\":\"es\",\"potentialAction\":[{\"@type\":\"ReadAction\",\"target\":[\"https:\/\/www.erresse-shop.it\/es\/shop\/sartenes-y-ollas\/ollas-y-cacerolas\/ruffoni-historia-decor-caldero-22-cm\/\"]}]},{\"@type\":\"BreadcrumbList\",\"@id\":\"https:\/\/www.erresse-shop.it\/es\/shop\/sartenes-y-ollas\/ollas-y-cacerolas\/ruffoni-historia-decor-caldero-22-cm\/#breadcrumb\",\"itemListElement\":[{\"@type\":\"ListItem\",\"position\":1,\"name\":\"Home\",\"item\":\"https:\/\/www.erresse-shop.it\/es\/\"},{\"@type\":\"ListItem\",\"position\":2,\"name\":\"Shop\",\"item\":\"https:\/\/www.erresse-shop.it\/es\/shop\/\"},{\"@type\":\"ListItem\",\"position\":3,\"name\":\"RUFFONI Historia Decor Caldero 22 cm\"}]},{\"@type\":\"WebSite\",\"@id\":\"https:\/\/www.erresse-shop.it\/es\/#website\",\"url\":\"https:\/\/www.erresse-shop.it\/es\/\",\"name\":\"Erresse Shop\",\"description\":\"Articoli di qualit\u00e0 per la casa\",\"potentialAction\":[{\"@type\":\"SearchAction\",\"target\":{\"@type\":\"EntryPoint\",\"urlTemplate\":\"https:\/\/www.erresse-shop.it\/es\/?s={search_term_string}\"},\"query-input\":\"required name=search_term_string\"}],\"inLanguage\":\"es\"}]}<\/script>\n<!-- \/ Yoast SEO Premium plugin. -->","yoast_head_json":{"title":"RUFFONI Historia Decor Caldero 22 cm - Erresse Shop","description":"La elaboraci\u00f3n del cobre es una verdadera pasi\u00f3n para la empresa Ruffoni, el logro de los m\u00e1s altos est\u00e1ndares de calidad es su principal objetivo,","robots":{"index":"index","follow":"follow","max-snippet":"max-snippet:-1","max-image-preview":"max-image-preview:large","max-video-preview":"max-video-preview:-1"},"canonical":"https:\/\/www.erresse-shop.it\/es\/shop\/sartenes-y-ollas\/ollas-y-cacerolas\/ruffoni-historia-decor-caldero-22-cm\/","og_locale":"es_ES","og_type":"article","og_title":"RUFFONI Historia Decor Caldero 22 cm","og_description":"La elaboraci\u00f3n del cobre es una verdadera pasi\u00f3n para la empresa Ruffoni, el logro de los m\u00e1s altos est\u00e1ndares de calidad es su principal objetivo,","og_url":"https:\/\/www.erresse-shop.it\/es\/shop\/sartenes-y-ollas\/ollas-y-cacerolas\/ruffoni-historia-decor-caldero-22-cm\/","og_site_name":"Erresse Shop","article_modified_time":"2021-12-22T16:03:40+00:00","og_image":[{"width":1500,"height":966,"url":"https:\/\/www.erresse-shop.it\/wp-content\/uploads\/2017\/04\/products-3230A.jpg","type":"image\/jpeg"}],"twitter_card":"summary_large_image","schema":{"@context":"https:\/\/schema.org","@graph":[{"@type":"WebPage","@id":"https:\/\/www.erresse-shop.it\/es\/shop\/sartenes-y-ollas\/ollas-y-cacerolas\/ruffoni-historia-decor-caldero-22-cm\/","url":"https:\/\/www.erresse-shop.it\/es\/shop\/sartenes-y-ollas\/ollas-y-cacerolas\/ruffoni-historia-decor-caldero-22-cm\/","name":"RUFFONI Historia Decor Caldero 22 cm - Erresse Shop","isPartOf":{"@id":"https:\/\/www.erresse-shop.it\/es\/#website"},"datePublished":"2017-04-26T16:51:44+00:00","dateModified":"2021-12-22T16:03:40+00:00","description":"La elaboraci\u00f3n del cobre es una verdadera pasi\u00f3n para la empresa Ruffoni, el logro de los m\u00e1s altos est\u00e1ndares de calidad es su principal objetivo,","breadcrumb":{"@id":"https:\/\/www.erresse-shop.it\/es\/shop\/sartenes-y-ollas\/ollas-y-cacerolas\/ruffoni-historia-decor-caldero-22-cm\/#breadcrumb"},"inLanguage":"es","potentialAction":[{"@type":"ReadAction","target":["https:\/\/www.erresse-shop.it\/es\/shop\/sartenes-y-ollas\/ollas-y-cacerolas\/ruffoni-historia-decor-caldero-22-cm\/"]}]},{"@type":"BreadcrumbList","@id":"https:\/\/www.erresse-shop.it\/es\/shop\/sartenes-y-ollas\/ollas-y-cacerolas\/ruffoni-historia-decor-caldero-22-cm\/#breadcrumb","itemListElement":[{"@type":"ListItem","position":1,"name":"Home","item":"https:\/\/www.erresse-shop.it\/es\/"},{"@type":"ListItem","position":2,"name":"Shop","item":"https:\/\/www.erresse-shop.it\/es\/shop\/"},{"@type":"ListItem","position":3,"name":"RUFFONI Historia Decor Caldero 22 cm"}]},{"@type":"WebSite","@id":"https:\/\/www.erresse-shop.it\/es\/#website","url":"https:\/\/www.erresse-shop.it\/es\/","name":"Erresse Shop","description":"Articoli di qualit\u00e0 per la casa","potentialAction":[{"@type":"SearchAction","target":{"@type":"EntryPoint","urlTemplate":"https:\/\/www.erresse-shop.it\/es\/?s={search_term_string}"},"query-input":"required name=search_term_string"}],"inLanguage":"es"}]}},"df_price":121,"df_sale_price":121,"df_regular_price":242,"df_image_link":"https:\/\/www.erresse-shop.it\/wp-content\/uploads\/2017\/04\/products-3230A-300x193.jpg","_links":{"self":[{"href":"https:\/\/www.erresse-shop.it\/es\/wp-json\/wp\/v2\/product\/119695"}],"collection":[{"href":"https:\/\/www.erresse-shop.it\/es\/wp-json\/wp\/v2\/product"}],"about":[{"href":"https:\/\/www.erresse-shop.it\/es\/wp-json\/wp\/v2\/types\/product"}],"wp:featuredmedia":[{"embeddable":true,"href":"https:\/\/www.erresse-shop.it\/es\/wp-json\/wp\/v2\/media\/119696"}],"wp:attachment":[{"href":"https:\/\/www.erresse-shop.it\/es\/wp-json\/wp\/v2\/media?parent=119695"}],"wp:term":[{"taxonomy":"product_cat","embeddable":true,"href":"https:\/\/www.erresse-shop.it\/es\/wp-json\/wp\/v2\/product_cat?post=119695"},{"taxonomy":"product_tag","embeddable":true,"href":"https:\/\/www.erresse-shop.it\/es\/wp-json\/wp\/v2\/product_tag?post=119695"}],"curies":[{"name":"wp","href":"https:\/\/api.w.org\/{rel}","templated":true}]}}