{"id":119593,"date":"2014-02-18T18:40:44","date_gmt":"2014-02-18T18:40:44","guid":{"rendered":"https:\/\/www.erresse-shop.it\/shop\/sin%20categor\u00eda\/ruffoni-opus-cupra-cacerola-cobre-2-asas-30-cm\/"},"modified":"2024-08-27T00:00:17","modified_gmt":"2024-08-27T00:00:17","slug":"ruffoni-opus-cupra-cacerola-cobre-2-asas-20-cm","status":"publish","type":"product","link":"https:\/\/www.erresse-shop.it\/es\/shop\/sartenes-y-ollas\/marmitas-y-cocottes\/ruffoni-opus-cupra-cacerola-cobre-2-asas-20-cm\/","title":{"rendered":"RUFFONI Opus Cupra Cacerola Cobre 2 Asas 20 cm"},"content":{"rendered":"<p>La elaboraci\u00f3n del cobre es una verdadera pasi\u00f3n para la empresa Ruffoni, el logro de los m\u00e1s altos est\u00e1ndares de calidad es su principal objetivo, superar todas las normas mundiales en materia de seguridad para la liberaci\u00f3n de plomo en los productos alimenticios es un deber fundamental al que siempre se ha adherido estrictamente. La gran estima que el equipo de Ruffoni tiene por su trabajo hace que act\u00fae con la m\u00e1xima escrupulosidad, utilizando materiales reciclables tanto para los productos como para los envases, y prefiriendo las t\u00e9cnicas manuales a los m\u00e9todos de procesamiento qu\u00edmico y mec\u00e1nico m\u00e1s baratos.<\/p>\n<p><strong>EL PRODUCTO<\/strong><br \/>\nNuestra filosof\u00eda es producir objetos profesionales, pero sin exagerar, porque siempre hemos favorecido la utilidad, la sencillez de uso y los acabados precisos. En cuanto al \u00e9xito de una comida, en la realizaci\u00f3n de cada una de estas piezas consideramos fundamental la elecci\u00f3n de los ingredientes y el m\u00e9todo de trabajo.<\/p>\n<p><strong>COBRE<\/strong><br \/>\nS\u00f3lo compramos a proveedores certificados y el grosor utilizado se establece en funci\u00f3n del producto y del tipo de cocci\u00f3n.<\/p>\n<p><strong>OPUS CUPRA<\/strong><br \/>\nLa tecnolog\u00eda de vanguardia ha permitido la creaci\u00f3n de estos excepcionales utensilios de cocina que la habilidad de los maestros caldereros de Ruffoni ha transformado en espl\u00e9ndidas creaciones. Una s\u00f3lida l\u00ednea de cobre de 2,3 mm de grosor para el mejor control de la temperatura con un fino n\u00facleo de aluminio y una parte interior de acero inoxidable.<\/p>\n<p>Estas obras de arte martilladas a mano, con asas de acero inoxidable decoradas y pomos de lat\u00f3n plateado, realizadas por plateros milaneses, son capaces de satisfacer cualquier necesidad y ganarse un lugar de prestigio en todas las mesas.<\/p>\n<p>Para usar en el horno y en cualquier elemento de calefacci\u00f3n (excepto la inducci\u00f3n).<\/p>\n","protected":false},"excerpt":{"rendered":"<p>La elaboraci\u00f3n del cobre es una verdadera pasi\u00f3n para la empresa Ruffoni, el logro de los m\u00e1s altos est\u00e1ndares de<\/p>\n","protected":false},"featured_media":119594,"template":"","meta":{"_acf_changed":false,"inline_featured_image":false},"product_cat":[16065,16058],"product_tag":[25029,16698,24682,16307,16702,16159,25023],"acf":[],"yoast_head":"<!-- This site is optimized with the Yoast SEO Premium plugin v18.6 (Yoast SEO v19.13) - https:\/\/yoast.com\/wordpress\/plugins\/seo\/ -->\n<title>RUFFONI Opus Cupra Cacerola Cobre 2 Asas 20 cm - Erresse Shop<\/title>\n<meta name=\"description\" content=\"La elaboraci\u00f3n del cobre es una verdadera pasi\u00f3n para la empresa Ruffoni, el logro de los m\u00e1s altos est\u00e1ndares de calidad es su principal objetivo,\" \/>\n<meta name=\"robots\" content=\"index, follow, max-snippet:-1, max-image-preview:large, max-video-preview:-1\" \/>\n<link rel=\"canonical\" href=\"https:\/\/www.erresse-shop.it\/es\/shop\/sartenes-y-ollas\/marmitas-y-cocottes\/ruffoni-opus-cupra-cacerola-cobre-2-asas-20-cm\/\" \/>\n<meta property=\"og:locale\" content=\"es_ES\" \/>\n<meta property=\"og:type\" content=\"article\" \/>\n<meta property=\"og:title\" content=\"RUFFONI Opus Cupra Cacerola Cobre 2 Asas 20 cm\" \/>\n<meta property=\"og:description\" content=\"La elaboraci\u00f3n del cobre es una verdadera pasi\u00f3n para la empresa Ruffoni, el logro de los m\u00e1s altos est\u00e1ndares de calidad es su principal objetivo,\" \/>\n<meta property=\"og:url\" content=\"https:\/\/www.erresse-shop.it\/es\/shop\/sartenes-y-ollas\/marmitas-y-cocottes\/ruffoni-opus-cupra-cacerola-cobre-2-asas-20-cm\/\" \/>\n<meta property=\"og:site_name\" content=\"Erresse Shop\" \/>\n<meta property=\"article:modified_time\" content=\"2024-08-27T00:00:17+00:00\" \/>\n<meta property=\"og:image\" content=\"https:\/\/www.erresse-shop.it\/wp-content\/uploads\/2015\/01\/products-CG2020.jpg\" \/>\n\t<meta property=\"og:image:width\" content=\"600\" \/>\n\t<meta property=\"og:image:height\" content=\"600\" \/>\n\t<meta property=\"og:image:type\" content=\"image\/jpeg\" \/>\n<meta name=\"twitter:card\" content=\"summary_large_image\" \/>\n<script type=\"application\/ld+json\" class=\"yoast-schema-graph\">{\"@context\":\"https:\/\/schema.org\",\"@graph\":[{\"@type\":\"WebPage\",\"@id\":\"https:\/\/www.erresse-shop.it\/es\/shop\/sartenes-y-ollas\/marmitas-y-cocottes\/ruffoni-opus-cupra-cacerola-cobre-2-asas-20-cm\/\",\"url\":\"https:\/\/www.erresse-shop.it\/es\/shop\/sartenes-y-ollas\/marmitas-y-cocottes\/ruffoni-opus-cupra-cacerola-cobre-2-asas-20-cm\/\",\"name\":\"RUFFONI Opus Cupra Cacerola Cobre 2 Asas 20 cm - Erresse Shop\",\"isPartOf\":{\"@id\":\"https:\/\/www.erresse-shop.it\/es\/#website\"},\"datePublished\":\"2014-02-18T18:40:44+00:00\",\"dateModified\":\"2024-08-27T00:00:17+00:00\",\"description\":\"La elaboraci\u00f3n del cobre es una verdadera pasi\u00f3n para la empresa Ruffoni, el logro de los m\u00e1s altos est\u00e1ndares de calidad es su principal objetivo,\",\"breadcrumb\":{\"@id\":\"https:\/\/www.erresse-shop.it\/es\/shop\/sartenes-y-ollas\/marmitas-y-cocottes\/ruffoni-opus-cupra-cacerola-cobre-2-asas-20-cm\/#breadcrumb\"},\"inLanguage\":\"es\",\"potentialAction\":[{\"@type\":\"ReadAction\",\"target\":[\"https:\/\/www.erresse-shop.it\/es\/shop\/sartenes-y-ollas\/marmitas-y-cocottes\/ruffoni-opus-cupra-cacerola-cobre-2-asas-20-cm\/\"]}]},{\"@type\":\"BreadcrumbList\",\"@id\":\"https:\/\/www.erresse-shop.it\/es\/shop\/sartenes-y-ollas\/marmitas-y-cocottes\/ruffoni-opus-cupra-cacerola-cobre-2-asas-20-cm\/#breadcrumb\",\"itemListElement\":[{\"@type\":\"ListItem\",\"position\":1,\"name\":\"Home\",\"item\":\"https:\/\/www.erresse-shop.it\/es\/\"},{\"@type\":\"ListItem\",\"position\":2,\"name\":\"Shop\",\"item\":\"https:\/\/www.erresse-shop.it\/es\/shop\/\"},{\"@type\":\"ListItem\",\"position\":3,\"name\":\"RUFFONI Opus Cupra Cacerola Cobre 2 Asas 20 cm\"}]},{\"@type\":\"WebSite\",\"@id\":\"https:\/\/www.erresse-shop.it\/es\/#website\",\"url\":\"https:\/\/www.erresse-shop.it\/es\/\",\"name\":\"Erresse Shop\",\"description\":\"Articoli di qualit\u00e0 per la casa\",\"potentialAction\":[{\"@type\":\"SearchAction\",\"target\":{\"@type\":\"EntryPoint\",\"urlTemplate\":\"https:\/\/www.erresse-shop.it\/es\/?s={search_term_string}\"},\"query-input\":\"required name=search_term_string\"}],\"inLanguage\":\"es\"}]}<\/script>\n<!-- \/ Yoast SEO Premium plugin. -->","yoast_head_json":{"title":"RUFFONI Opus Cupra Cacerola Cobre 2 Asas 20 cm - Erresse Shop","description":"La elaboraci\u00f3n del cobre es una verdadera pasi\u00f3n para la empresa Ruffoni, el logro de los m\u00e1s altos est\u00e1ndares de calidad es su principal objetivo,","robots":{"index":"index","follow":"follow","max-snippet":"max-snippet:-1","max-image-preview":"max-image-preview:large","max-video-preview":"max-video-preview:-1"},"canonical":"https:\/\/www.erresse-shop.it\/es\/shop\/sartenes-y-ollas\/marmitas-y-cocottes\/ruffoni-opus-cupra-cacerola-cobre-2-asas-20-cm\/","og_locale":"es_ES","og_type":"article","og_title":"RUFFONI Opus Cupra Cacerola Cobre 2 Asas 20 cm","og_description":"La elaboraci\u00f3n del cobre es una verdadera pasi\u00f3n para la empresa Ruffoni, el logro de los m\u00e1s altos est\u00e1ndares de calidad es su principal objetivo,","og_url":"https:\/\/www.erresse-shop.it\/es\/shop\/sartenes-y-ollas\/marmitas-y-cocottes\/ruffoni-opus-cupra-cacerola-cobre-2-asas-20-cm\/","og_site_name":"Erresse Shop","article_modified_time":"2024-08-27T00:00:17+00:00","og_image":[{"width":600,"height":600,"url":"https:\/\/www.erresse-shop.it\/wp-content\/uploads\/2015\/01\/products-CG2020.jpg","type":"image\/jpeg"}],"twitter_card":"summary_large_image","schema":{"@context":"https:\/\/schema.org","@graph":[{"@type":"WebPage","@id":"https:\/\/www.erresse-shop.it\/es\/shop\/sartenes-y-ollas\/marmitas-y-cocottes\/ruffoni-opus-cupra-cacerola-cobre-2-asas-20-cm\/","url":"https:\/\/www.erresse-shop.it\/es\/shop\/sartenes-y-ollas\/marmitas-y-cocottes\/ruffoni-opus-cupra-cacerola-cobre-2-asas-20-cm\/","name":"RUFFONI Opus Cupra Cacerola Cobre 2 Asas 20 cm - Erresse Shop","isPartOf":{"@id":"https:\/\/www.erresse-shop.it\/es\/#website"},"datePublished":"2014-02-18T18:40:44+00:00","dateModified":"2024-08-27T00:00:17+00:00","description":"La elaboraci\u00f3n del cobre es una verdadera pasi\u00f3n para la empresa Ruffoni, el logro de los m\u00e1s altos est\u00e1ndares de calidad es su principal objetivo,","breadcrumb":{"@id":"https:\/\/www.erresse-shop.it\/es\/shop\/sartenes-y-ollas\/marmitas-y-cocottes\/ruffoni-opus-cupra-cacerola-cobre-2-asas-20-cm\/#breadcrumb"},"inLanguage":"es","potentialAction":[{"@type":"ReadAction","target":["https:\/\/www.erresse-shop.it\/es\/shop\/sartenes-y-ollas\/marmitas-y-cocottes\/ruffoni-opus-cupra-cacerola-cobre-2-asas-20-cm\/"]}]},{"@type":"BreadcrumbList","@id":"https:\/\/www.erresse-shop.it\/es\/shop\/sartenes-y-ollas\/marmitas-y-cocottes\/ruffoni-opus-cupra-cacerola-cobre-2-asas-20-cm\/#breadcrumb","itemListElement":[{"@type":"ListItem","position":1,"name":"Home","item":"https:\/\/www.erresse-shop.it\/es\/"},{"@type":"ListItem","position":2,"name":"Shop","item":"https:\/\/www.erresse-shop.it\/es\/shop\/"},{"@type":"ListItem","position":3,"name":"RUFFONI Opus Cupra Cacerola Cobre 2 Asas 20 cm"}]},{"@type":"WebSite","@id":"https:\/\/www.erresse-shop.it\/es\/#website","url":"https:\/\/www.erresse-shop.it\/es\/","name":"Erresse Shop","description":"Articoli di qualit\u00e0 per la casa","potentialAction":[{"@type":"SearchAction","target":{"@type":"EntryPoint","urlTemplate":"https:\/\/www.erresse-shop.it\/es\/?s={search_term_string}"},"query-input":"required name=search_term_string"}],"inLanguage":"es"}]}},"df_price":280.5,"df_sale_price":280.5,"df_regular_price":561,"df_image_link":"https:\/\/www.erresse-shop.it\/wp-content\/uploads\/2015\/01\/products-CG2020-300x300.jpg","_links":{"self":[{"href":"https:\/\/www.erresse-shop.it\/es\/wp-json\/wp\/v2\/product\/119593"}],"collection":[{"href":"https:\/\/www.erresse-shop.it\/es\/wp-json\/wp\/v2\/product"}],"about":[{"href":"https:\/\/www.erresse-shop.it\/es\/wp-json\/wp\/v2\/types\/product"}],"wp:featuredmedia":[{"embeddable":true,"href":"https:\/\/www.erresse-shop.it\/es\/wp-json\/wp\/v2\/media\/119594"}],"wp:attachment":[{"href":"https:\/\/www.erresse-shop.it\/es\/wp-json\/wp\/v2\/media?parent=119593"}],"wp:term":[{"taxonomy":"product_cat","embeddable":true,"href":"https:\/\/www.erresse-shop.it\/es\/wp-json\/wp\/v2\/product_cat?post=119593"},{"taxonomy":"product_tag","embeddable":true,"href":"https:\/\/www.erresse-shop.it\/es\/wp-json\/wp\/v2\/product_tag?post=119593"}],"curies":[{"name":"wp","href":"https:\/\/api.w.org\/{rel}","templated":true}]}}