{"id":119450,"date":"2021-06-25T13:28:03","date_gmt":"2021-06-25T13:28:03","guid":{"rendered":"https:\/\/www.erresse-shop.it\/shop\/sin%20categor\u00eda\/magimix-robot-de-cocina-compact-3200xl-negro-2021-exprimidor-incluido\/"},"modified":"2025-06-17T22:38:10","modified_gmt":"2025-06-17T22:38:10","slug":"magimix-robot-de-cocina-compact-3200xl-negro-2021-exprimidor-incluido","status":"publish","type":"product","link":"https:\/\/www.erresse-shop.it\/es\/shop\/pequenos-electrodomesticos\/procesadores-de-alimentos\/magimix-robot-de-cocina-compact-3200xl-negro-2021-exprimidor-incluido\/","title":{"rendered":"MAGIMIX Robot de Cocina Compact 3200XL Negro 2021 &#8211; Exprimidor Incluido"},"content":{"rendered":"<p><strong><span style=\"text-decoration: underline;\">Compatible con todos los accesorios del 4200 y 5200<\/span><\/strong><\/p>\n<p><span style=\"text-decoration: underline;\"><strong>MAGIMIX<\/strong>. GARANT\u00cdA ITALIANA<\/span><\/p>\n<p>Es en Francia, en el coraz\u00f3n de la Borgo\u00f1a, regi\u00f3n famosa por su gastronom\u00eda, donde Magimix invent\u00f3 el robot de cocina hace m\u00e1s de cuarenta a\u00f1os.<br \/>\nHoy en d\u00eda, los aparatos Magimix son la versi\u00f3n dom\u00e9stica de los aparatos dise\u00f1ados para los profesionales. Los mejores restaurantes del mundo utilizan la versi\u00f3n profesional de nuestros productos.<br \/>\nDentro de la gama Magimix, encontrar\u00e1 toda la gama de peque\u00f1os electrodom\u00e9sticos de cocina.<br \/>\nSiempre a la vanguardia de la innovaci\u00f3n en la cocina, Magimix se complace en presentar su \u00faltima colecci\u00f3n para el placer de cocinar como un gran cocinero.<\/p>\n<p><strong>COMPACT 3200XL 2021.<\/strong> Con sus 3 cubetas, el Compact 3200 XL permite cocinar para 4-5 personas.<\/p>\n<p>3 botones para acceder a todas las funciones. El motor se adapta a la preparaci\u00f3n. Un recetario para cada modelo.<br \/>\nUna caja que permite guardar los accesorios est\u00e1ndar para ocupar menos espacio.<br \/>\nPara satisfacer las necesidades de cada receta y ahorrar tiempo al usuario, Magimix ha creado un bol peque\u00f1o y otro mediano.<br \/>\nColocados en el interior de la cubeta grande, estos 3 recipientes funcionan de forma independiente y permiten realizar las preparaciones una tras otra.<br \/>\nTodos los procesadores de alimentos se fabrican \u00edntegramente en Francia. Sus motores profesionales, que consumen poca energ\u00eda y son ultrasilenciosos, tienen una garant\u00eda de 30 a\u00f1os.<br \/>\nLos accesorios de precisi\u00f3n son de acero Sabatier, fabricados en Francia (en Thiers) para garantizar un corte perfecto.<br \/>\nRecipiente grande de 2,6 litros<br \/>\nRecipiente mediano 2,2 litros<br \/>\nMinicuenco de 1,2 litros<br \/>\nRecetario 40 recetas<br \/>\nEsp\u00e1tula 1<\/p>\n<p><strong>Capacidad:<\/strong><br \/>\nBrioche 500 g<br \/>\nMasa de pan 600 g<br \/>\nMasa bris\u00e9 1 kg<br \/>\nSalsa de crema 1 litro<br \/>\nCarne picada 750 g<br \/>\n800 g de zanahorias<br \/>\nAlb\u00famina 5<\/p>\n<p>Material 0% BPA<br \/>\nPotencia del motor 650 W<br \/>\nGarant\u00eda 3 a\u00f1os<br \/>\nGarant\u00eda del motor 30 a\u00f1os<br \/>\nDimensiones H395 x L190 x D225 mm<br \/>\nPeso 9,3 kg<br \/>\nFabricado en Francia<\/p>\n<p><span style=\"text-decoration: underline;\"><strong>No se vende fuera de Europa<\/strong><\/span><\/p>\n","protected":false},"excerpt":{"rendered":"<p>Compatible con todos los accesorios del 4200 y 5200 MAGIMIX. GARANT\u00cdA ITALIANA Es en Francia, en el coraz\u00f3n de la<\/p>\n","protected":false},"featured_media":508316,"template":"","meta":{"_acf_changed":false,"inline_featured_image":false},"product_cat":[16073,16077],"product_tag":[16684,16685,16654,16655,25023],"acf":[],"yoast_head":"<!-- This site is optimized with the Yoast SEO Premium plugin v18.6 (Yoast SEO v19.13) - https:\/\/yoast.com\/wordpress\/plugins\/seo\/ -->\n<title>MAGIMIX Robot de Cocina Compact 3200XL Negro 2021 - Exprimidor Incluido - Erresse Shop<\/title>\n<meta name=\"description\" content=\"Compatible con todos los accesorios del 4200 y 5200 MAGIMIX. GARANT\u00cdA ITALIANA Es en Francia, en el coraz\u00f3n de la Borgo\u00f1a, regi\u00f3n famosa por su\" \/>\n<meta name=\"robots\" content=\"index, follow, max-snippet:-1, max-image-preview:large, max-video-preview:-1\" \/>\n<link rel=\"canonical\" href=\"https:\/\/www.erresse-shop.it\/es\/shop\/pequenos-electrodomesticos\/procesadores-de-alimentos\/magimix-robot-de-cocina-compact-3200xl-negro-2021-exprimidor-incluido\/\" \/>\n<meta property=\"og:locale\" content=\"es_ES\" \/>\n<meta property=\"og:type\" content=\"article\" \/>\n<meta property=\"og:title\" content=\"MAGIMIX Robot de Cocina Compact 3200XL Negro 2021 - Exprimidor Incluido\" \/>\n<meta property=\"og:description\" content=\"Compatible con todos los accesorios del 4200 y 5200 MAGIMIX. GARANT\u00cdA ITALIANA Es en Francia, en el coraz\u00f3n de la Borgo\u00f1a, regi\u00f3n famosa por su\" \/>\n<meta property=\"og:url\" content=\"https:\/\/www.erresse-shop.it\/es\/shop\/pequenos-electrodomesticos\/procesadores-de-alimentos\/magimix-robot-de-cocina-compact-3200xl-negro-2021-exprimidor-incluido\/\" \/>\n<meta property=\"og:site_name\" content=\"Erresse Shop\" \/>\n<meta property=\"article:modified_time\" content=\"2025-06-17T22:38:10+00:00\" \/>\n<meta property=\"og:image\" content=\"https:\/\/www.erresse-shop.it\/wp-content\/uploads\/2021\/06\/MAGIMIX-Robot-da-cucina-Compact-3200XL-nero-2021-spremiagrumi-incluso.png\" \/>\n\t<meta property=\"og:image:width\" content=\"800\" \/>\n\t<meta property=\"og:image:height\" content=\"800\" \/>\n\t<meta property=\"og:image:type\" content=\"image\/png\" \/>\n<meta name=\"twitter:card\" content=\"summary_large_image\" \/>\n<script type=\"application\/ld+json\" class=\"yoast-schema-graph\">{\"@context\":\"https:\/\/schema.org\",\"@graph\":[{\"@type\":\"WebPage\",\"@id\":\"https:\/\/www.erresse-shop.it\/es\/shop\/pequenos-electrodomesticos\/procesadores-de-alimentos\/magimix-robot-de-cocina-compact-3200xl-negro-2021-exprimidor-incluido\/\",\"url\":\"https:\/\/www.erresse-shop.it\/es\/shop\/pequenos-electrodomesticos\/procesadores-de-alimentos\/magimix-robot-de-cocina-compact-3200xl-negro-2021-exprimidor-incluido\/\",\"name\":\"MAGIMIX Robot de Cocina Compact 3200XL Negro 2021 - Exprimidor Incluido - Erresse Shop\",\"isPartOf\":{\"@id\":\"https:\/\/www.erresse-shop.it\/es\/#website\"},\"datePublished\":\"2021-06-25T13:28:03+00:00\",\"dateModified\":\"2025-06-17T22:38:10+00:00\",\"description\":\"Compatible con todos los accesorios del 4200 y 5200 MAGIMIX. GARANT\u00cdA ITALIANA Es en Francia, en el coraz\u00f3n de la Borgo\u00f1a, regi\u00f3n famosa por su\",\"breadcrumb\":{\"@id\":\"https:\/\/www.erresse-shop.it\/es\/shop\/pequenos-electrodomesticos\/procesadores-de-alimentos\/magimix-robot-de-cocina-compact-3200xl-negro-2021-exprimidor-incluido\/#breadcrumb\"},\"inLanguage\":\"es\",\"potentialAction\":[{\"@type\":\"ReadAction\",\"target\":[\"https:\/\/www.erresse-shop.it\/es\/shop\/pequenos-electrodomesticos\/procesadores-de-alimentos\/magimix-robot-de-cocina-compact-3200xl-negro-2021-exprimidor-incluido\/\"]}]},{\"@type\":\"BreadcrumbList\",\"@id\":\"https:\/\/www.erresse-shop.it\/es\/shop\/pequenos-electrodomesticos\/procesadores-de-alimentos\/magimix-robot-de-cocina-compact-3200xl-negro-2021-exprimidor-incluido\/#breadcrumb\",\"itemListElement\":[{\"@type\":\"ListItem\",\"position\":1,\"name\":\"Home\",\"item\":\"https:\/\/www.erresse-shop.it\/es\/\"},{\"@type\":\"ListItem\",\"position\":2,\"name\":\"Shop\",\"item\":\"https:\/\/www.erresse-shop.it\/es\/shop\/\"},{\"@type\":\"ListItem\",\"position\":3,\"name\":\"MAGIMIX Robot de Cocina Compact 3200XL Negro 2021 &#8211; Exprimidor Incluido\"}]},{\"@type\":\"WebSite\",\"@id\":\"https:\/\/www.erresse-shop.it\/es\/#website\",\"url\":\"https:\/\/www.erresse-shop.it\/es\/\",\"name\":\"Erresse Shop\",\"description\":\"Articoli di qualit\u00e0 per la casa\",\"potentialAction\":[{\"@type\":\"SearchAction\",\"target\":{\"@type\":\"EntryPoint\",\"urlTemplate\":\"https:\/\/www.erresse-shop.it\/es\/?s={search_term_string}\"},\"query-input\":\"required name=search_term_string\"}],\"inLanguage\":\"es\"}]}<\/script>\n<!-- \/ Yoast SEO Premium plugin. -->","yoast_head_json":{"title":"MAGIMIX Robot de Cocina Compact 3200XL Negro 2021 - Exprimidor Incluido - Erresse Shop","description":"Compatible con todos los accesorios del 4200 y 5200 MAGIMIX. GARANT\u00cdA ITALIANA Es en Francia, en el coraz\u00f3n de la Borgo\u00f1a, regi\u00f3n famosa por su","robots":{"index":"index","follow":"follow","max-snippet":"max-snippet:-1","max-image-preview":"max-image-preview:large","max-video-preview":"max-video-preview:-1"},"canonical":"https:\/\/www.erresse-shop.it\/es\/shop\/pequenos-electrodomesticos\/procesadores-de-alimentos\/magimix-robot-de-cocina-compact-3200xl-negro-2021-exprimidor-incluido\/","og_locale":"es_ES","og_type":"article","og_title":"MAGIMIX Robot de Cocina Compact 3200XL Negro 2021 - Exprimidor Incluido","og_description":"Compatible con todos los accesorios del 4200 y 5200 MAGIMIX. GARANT\u00cdA ITALIANA Es en Francia, en el coraz\u00f3n de la Borgo\u00f1a, regi\u00f3n famosa por su","og_url":"https:\/\/www.erresse-shop.it\/es\/shop\/pequenos-electrodomesticos\/procesadores-de-alimentos\/magimix-robot-de-cocina-compact-3200xl-negro-2021-exprimidor-incluido\/","og_site_name":"Erresse Shop","article_modified_time":"2025-06-17T22:38:10+00:00","og_image":[{"width":800,"height":800,"url":"https:\/\/www.erresse-shop.it\/wp-content\/uploads\/2021\/06\/MAGIMIX-Robot-da-cucina-Compact-3200XL-nero-2021-spremiagrumi-incluso.png","type":"image\/png"}],"twitter_card":"summary_large_image","schema":{"@context":"https:\/\/schema.org","@graph":[{"@type":"WebPage","@id":"https:\/\/www.erresse-shop.it\/es\/shop\/pequenos-electrodomesticos\/procesadores-de-alimentos\/magimix-robot-de-cocina-compact-3200xl-negro-2021-exprimidor-incluido\/","url":"https:\/\/www.erresse-shop.it\/es\/shop\/pequenos-electrodomesticos\/procesadores-de-alimentos\/magimix-robot-de-cocina-compact-3200xl-negro-2021-exprimidor-incluido\/","name":"MAGIMIX Robot de Cocina Compact 3200XL Negro 2021 - Exprimidor Incluido - Erresse Shop","isPartOf":{"@id":"https:\/\/www.erresse-shop.it\/es\/#website"},"datePublished":"2021-06-25T13:28:03+00:00","dateModified":"2025-06-17T22:38:10+00:00","description":"Compatible con todos los accesorios del 4200 y 5200 MAGIMIX. GARANT\u00cdA ITALIANA Es en Francia, en el coraz\u00f3n de la Borgo\u00f1a, regi\u00f3n famosa por su","breadcrumb":{"@id":"https:\/\/www.erresse-shop.it\/es\/shop\/pequenos-electrodomesticos\/procesadores-de-alimentos\/magimix-robot-de-cocina-compact-3200xl-negro-2021-exprimidor-incluido\/#breadcrumb"},"inLanguage":"es","potentialAction":[{"@type":"ReadAction","target":["https:\/\/www.erresse-shop.it\/es\/shop\/pequenos-electrodomesticos\/procesadores-de-alimentos\/magimix-robot-de-cocina-compact-3200xl-negro-2021-exprimidor-incluido\/"]}]},{"@type":"BreadcrumbList","@id":"https:\/\/www.erresse-shop.it\/es\/shop\/pequenos-electrodomesticos\/procesadores-de-alimentos\/magimix-robot-de-cocina-compact-3200xl-negro-2021-exprimidor-incluido\/#breadcrumb","itemListElement":[{"@type":"ListItem","position":1,"name":"Home","item":"https:\/\/www.erresse-shop.it\/es\/"},{"@type":"ListItem","position":2,"name":"Shop","item":"https:\/\/www.erresse-shop.it\/es\/shop\/"},{"@type":"ListItem","position":3,"name":"MAGIMIX Robot de Cocina Compact 3200XL Negro 2021 &#8211; Exprimidor Incluido"}]},{"@type":"WebSite","@id":"https:\/\/www.erresse-shop.it\/es\/#website","url":"https:\/\/www.erresse-shop.it\/es\/","name":"Erresse Shop","description":"Articoli di qualit\u00e0 per la casa","potentialAction":[{"@type":"SearchAction","target":{"@type":"EntryPoint","urlTemplate":"https:\/\/www.erresse-shop.it\/es\/?s={search_term_string}"},"query-input":"required name=search_term_string"}],"inLanguage":"es"}]}},"df_price":260,"df_sale_price":260,"df_regular_price":400,"df_image_link":"https:\/\/www.erresse-shop.it\/wp-content\/uploads\/2021\/06\/MAGIMIX-Robot-da-cucina-Compact-3200XL-Nero-Spremiagrumi-incluso-300x300.jpg","_links":{"self":[{"href":"https:\/\/www.erresse-shop.it\/es\/wp-json\/wp\/v2\/product\/119450"}],"collection":[{"href":"https:\/\/www.erresse-shop.it\/es\/wp-json\/wp\/v2\/product"}],"about":[{"href":"https:\/\/www.erresse-shop.it\/es\/wp-json\/wp\/v2\/types\/product"}],"wp:featuredmedia":[{"embeddable":true,"href":"https:\/\/www.erresse-shop.it\/es\/wp-json\/wp\/v2\/media\/508316"}],"wp:attachment":[{"href":"https:\/\/www.erresse-shop.it\/es\/wp-json\/wp\/v2\/media?parent=119450"}],"wp:term":[{"taxonomy":"product_cat","embeddable":true,"href":"https:\/\/www.erresse-shop.it\/es\/wp-json\/wp\/v2\/product_cat?post=119450"},{"taxonomy":"product_tag","embeddable":true,"href":"https:\/\/www.erresse-shop.it\/es\/wp-json\/wp\/v2\/product_tag?post=119450"}],"curies":[{"name":"wp","href":"https:\/\/api.w.org\/{rel}","templated":true}]}}