{"id":119392,"date":"2017-07-06T16:46:10","date_gmt":"2017-07-06T16:46:10","guid":{"rendered":"https:\/\/www.erresse-shop.it\/shop\/sin%20categor\u00eda\/magimix-exprimidor-de-citricos-para-32002021-4200-5200\/"},"modified":"2024-05-09T13:42:28","modified_gmt":"2024-05-09T13:42:28","slug":"magimix-exprimidor-de-citricos-para-32002021-4200-5200","status":"publish","type":"product","link":"https:\/\/www.erresse-shop.it\/es\/shop\/pequenos-electrodomesticos\/procesadores-de-alimentos\/magimix-exprimidor-de-citricos-para-32002021-4200-5200\/","title":{"rendered":"MAGIMIX Exprimidor de C\u00edtricos para 3200(2021)-4200-5200"},"content":{"rendered":"<p><span style=\"text-decoration: underline;\"><strong>Compatible con los accesorios del 3200 (modelo 2021), 4200 y 5200<\/strong><\/span><\/p>\n<p><span style=\"text-decoration: underline;\"><strong>MAGIMIX.<\/strong> GARANT\u00cdA ITALIANA<\/span><\/p>\n<p>Es en Francia, en el coraz\u00f3n de la Borgo\u00f1a, regi\u00f3n famosa por su gastronom\u00eda, donde Magimix invent\u00f3 el robot de cocina hace m\u00e1s de cuarenta a\u00f1os.<br \/>\nHoy en d\u00eda, los aparatos Magimix son la versi\u00f3n dom\u00e9stica de los aparatos dise\u00f1ados para los profesionales. Los mejores restaurantes del mundo utilizan la versi\u00f3n profesional de nuestros productos.<br \/>\nDentro de la gama Magimix, encontrar\u00e1 toda la gama de peque\u00f1os electrodom\u00e9sticos de cocina.<br \/>\nSiempre a la vanguardia de la innovaci\u00f3n en la cocina, Magimix se complace en presentar su \u00faltima colecci\u00f3n para el placer de cocinar como un gran cocinero.<\/p>\n<p><strong>Accesorio para exprimidor de c\u00edtricos para 3200 (2021), 4200, 5200<\/strong><\/p>\n<p>Ideal para extraer el zumo de los c\u00edtricos: equipado con dos conos de diferentes tama\u00f1os: m\u00e1s peque\u00f1o para limones y naranjas peque\u00f1as, m\u00e1s grande para pomelos y naranjas grandes.<\/p>\n","protected":false},"excerpt":{"rendered":"<p>Compatible con los accesorios del 3200 (modelo 2021), 4200 y 5200 MAGIMIX. GARANT\u00cdA ITALIANA Es en Francia, en el coraz\u00f3n<\/p>\n","protected":false},"featured_media":119064,"template":"","meta":{"_acf_changed":false,"inline_featured_image":false},"product_cat":[16073,16077],"product_tag":[16671,16672,16259,16673,16644,16654],"acf":[],"yoast_head":"<!-- This site is optimized with the Yoast SEO Premium plugin v18.6 (Yoast SEO v19.13) - https:\/\/yoast.com\/wordpress\/plugins\/seo\/ -->\n<title>MAGIMIX Exprimidor de C\u00edtricos para 3200(2021)-4200-5200 - Erresse Shop<\/title>\n<meta name=\"description\" content=\"Compatible con los accesorios del 3200 (modelo 2021), 4200 y 5200 MAGIMIX. GARANT\u00cdA ITALIANA Es en Francia, en el coraz\u00f3n de la Borgo\u00f1a, regi\u00f3n famosa por\" \/>\n<meta name=\"robots\" content=\"index, follow, max-snippet:-1, max-image-preview:large, max-video-preview:-1\" \/>\n<link rel=\"canonical\" href=\"https:\/\/www.erresse-shop.it\/es\/shop\/pequenos-electrodomesticos\/procesadores-de-alimentos\/magimix-exprimidor-de-citricos-para-32002021-4200-5200\/\" \/>\n<meta property=\"og:locale\" content=\"es_ES\" \/>\n<meta property=\"og:type\" content=\"article\" \/>\n<meta property=\"og:title\" content=\"MAGIMIX Exprimidor de C\u00edtricos para 3200(2021)-4200-5200\" \/>\n<meta property=\"og:description\" content=\"Compatible con los accesorios del 3200 (modelo 2021), 4200 y 5200 MAGIMIX. GARANT\u00cdA ITALIANA Es en Francia, en el coraz\u00f3n de la Borgo\u00f1a, regi\u00f3n famosa por\" \/>\n<meta property=\"og:url\" content=\"https:\/\/www.erresse-shop.it\/es\/shop\/pequenos-electrodomesticos\/procesadores-de-alimentos\/magimix-exprimidor-de-citricos-para-32002021-4200-5200\/\" \/>\n<meta property=\"og:site_name\" content=\"Erresse Shop\" \/>\n<meta property=\"article:modified_time\" content=\"2024-05-09T13:42:28+00:00\" \/>\n<meta property=\"og:image\" content=\"https:\/\/www.erresse-shop.it\/wp-content\/uploads\/2015\/10\/products-presse-agrumes-accessoires-magimix.jpg\" \/>\n\t<meta property=\"og:image:width\" content=\"305\" \/>\n\t<meta property=\"og:image:height\" content=\"305\" \/>\n\t<meta property=\"og:image:type\" content=\"image\/jpeg\" \/>\n<meta name=\"twitter:card\" content=\"summary_large_image\" \/>\n<script type=\"application\/ld+json\" class=\"yoast-schema-graph\">{\"@context\":\"https:\/\/schema.org\",\"@graph\":[{\"@type\":\"WebPage\",\"@id\":\"https:\/\/www.erresse-shop.it\/es\/shop\/pequenos-electrodomesticos\/procesadores-de-alimentos\/magimix-exprimidor-de-citricos-para-32002021-4200-5200\/\",\"url\":\"https:\/\/www.erresse-shop.it\/es\/shop\/pequenos-electrodomesticos\/procesadores-de-alimentos\/magimix-exprimidor-de-citricos-para-32002021-4200-5200\/\",\"name\":\"MAGIMIX Exprimidor de C\u00edtricos para 3200(2021)-4200-5200 - Erresse Shop\",\"isPartOf\":{\"@id\":\"https:\/\/www.erresse-shop.it\/es\/#website\"},\"datePublished\":\"2017-07-06T16:46:10+00:00\",\"dateModified\":\"2024-05-09T13:42:28+00:00\",\"description\":\"Compatible con los accesorios del 3200 (modelo 2021), 4200 y 5200 MAGIMIX. GARANT\u00cdA ITALIANA Es en Francia, en el coraz\u00f3n de la Borgo\u00f1a, regi\u00f3n famosa por\",\"breadcrumb\":{\"@id\":\"https:\/\/www.erresse-shop.it\/es\/shop\/pequenos-electrodomesticos\/procesadores-de-alimentos\/magimix-exprimidor-de-citricos-para-32002021-4200-5200\/#breadcrumb\"},\"inLanguage\":\"es\",\"potentialAction\":[{\"@type\":\"ReadAction\",\"target\":[\"https:\/\/www.erresse-shop.it\/es\/shop\/pequenos-electrodomesticos\/procesadores-de-alimentos\/magimix-exprimidor-de-citricos-para-32002021-4200-5200\/\"]}]},{\"@type\":\"BreadcrumbList\",\"@id\":\"https:\/\/www.erresse-shop.it\/es\/shop\/pequenos-electrodomesticos\/procesadores-de-alimentos\/magimix-exprimidor-de-citricos-para-32002021-4200-5200\/#breadcrumb\",\"itemListElement\":[{\"@type\":\"ListItem\",\"position\":1,\"name\":\"Home\",\"item\":\"https:\/\/www.erresse-shop.it\/es\/\"},{\"@type\":\"ListItem\",\"position\":2,\"name\":\"Shop\",\"item\":\"https:\/\/www.erresse-shop.it\/es\/shop\/\"},{\"@type\":\"ListItem\",\"position\":3,\"name\":\"MAGIMIX Exprimidor de C\u00edtricos para 3200(2021)-4200-5200\"}]},{\"@type\":\"WebSite\",\"@id\":\"https:\/\/www.erresse-shop.it\/es\/#website\",\"url\":\"https:\/\/www.erresse-shop.it\/es\/\",\"name\":\"Erresse Shop\",\"description\":\"Articoli di qualit\u00e0 per la casa\",\"potentialAction\":[{\"@type\":\"SearchAction\",\"target\":{\"@type\":\"EntryPoint\",\"urlTemplate\":\"https:\/\/www.erresse-shop.it\/es\/?s={search_term_string}\"},\"query-input\":\"required name=search_term_string\"}],\"inLanguage\":\"es\"}]}<\/script>\n<!-- \/ Yoast SEO Premium plugin. -->","yoast_head_json":{"title":"MAGIMIX Exprimidor de C\u00edtricos para 3200(2021)-4200-5200 - Erresse Shop","description":"Compatible con los accesorios del 3200 (modelo 2021), 4200 y 5200 MAGIMIX. GARANT\u00cdA ITALIANA Es en Francia, en el coraz\u00f3n de la Borgo\u00f1a, regi\u00f3n famosa por","robots":{"index":"index","follow":"follow","max-snippet":"max-snippet:-1","max-image-preview":"max-image-preview:large","max-video-preview":"max-video-preview:-1"},"canonical":"https:\/\/www.erresse-shop.it\/es\/shop\/pequenos-electrodomesticos\/procesadores-de-alimentos\/magimix-exprimidor-de-citricos-para-32002021-4200-5200\/","og_locale":"es_ES","og_type":"article","og_title":"MAGIMIX Exprimidor de C\u00edtricos para 3200(2021)-4200-5200","og_description":"Compatible con los accesorios del 3200 (modelo 2021), 4200 y 5200 MAGIMIX. GARANT\u00cdA ITALIANA Es en Francia, en el coraz\u00f3n de la Borgo\u00f1a, regi\u00f3n famosa por","og_url":"https:\/\/www.erresse-shop.it\/es\/shop\/pequenos-electrodomesticos\/procesadores-de-alimentos\/magimix-exprimidor-de-citricos-para-32002021-4200-5200\/","og_site_name":"Erresse Shop","article_modified_time":"2024-05-09T13:42:28+00:00","og_image":[{"width":305,"height":305,"url":"https:\/\/www.erresse-shop.it\/wp-content\/uploads\/2015\/10\/products-presse-agrumes-accessoires-magimix.jpg","type":"image\/jpeg"}],"twitter_card":"summary_large_image","schema":{"@context":"https:\/\/schema.org","@graph":[{"@type":"WebPage","@id":"https:\/\/www.erresse-shop.it\/es\/shop\/pequenos-electrodomesticos\/procesadores-de-alimentos\/magimix-exprimidor-de-citricos-para-32002021-4200-5200\/","url":"https:\/\/www.erresse-shop.it\/es\/shop\/pequenos-electrodomesticos\/procesadores-de-alimentos\/magimix-exprimidor-de-citricos-para-32002021-4200-5200\/","name":"MAGIMIX Exprimidor de C\u00edtricos para 3200(2021)-4200-5200 - Erresse Shop","isPartOf":{"@id":"https:\/\/www.erresse-shop.it\/es\/#website"},"datePublished":"2017-07-06T16:46:10+00:00","dateModified":"2024-05-09T13:42:28+00:00","description":"Compatible con los accesorios del 3200 (modelo 2021), 4200 y 5200 MAGIMIX. GARANT\u00cdA ITALIANA Es en Francia, en el coraz\u00f3n de la Borgo\u00f1a, regi\u00f3n famosa por","breadcrumb":{"@id":"https:\/\/www.erresse-shop.it\/es\/shop\/pequenos-electrodomesticos\/procesadores-de-alimentos\/magimix-exprimidor-de-citricos-para-32002021-4200-5200\/#breadcrumb"},"inLanguage":"es","potentialAction":[{"@type":"ReadAction","target":["https:\/\/www.erresse-shop.it\/es\/shop\/pequenos-electrodomesticos\/procesadores-de-alimentos\/magimix-exprimidor-de-citricos-para-32002021-4200-5200\/"]}]},{"@type":"BreadcrumbList","@id":"https:\/\/www.erresse-shop.it\/es\/shop\/pequenos-electrodomesticos\/procesadores-de-alimentos\/magimix-exprimidor-de-citricos-para-32002021-4200-5200\/#breadcrumb","itemListElement":[{"@type":"ListItem","position":1,"name":"Home","item":"https:\/\/www.erresse-shop.it\/es\/"},{"@type":"ListItem","position":2,"name":"Shop","item":"https:\/\/www.erresse-shop.it\/es\/shop\/"},{"@type":"ListItem","position":3,"name":"MAGIMIX Exprimidor de C\u00edtricos para 3200(2021)-4200-5200"}]},{"@type":"WebSite","@id":"https:\/\/www.erresse-shop.it\/es\/#website","url":"https:\/\/www.erresse-shop.it\/es\/","name":"Erresse Shop","description":"Articoli di qualit\u00e0 per la casa","potentialAction":[{"@type":"SearchAction","target":{"@type":"EntryPoint","urlTemplate":"https:\/\/www.erresse-shop.it\/es\/?s={search_term_string}"},"query-input":"required name=search_term_string"}],"inLanguage":"es"}]}},"df_price":25.35,"df_sale_price":25.35,"df_regular_price":39,"df_image_link":"https:\/\/www.erresse-shop.it\/wp-content\/uploads\/2015\/10\/products-presse-agrumes-accessoires-magimix-300x300.jpg","_links":{"self":[{"href":"https:\/\/www.erresse-shop.it\/es\/wp-json\/wp\/v2\/product\/119392"}],"collection":[{"href":"https:\/\/www.erresse-shop.it\/es\/wp-json\/wp\/v2\/product"}],"about":[{"href":"https:\/\/www.erresse-shop.it\/es\/wp-json\/wp\/v2\/types\/product"}],"wp:featuredmedia":[{"embeddable":true,"href":"https:\/\/www.erresse-shop.it\/es\/wp-json\/wp\/v2\/media\/119064"}],"wp:attachment":[{"href":"https:\/\/www.erresse-shop.it\/es\/wp-json\/wp\/v2\/media?parent=119392"}],"wp:term":[{"taxonomy":"product_cat","embeddable":true,"href":"https:\/\/www.erresse-shop.it\/es\/wp-json\/wp\/v2\/product_cat?post=119392"},{"taxonomy":"product_tag","embeddable":true,"href":"https:\/\/www.erresse-shop.it\/es\/wp-json\/wp\/v2\/product_tag?post=119392"}],"curies":[{"name":"wp","href":"https:\/\/api.w.org\/{rel}","templated":true}]}}