{"id":119178,"date":"2020-05-26T08:52:30","date_gmt":"2020-05-26T08:52:30","guid":{"rendered":"https:\/\/www.erresse-shop.it\/shop\/sin%20categor\u00eda\/magimix-juice-expert-3-extractor-de-zumo-con-cortador-de-verduras-blanco-cromo\/"},"modified":"2024-08-27T00:00:13","modified_gmt":"2024-08-27T00:00:13","slug":"magimix-juice-expert-3-extractor-de-zumo-con-cortador-de-verduras-blanco-cromo","status":"publish","type":"product","link":"https:\/\/www.erresse-shop.it\/es\/shop\/pequenos-electrodomesticos\/extractores-y-centrifugas\/magimix-juice-expert-3-extractor-de-zumo-con-cortador-de-verduras-blanco-cromo\/","title":{"rendered":"MAGIMIX Juice Expert 3 Extractor de Zumo con Cortador de Verduras Blanco Cromo"},"content":{"rendered":"<p><span style=\"text-decoration: underline;\"><strong>MAGIMIX.<\/strong> GARANT\u00cdA ITALIANA<\/span><\/p>\n<p>Es en Francia, en el coraz\u00f3n de la Borgo\u00f1a, regi\u00f3n famosa por su gastronom\u00eda, donde Magimix invent\u00f3 el robot de cocina hace m\u00e1s de cuarenta a\u00f1os.<br \/>\nHoy en d\u00eda, los aparatos Magimix son la versi\u00f3n dom\u00e9stica de los aparatos dise\u00f1ados para los profesionales. Los mejores restaurantes del mundo utilizan la versi\u00f3n profesional de nuestros productos.<br \/>\nDentro de la gama Magimix, encontrar\u00e1 toda la gama de peque\u00f1os electrodom\u00e9sticos de cocina.<br \/>\nSiempre a la vanguardia de la innovaci\u00f3n en la cocina, Magimix se complace en presentar su \u00faltima colecci\u00f3n para el placer de cocinar como un gran cocinero.<\/p>\n<p><strong>Juice Expert 3 con cortador de verduras gratuito<\/strong><\/p>\n<p>\u00a1Magimix es el experto en zumos multifuncionales!<br \/>\nPara combinar salud y placer d\u00eda a d\u00eda, el Magimix Juice Expert combina lo mejor de la naturaleza con lo mejor de la tecnolog\u00eda.<\/p>\n<p><strong>Juice Expert EXTRACTOR 3 MULTIFUNCIONES 3 Funciones:<\/strong><br \/>\n&#8211; Extra Press XL Nuevo invento patentado por Magimix para la extracci\u00f3n en fr\u00edo de frutas y verduras tiernas o cocidas, zumos, n\u00e9ctares o salsas.<br \/>\n&#8211; Filtro de tamiz XL dise\u00f1ado para extraer en fr\u00edo lo mejor de las frutas y verduras de pulpa firme (manzanas, zanahorias) y de las verduras verdes. Patente Magimix.<br \/>\n&#8211; Exprimidor de c\u00edtricos para obtener un zumo de c\u00edtricos fresco y r\u00e1pido sin semillas. 2 conos. Sistema de pulpa para un zumo sin pulpa.<\/p>\n<p><strong>DESCRIPCI\u00d3N T\u00c9CNICA<\/strong><br \/>\n&#8211; EXTRA PRESS XL zumos y batidos cremosos calientes y fr\u00edos Rendimiento m\u00e1ximo 96%.<br \/>\n&#8211; FILTRO SETACCIO XL zumos puros y claros Cesta de acero de gran capacidad, cesta con cuello extra\u00edble<br \/>\n&#8211; Exprimidor de c\u00edtricos con brazo de cobertura + 2 conos Pulp System con o sin pulpa<\/p>\n<p>Extracci\u00f3n en fr\u00edo: respeto por los nutrientes<br \/>\nVelocidad profesional<br \/>\nXL TRAMOGUE 90 x 75 mm<br \/>\nExtracci\u00f3n de zumo directamente en el vaso<br \/>\nF\u00c1CIL LIMPIEZA Se puede lavar en el lavavajillas<br \/>\nEsp\u00e1tula de limpieza 1<\/p>\n<p>Recetario con m\u00e1s de 40 recetas<br \/>\nAplicaci\u00f3n MAGIMIX gratuita con m\u00e1s de 100 recetas, disponible para smartphones y tablets<\/p>\n<p>MATERIAL 0% BPA<br \/>\nPotencia del motor 400 W<br \/>\nMotor profesional ultrasilencioso<br \/>\nGarant\u00eda del motor 30 a\u00f1os<br \/>\nGARANT\u00cdA 3 a\u00f1os<br \/>\nDIMENSIONES H415 x W214 x D183 mm<br \/>\nPeso 7,5 kg<\/p>\n<p><span style=\"text-decoration: underline;\"><strong>No se vende fuera de Europa<\/strong><\/span><\/p>\n","protected":false},"excerpt":{"rendered":"<p>MAGIMIX. GARANT\u00cdA ITALIANA Es en Francia, en el coraz\u00f3n de la Borgo\u00f1a, regi\u00f3n famosa por su gastronom\u00eda, donde Magimix invent\u00f3<\/p>\n","protected":false},"featured_media":507731,"template":"","meta":{"_acf_changed":false,"inline_featured_image":false},"product_cat":[16084,16073],"product_tag":[16658,16259,16659,16660,16661,16644,16654,16655,25023],"acf":[],"yoast_head":"<!-- This site is optimized with the Yoast SEO Premium plugin v18.6 (Yoast SEO v19.13) - https:\/\/yoast.com\/wordpress\/plugins\/seo\/ -->\n<title>MAGIMIX Juice Expert 3 Extractor de Zumo con Cortador de Verduras Blanco Cromo - Erresse Shop<\/title>\n<meta name=\"description\" content=\"MAGIMIX. GARANT\u00cdA ITALIANA Es en Francia, en el coraz\u00f3n de la Borgo\u00f1a, regi\u00f3n famosa por su gastronom\u00eda, donde Magimix invent\u00f3 el robot de cocina hace m\u00e1s\" \/>\n<meta name=\"robots\" content=\"index, follow, max-snippet:-1, max-image-preview:large, max-video-preview:-1\" \/>\n<link rel=\"canonical\" href=\"https:\/\/www.erresse-shop.it\/es\/shop\/pequenos-electrodomesticos\/extractores-y-centrifugas\/magimix-juice-expert-3-extractor-de-zumo-con-cortador-de-verduras-blanco-cromo\/\" \/>\n<meta property=\"og:locale\" content=\"es_ES\" \/>\n<meta property=\"og:type\" content=\"article\" \/>\n<meta property=\"og:title\" content=\"MAGIMIX Juice Expert 3 Extractor de Zumo con Cortador de Verduras Blanco Cromo\" \/>\n<meta property=\"og:description\" content=\"MAGIMIX. GARANT\u00cdA ITALIANA Es en Francia, en el coraz\u00f3n de la Borgo\u00f1a, regi\u00f3n famosa por su gastronom\u00eda, donde Magimix invent\u00f3 el robot de cocina hace m\u00e1s\" \/>\n<meta property=\"og:url\" content=\"https:\/\/www.erresse-shop.it\/es\/shop\/pequenos-electrodomesticos\/extractores-y-centrifugas\/magimix-juice-expert-3-extractor-de-zumo-con-cortador-de-verduras-blanco-cromo\/\" \/>\n<meta property=\"og:site_name\" content=\"Erresse Shop\" \/>\n<meta property=\"article:modified_time\" content=\"2024-08-27T00:00:13+00:00\" \/>\n<meta property=\"og:image\" content=\"https:\/\/www.erresse-shop.it\/wp-content\/uploads\/2020\/05\/MAGIMIX-Estrattore-Juice-Expert-3-con-Tagliaverdure-Bianco-Cromo.png\" \/>\n\t<meta property=\"og:image:width\" content=\"800\" \/>\n\t<meta property=\"og:image:height\" content=\"800\" \/>\n\t<meta property=\"og:image:type\" content=\"image\/png\" \/>\n<meta name=\"twitter:card\" content=\"summary_large_image\" \/>\n<script type=\"application\/ld+json\" class=\"yoast-schema-graph\">{\"@context\":\"https:\/\/schema.org\",\"@graph\":[{\"@type\":\"WebPage\",\"@id\":\"https:\/\/www.erresse-shop.it\/es\/shop\/pequenos-electrodomesticos\/extractores-y-centrifugas\/magimix-juice-expert-3-extractor-de-zumo-con-cortador-de-verduras-blanco-cromo\/\",\"url\":\"https:\/\/www.erresse-shop.it\/es\/shop\/pequenos-electrodomesticos\/extractores-y-centrifugas\/magimix-juice-expert-3-extractor-de-zumo-con-cortador-de-verduras-blanco-cromo\/\",\"name\":\"MAGIMIX Juice Expert 3 Extractor de Zumo con Cortador de Verduras Blanco Cromo - Erresse Shop\",\"isPartOf\":{\"@id\":\"https:\/\/www.erresse-shop.it\/es\/#website\"},\"datePublished\":\"2020-05-26T08:52:30+00:00\",\"dateModified\":\"2024-08-27T00:00:13+00:00\",\"description\":\"MAGIMIX. GARANT\u00cdA ITALIANA Es en Francia, en el coraz\u00f3n de la Borgo\u00f1a, regi\u00f3n famosa por su gastronom\u00eda, donde Magimix invent\u00f3 el robot de cocina hace m\u00e1s\",\"breadcrumb\":{\"@id\":\"https:\/\/www.erresse-shop.it\/es\/shop\/pequenos-electrodomesticos\/extractores-y-centrifugas\/magimix-juice-expert-3-extractor-de-zumo-con-cortador-de-verduras-blanco-cromo\/#breadcrumb\"},\"inLanguage\":\"es\",\"potentialAction\":[{\"@type\":\"ReadAction\",\"target\":[\"https:\/\/www.erresse-shop.it\/es\/shop\/pequenos-electrodomesticos\/extractores-y-centrifugas\/magimix-juice-expert-3-extractor-de-zumo-con-cortador-de-verduras-blanco-cromo\/\"]}]},{\"@type\":\"BreadcrumbList\",\"@id\":\"https:\/\/www.erresse-shop.it\/es\/shop\/pequenos-electrodomesticos\/extractores-y-centrifugas\/magimix-juice-expert-3-extractor-de-zumo-con-cortador-de-verduras-blanco-cromo\/#breadcrumb\",\"itemListElement\":[{\"@type\":\"ListItem\",\"position\":1,\"name\":\"Home\",\"item\":\"https:\/\/www.erresse-shop.it\/es\/\"},{\"@type\":\"ListItem\",\"position\":2,\"name\":\"Shop\",\"item\":\"https:\/\/www.erresse-shop.it\/es\/shop\/\"},{\"@type\":\"ListItem\",\"position\":3,\"name\":\"MAGIMIX Juice Expert 3 Extractor de Zumo con Cortador de Verduras Blanco Cromo\"}]},{\"@type\":\"WebSite\",\"@id\":\"https:\/\/www.erresse-shop.it\/es\/#website\",\"url\":\"https:\/\/www.erresse-shop.it\/es\/\",\"name\":\"Erresse Shop\",\"description\":\"Articoli di qualit\u00e0 per la casa\",\"potentialAction\":[{\"@type\":\"SearchAction\",\"target\":{\"@type\":\"EntryPoint\",\"urlTemplate\":\"https:\/\/www.erresse-shop.it\/es\/?s={search_term_string}\"},\"query-input\":\"required name=search_term_string\"}],\"inLanguage\":\"es\"}]}<\/script>\n<!-- \/ Yoast SEO Premium plugin. -->","yoast_head_json":{"title":"MAGIMIX Juice Expert 3 Extractor de Zumo con Cortador de Verduras Blanco Cromo - Erresse Shop","description":"MAGIMIX. GARANT\u00cdA ITALIANA Es en Francia, en el coraz\u00f3n de la Borgo\u00f1a, regi\u00f3n famosa por su gastronom\u00eda, donde Magimix invent\u00f3 el robot de cocina hace m\u00e1s","robots":{"index":"index","follow":"follow","max-snippet":"max-snippet:-1","max-image-preview":"max-image-preview:large","max-video-preview":"max-video-preview:-1"},"canonical":"https:\/\/www.erresse-shop.it\/es\/shop\/pequenos-electrodomesticos\/extractores-y-centrifugas\/magimix-juice-expert-3-extractor-de-zumo-con-cortador-de-verduras-blanco-cromo\/","og_locale":"es_ES","og_type":"article","og_title":"MAGIMIX Juice Expert 3 Extractor de Zumo con Cortador de Verduras Blanco Cromo","og_description":"MAGIMIX. GARANT\u00cdA ITALIANA Es en Francia, en el coraz\u00f3n de la Borgo\u00f1a, regi\u00f3n famosa por su gastronom\u00eda, donde Magimix invent\u00f3 el robot de cocina hace m\u00e1s","og_url":"https:\/\/www.erresse-shop.it\/es\/shop\/pequenos-electrodomesticos\/extractores-y-centrifugas\/magimix-juice-expert-3-extractor-de-zumo-con-cortador-de-verduras-blanco-cromo\/","og_site_name":"Erresse Shop","article_modified_time":"2024-08-27T00:00:13+00:00","og_image":[{"width":800,"height":800,"url":"https:\/\/www.erresse-shop.it\/wp-content\/uploads\/2020\/05\/MAGIMIX-Estrattore-Juice-Expert-3-con-Tagliaverdure-Bianco-Cromo.png","type":"image\/png"}],"twitter_card":"summary_large_image","schema":{"@context":"https:\/\/schema.org","@graph":[{"@type":"WebPage","@id":"https:\/\/www.erresse-shop.it\/es\/shop\/pequenos-electrodomesticos\/extractores-y-centrifugas\/magimix-juice-expert-3-extractor-de-zumo-con-cortador-de-verduras-blanco-cromo\/","url":"https:\/\/www.erresse-shop.it\/es\/shop\/pequenos-electrodomesticos\/extractores-y-centrifugas\/magimix-juice-expert-3-extractor-de-zumo-con-cortador-de-verduras-blanco-cromo\/","name":"MAGIMIX Juice Expert 3 Extractor de Zumo con Cortador de Verduras Blanco Cromo - Erresse Shop","isPartOf":{"@id":"https:\/\/www.erresse-shop.it\/es\/#website"},"datePublished":"2020-05-26T08:52:30+00:00","dateModified":"2024-08-27T00:00:13+00:00","description":"MAGIMIX. GARANT\u00cdA ITALIANA Es en Francia, en el coraz\u00f3n de la Borgo\u00f1a, regi\u00f3n famosa por su gastronom\u00eda, donde Magimix invent\u00f3 el robot de cocina hace m\u00e1s","breadcrumb":{"@id":"https:\/\/www.erresse-shop.it\/es\/shop\/pequenos-electrodomesticos\/extractores-y-centrifugas\/magimix-juice-expert-3-extractor-de-zumo-con-cortador-de-verduras-blanco-cromo\/#breadcrumb"},"inLanguage":"es","potentialAction":[{"@type":"ReadAction","target":["https:\/\/www.erresse-shop.it\/es\/shop\/pequenos-electrodomesticos\/extractores-y-centrifugas\/magimix-juice-expert-3-extractor-de-zumo-con-cortador-de-verduras-blanco-cromo\/"]}]},{"@type":"BreadcrumbList","@id":"https:\/\/www.erresse-shop.it\/es\/shop\/pequenos-electrodomesticos\/extractores-y-centrifugas\/magimix-juice-expert-3-extractor-de-zumo-con-cortador-de-verduras-blanco-cromo\/#breadcrumb","itemListElement":[{"@type":"ListItem","position":1,"name":"Home","item":"https:\/\/www.erresse-shop.it\/es\/"},{"@type":"ListItem","position":2,"name":"Shop","item":"https:\/\/www.erresse-shop.it\/es\/shop\/"},{"@type":"ListItem","position":3,"name":"MAGIMIX Juice Expert 3 Extractor de Zumo con Cortador de Verduras Blanco Cromo"}]},{"@type":"WebSite","@id":"https:\/\/www.erresse-shop.it\/es\/#website","url":"https:\/\/www.erresse-shop.it\/es\/","name":"Erresse Shop","description":"Articoli di qualit\u00e0 per la casa","potentialAction":[{"@type":"SearchAction","target":{"@type":"EntryPoint","urlTemplate":"https:\/\/www.erresse-shop.it\/es\/?s={search_term_string}"},"query-input":"required name=search_term_string"}],"inLanguage":"es"}]}},"df_price":247,"df_sale_price":247,"df_regular_price":380,"df_image_link":"https:\/\/www.erresse-shop.it\/wp-content\/uploads\/2020\/05\/MAGIMIX-Estrattore-Juice-Expert-3-con-Tagliaverdure-Bianco-Cromo-300x300.jpg","_links":{"self":[{"href":"https:\/\/www.erresse-shop.it\/es\/wp-json\/wp\/v2\/product\/119178"}],"collection":[{"href":"https:\/\/www.erresse-shop.it\/es\/wp-json\/wp\/v2\/product"}],"about":[{"href":"https:\/\/www.erresse-shop.it\/es\/wp-json\/wp\/v2\/types\/product"}],"wp:featuredmedia":[{"embeddable":true,"href":"https:\/\/www.erresse-shop.it\/es\/wp-json\/wp\/v2\/media\/507731"}],"wp:attachment":[{"href":"https:\/\/www.erresse-shop.it\/es\/wp-json\/wp\/v2\/media?parent=119178"}],"wp:term":[{"taxonomy":"product_cat","embeddable":true,"href":"https:\/\/www.erresse-shop.it\/es\/wp-json\/wp\/v2\/product_cat?post=119178"},{"taxonomy":"product_tag","embeddable":true,"href":"https:\/\/www.erresse-shop.it\/es\/wp-json\/wp\/v2\/product_tag?post=119178"}],"curies":[{"name":"wp","href":"https:\/\/api.w.org\/{rel}","templated":true}]}}