{"id":119066,"date":"2016-05-04T18:26:05","date_gmt":"2016-05-04T18:26:05","guid":{"rendered":"https:\/\/www.erresse-shop.it\/shop\/sin%20categor\u00eda\/magimix-cook-expert-rojo\/"},"modified":"2024-08-27T00:00:14","modified_gmt":"2024-08-27T00:00:14","slug":"magimix-cook-expert-rojo","status":"publish","type":"product","link":"https:\/\/www.erresse-shop.it\/es\/shop\/pequenos-electrodomesticos\/procesadores-de-alimentos\/magimix-cook-expert-rojo\/","title":{"rendered":"MAGIMIX Cook Expert Rojo"},"content":{"rendered":"<p><span style=\"text-decoration: underline;\"><strong>MAGIMIX.<\/strong> GARANT\u00cdA ITALIANA<\/span><\/p>\n<p><strong>COOK EXPERT \u00a1El verdadero procesador de alimentos multifuncional!<\/strong><\/p>\n<p>Te ayuda a cocinar todos tus platos favoritos de forma r\u00e1pida y sencilla, desde los aperitivos hasta los postres.<\/p>\n<p>Con la aplicaci\u00f3n Cook Expert, tienes acceso a varios cientos de recetas de forma gratuita.<br \/>\nF\u00e1cil de usar: Con su pantalla digital a todo color de f\u00e1cil lectura, Cook Expert es un robot f\u00e1cil de usar y de programar.<br \/>\nEl temporizador (de 5 segundos a 2 horas) le permite medir f\u00e1cilmente el tiempo de sus recetas.<br \/>\nCon su programa AUTO, Cook Expert Magimix dispone de 12 recetas autom\u00e1ticas programadas para facilitar la cocina diaria: basta con pulsar un bot\u00f3n para activarla.<\/p>\n<p>&#8211; Cocinar: pur\u00e9s de verduras, sopas de verduras, cocci\u00f3n a fuego lento, al vapor para cocciones ligeras.<br \/>\n&#8211; Panader\u00eda: preparaci\u00f3n y subida de la masa para el pan y los croissants<br \/>\n&#8211; Pasteler\u00eda: preparaci\u00f3n de masas para pasteles, tartas, pastas frescas, etc.<br \/>\n&#8211; Licuadora: preparaci\u00f3n de batidos, granizados y helados<\/p>\n<p>Con Cook Expert, Magimix representa el estado del arte de los robots de cocina, un robot multifuncional que puede cocinar, eliminando todo el equipo voluminoso de la cocina.<br \/>\nMagimix Cook Expert viene con 4 cuencos y numerosos accesorios, el robot Cook Expert de Magimix es multifuncional y completo.<br \/>\nCook Expert viene con un cuenco met\u00e1lico para cocinar y 3 cuencos transparentes para preparar las bases a cocinar.<\/p>\n<p>Cook Expert Magimix es un aut\u00e9ntico cocinero, gracias a su sistema de calentamiento por inducci\u00f3n, cocina de 31 a 140\u00b0 C, lo que lo convierte en uno de los procesadores de alimentos con mayor potencia calor\u00edfica del mercado.<\/p>\n<p>El robot de cocina Magimix Cook Expert est\u00e1 equipado con un sistema de control de temperatura muy preciso y puede cocinar sus alimentos con la confianza de que est\u00e1 obteniendo el m\u00e1ximo sabor de sus preparaciones.<br \/>\nPuede cocer a fuego lento, fundir lentamente el chocolate y mantener una salsa o sopa a temperatura.<br \/>\nCon su alto rendimiento, puede elevar r\u00e1pidamente la temperatura y permitirle ajustar r\u00e1pidamente la cocci\u00f3n.<\/p>\n<p>Cook Expert Magimix tiene una funci\u00f3n de lavado muy pr\u00e1ctica: el &#8220;aclarado autom\u00e1tico&#8221; que facilita la limpieza despu\u00e9s del uso.<br \/>\nA\u00f1ade agua fr\u00eda con una peque\u00f1a cantidad de jab\u00f3n para lavavajillas, tu Magimix de Cook Expert calienta el agua a 40\u00ba y lava autom\u00e1ticamente en 40 segundos.<br \/>\nNo hay que hacer nada m\u00e1s que aclarar.<\/p>\n<p>Gracias a su bol met\u00e1lico, que tiene una capacidad de 3,5 Lt, podr\u00e1s cocinar:<\/p>\n<p>&#8211; 2,5 litros de sopa o caldo<br \/>\n&#8211; 2,5 litros de comida cocinada a fuego lento (risotto, tajine, guiso, cazuela)<br \/>\n&#8211; 1 kg de pur\u00e9 de patatas<br \/>\n&#8211; 6 claras de huevo batidas a punto de nieve (para sufl\u00e9s, bizcochos)<br \/>\n&#8211; 0,6 kg de verduras al vapor (patatas, zanahorias, br\u00f3coli)<br \/>\n&#8211; 0,8 kg de pan o masa de pizza<br \/>\n&#8211; 0,6 kg de masa de brioche<br \/>\n&#8211; 1,2 Kg de masa de pastel<br \/>\n&#8211; 400 g de fruta congelada (para hacer helado)<\/p>\n<p>Con una doble pared de acero inoxidable, la cubeta Thermo le permite preparar sus platos con antelaci\u00f3n y mantenerlos calientes durante 2 horas.<br \/>\nSu tapa de cristal con una estanqueidad del 100% le permite una visi\u00f3n de 360\u00ba del interior del recipiente.<\/p>\n<p>El cuenco met\u00e1lico se completa con 4 accesorios:<\/p>\n<p>&#8211; 1 cuchilla universal para guisar, batir, amasar, picar hielo, mezclar directamente en el bol<br \/>\n&#8211; 1 cesta de vapor con rejilla intermedia para cocinar platos bajos en grasa<br \/>\n&#8211; 1 batidor para montar las claras a punto de nieve<br \/>\n&#8211; 1 esp\u00e1tula especial para vaciar y limpiar la cubeta<\/p>\n<p>Con los 3 cuencos transparentes, realiza todas las funciones de un robot de cocina:<\/p>\n<p>&#8211; 1 recipiente grande de 3,6 litros para picar y mezclar grandes cantidades (1,4 kg de verduras o 1,4 kg de carne)<br \/>\n&#8211; 1 recipiente mediano de 2,6 litros para cortar y rallar (pepinos, zanahorias, coles)<br \/>\n&#8211; 1 recipiente peque\u00f1o de 1,2 litros para preparar porciones individuales. Ideal para mezclar comidas para beb\u00e9s\/ni\u00f1os o personas mayores, el peque\u00f1o bol de Cook Expert facilita el picado de ajo, hierbas y condimentos.<\/p>\n<p><span style=\"text-decoration: underline;\"><strong>No se vende fuera de Europa<\/strong><\/span><\/p>\n","protected":false},"excerpt":{"rendered":"<p>MAGIMIX. GARANT\u00cdA ITALIANA COOK EXPERT \u00a1El verdadero procesador de alimentos multifuncional! Te ayuda a cocinar todos tus platos favoritos de<\/p>\n","protected":false},"featured_media":119068,"template":"","meta":{"_acf_changed":false,"inline_featured_image":false},"product_cat":[16073,16077],"product_tag":[16651,16652,16259,16644,16654,21333,16653,25023],"acf":[],"yoast_head":"<!-- This site is optimized with the Yoast SEO Premium plugin v18.6 (Yoast SEO v19.13) - https:\/\/yoast.com\/wordpress\/plugins\/seo\/ -->\n<title>MAGIMIX Cook Expert Rojo - Erresse Shop<\/title>\n<meta name=\"description\" content=\"MAGIMIX. GARANT\u00cdA ITALIANA COOK EXPERT \u00a1El verdadero procesador de alimentos multifuncional! Te ayuda a cocinar todos tus platos favoritos de forma r\u00e1pida\" \/>\n<meta name=\"robots\" content=\"index, follow, max-snippet:-1, max-image-preview:large, max-video-preview:-1\" \/>\n<link rel=\"canonical\" href=\"https:\/\/www.erresse-shop.it\/es\/shop\/pequenos-electrodomesticos\/procesadores-de-alimentos\/magimix-cook-expert-rojo\/\" \/>\n<meta property=\"og:locale\" content=\"es_ES\" \/>\n<meta property=\"og:type\" content=\"article\" \/>\n<meta property=\"og:title\" content=\"MAGIMIX Cook Expert Rojo\" \/>\n<meta property=\"og:description\" content=\"MAGIMIX. GARANT\u00cdA ITALIANA COOK EXPERT \u00a1El verdadero procesador de alimentos multifuncional! Te ayuda a cocinar todos tus platos favoritos de forma r\u00e1pida\" \/>\n<meta property=\"og:url\" content=\"https:\/\/www.erresse-shop.it\/es\/shop\/pequenos-electrodomesticos\/procesadores-de-alimentos\/magimix-cook-expert-rojo\/\" \/>\n<meta property=\"og:site_name\" content=\"Erresse Shop\" \/>\n<meta property=\"article:modified_time\" content=\"2024-08-27T00:00:14+00:00\" \/>\n<meta property=\"og:image\" content=\"https:\/\/www.erresse-shop.it\/wp-content\/uploads\/2019\/07\/Cook-expertrosso-1.jpg\" \/>\n\t<meta property=\"og:image:width\" content=\"570\" \/>\n\t<meta property=\"og:image:height\" content=\"555\" \/>\n\t<meta property=\"og:image:type\" content=\"image\/jpeg\" \/>\n<meta name=\"twitter:card\" content=\"summary_large_image\" \/>\n<script type=\"application\/ld+json\" class=\"yoast-schema-graph\">{\"@context\":\"https:\/\/schema.org\",\"@graph\":[{\"@type\":\"WebPage\",\"@id\":\"https:\/\/www.erresse-shop.it\/es\/shop\/pequenos-electrodomesticos\/procesadores-de-alimentos\/magimix-cook-expert-rojo\/\",\"url\":\"https:\/\/www.erresse-shop.it\/es\/shop\/pequenos-electrodomesticos\/procesadores-de-alimentos\/magimix-cook-expert-rojo\/\",\"name\":\"MAGIMIX Cook Expert Rojo - Erresse Shop\",\"isPartOf\":{\"@id\":\"https:\/\/www.erresse-shop.it\/es\/#website\"},\"datePublished\":\"2016-05-04T18:26:05+00:00\",\"dateModified\":\"2024-08-27T00:00:14+00:00\",\"description\":\"MAGIMIX. GARANT\u00cdA ITALIANA COOK EXPERT \u00a1El verdadero procesador de alimentos multifuncional! Te ayuda a cocinar todos tus platos favoritos de forma r\u00e1pida\",\"breadcrumb\":{\"@id\":\"https:\/\/www.erresse-shop.it\/es\/shop\/pequenos-electrodomesticos\/procesadores-de-alimentos\/magimix-cook-expert-rojo\/#breadcrumb\"},\"inLanguage\":\"es\",\"potentialAction\":[{\"@type\":\"ReadAction\",\"target\":[\"https:\/\/www.erresse-shop.it\/es\/shop\/pequenos-electrodomesticos\/procesadores-de-alimentos\/magimix-cook-expert-rojo\/\"]}]},{\"@type\":\"BreadcrumbList\",\"@id\":\"https:\/\/www.erresse-shop.it\/es\/shop\/pequenos-electrodomesticos\/procesadores-de-alimentos\/magimix-cook-expert-rojo\/#breadcrumb\",\"itemListElement\":[{\"@type\":\"ListItem\",\"position\":1,\"name\":\"Home\",\"item\":\"https:\/\/www.erresse-shop.it\/es\/\"},{\"@type\":\"ListItem\",\"position\":2,\"name\":\"Shop\",\"item\":\"https:\/\/www.erresse-shop.it\/es\/shop\/\"},{\"@type\":\"ListItem\",\"position\":3,\"name\":\"MAGIMIX Cook Expert Rojo\"}]},{\"@type\":\"WebSite\",\"@id\":\"https:\/\/www.erresse-shop.it\/es\/#website\",\"url\":\"https:\/\/www.erresse-shop.it\/es\/\",\"name\":\"Erresse Shop\",\"description\":\"Articoli di qualit\u00e0 per la casa\",\"potentialAction\":[{\"@type\":\"SearchAction\",\"target\":{\"@type\":\"EntryPoint\",\"urlTemplate\":\"https:\/\/www.erresse-shop.it\/es\/?s={search_term_string}\"},\"query-input\":\"required name=search_term_string\"}],\"inLanguage\":\"es\"}]}<\/script>\n<!-- \/ Yoast SEO Premium plugin. -->","yoast_head_json":{"title":"MAGIMIX Cook Expert Rojo - Erresse Shop","description":"MAGIMIX. GARANT\u00cdA ITALIANA COOK EXPERT \u00a1El verdadero procesador de alimentos multifuncional! Te ayuda a cocinar todos tus platos favoritos de forma r\u00e1pida","robots":{"index":"index","follow":"follow","max-snippet":"max-snippet:-1","max-image-preview":"max-image-preview:large","max-video-preview":"max-video-preview:-1"},"canonical":"https:\/\/www.erresse-shop.it\/es\/shop\/pequenos-electrodomesticos\/procesadores-de-alimentos\/magimix-cook-expert-rojo\/","og_locale":"es_ES","og_type":"article","og_title":"MAGIMIX Cook Expert Rojo","og_description":"MAGIMIX. GARANT\u00cdA ITALIANA COOK EXPERT \u00a1El verdadero procesador de alimentos multifuncional! Te ayuda a cocinar todos tus platos favoritos de forma r\u00e1pida","og_url":"https:\/\/www.erresse-shop.it\/es\/shop\/pequenos-electrodomesticos\/procesadores-de-alimentos\/magimix-cook-expert-rojo\/","og_site_name":"Erresse Shop","article_modified_time":"2024-08-27T00:00:14+00:00","og_image":[{"width":570,"height":555,"url":"https:\/\/www.erresse-shop.it\/wp-content\/uploads\/2019\/07\/Cook-expertrosso-1.jpg","type":"image\/jpeg"}],"twitter_card":"summary_large_image","schema":{"@context":"https:\/\/schema.org","@graph":[{"@type":"WebPage","@id":"https:\/\/www.erresse-shop.it\/es\/shop\/pequenos-electrodomesticos\/procesadores-de-alimentos\/magimix-cook-expert-rojo\/","url":"https:\/\/www.erresse-shop.it\/es\/shop\/pequenos-electrodomesticos\/procesadores-de-alimentos\/magimix-cook-expert-rojo\/","name":"MAGIMIX Cook Expert Rojo - Erresse Shop","isPartOf":{"@id":"https:\/\/www.erresse-shop.it\/es\/#website"},"datePublished":"2016-05-04T18:26:05+00:00","dateModified":"2024-08-27T00:00:14+00:00","description":"MAGIMIX. GARANT\u00cdA ITALIANA COOK EXPERT \u00a1El verdadero procesador de alimentos multifuncional! Te ayuda a cocinar todos tus platos favoritos de forma r\u00e1pida","breadcrumb":{"@id":"https:\/\/www.erresse-shop.it\/es\/shop\/pequenos-electrodomesticos\/procesadores-de-alimentos\/magimix-cook-expert-rojo\/#breadcrumb"},"inLanguage":"es","potentialAction":[{"@type":"ReadAction","target":["https:\/\/www.erresse-shop.it\/es\/shop\/pequenos-electrodomesticos\/procesadores-de-alimentos\/magimix-cook-expert-rojo\/"]}]},{"@type":"BreadcrumbList","@id":"https:\/\/www.erresse-shop.it\/es\/shop\/pequenos-electrodomesticos\/procesadores-de-alimentos\/magimix-cook-expert-rojo\/#breadcrumb","itemListElement":[{"@type":"ListItem","position":1,"name":"Home","item":"https:\/\/www.erresse-shop.it\/es\/"},{"@type":"ListItem","position":2,"name":"Shop","item":"https:\/\/www.erresse-shop.it\/es\/shop\/"},{"@type":"ListItem","position":3,"name":"MAGIMIX Cook Expert Rojo"}]},{"@type":"WebSite","@id":"https:\/\/www.erresse-shop.it\/es\/#website","url":"https:\/\/www.erresse-shop.it\/es\/","name":"Erresse Shop","description":"Articoli di qualit\u00e0 per la casa","potentialAction":[{"@type":"SearchAction","target":{"@type":"EntryPoint","urlTemplate":"https:\/\/www.erresse-shop.it\/es\/?s={search_term_string}"},"query-input":"required name=search_term_string"}],"inLanguage":"es"}]}},"df_price":910,"df_sale_price":910,"df_regular_price":1400,"df_image_link":"https:\/\/www.erresse-shop.it\/wp-content\/uploads\/2019\/07\/Cook-expertrosso-1-300x292.jpg","_links":{"self":[{"href":"https:\/\/www.erresse-shop.it\/es\/wp-json\/wp\/v2\/product\/119066"}],"collection":[{"href":"https:\/\/www.erresse-shop.it\/es\/wp-json\/wp\/v2\/product"}],"about":[{"href":"https:\/\/www.erresse-shop.it\/es\/wp-json\/wp\/v2\/types\/product"}],"wp:featuredmedia":[{"embeddable":true,"href":"https:\/\/www.erresse-shop.it\/es\/wp-json\/wp\/v2\/media\/119068"}],"wp:attachment":[{"href":"https:\/\/www.erresse-shop.it\/es\/wp-json\/wp\/v2\/media?parent=119066"}],"wp:term":[{"taxonomy":"product_cat","embeddable":true,"href":"https:\/\/www.erresse-shop.it\/es\/wp-json\/wp\/v2\/product_cat?post=119066"},{"taxonomy":"product_tag","embeddable":true,"href":"https:\/\/www.erresse-shop.it\/es\/wp-json\/wp\/v2\/product_tag?post=119066"}],"curies":[{"name":"wp","href":"https:\/\/api.w.org\/{rel}","templated":true}]}}