{"id":119059,"date":"2015-10-10T11:12:23","date_gmt":"2015-10-10T11:12:23","guid":{"rendered":"https:\/\/www.erresse-shop.it\/shop\/sin%20categor\u00eda\/magimix-kit-de-accesorios-3-discos-de-cocina-para-3200-4200-5200\/"},"modified":"2023-05-30T07:33:01","modified_gmt":"2023-05-30T07:33:01","slug":"magimix-kit-de-accesorios-3-discos-de-cocina-para-3200-4200-5200","status":"publish","type":"product","link":"https:\/\/www.erresse-shop.it\/es\/shop\/pequenos-electrodomesticos\/procesadores-de-alimentos\/magimix-kit-de-accesorios-3-discos-de-cocina-para-3200-4200-5200\/","title":{"rendered":"MAGIMIX Kit de Accesorios 3 Discos de Cocina para 3200-4200-5200"},"content":{"rendered":"<p><span style=\"text-decoration: underline;\"><strong>MAGIMIX.<\/strong> GARANT\u00cdA ITALIANA<\/span><\/p>\n<p>Es en Francia, en el coraz\u00f3n de la Borgo\u00f1a, regi\u00f3n famosa por su gastronom\u00eda, donde Magimix invent\u00f3 el robot de cocina hace m\u00e1s de cuarenta a\u00f1os.<br \/>\nHoy en d\u00eda, los aparatos Magimix son la versi\u00f3n dom\u00e9stica de los aparatos dise\u00f1ados para los profesionales. Los mejores restaurantes del mundo utilizan la versi\u00f3n profesional de nuestros productos.<br \/>\nDentro de la gama Magimix, encontrar\u00e1 toda la gama de peque\u00f1os electrodom\u00e9sticos de cocina.<br \/>\nSiempre a la vanguardia de la innovaci\u00f3n en la cocina, Magimix se complace en presentar su \u00faltima colecci\u00f3n para el placer de cocinar como un gran cocinero.<\/p>\n<p><strong>Kit de disco de corte<\/strong><\/p>\n<p>El kit incluye un disco de corte en juliana, un disco de corte en juliana ancho y un disco de corte acanalado. \u00a1Con este kit podr\u00e1s cortar frutas y verduras como un chef!<\/p>\n","protected":false},"excerpt":{"rendered":"<p>MAGIMIX. GARANT\u00cdA ITALIANA Es en Francia, en el coraz\u00f3n de la Borgo\u00f1a, regi\u00f3n famosa por su gastronom\u00eda, donde Magimix invent\u00f3<\/p>\n","protected":false},"featured_media":119060,"template":"","meta":{"_acf_changed":false,"inline_featured_image":false},"product_cat":[16073,16077],"product_tag":[16259,16644,16654,25023],"acf":[],"yoast_head":"<!-- This site is optimized with the Yoast SEO Premium plugin v18.6 (Yoast SEO v19.13) - https:\/\/yoast.com\/wordpress\/plugins\/seo\/ -->\n<title>MAGIMIX Kit de Accesorios 3 Discos de Cocina para 3200-4200-5200 - Erresse Shop<\/title>\n<meta name=\"description\" content=\"MAGIMIX. GARANT\u00cdA ITALIANA Es en Francia, en el coraz\u00f3n de la Borgo\u00f1a, regi\u00f3n famosa por su gastronom\u00eda, donde Magimix invent\u00f3 el robot de cocina hace m\u00e1s\" \/>\n<meta name=\"robots\" content=\"index, follow, max-snippet:-1, max-image-preview:large, max-video-preview:-1\" \/>\n<link rel=\"canonical\" href=\"https:\/\/www.erresse-shop.it\/es\/shop\/pequenos-electrodomesticos\/procesadores-de-alimentos\/magimix-kit-de-accesorios-3-discos-de-cocina-para-3200-4200-5200\/\" \/>\n<meta property=\"og:locale\" content=\"es_ES\" \/>\n<meta property=\"og:type\" content=\"article\" \/>\n<meta property=\"og:title\" content=\"MAGIMIX Kit de Accesorios 3 Discos de Cocina para 3200-4200-5200\" \/>\n<meta property=\"og:description\" content=\"MAGIMIX. GARANT\u00cdA ITALIANA Es en Francia, en el coraz\u00f3n de la Borgo\u00f1a, regi\u00f3n famosa por su gastronom\u00eda, donde Magimix invent\u00f3 el robot de cocina hace m\u00e1s\" \/>\n<meta property=\"og:url\" content=\"https:\/\/www.erresse-shop.it\/es\/shop\/pequenos-electrodomesticos\/procesadores-de-alimentos\/magimix-kit-de-accesorios-3-discos-de-cocina-para-3200-4200-5200\/\" \/>\n<meta property=\"og:site_name\" content=\"Erresse Shop\" \/>\n<meta property=\"article:modified_time\" content=\"2023-05-30T07:33:01+00:00\" \/>\n<meta property=\"og:image\" content=\"https:\/\/www.erresse-shop.it\/wp-content\/uploads\/2015\/10\/products-coffret-cuisine-creative2.jpg\" \/>\n\t<meta property=\"og:image:width\" content=\"400\" \/>\n\t<meta property=\"og:image:height\" content=\"400\" \/>\n\t<meta property=\"og:image:type\" content=\"image\/jpeg\" \/>\n<meta name=\"twitter:card\" content=\"summary_large_image\" \/>\n<script type=\"application\/ld+json\" class=\"yoast-schema-graph\">{\"@context\":\"https:\/\/schema.org\",\"@graph\":[{\"@type\":\"WebPage\",\"@id\":\"https:\/\/www.erresse-shop.it\/es\/shop\/pequenos-electrodomesticos\/procesadores-de-alimentos\/magimix-kit-de-accesorios-3-discos-de-cocina-para-3200-4200-5200\/\",\"url\":\"https:\/\/www.erresse-shop.it\/es\/shop\/pequenos-electrodomesticos\/procesadores-de-alimentos\/magimix-kit-de-accesorios-3-discos-de-cocina-para-3200-4200-5200\/\",\"name\":\"MAGIMIX Kit de Accesorios 3 Discos de Cocina para 3200-4200-5200 - Erresse Shop\",\"isPartOf\":{\"@id\":\"https:\/\/www.erresse-shop.it\/es\/#website\"},\"datePublished\":\"2015-10-10T11:12:23+00:00\",\"dateModified\":\"2023-05-30T07:33:01+00:00\",\"description\":\"MAGIMIX. GARANT\u00cdA ITALIANA Es en Francia, en el coraz\u00f3n de la Borgo\u00f1a, regi\u00f3n famosa por su gastronom\u00eda, donde Magimix invent\u00f3 el robot de cocina hace m\u00e1s\",\"breadcrumb\":{\"@id\":\"https:\/\/www.erresse-shop.it\/es\/shop\/pequenos-electrodomesticos\/procesadores-de-alimentos\/magimix-kit-de-accesorios-3-discos-de-cocina-para-3200-4200-5200\/#breadcrumb\"},\"inLanguage\":\"es\",\"potentialAction\":[{\"@type\":\"ReadAction\",\"target\":[\"https:\/\/www.erresse-shop.it\/es\/shop\/pequenos-electrodomesticos\/procesadores-de-alimentos\/magimix-kit-de-accesorios-3-discos-de-cocina-para-3200-4200-5200\/\"]}]},{\"@type\":\"BreadcrumbList\",\"@id\":\"https:\/\/www.erresse-shop.it\/es\/shop\/pequenos-electrodomesticos\/procesadores-de-alimentos\/magimix-kit-de-accesorios-3-discos-de-cocina-para-3200-4200-5200\/#breadcrumb\",\"itemListElement\":[{\"@type\":\"ListItem\",\"position\":1,\"name\":\"Home\",\"item\":\"https:\/\/www.erresse-shop.it\/es\/\"},{\"@type\":\"ListItem\",\"position\":2,\"name\":\"Shop\",\"item\":\"https:\/\/www.erresse-shop.it\/es\/shop\/\"},{\"@type\":\"ListItem\",\"position\":3,\"name\":\"MAGIMIX Kit de Accesorios 3 Discos de Cocina para 3200-4200-5200\"}]},{\"@type\":\"WebSite\",\"@id\":\"https:\/\/www.erresse-shop.it\/es\/#website\",\"url\":\"https:\/\/www.erresse-shop.it\/es\/\",\"name\":\"Erresse Shop\",\"description\":\"Articoli di qualit\u00e0 per la casa\",\"potentialAction\":[{\"@type\":\"SearchAction\",\"target\":{\"@type\":\"EntryPoint\",\"urlTemplate\":\"https:\/\/www.erresse-shop.it\/es\/?s={search_term_string}\"},\"query-input\":\"required name=search_term_string\"}],\"inLanguage\":\"es\"}]}<\/script>\n<!-- \/ Yoast SEO Premium plugin. -->","yoast_head_json":{"title":"MAGIMIX Kit de Accesorios 3 Discos de Cocina para 3200-4200-5200 - Erresse Shop","description":"MAGIMIX. GARANT\u00cdA ITALIANA Es en Francia, en el coraz\u00f3n de la Borgo\u00f1a, regi\u00f3n famosa por su gastronom\u00eda, donde Magimix invent\u00f3 el robot de cocina hace m\u00e1s","robots":{"index":"index","follow":"follow","max-snippet":"max-snippet:-1","max-image-preview":"max-image-preview:large","max-video-preview":"max-video-preview:-1"},"canonical":"https:\/\/www.erresse-shop.it\/es\/shop\/pequenos-electrodomesticos\/procesadores-de-alimentos\/magimix-kit-de-accesorios-3-discos-de-cocina-para-3200-4200-5200\/","og_locale":"es_ES","og_type":"article","og_title":"MAGIMIX Kit de Accesorios 3 Discos de Cocina para 3200-4200-5200","og_description":"MAGIMIX. GARANT\u00cdA ITALIANA Es en Francia, en el coraz\u00f3n de la Borgo\u00f1a, regi\u00f3n famosa por su gastronom\u00eda, donde Magimix invent\u00f3 el robot de cocina hace m\u00e1s","og_url":"https:\/\/www.erresse-shop.it\/es\/shop\/pequenos-electrodomesticos\/procesadores-de-alimentos\/magimix-kit-de-accesorios-3-discos-de-cocina-para-3200-4200-5200\/","og_site_name":"Erresse Shop","article_modified_time":"2023-05-30T07:33:01+00:00","og_image":[{"width":400,"height":400,"url":"https:\/\/www.erresse-shop.it\/wp-content\/uploads\/2015\/10\/products-coffret-cuisine-creative2.jpg","type":"image\/jpeg"}],"twitter_card":"summary_large_image","schema":{"@context":"https:\/\/schema.org","@graph":[{"@type":"WebPage","@id":"https:\/\/www.erresse-shop.it\/es\/shop\/pequenos-electrodomesticos\/procesadores-de-alimentos\/magimix-kit-de-accesorios-3-discos-de-cocina-para-3200-4200-5200\/","url":"https:\/\/www.erresse-shop.it\/es\/shop\/pequenos-electrodomesticos\/procesadores-de-alimentos\/magimix-kit-de-accesorios-3-discos-de-cocina-para-3200-4200-5200\/","name":"MAGIMIX Kit de Accesorios 3 Discos de Cocina para 3200-4200-5200 - Erresse Shop","isPartOf":{"@id":"https:\/\/www.erresse-shop.it\/es\/#website"},"datePublished":"2015-10-10T11:12:23+00:00","dateModified":"2023-05-30T07:33:01+00:00","description":"MAGIMIX. GARANT\u00cdA ITALIANA Es en Francia, en el coraz\u00f3n de la Borgo\u00f1a, regi\u00f3n famosa por su gastronom\u00eda, donde Magimix invent\u00f3 el robot de cocina hace m\u00e1s","breadcrumb":{"@id":"https:\/\/www.erresse-shop.it\/es\/shop\/pequenos-electrodomesticos\/procesadores-de-alimentos\/magimix-kit-de-accesorios-3-discos-de-cocina-para-3200-4200-5200\/#breadcrumb"},"inLanguage":"es","potentialAction":[{"@type":"ReadAction","target":["https:\/\/www.erresse-shop.it\/es\/shop\/pequenos-electrodomesticos\/procesadores-de-alimentos\/magimix-kit-de-accesorios-3-discos-de-cocina-para-3200-4200-5200\/"]}]},{"@type":"BreadcrumbList","@id":"https:\/\/www.erresse-shop.it\/es\/shop\/pequenos-electrodomesticos\/procesadores-de-alimentos\/magimix-kit-de-accesorios-3-discos-de-cocina-para-3200-4200-5200\/#breadcrumb","itemListElement":[{"@type":"ListItem","position":1,"name":"Home","item":"https:\/\/www.erresse-shop.it\/es\/"},{"@type":"ListItem","position":2,"name":"Shop","item":"https:\/\/www.erresse-shop.it\/es\/shop\/"},{"@type":"ListItem","position":3,"name":"MAGIMIX Kit de Accesorios 3 Discos de Cocina para 3200-4200-5200"}]},{"@type":"WebSite","@id":"https:\/\/www.erresse-shop.it\/es\/#website","url":"https:\/\/www.erresse-shop.it\/es\/","name":"Erresse Shop","description":"Articoli di qualit\u00e0 per la casa","potentialAction":[{"@type":"SearchAction","target":{"@type":"EntryPoint","urlTemplate":"https:\/\/www.erresse-shop.it\/es\/?s={search_term_string}"},"query-input":"required name=search_term_string"}],"inLanguage":"es"}]}},"df_price":65,"df_sale_price":65,"df_regular_price":100,"df_image_link":"https:\/\/www.erresse-shop.it\/wp-content\/uploads\/2015\/10\/products-coffret-cuisine-creative2-300x300.jpg","_links":{"self":[{"href":"https:\/\/www.erresse-shop.it\/es\/wp-json\/wp\/v2\/product\/119059"}],"collection":[{"href":"https:\/\/www.erresse-shop.it\/es\/wp-json\/wp\/v2\/product"}],"about":[{"href":"https:\/\/www.erresse-shop.it\/es\/wp-json\/wp\/v2\/types\/product"}],"wp:featuredmedia":[{"embeddable":true,"href":"https:\/\/www.erresse-shop.it\/es\/wp-json\/wp\/v2\/media\/119060"}],"wp:attachment":[{"href":"https:\/\/www.erresse-shop.it\/es\/wp-json\/wp\/v2\/media?parent=119059"}],"wp:term":[{"taxonomy":"product_cat","embeddable":true,"href":"https:\/\/www.erresse-shop.it\/es\/wp-json\/wp\/v2\/product_cat?post=119059"},{"taxonomy":"product_tag","embeddable":true,"href":"https:\/\/www.erresse-shop.it\/es\/wp-json\/wp\/v2\/product_tag?post=119059"}],"curies":[{"name":"wp","href":"https:\/\/api.w.org\/{rel}","templated":true}]}}