{"id":119035,"date":"2015-05-23T16:43:29","date_gmt":"2015-05-23T16:43:29","guid":{"rendered":"https:\/\/www.erresse-shop.it\/shop\/sin%20categor\u00eda\/magimix-vaporera-multifuncion\/"},"modified":"2024-10-15T00:00:05","modified_gmt":"2024-10-15T00:00:05","slug":"magimix-vaporera-multifuncion","status":"publish","type":"product","link":"https:\/\/www.erresse-shop.it\/es\/shop\/pequenos-electrodomesticos\/vaporeras\/magimix-vaporera-multifuncion\/","title":{"rendered":"MAGIMIX Vaporera Multifunci\u00f3n"},"content":{"rendered":"<p><span style=\"text-decoration: underline;\"><strong>MAGIMIX.<\/strong> GARANT\u00cdA ITALIANA<\/span><\/p>\n<p>Es en Francia, en el coraz\u00f3n de la Borgo\u00f1a, regi\u00f3n famosa por su gastronom\u00eda, donde Magimix invent\u00f3 el robot de cocina hace m\u00e1s de cuarenta a\u00f1os.<br \/>\nHoy en d\u00eda, los aparatos Magimix son la versi\u00f3n dom\u00e9stica de los aparatos dise\u00f1ados para los profesionales. Los mejores restaurantes del mundo utilizan la versi\u00f3n profesional de nuestros productos.<br \/>\nDentro de la gama Magimix, encontrar\u00e1 toda la gama de peque\u00f1os electrodom\u00e9sticos de cocina.<br \/>\nSiempre a la vanguardia de la innovaci\u00f3n en la cocina, Magimix se complace en presentar su \u00faltima colecci\u00f3n para el placer de cocinar como un gran cocinero.<\/p>\n<p><strong>VAPORIZADOR MULTIFUNCI\u00d3N<\/strong><\/p>\n<p>La cocci\u00f3n al vapor combina la salud y el sabor de los alimentos. Las verduras se mantienen crujientes, las carnes bien cocinadas se mantienen m\u00e1s suaves, el pescado conserva su aroma&#8230;<br \/>\nElemento calefactor ultrapotente (1900 W) para alcanzar la temperatura r\u00e1pidamente.<br \/>\n2 cestas de acero inoxidable de 5,5 litros para cocinar diferentes alimentos simult\u00e1neamente y conservar las vitaminas y sabores de cada uno de ellos.<br \/>\nVolumen m\u00e1ximo: la cesta superior tiene un fondo extra\u00edble para variar la capacidad y cocinar piezas m\u00e1s grandes (pollo, alcachofas, etc.).<br \/>\nCapacidad total: 12,2 litros.<\/p>\n<p><strong>DESCRIPCI\u00d3N T\u00c9CNICA<\/strong><br \/>\nCapacidad 2 cestas de 5,5 litros<br \/>\n4 funciones preprogramadas: vapor, pescado, yogur, calentador de alimentos<br \/>\nVapor &#8211; 100\u00b0 carne, verduras, arroz, postre<br \/>\nPescado &#8211; Cocci\u00f3n suave a 80\u00ba para respetar la consistencia del pescado<br \/>\nCalentador de alimentos &#8211; 60\u00b0 para mantener el calor o recalentar<br \/>\nYogur &#8211; Yogur casero de 40\u00ba<br \/>\nCesta de volumen m\u00e1ximo de 12,2 l con fondo extra\u00edble<br \/>\nDep\u00f3sito de agua de acero inoxidable de 1,2 litros<br \/>\nTemporizador digital con parada autom\u00e1tica<br \/>\nCesta multifunci\u00f3n de acero inoxidable<br \/>\nPortahuevos integrado para 6 huevos<br \/>\nCesta de vapor de acero inoxidable<br \/>\nTapa de cristal<br \/>\nCable extra\u00edble<br \/>\nApto para el lavavajillas<br \/>\nSeguridad de vac\u00edo, indicador de sonido<\/p>\n<p>Material 0% BPA<br \/>\nPotencia 1900 W<br \/>\nGarant\u00eda 3 a\u00f1os<br \/>\nDimensiones H295 x W390 x P261 mm<br \/>\nPeso 4,3 kg<\/p>\n<p><span style=\"text-decoration: underline;\"><strong>No se vende fuera de Europa<\/strong><\/span><\/p>\n","protected":false},"excerpt":{"rendered":"<p>MAGIMIX. GARANT\u00cdA ITALIANA Es en Francia, en el coraz\u00f3n de la Borgo\u00f1a, regi\u00f3n famosa por su gastronom\u00eda, donde Magimix invent\u00f3<\/p>\n","protected":false},"featured_media":119036,"template":"","meta":{"_acf_changed":false,"inline_featured_image":false},"product_cat":[16073,16085],"product_tag":[23662,16259,24417,16654,16650,25023],"acf":[],"yoast_head":"<!-- This site is optimized with the Yoast SEO Premium plugin v18.6 (Yoast SEO v19.13) - https:\/\/yoast.com\/wordpress\/plugins\/seo\/ -->\n<title>MAGIMIX Vaporera Multifunci\u00f3n - Erresse Shop<\/title>\n<meta name=\"description\" content=\"MAGIMIX. GARANT\u00cdA ITALIANA Es en Francia, en el coraz\u00f3n de la Borgo\u00f1a, regi\u00f3n famosa por su gastronom\u00eda, donde Magimix invent\u00f3 el robot de cocina hace m\u00e1s\" \/>\n<meta name=\"robots\" content=\"index, follow, max-snippet:-1, max-image-preview:large, max-video-preview:-1\" \/>\n<link rel=\"canonical\" href=\"https:\/\/www.erresse-shop.it\/es\/shop\/pequenos-electrodomesticos\/vaporeras\/magimix-vaporera-multifuncion\/\" \/>\n<meta property=\"og:locale\" content=\"es_ES\" \/>\n<meta property=\"og:type\" content=\"article\" \/>\n<meta property=\"og:title\" content=\"MAGIMIX Vaporera Multifunci\u00f3n\" \/>\n<meta property=\"og:description\" content=\"MAGIMIX. GARANT\u00cdA ITALIANA Es en Francia, en el coraz\u00f3n de la Borgo\u00f1a, regi\u00f3n famosa por su gastronom\u00eda, donde Magimix invent\u00f3 el robot de cocina hace m\u00e1s\" \/>\n<meta property=\"og:url\" content=\"https:\/\/www.erresse-shop.it\/es\/shop\/pequenos-electrodomesticos\/vaporeras\/magimix-vaporera-multifuncion\/\" \/>\n<meta property=\"og:site_name\" content=\"Erresse Shop\" \/>\n<meta property=\"article:modified_time\" content=\"2024-10-15T00:00:05+00:00\" \/>\n<meta property=\"og:image\" content=\"https:\/\/www.erresse-shop.it\/wp-content\/uploads\/2015\/05\/products-63177606111581.jpg\" \/>\n\t<meta property=\"og:image:width\" content=\"570\" \/>\n\t<meta property=\"og:image:height\" content=\"555\" \/>\n\t<meta property=\"og:image:type\" content=\"image\/jpeg\" \/>\n<meta name=\"twitter:card\" content=\"summary_large_image\" \/>\n<script type=\"application\/ld+json\" class=\"yoast-schema-graph\">{\"@context\":\"https:\/\/schema.org\",\"@graph\":[{\"@type\":\"WebPage\",\"@id\":\"https:\/\/www.erresse-shop.it\/es\/shop\/pequenos-electrodomesticos\/vaporeras\/magimix-vaporera-multifuncion\/\",\"url\":\"https:\/\/www.erresse-shop.it\/es\/shop\/pequenos-electrodomesticos\/vaporeras\/magimix-vaporera-multifuncion\/\",\"name\":\"MAGIMIX Vaporera Multifunci\u00f3n - Erresse Shop\",\"isPartOf\":{\"@id\":\"https:\/\/www.erresse-shop.it\/es\/#website\"},\"datePublished\":\"2015-05-23T16:43:29+00:00\",\"dateModified\":\"2024-10-15T00:00:05+00:00\",\"description\":\"MAGIMIX. GARANT\u00cdA ITALIANA Es en Francia, en el coraz\u00f3n de la Borgo\u00f1a, regi\u00f3n famosa por su gastronom\u00eda, donde Magimix invent\u00f3 el robot de cocina hace m\u00e1s\",\"breadcrumb\":{\"@id\":\"https:\/\/www.erresse-shop.it\/es\/shop\/pequenos-electrodomesticos\/vaporeras\/magimix-vaporera-multifuncion\/#breadcrumb\"},\"inLanguage\":\"es\",\"potentialAction\":[{\"@type\":\"ReadAction\",\"target\":[\"https:\/\/www.erresse-shop.it\/es\/shop\/pequenos-electrodomesticos\/vaporeras\/magimix-vaporera-multifuncion\/\"]}]},{\"@type\":\"BreadcrumbList\",\"@id\":\"https:\/\/www.erresse-shop.it\/es\/shop\/pequenos-electrodomesticos\/vaporeras\/magimix-vaporera-multifuncion\/#breadcrumb\",\"itemListElement\":[{\"@type\":\"ListItem\",\"position\":1,\"name\":\"Home\",\"item\":\"https:\/\/www.erresse-shop.it\/es\/\"},{\"@type\":\"ListItem\",\"position\":2,\"name\":\"Shop\",\"item\":\"https:\/\/www.erresse-shop.it\/es\/shop\/\"},{\"@type\":\"ListItem\",\"position\":3,\"name\":\"MAGIMIX Vaporera Multifunci\u00f3n\"}]},{\"@type\":\"WebSite\",\"@id\":\"https:\/\/www.erresse-shop.it\/es\/#website\",\"url\":\"https:\/\/www.erresse-shop.it\/es\/\",\"name\":\"Erresse Shop\",\"description\":\"Articoli di qualit\u00e0 per la casa\",\"potentialAction\":[{\"@type\":\"SearchAction\",\"target\":{\"@type\":\"EntryPoint\",\"urlTemplate\":\"https:\/\/www.erresse-shop.it\/es\/?s={search_term_string}\"},\"query-input\":\"required name=search_term_string\"}],\"inLanguage\":\"es\"}]}<\/script>\n<!-- \/ Yoast SEO Premium plugin. -->","yoast_head_json":{"title":"MAGIMIX Vaporera Multifunci\u00f3n - Erresse Shop","description":"MAGIMIX. GARANT\u00cdA ITALIANA Es en Francia, en el coraz\u00f3n de la Borgo\u00f1a, regi\u00f3n famosa por su gastronom\u00eda, donde Magimix invent\u00f3 el robot de cocina hace m\u00e1s","robots":{"index":"index","follow":"follow","max-snippet":"max-snippet:-1","max-image-preview":"max-image-preview:large","max-video-preview":"max-video-preview:-1"},"canonical":"https:\/\/www.erresse-shop.it\/es\/shop\/pequenos-electrodomesticos\/vaporeras\/magimix-vaporera-multifuncion\/","og_locale":"es_ES","og_type":"article","og_title":"MAGIMIX Vaporera Multifunci\u00f3n","og_description":"MAGIMIX. GARANT\u00cdA ITALIANA Es en Francia, en el coraz\u00f3n de la Borgo\u00f1a, regi\u00f3n famosa por su gastronom\u00eda, donde Magimix invent\u00f3 el robot de cocina hace m\u00e1s","og_url":"https:\/\/www.erresse-shop.it\/es\/shop\/pequenos-electrodomesticos\/vaporeras\/magimix-vaporera-multifuncion\/","og_site_name":"Erresse Shop","article_modified_time":"2024-10-15T00:00:05+00:00","og_image":[{"width":570,"height":555,"url":"https:\/\/www.erresse-shop.it\/wp-content\/uploads\/2015\/05\/products-63177606111581.jpg","type":"image\/jpeg"}],"twitter_card":"summary_large_image","schema":{"@context":"https:\/\/schema.org","@graph":[{"@type":"WebPage","@id":"https:\/\/www.erresse-shop.it\/es\/shop\/pequenos-electrodomesticos\/vaporeras\/magimix-vaporera-multifuncion\/","url":"https:\/\/www.erresse-shop.it\/es\/shop\/pequenos-electrodomesticos\/vaporeras\/magimix-vaporera-multifuncion\/","name":"MAGIMIX Vaporera Multifunci\u00f3n - Erresse Shop","isPartOf":{"@id":"https:\/\/www.erresse-shop.it\/es\/#website"},"datePublished":"2015-05-23T16:43:29+00:00","dateModified":"2024-10-15T00:00:05+00:00","description":"MAGIMIX. GARANT\u00cdA ITALIANA Es en Francia, en el coraz\u00f3n de la Borgo\u00f1a, regi\u00f3n famosa por su gastronom\u00eda, donde Magimix invent\u00f3 el robot de cocina hace m\u00e1s","breadcrumb":{"@id":"https:\/\/www.erresse-shop.it\/es\/shop\/pequenos-electrodomesticos\/vaporeras\/magimix-vaporera-multifuncion\/#breadcrumb"},"inLanguage":"es","potentialAction":[{"@type":"ReadAction","target":["https:\/\/www.erresse-shop.it\/es\/shop\/pequenos-electrodomesticos\/vaporeras\/magimix-vaporera-multifuncion\/"]}]},{"@type":"BreadcrumbList","@id":"https:\/\/www.erresse-shop.it\/es\/shop\/pequenos-electrodomesticos\/vaporeras\/magimix-vaporera-multifuncion\/#breadcrumb","itemListElement":[{"@type":"ListItem","position":1,"name":"Home","item":"https:\/\/www.erresse-shop.it\/es\/"},{"@type":"ListItem","position":2,"name":"Shop","item":"https:\/\/www.erresse-shop.it\/es\/shop\/"},{"@type":"ListItem","position":3,"name":"MAGIMIX Vaporera Multifunci\u00f3n"}]},{"@type":"WebSite","@id":"https:\/\/www.erresse-shop.it\/es\/#website","url":"https:\/\/www.erresse-shop.it\/es\/","name":"Erresse Shop","description":"Articoli di qualit\u00e0 per la casa","potentialAction":[{"@type":"SearchAction","target":{"@type":"EntryPoint","urlTemplate":"https:\/\/www.erresse-shop.it\/es\/?s={search_term_string}"},"query-input":"required name=search_term_string"}],"inLanguage":"es"}]}},"df_price":208,"df_sale_price":208,"df_regular_price":320,"df_image_link":"https:\/\/www.erresse-shop.it\/wp-content\/uploads\/2015\/05\/products-63177606111581-300x292.jpg","_links":{"self":[{"href":"https:\/\/www.erresse-shop.it\/es\/wp-json\/wp\/v2\/product\/119035"}],"collection":[{"href":"https:\/\/www.erresse-shop.it\/es\/wp-json\/wp\/v2\/product"}],"about":[{"href":"https:\/\/www.erresse-shop.it\/es\/wp-json\/wp\/v2\/types\/product"}],"wp:featuredmedia":[{"embeddable":true,"href":"https:\/\/www.erresse-shop.it\/es\/wp-json\/wp\/v2\/media\/119036"}],"wp:attachment":[{"href":"https:\/\/www.erresse-shop.it\/es\/wp-json\/wp\/v2\/media?parent=119035"}],"wp:term":[{"taxonomy":"product_cat","embeddable":true,"href":"https:\/\/www.erresse-shop.it\/es\/wp-json\/wp\/v2\/product_cat?post=119035"},{"taxonomy":"product_tag","embeddable":true,"href":"https:\/\/www.erresse-shop.it\/es\/wp-json\/wp\/v2\/product_tag?post=119035"}],"curies":[{"name":"wp","href":"https:\/\/api.w.org\/{rel}","templated":true}]}}