{"id":118327,"date":"2021-03-08T10:39:30","date_gmt":"2021-03-08T10:39:30","guid":{"rendered":"https:\/\/www.erresse-shop.it\/shop\/sin%20categor\u00eda\/la-pavoni-molinillo-de-cafe-jolly-dosato-negro\/"},"modified":"2024-04-29T00:10:56","modified_gmt":"2024-04-29T00:10:56","slug":"la-pavoni-molinillo-de-cafe-jolly-dosato-negro","status":"publish","type":"product","link":"https:\/\/www.erresse-shop.it\/es\/shop\/pequenos-electrodomesticos\/molinillos-de-cafe\/la-pavoni-molinillo-de-cafe-jolly-dosato-negro\/","title":{"rendered":"LA PAVONI Molinillo de Caf\u00e9 Jolly Dosato Negro"},"content":{"rendered":"<p>El <strong>molinillo de caf\u00e9 <\/strong>dispone de un contenedor de granos con una capacidad de 250 g y permite un amplio ajuste de la molienda del caf\u00e9.<\/p>\n<ul>\n<li>Capacidad del envase 250 g<\/li>\n<li>Potencia del motor 95 W<\/li>\n<li>Tensi\u00f3n: 230 V<\/li>\n<li>RPM 1400<\/li>\n<li>Di\u00e1metro de molienda 50 mm<\/li>\n<\/ul>\n","protected":false},"excerpt":{"rendered":"<p>El molinillo de caf\u00e9 dispone de un contenedor de granos con una capacidad de 250 g y permite un amplio<\/p>\n","protected":false},"featured_media":508195,"template":"","meta":{"_acf_changed":false,"inline_featured_image":false},"product_cat":[25387,16073],"product_tag":[25039,23574,24399,16307,16591,23625,25023],"acf":[],"yoast_head":"<!-- This site is optimized with the Yoast SEO Premium plugin v18.6 (Yoast SEO v19.13) - https:\/\/yoast.com\/wordpress\/plugins\/seo\/ -->\n<title>LA PAVONI Molinillo de Caf\u00e9 Jolly Dosato Negro - Erresse Shop<\/title>\n<meta name=\"description\" content=\"El molinillo de caf\u00e9 dispone de un contenedor de granos con una capacidad de 250 g y permite un amplio ajuste de la molienda del caf\u00e9. Capacidad del\" \/>\n<meta name=\"robots\" content=\"index, follow, max-snippet:-1, max-image-preview:large, max-video-preview:-1\" \/>\n<link rel=\"canonical\" href=\"https:\/\/www.erresse-shop.it\/es\/shop\/pequenos-electrodomesticos\/molinillos-de-cafe\/la-pavoni-molinillo-de-cafe-jolly-dosato-negro\/\" \/>\n<meta property=\"og:locale\" content=\"es_ES\" \/>\n<meta property=\"og:type\" content=\"article\" \/>\n<meta property=\"og:title\" content=\"LA PAVONI Molinillo de Caf\u00e9 Jolly Dosato Negro\" \/>\n<meta property=\"og:description\" content=\"El molinillo de caf\u00e9 dispone de un contenedor de granos con una capacidad de 250 g y permite un amplio ajuste de la molienda del caf\u00e9. Capacidad del\" \/>\n<meta property=\"og:url\" content=\"https:\/\/www.erresse-shop.it\/es\/shop\/pequenos-electrodomesticos\/molinillos-de-cafe\/la-pavoni-molinillo-de-cafe-jolly-dosato-negro\/\" \/>\n<meta property=\"og:site_name\" content=\"Erresse Shop\" \/>\n<meta property=\"article:modified_time\" content=\"2024-04-29T00:10:56+00:00\" \/>\n<meta property=\"og:image\" content=\"https:\/\/www.erresse-shop.it\/wp-content\/uploads\/2021\/03\/La-Pavoni-Macinacaff\u00e8-Jolly-Dosato-1.jpg\" \/>\n\t<meta property=\"og:image:width\" content=\"1200\" \/>\n\t<meta property=\"og:image:height\" content=\"1085\" \/>\n\t<meta property=\"og:image:type\" content=\"image\/jpeg\" \/>\n<meta name=\"twitter:card\" content=\"summary_large_image\" \/>\n<script type=\"application\/ld+json\" class=\"yoast-schema-graph\">{\"@context\":\"https:\/\/schema.org\",\"@graph\":[{\"@type\":\"WebPage\",\"@id\":\"https:\/\/www.erresse-shop.it\/es\/shop\/pequenos-electrodomesticos\/molinillos-de-cafe\/la-pavoni-molinillo-de-cafe-jolly-dosato-negro\/\",\"url\":\"https:\/\/www.erresse-shop.it\/es\/shop\/pequenos-electrodomesticos\/molinillos-de-cafe\/la-pavoni-molinillo-de-cafe-jolly-dosato-negro\/\",\"name\":\"LA PAVONI Molinillo de Caf\u00e9 Jolly Dosato Negro - Erresse Shop\",\"isPartOf\":{\"@id\":\"https:\/\/www.erresse-shop.it\/es\/#website\"},\"datePublished\":\"2021-03-08T10:39:30+00:00\",\"dateModified\":\"2024-04-29T00:10:56+00:00\",\"description\":\"El molinillo de caf\u00e9 dispone de un contenedor de granos con una capacidad de 250 g y permite un amplio ajuste de la molienda del caf\u00e9. Capacidad del\",\"breadcrumb\":{\"@id\":\"https:\/\/www.erresse-shop.it\/es\/shop\/pequenos-electrodomesticos\/molinillos-de-cafe\/la-pavoni-molinillo-de-cafe-jolly-dosato-negro\/#breadcrumb\"},\"inLanguage\":\"es\",\"potentialAction\":[{\"@type\":\"ReadAction\",\"target\":[\"https:\/\/www.erresse-shop.it\/es\/shop\/pequenos-electrodomesticos\/molinillos-de-cafe\/la-pavoni-molinillo-de-cafe-jolly-dosato-negro\/\"]}]},{\"@type\":\"BreadcrumbList\",\"@id\":\"https:\/\/www.erresse-shop.it\/es\/shop\/pequenos-electrodomesticos\/molinillos-de-cafe\/la-pavoni-molinillo-de-cafe-jolly-dosato-negro\/#breadcrumb\",\"itemListElement\":[{\"@type\":\"ListItem\",\"position\":1,\"name\":\"Home\",\"item\":\"https:\/\/www.erresse-shop.it\/es\/\"},{\"@type\":\"ListItem\",\"position\":2,\"name\":\"Shop\",\"item\":\"https:\/\/www.erresse-shop.it\/es\/shop\/\"},{\"@type\":\"ListItem\",\"position\":3,\"name\":\"LA PAVONI Molinillo de Caf\u00e9 Jolly Dosato Negro\"}]},{\"@type\":\"WebSite\",\"@id\":\"https:\/\/www.erresse-shop.it\/es\/#website\",\"url\":\"https:\/\/www.erresse-shop.it\/es\/\",\"name\":\"Erresse Shop\",\"description\":\"Articoli di qualit\u00e0 per la casa\",\"potentialAction\":[{\"@type\":\"SearchAction\",\"target\":{\"@type\":\"EntryPoint\",\"urlTemplate\":\"https:\/\/www.erresse-shop.it\/es\/?s={search_term_string}\"},\"query-input\":\"required name=search_term_string\"}],\"inLanguage\":\"es\"}]}<\/script>\n<!-- \/ Yoast SEO Premium plugin. -->","yoast_head_json":{"title":"LA PAVONI Molinillo de Caf\u00e9 Jolly Dosato Negro - Erresse Shop","description":"El molinillo de caf\u00e9 dispone de un contenedor de granos con una capacidad de 250 g y permite un amplio ajuste de la molienda del caf\u00e9. Capacidad del","robots":{"index":"index","follow":"follow","max-snippet":"max-snippet:-1","max-image-preview":"max-image-preview:large","max-video-preview":"max-video-preview:-1"},"canonical":"https:\/\/www.erresse-shop.it\/es\/shop\/pequenos-electrodomesticos\/molinillos-de-cafe\/la-pavoni-molinillo-de-cafe-jolly-dosato-negro\/","og_locale":"es_ES","og_type":"article","og_title":"LA PAVONI Molinillo de Caf\u00e9 Jolly Dosato Negro","og_description":"El molinillo de caf\u00e9 dispone de un contenedor de granos con una capacidad de 250 g y permite un amplio ajuste de la molienda del caf\u00e9. Capacidad del","og_url":"https:\/\/www.erresse-shop.it\/es\/shop\/pequenos-electrodomesticos\/molinillos-de-cafe\/la-pavoni-molinillo-de-cafe-jolly-dosato-negro\/","og_site_name":"Erresse Shop","article_modified_time":"2024-04-29T00:10:56+00:00","og_image":[{"width":1200,"height":1085,"url":"https:\/\/www.erresse-shop.it\/wp-content\/uploads\/2021\/03\/La-Pavoni-Macinacaff\u00e8-Jolly-Dosato-1.jpg","type":"image\/jpeg"}],"twitter_card":"summary_large_image","schema":{"@context":"https:\/\/schema.org","@graph":[{"@type":"WebPage","@id":"https:\/\/www.erresse-shop.it\/es\/shop\/pequenos-electrodomesticos\/molinillos-de-cafe\/la-pavoni-molinillo-de-cafe-jolly-dosato-negro\/","url":"https:\/\/www.erresse-shop.it\/es\/shop\/pequenos-electrodomesticos\/molinillos-de-cafe\/la-pavoni-molinillo-de-cafe-jolly-dosato-negro\/","name":"LA PAVONI Molinillo de Caf\u00e9 Jolly Dosato Negro - Erresse Shop","isPartOf":{"@id":"https:\/\/www.erresse-shop.it\/es\/#website"},"datePublished":"2021-03-08T10:39:30+00:00","dateModified":"2024-04-29T00:10:56+00:00","description":"El molinillo de caf\u00e9 dispone de un contenedor de granos con una capacidad de 250 g y permite un amplio ajuste de la molienda del caf\u00e9. Capacidad del","breadcrumb":{"@id":"https:\/\/www.erresse-shop.it\/es\/shop\/pequenos-electrodomesticos\/molinillos-de-cafe\/la-pavoni-molinillo-de-cafe-jolly-dosato-negro\/#breadcrumb"},"inLanguage":"es","potentialAction":[{"@type":"ReadAction","target":["https:\/\/www.erresse-shop.it\/es\/shop\/pequenos-electrodomesticos\/molinillos-de-cafe\/la-pavoni-molinillo-de-cafe-jolly-dosato-negro\/"]}]},{"@type":"BreadcrumbList","@id":"https:\/\/www.erresse-shop.it\/es\/shop\/pequenos-electrodomesticos\/molinillos-de-cafe\/la-pavoni-molinillo-de-cafe-jolly-dosato-negro\/#breadcrumb","itemListElement":[{"@type":"ListItem","position":1,"name":"Home","item":"https:\/\/www.erresse-shop.it\/es\/"},{"@type":"ListItem","position":2,"name":"Shop","item":"https:\/\/www.erresse-shop.it\/es\/shop\/"},{"@type":"ListItem","position":3,"name":"LA PAVONI Molinillo de Caf\u00e9 Jolly Dosato Negro"}]},{"@type":"WebSite","@id":"https:\/\/www.erresse-shop.it\/es\/#website","url":"https:\/\/www.erresse-shop.it\/es\/","name":"Erresse Shop","description":"Articoli di qualit\u00e0 per la casa","potentialAction":[{"@type":"SearchAction","target":{"@type":"EntryPoint","urlTemplate":"https:\/\/www.erresse-shop.it\/es\/?s={search_term_string}"},"query-input":"required name=search_term_string"}],"inLanguage":"es"}]}},"df_price":230.45000000000002,"df_sale_price":230.45000000000002,"df_regular_price":419,"df_image_link":"https:\/\/www.erresse-shop.it\/wp-content\/uploads\/2021\/03\/LA-PAVONI-Macinacaffe-Jolly-Dosato-Nero-300x300.jpg","_links":{"self":[{"href":"https:\/\/www.erresse-shop.it\/es\/wp-json\/wp\/v2\/product\/118327"}],"collection":[{"href":"https:\/\/www.erresse-shop.it\/es\/wp-json\/wp\/v2\/product"}],"about":[{"href":"https:\/\/www.erresse-shop.it\/es\/wp-json\/wp\/v2\/types\/product"}],"wp:featuredmedia":[{"embeddable":true,"href":"https:\/\/www.erresse-shop.it\/es\/wp-json\/wp\/v2\/media\/508195"}],"wp:attachment":[{"href":"https:\/\/www.erresse-shop.it\/es\/wp-json\/wp\/v2\/media?parent=118327"}],"wp:term":[{"taxonomy":"product_cat","embeddable":true,"href":"https:\/\/www.erresse-shop.it\/es\/wp-json\/wp\/v2\/product_cat?post=118327"},{"taxonomy":"product_tag","embeddable":true,"href":"https:\/\/www.erresse-shop.it\/es\/wp-json\/wp\/v2\/product_tag?post=118327"}],"curies":[{"name":"wp","href":"https:\/\/api.w.org\/{rel}","templated":true}]}}