{"id":118293,"date":"2021-03-08T08:22:08","date_gmt":"2021-03-08T08:22:08","guid":{"rendered":"https:\/\/www.erresse-shop.it\/shop\/sin%20categor\u00eda\/la-pavoni-maquina-de-cafe-espresso-stradivari-professional\/"},"modified":"2022-07-18T08:49:49","modified_gmt":"2022-07-18T08:49:49","slug":"la-pavoni-maquina-de-cafe-espresso-stradivari-professional","status":"publish","type":"product","link":"https:\/\/www.erresse-shop.it\/es\/shop\/pequenos-electrodomesticos\/maquinas-de-cafe\/palanca\/la-pavoni-maquina-de-cafe-espresso-stradivari-professional\/","title":{"rendered":"LA PAVONI M\u00e1quina de Caf\u00e9 Espresso Stradivari Professional"},"content":{"rendered":"<p><strong><span style=\"text-decoration: underline;\">Precauci\u00f3n<\/span>:<\/strong> SOLO utilice caf\u00e9 molido con un buen molinillo de caf\u00e9 (<span style=\"color: #0000ff;\"><a style=\"color: #0000ff;\" href=\"https:\/\/www.erresse-shop.it\/es\/shop\/pequenos-electrodomesticos\/maquinas-de-cafe\/la-pavoni-molinillo-de-cafe-jolly-dosato-negro\/\" target=\"_blank\" rel=\"noopener\">Jolly<\/a><\/span>, <span style=\"color: #0000ff;\"><a style=\"color: #0000ff;\" href=\"https:\/\/www.erresse-shop.it\/es\/shop\/pequenos-electrodomesticos\/maquinas-de-cafe\/la-pavoni-molinillo-de-cafe-kube-mill\/\" target=\"_blank\" rel=\"noopener\">Kube Mill<\/a><\/span>, <span style=\"color: #0000ff;\"><a style=\"color: #0000ff;\" href=\"https:\/\/www.erresse-shop.it\/es\/shop\/pequenos-electrodomesticos\/maquinas-de-cafe\/la-pavoni-molinillo-de-cafe-cilindro\/\" target=\"_blank\" rel=\"noopener\">Cilindro<\/a><\/span> de la serie La Pavoni) o comprado directamente a una empresa tostadora para obtener resultados \u00f3ptimos. De lo contrario, el uso de caf\u00e9 &#8220;de supermercado&#8221; no garantiza un resultado excelente.<\/p>\n<p>Tras el \u00e9xito de los modelos <strong>Europiccola<\/strong> (1950) y <strong>Professional<\/strong> (1970) llega <strong>Stradivari<\/strong> (2005), una m\u00e1quina que sintetiza las formas m\u00e1s puras y la t\u00e9cnica m\u00e1s fiable gracias a la experiencia centenaria de <strong>La Pavoni<\/strong>.<br \/>\nEl modelo <strong>Stradivari,<\/strong> combinado con el molinillo-dosificador Jolly y el juego de base, es la respuesta funcional a las necesidades del consumidor.<br \/>\nEl modelo <strong>Stradivari<\/strong> ha sido estudiado inspir\u00e1ndose en el viol\u00edn, instrumento musical por excelencia convertido en obra de arte por el famoso luthier Antonio Stradivari de Cremona. La base recuerda la caja de resonancia del viol\u00edn, la palanca el arco. Todo para proporcionar un placer est\u00e9tico, funcional y de rendimiento.<\/p>\n<p>Todos los modelos de palanca de La Pavoni de 230 V est\u00e1n certificados por:<\/p>\n<p><a href=\"https:\/\/www.erresse-shop.it\/wp-content\/uploads\/2021\/02\/La-Pavoni-Certificato-150x150.png\"><img decoding=\"async\" class=\"alignnone size-thumbnail wp-image-118276\" src=\"https:\/\/www.erresse-shop.it\/wp-content\/uploads\/2021\/02\/La-Pavoni-Certificato-150x150.png\" alt=\"La Pavoni Certificato\" width=\"150\" height=\"150\" \/><\/a><\/p>\n<ul>\n<li>Capacidad de la caldera litros 1,6<\/li>\n<li>N\u00famero de tazas de espresso dispensadas 16<\/li>\n<li>Salida de vapor 15 min.<\/li>\n<li>Presi\u00f3n de la caldera 0,7-0,8 bar<\/li>\n<li>Tiempo medio de calentamiento 5 min<\/li>\n<li>V\u00e1lvula de seguridad<\/li>\n<li>Grifo de vapor con tubo de vapor intercambiable \/ Cappuccino Dispositivo autom\u00e1tico<\/li>\n<li>Man\u00f3metro<\/li>\n<li>Indicador de nivel<\/li>\n<li>Interruptor de encendido\/apagado<\/li>\n<li>Indicador luminoso de alimentaci\u00f3n<\/li>\n<li>Cappuccino autom\u00e1tico<\/li>\n<li>Termostato de seguridad con rearme<\/li>\n<li>Presostato para mantener la presi\u00f3n constante en la caldera<\/li>\n<li>Elemento calefactor 950 W<\/li>\n<li>Alimentaci\u00f3n 220-240V 50\/60Hz &#8211; 120V 60H<\/li>\n<\/ul>\n","protected":false},"excerpt":{"rendered":"<p>Precauci\u00f3n: SOLO utilice caf\u00e9 molido con un buen molinillo de caf\u00e9 (Jolly, Kube Mill, Cilindro de la serie La Pavoni)<\/p>\n","protected":false},"featured_media":118296,"template":"","meta":{"_acf_changed":false,"inline_featured_image":false},"product_cat":[16076,25372,16073],"product_tag":[16307,16395,23593,16590],"acf":[],"yoast_head":"<!-- This site is optimized with the Yoast SEO Premium plugin v18.6 (Yoast SEO v19.13) - https:\/\/yoast.com\/wordpress\/plugins\/seo\/ -->\n<title>LA PAVONI M\u00e1quina de Caf\u00e9 Espresso Stradivari Professional - Erresse Shop<\/title>\n<meta name=\"description\" content=\"Precauci\u00f3n: SOLO utilice caf\u00e9 molido con un buen molinillo de caf\u00e9 (Jolly, Kube Mill, Cilindro de la serie La Pavoni) o comprado directamente a una\" \/>\n<meta name=\"robots\" content=\"index, follow, max-snippet:-1, max-image-preview:large, max-video-preview:-1\" \/>\n<link rel=\"canonical\" href=\"https:\/\/www.erresse-shop.it\/es\/shop\/pequenos-electrodomesticos\/maquinas-de-cafe\/palanca\/la-pavoni-maquina-de-cafe-espresso-stradivari-professional\/\" \/>\n<meta property=\"og:locale\" content=\"es_ES\" \/>\n<meta property=\"og:type\" content=\"article\" \/>\n<meta property=\"og:title\" content=\"LA PAVONI M\u00e1quina de Caf\u00e9 Espresso Stradivari Professional\" \/>\n<meta property=\"og:description\" content=\"Precauci\u00f3n: SOLO utilice caf\u00e9 molido con un buen molinillo de caf\u00e9 (Jolly, Kube Mill, Cilindro de la serie La Pavoni) o comprado directamente a una\" \/>\n<meta property=\"og:url\" content=\"https:\/\/www.erresse-shop.it\/es\/shop\/pequenos-electrodomesticos\/maquinas-de-cafe\/palanca\/la-pavoni-maquina-de-cafe-espresso-stradivari-professional\/\" \/>\n<meta property=\"og:site_name\" content=\"Erresse Shop\" \/>\n<meta property=\"article:modified_time\" content=\"2022-07-18T08:49:49+00:00\" \/>\n<meta property=\"og:image\" content=\"https:\/\/www.erresse-shop.it\/wp-content\/uploads\/2021\/03\/La-Pavoni-Stradivari-Professional.jpg\" \/>\n\t<meta property=\"og:image:width\" content=\"1300\" \/>\n\t<meta property=\"og:image:height\" content=\"1300\" \/>\n\t<meta property=\"og:image:type\" content=\"image\/jpeg\" \/>\n<meta name=\"twitter:card\" content=\"summary_large_image\" \/>\n<script type=\"application\/ld+json\" class=\"yoast-schema-graph\">{\"@context\":\"https:\/\/schema.org\",\"@graph\":[{\"@type\":\"WebPage\",\"@id\":\"https:\/\/www.erresse-shop.it\/es\/shop\/pequenos-electrodomesticos\/maquinas-de-cafe\/palanca\/la-pavoni-maquina-de-cafe-espresso-stradivari-professional\/\",\"url\":\"https:\/\/www.erresse-shop.it\/es\/shop\/pequenos-electrodomesticos\/maquinas-de-cafe\/palanca\/la-pavoni-maquina-de-cafe-espresso-stradivari-professional\/\",\"name\":\"LA PAVONI M\u00e1quina de Caf\u00e9 Espresso Stradivari Professional - Erresse Shop\",\"isPartOf\":{\"@id\":\"https:\/\/www.erresse-shop.it\/es\/#website\"},\"datePublished\":\"2021-03-08T08:22:08+00:00\",\"dateModified\":\"2022-07-18T08:49:49+00:00\",\"description\":\"Precauci\u00f3n: SOLO utilice caf\u00e9 molido con un buen molinillo de caf\u00e9 (Jolly, Kube Mill, Cilindro de la serie La Pavoni) o comprado directamente a una\",\"breadcrumb\":{\"@id\":\"https:\/\/www.erresse-shop.it\/es\/shop\/pequenos-electrodomesticos\/maquinas-de-cafe\/palanca\/la-pavoni-maquina-de-cafe-espresso-stradivari-professional\/#breadcrumb\"},\"inLanguage\":\"es\",\"potentialAction\":[{\"@type\":\"ReadAction\",\"target\":[\"https:\/\/www.erresse-shop.it\/es\/shop\/pequenos-electrodomesticos\/maquinas-de-cafe\/palanca\/la-pavoni-maquina-de-cafe-espresso-stradivari-professional\/\"]}]},{\"@type\":\"BreadcrumbList\",\"@id\":\"https:\/\/www.erresse-shop.it\/es\/shop\/pequenos-electrodomesticos\/maquinas-de-cafe\/palanca\/la-pavoni-maquina-de-cafe-espresso-stradivari-professional\/#breadcrumb\",\"itemListElement\":[{\"@type\":\"ListItem\",\"position\":1,\"name\":\"Home\",\"item\":\"https:\/\/www.erresse-shop.it\/es\/\"},{\"@type\":\"ListItem\",\"position\":2,\"name\":\"Shop\",\"item\":\"https:\/\/www.erresse-shop.it\/es\/shop\/\"},{\"@type\":\"ListItem\",\"position\":3,\"name\":\"LA PAVONI M\u00e1quina de Caf\u00e9 Espresso Stradivari Professional\"}]},{\"@type\":\"WebSite\",\"@id\":\"https:\/\/www.erresse-shop.it\/es\/#website\",\"url\":\"https:\/\/www.erresse-shop.it\/es\/\",\"name\":\"Erresse Shop\",\"description\":\"Articoli di qualit\u00e0 per la casa\",\"potentialAction\":[{\"@type\":\"SearchAction\",\"target\":{\"@type\":\"EntryPoint\",\"urlTemplate\":\"https:\/\/www.erresse-shop.it\/es\/?s={search_term_string}\"},\"query-input\":\"required name=search_term_string\"}],\"inLanguage\":\"es\"}]}<\/script>\n<!-- \/ Yoast SEO Premium plugin. -->","yoast_head_json":{"title":"LA PAVONI M\u00e1quina de Caf\u00e9 Espresso Stradivari Professional - Erresse Shop","description":"Precauci\u00f3n: SOLO utilice caf\u00e9 molido con un buen molinillo de caf\u00e9 (Jolly, Kube Mill, Cilindro de la serie La Pavoni) o comprado directamente a una","robots":{"index":"index","follow":"follow","max-snippet":"max-snippet:-1","max-image-preview":"max-image-preview:large","max-video-preview":"max-video-preview:-1"},"canonical":"https:\/\/www.erresse-shop.it\/es\/shop\/pequenos-electrodomesticos\/maquinas-de-cafe\/palanca\/la-pavoni-maquina-de-cafe-espresso-stradivari-professional\/","og_locale":"es_ES","og_type":"article","og_title":"LA PAVONI M\u00e1quina de Caf\u00e9 Espresso Stradivari Professional","og_description":"Precauci\u00f3n: SOLO utilice caf\u00e9 molido con un buen molinillo de caf\u00e9 (Jolly, Kube Mill, Cilindro de la serie La Pavoni) o comprado directamente a una","og_url":"https:\/\/www.erresse-shop.it\/es\/shop\/pequenos-electrodomesticos\/maquinas-de-cafe\/palanca\/la-pavoni-maquina-de-cafe-espresso-stradivari-professional\/","og_site_name":"Erresse Shop","article_modified_time":"2022-07-18T08:49:49+00:00","og_image":[{"width":1300,"height":1300,"url":"https:\/\/www.erresse-shop.it\/wp-content\/uploads\/2021\/03\/La-Pavoni-Stradivari-Professional.jpg","type":"image\/jpeg"}],"twitter_card":"summary_large_image","schema":{"@context":"https:\/\/schema.org","@graph":[{"@type":"WebPage","@id":"https:\/\/www.erresse-shop.it\/es\/shop\/pequenos-electrodomesticos\/maquinas-de-cafe\/palanca\/la-pavoni-maquina-de-cafe-espresso-stradivari-professional\/","url":"https:\/\/www.erresse-shop.it\/es\/shop\/pequenos-electrodomesticos\/maquinas-de-cafe\/palanca\/la-pavoni-maquina-de-cafe-espresso-stradivari-professional\/","name":"LA PAVONI M\u00e1quina de Caf\u00e9 Espresso Stradivari Professional - Erresse Shop","isPartOf":{"@id":"https:\/\/www.erresse-shop.it\/es\/#website"},"datePublished":"2021-03-08T08:22:08+00:00","dateModified":"2022-07-18T08:49:49+00:00","description":"Precauci\u00f3n: SOLO utilice caf\u00e9 molido con un buen molinillo de caf\u00e9 (Jolly, Kube Mill, Cilindro de la serie La Pavoni) o comprado directamente a una","breadcrumb":{"@id":"https:\/\/www.erresse-shop.it\/es\/shop\/pequenos-electrodomesticos\/maquinas-de-cafe\/palanca\/la-pavoni-maquina-de-cafe-espresso-stradivari-professional\/#breadcrumb"},"inLanguage":"es","potentialAction":[{"@type":"ReadAction","target":["https:\/\/www.erresse-shop.it\/es\/shop\/pequenos-electrodomesticos\/maquinas-de-cafe\/palanca\/la-pavoni-maquina-de-cafe-espresso-stradivari-professional\/"]}]},{"@type":"BreadcrumbList","@id":"https:\/\/www.erresse-shop.it\/es\/shop\/pequenos-electrodomesticos\/maquinas-de-cafe\/palanca\/la-pavoni-maquina-de-cafe-espresso-stradivari-professional\/#breadcrumb","itemListElement":[{"@type":"ListItem","position":1,"name":"Home","item":"https:\/\/www.erresse-shop.it\/es\/"},{"@type":"ListItem","position":2,"name":"Shop","item":"https:\/\/www.erresse-shop.it\/es\/shop\/"},{"@type":"ListItem","position":3,"name":"LA PAVONI M\u00e1quina de Caf\u00e9 Espresso Stradivari Professional"}]},{"@type":"WebSite","@id":"https:\/\/www.erresse-shop.it\/es\/#website","url":"https:\/\/www.erresse-shop.it\/es\/","name":"Erresse Shop","description":"Articoli di qualit\u00e0 per la casa","potentialAction":[{"@type":"SearchAction","target":{"@type":"EntryPoint","urlTemplate":"https:\/\/www.erresse-shop.it\/es\/?s={search_term_string}"},"query-input":"required name=search_term_string"}],"inLanguage":"es"}]}},"df_price":719.8,"df_sale_price":719.8,"df_regular_price":849,"df_image_link":"https:\/\/www.erresse-shop.it\/wp-content\/uploads\/2021\/03\/La-Pavoni-Stradivari-Professional-300x300.jpg","_links":{"self":[{"href":"https:\/\/www.erresse-shop.it\/es\/wp-json\/wp\/v2\/product\/118293"}],"collection":[{"href":"https:\/\/www.erresse-shop.it\/es\/wp-json\/wp\/v2\/product"}],"about":[{"href":"https:\/\/www.erresse-shop.it\/es\/wp-json\/wp\/v2\/types\/product"}],"wp:featuredmedia":[{"embeddable":true,"href":"https:\/\/www.erresse-shop.it\/es\/wp-json\/wp\/v2\/media\/118296"}],"wp:attachment":[{"href":"https:\/\/www.erresse-shop.it\/es\/wp-json\/wp\/v2\/media?parent=118293"}],"wp:term":[{"taxonomy":"product_cat","embeddable":true,"href":"https:\/\/www.erresse-shop.it\/es\/wp-json\/wp\/v2\/product_cat?post=118293"},{"taxonomy":"product_tag","embeddable":true,"href":"https:\/\/www.erresse-shop.it\/es\/wp-json\/wp\/v2\/product_tag?post=118293"}],"curies":[{"name":"wp","href":"https:\/\/api.w.org\/{rel}","templated":true}]}}