{"id":117737,"date":"2021-09-10T14:09:16","date_gmt":"2021-09-10T14:09:27","guid":{"rendered":"https:\/\/www.erresse-shop.it\/?post_type=product&#038;p=117737"},"modified":"2021-12-22T15:53:51","modified_gmt":"2021-12-22T15:53:51","slug":"seletti-toiletpaper-sillon-barras-de-labios-negro","status":"publish","type":"product","link":"https:\/\/www.erresse-shop.it\/es\/shop\/mobiliario\/sillas-y-sillones\/seletti-toiletpaper-sillon-barras-de-labios-negro\/","title":{"rendered":"SELETTI Toiletpaper Sill\u00f3n Barras de labios Negro"},"content":{"rendered":"<p>El dise\u00f1o de las tradicionales butacas de los a\u00f1os 50 dado la vuelta por un inesperado revestimiento de figuras surrealistas. Las im\u00e1genes de la revista TOILETPAPER invaden el mobiliario y se convierten en c\u00f3modos objetos para el descanso en los hogares de los amantes del arte y otros.<\/p>\n<p><strong>Sill\u00f3n<\/strong><\/p>\n<p><strong>Dise\u00f1o:<\/strong> Toiletpaper Magazine<\/p>\n<p><strong>Material:<\/strong> Tejido de poli\u00e9ster y estructura de madera, poliuretano y metal<\/p>\n<p><strong>Dimensiones:<\/strong> 70 x 79 h. 86 cm<\/p>\n","protected":false},"excerpt":{"rendered":"<p>El dise\u00f1o de las tradicionales butacas de los a\u00f1os 50 dado la vuelta por un inesperado revestimiento de figuras surrealistas.<\/p>\n","protected":false},"featured_media":117790,"template":"","meta":{"_acf_changed":false,"inline_featured_image":false},"product_cat":[16016,16022],"product_tag":[16338,16334,16335],"acf":[],"yoast_head":"<!-- This site is optimized with the Yoast SEO Premium plugin v18.6 (Yoast SEO v19.13) - https:\/\/yoast.com\/wordpress\/plugins\/seo\/ -->\n<title>SELETTI Toiletpaper Sill\u00f3n Barras de labios Negro - Erresse Shop<\/title>\n<meta name=\"description\" content=\"El dise\u00f1o de las tradicionales butacas de los a\u00f1os 50 dado la vuelta por un inesperado revestimiento de figuras surrealistas. Las im\u00e1genes de la revista\" \/>\n<meta name=\"robots\" content=\"index, follow, max-snippet:-1, max-image-preview:large, max-video-preview:-1\" \/>\n<link rel=\"canonical\" href=\"https:\/\/www.erresse-shop.it\/es\/shop\/mobiliario\/sillas-y-sillones\/seletti-toiletpaper-sillon-barras-de-labios-negro\/\" \/>\n<meta property=\"og:locale\" content=\"es_ES\" \/>\n<meta property=\"og:type\" content=\"article\" \/>\n<meta property=\"og:title\" content=\"SELETTI Toiletpaper Sill\u00f3n Barras de labios Negro\" \/>\n<meta property=\"og:description\" content=\"El dise\u00f1o de las tradicionales butacas de los a\u00f1os 50 dado la vuelta por un inesperado revestimiento de figuras surrealistas. Las im\u00e1genes de la revista\" \/>\n<meta property=\"og:url\" content=\"https:\/\/www.erresse-shop.it\/es\/shop\/mobiliario\/sillas-y-sillones\/seletti-toiletpaper-sillon-barras-de-labios-negro\/\" \/>\n<meta property=\"og:site_name\" content=\"Erresse Shop\" \/>\n<meta property=\"article:modified_time\" content=\"2021-12-22T15:53:51+00:00\" \/>\n<meta property=\"og:image\" content=\"https:\/\/www.erresse-shop.it\/wp-content\/uploads\/2021\/09\/Seletti-Toiletpaper-Poltrona-Rossetti-Nera.jpg\" \/>\n\t<meta property=\"og:image:width\" content=\"900\" \/>\n\t<meta property=\"og:image:height\" content=\"1200\" \/>\n\t<meta property=\"og:image:type\" content=\"image\/jpeg\" \/>\n<meta name=\"twitter:card\" content=\"summary_large_image\" \/>\n<script type=\"application\/ld+json\" class=\"yoast-schema-graph\">{\"@context\":\"https:\/\/schema.org\",\"@graph\":[{\"@type\":\"WebPage\",\"@id\":\"https:\/\/www.erresse-shop.it\/es\/shop\/mobiliario\/sillas-y-sillones\/seletti-toiletpaper-sillon-barras-de-labios-negro\/\",\"url\":\"https:\/\/www.erresse-shop.it\/es\/shop\/mobiliario\/sillas-y-sillones\/seletti-toiletpaper-sillon-barras-de-labios-negro\/\",\"name\":\"SELETTI Toiletpaper Sill\u00f3n Barras de labios Negro - Erresse Shop\",\"isPartOf\":{\"@id\":\"https:\/\/www.erresse-shop.it\/es\/#website\"},\"datePublished\":\"2021-09-10T14:09:27+00:00\",\"dateModified\":\"2021-12-22T15:53:51+00:00\",\"description\":\"El dise\u00f1o de las tradicionales butacas de los a\u00f1os 50 dado la vuelta por un inesperado revestimiento de figuras surrealistas. Las im\u00e1genes de la revista\",\"breadcrumb\":{\"@id\":\"https:\/\/www.erresse-shop.it\/es\/shop\/mobiliario\/sillas-y-sillones\/seletti-toiletpaper-sillon-barras-de-labios-negro\/#breadcrumb\"},\"inLanguage\":\"es\",\"potentialAction\":[{\"@type\":\"ReadAction\",\"target\":[\"https:\/\/www.erresse-shop.it\/es\/shop\/mobiliario\/sillas-y-sillones\/seletti-toiletpaper-sillon-barras-de-labios-negro\/\"]}]},{\"@type\":\"BreadcrumbList\",\"@id\":\"https:\/\/www.erresse-shop.it\/es\/shop\/mobiliario\/sillas-y-sillones\/seletti-toiletpaper-sillon-barras-de-labios-negro\/#breadcrumb\",\"itemListElement\":[{\"@type\":\"ListItem\",\"position\":1,\"name\":\"Home\",\"item\":\"https:\/\/www.erresse-shop.it\/es\/\"},{\"@type\":\"ListItem\",\"position\":2,\"name\":\"Shop\",\"item\":\"https:\/\/www.erresse-shop.it\/es\/shop\/\"},{\"@type\":\"ListItem\",\"position\":3,\"name\":\"SELETTI Toiletpaper Sill\u00f3n Barras de labios Negro\"}]},{\"@type\":\"WebSite\",\"@id\":\"https:\/\/www.erresse-shop.it\/es\/#website\",\"url\":\"https:\/\/www.erresse-shop.it\/es\/\",\"name\":\"Erresse Shop\",\"description\":\"Articoli di qualit\u00e0 per la casa\",\"potentialAction\":[{\"@type\":\"SearchAction\",\"target\":{\"@type\":\"EntryPoint\",\"urlTemplate\":\"https:\/\/www.erresse-shop.it\/es\/?s={search_term_string}\"},\"query-input\":\"required name=search_term_string\"}],\"inLanguage\":\"es\"}]}<\/script>\n<!-- \/ Yoast SEO Premium plugin. -->","yoast_head_json":{"title":"SELETTI Toiletpaper Sill\u00f3n Barras de labios Negro - Erresse Shop","description":"El dise\u00f1o de las tradicionales butacas de los a\u00f1os 50 dado la vuelta por un inesperado revestimiento de figuras surrealistas. Las im\u00e1genes de la revista","robots":{"index":"index","follow":"follow","max-snippet":"max-snippet:-1","max-image-preview":"max-image-preview:large","max-video-preview":"max-video-preview:-1"},"canonical":"https:\/\/www.erresse-shop.it\/es\/shop\/mobiliario\/sillas-y-sillones\/seletti-toiletpaper-sillon-barras-de-labios-negro\/","og_locale":"es_ES","og_type":"article","og_title":"SELETTI Toiletpaper Sill\u00f3n Barras de labios Negro","og_description":"El dise\u00f1o de las tradicionales butacas de los a\u00f1os 50 dado la vuelta por un inesperado revestimiento de figuras surrealistas. Las im\u00e1genes de la revista","og_url":"https:\/\/www.erresse-shop.it\/es\/shop\/mobiliario\/sillas-y-sillones\/seletti-toiletpaper-sillon-barras-de-labios-negro\/","og_site_name":"Erresse Shop","article_modified_time":"2021-12-22T15:53:51+00:00","og_image":[{"width":900,"height":1200,"url":"https:\/\/www.erresse-shop.it\/wp-content\/uploads\/2021\/09\/Seletti-Toiletpaper-Poltrona-Rossetti-Nera.jpg","type":"image\/jpeg"}],"twitter_card":"summary_large_image","schema":{"@context":"https:\/\/schema.org","@graph":[{"@type":"WebPage","@id":"https:\/\/www.erresse-shop.it\/es\/shop\/mobiliario\/sillas-y-sillones\/seletti-toiletpaper-sillon-barras-de-labios-negro\/","url":"https:\/\/www.erresse-shop.it\/es\/shop\/mobiliario\/sillas-y-sillones\/seletti-toiletpaper-sillon-barras-de-labios-negro\/","name":"SELETTI Toiletpaper Sill\u00f3n Barras de labios Negro - Erresse Shop","isPartOf":{"@id":"https:\/\/www.erresse-shop.it\/es\/#website"},"datePublished":"2021-09-10T14:09:27+00:00","dateModified":"2021-12-22T15:53:51+00:00","description":"El dise\u00f1o de las tradicionales butacas de los a\u00f1os 50 dado la vuelta por un inesperado revestimiento de figuras surrealistas. Las im\u00e1genes de la revista","breadcrumb":{"@id":"https:\/\/www.erresse-shop.it\/es\/shop\/mobiliario\/sillas-y-sillones\/seletti-toiletpaper-sillon-barras-de-labios-negro\/#breadcrumb"},"inLanguage":"es","potentialAction":[{"@type":"ReadAction","target":["https:\/\/www.erresse-shop.it\/es\/shop\/mobiliario\/sillas-y-sillones\/seletti-toiletpaper-sillon-barras-de-labios-negro\/"]}]},{"@type":"BreadcrumbList","@id":"https:\/\/www.erresse-shop.it\/es\/shop\/mobiliario\/sillas-y-sillones\/seletti-toiletpaper-sillon-barras-de-labios-negro\/#breadcrumb","itemListElement":[{"@type":"ListItem","position":1,"name":"Home","item":"https:\/\/www.erresse-shop.it\/es\/"},{"@type":"ListItem","position":2,"name":"Shop","item":"https:\/\/www.erresse-shop.it\/es\/shop\/"},{"@type":"ListItem","position":3,"name":"SELETTI Toiletpaper Sill\u00f3n Barras de labios Negro"}]},{"@type":"WebSite","@id":"https:\/\/www.erresse-shop.it\/es\/#website","url":"https:\/\/www.erresse-shop.it\/es\/","name":"Erresse Shop","description":"Articoli di qualit\u00e0 per la casa","potentialAction":[{"@type":"SearchAction","target":{"@type":"EntryPoint","urlTemplate":"https:\/\/www.erresse-shop.it\/es\/?s={search_term_string}"},"query-input":"required name=search_term_string"}],"inLanguage":"es"}]}},"df_price":562.5,"df_sale_price":562.5,"df_regular_price":1250,"df_image_link":"https:\/\/www.erresse-shop.it\/wp-content\/uploads\/2021\/09\/Seletti-Toiletpaper-Poltrona-Rossetti-Nera-225x300.jpg","_links":{"self":[{"href":"https:\/\/www.erresse-shop.it\/es\/wp-json\/wp\/v2\/product\/117737"}],"collection":[{"href":"https:\/\/www.erresse-shop.it\/es\/wp-json\/wp\/v2\/product"}],"about":[{"href":"https:\/\/www.erresse-shop.it\/es\/wp-json\/wp\/v2\/types\/product"}],"wp:featuredmedia":[{"embeddable":true,"href":"https:\/\/www.erresse-shop.it\/es\/wp-json\/wp\/v2\/media\/117790"}],"wp:attachment":[{"href":"https:\/\/www.erresse-shop.it\/es\/wp-json\/wp\/v2\/media?parent=117737"}],"wp:term":[{"taxonomy":"product_cat","embeddable":true,"href":"https:\/\/www.erresse-shop.it\/es\/wp-json\/wp\/v2\/product_cat?post=117737"},{"taxonomy":"product_tag","embeddable":true,"href":"https:\/\/www.erresse-shop.it\/es\/wp-json\/wp\/v2\/product_tag?post=117737"}],"curies":[{"name":"wp","href":"https:\/\/api.w.org\/{rel}","templated":true}]}}